{"id":55836,"date":"2024-02-05T15:31:30","date_gmt":"2024-02-05T13:31:30","guid":{"rendered":"https:\/\/www.plmf.ee\/product\/henn-rebane-kiirteel\/"},"modified":"2024-02-09T13:59:16","modified_gmt":"2024-02-09T11:59:16","slug":"henn-rebane-kiirteel","status":"publish","type":"product","link":"https:\/\/plmf.ee\/en\/product\/henn-rebane-kiirteel\/","title":{"rendered":"Henn Rebane &#8220;On the Highway&#8221;"},"content":{"rendered":"<p>Maestro <strong>HENN REBANE<\/strong>, tuntud ja armastatud akordionist, pedagoog ja helilooja, on \u00f5ppinud Tallinna Muusikakoolis ning Riiklikus Konservatooriumis, spetsialiseerudes akordioni\u00f5petajaks ja muusikapedagoogiks. Ta on t\u00e4iendanud end Soome Akordionifestivali seminaridel (prof Friedrich Lips, Aleksander Skljarov, Aleksandr Dmitriev, Lars Holm, Matti Rantanen jt.). Rebane on t\u00f6\u00f6tanud mitmetes muusikakoolides nii Eestis kui ka Soomes ning on olnud Viljandi Kultuuriakadeemia \u00f5ppej\u00f5ud. Ta on tegutsenud aktiivse raadio- ja teleesinejana ning asutanud Eesti Akordioniliidu, olles selle esimene president. Ta on esinenud soolokontsertidega paljudes Euroopa riikides, aga ka Jaapanis, Indias, Iisraelis, USA-s ja Austraalias. Tema repertuaar ulatub klassikalisest muusikast rahvamuusikani. Heliloojana on ta kirjutanud lisaks kammerteostele ka filmi- ja teatrimuusikat. Rebane on v\u00e4lja andnud mitmeid CD-sid ja noodikogumikke. Neeme Otsaga sai alguse kontserttegevus aastal 2021 ning esinetud on nii Eestis kui ka n\u00e4iteks Vilniuse \u201cGariunai\u201d suures saalis. Koost\u00f6\u00f6 raames on v\u00e4lja antud CD &#8220;Kiirteel&#8221; ning Rebasel on valminud s\u00fcit trompetile ja akordionile koos orelipartiiga \u201cExpetata conventum\/Oodatud kohtumine\u201d, mis tuleb ettekandele 13.02 kontserdil. Samas saab kuulda ka Neeme Otsa tellimusel valminud teost \u201cMenuett\u201d piccolo trompetile ja akordionile. Henn Rebast on tunnustatud Valget\u00e4he medaliga.<\/p>\n","protected":false},"excerpt":{"rendered":"<p>Lugude nimekiri:<\/p>\n<p>1.Kiirteel (On The Highway)<br \/>\n2.Ballett-et\u00fc\u00fcd (Ballet Etude)<br \/>\n3.P\u00f5genemine (Escaping)<br \/>\n4.Ave Maria<br \/>\n5.Volare<br \/>\n6.Pastoralia Choream<br \/>\n7.Menuett (Minuet)<br \/>\n8.Lumine \u00d5htu (Snowy Evening)<br \/>\n9.Regi L\u00e4heb (Reggae)<br \/>\n10.Sinine Ruum (Blue Space)<br \/>\n11.Omo Morto<br \/>\n12.Suvem\u00e4lestus (A Summer Memory)<br \/>\n13.Valge J\u00e4nes (The White Rabbit)<br \/>\n14.Veskimees (The Miller)<\/p>\n","protected":false},"featured_media":55862,"template":"","meta":[],"product_brand":[],"product_cat":[52],"product_tag":[],"class_list":{"0":"post-55836","1":"product","2":"type-product","3":"status-publish","4":"has-post-thumbnail","6":"product_cat-audio","8":"first","9":"instock","10":"featured","11":"virtual","12":"purchasable","13":"product-type-simple"},"yoast_head":"<!-- This site is optimized with the Yoast SEO plugin v27.1.1 - https:\/\/yoast.com\/product\/yoast-seo-wordpress\/ -->\n<title>Henn Rebane &quot;On the Highway&quot; - Pille Lill Music Fund<\/title>\n<meta name=\"robots\" content=\"index, follow, max-snippet:-1, max-image-preview:large, max-video-preview:-1\" \/>\n<link rel=\"canonical\" href=\"https:\/\/plmf.ee\/en\/product\/henn-rebane-kiirteel\/\" \/>\n<meta property=\"og:locale\" content=\"en_US\" \/>\n<meta property=\"og:type\" content=\"article\" \/>\n<meta property=\"og:title\" content=\"Henn Rebane &quot;On the Highway&quot; - Pille Lill Music Fund\" \/>\n<meta property=\"og:description\" content=\"Lugude nimekiri:  1.Kiirteel (On The Highway) 2.Ballett-et\u00fc\u00fcd (Ballet Etude) 3.P\u00f5genemine (Escaping) 4.Ave Maria 5.Volare 6.Pastoralia Choream 7.Menuett (Minuet) 8.Lumine \u00d5htu (Snowy Evening) 9.Regi L\u00e4heb (Reggae) 10.Sinine Ruum (Blue Space) 11.Omo Morto 12.Suvem\u00e4lestus (A Summer Memory) 13.Valge J\u00e4nes (The White Rabbit) 14.Veskimees (The Miller)\" \/>\n<meta property=\"og:url\" content=\"https:\/\/plmf.ee\/en\/product\/henn-rebane-kiirteel\/\" \/>\n<meta property=\"og:site_name\" content=\"Pille Lill Music Fund\" \/>\n<meta property=\"article:modified_time\" content=\"2024-02-09T11:59:16+00:00\" \/>\n<meta property=\"og:image\" content=\"https:\/\/www.plmf.ee\/wp-content\/uploads\/2024\/02\/KODEULEHELE-PLAADI-UMBRIS-1.jpg\" \/>\n\t<meta property=\"og:image:width\" content=\"605\" \/>\n\t<meta property=\"og:image:height\" content=\"560\" \/>\n\t<meta property=\"og:image:type\" content=\"image\/jpeg\" \/>\n<meta name=\"twitter:card\" content=\"summary_large_image\" \/>\n<meta name=\"twitter:label1\" content=\"Est. reading time\" \/>\n\t<meta name=\"twitter:data1\" content=\"1 minute\" \/>\n<script type=\"application\/ld+json\" class=\"yoast-schema-graph\">{\"@context\":\"https:\/\/schema.org\",\"@graph\":[{\"@type\":\"WebPage\",\"@id\":\"https:\/\/plmf.ee\/en\/product\/henn-rebane-kiirteel\/\",\"url\":\"https:\/\/plmf.ee\/en\/product\/henn-rebane-kiirteel\/\",\"name\":\"Henn Rebane \\\"On the Highway\\\" - Pille Lill Music Fund\",\"isPartOf\":{\"@id\":\"https:\/\/www.plmf.ee\/#website\"},\"primaryImageOfPage\":{\"@id\":\"https:\/\/plmf.ee\/en\/product\/henn-rebane-kiirteel\/#primaryimage\"},\"image\":{\"@id\":\"https:\/\/plmf.ee\/en\/product\/henn-rebane-kiirteel\/#primaryimage\"},\"thumbnailUrl\":\"https:\/\/plmf.ee\/wp-content\/uploads\/2024\/02\/KODEULEHELE-PLAADI-UMBRIS-1.jpg\",\"datePublished\":\"2024-02-05T13:31:30+00:00\",\"dateModified\":\"2024-02-09T11:59:16+00:00\",\"breadcrumb\":{\"@id\":\"https:\/\/plmf.ee\/en\/product\/henn-rebane-kiirteel\/#breadcrumb\"},\"inLanguage\":\"en-US\",\"potentialAction\":[{\"@type\":\"ReadAction\",\"target\":[\"https:\/\/plmf.ee\/en\/product\/henn-rebane-kiirteel\/\"]}]},{\"@type\":\"ImageObject\",\"inLanguage\":\"en-US\",\"@id\":\"https:\/\/plmf.ee\/en\/product\/henn-rebane-kiirteel\/#primaryimage\",\"url\":\"https:\/\/plmf.ee\/wp-content\/uploads\/2024\/02\/KODEULEHELE-PLAADI-UMBRIS-1.jpg\",\"contentUrl\":\"https:\/\/plmf.ee\/wp-content\/uploads\/2024\/02\/KODEULEHELE-PLAADI-UMBRIS-1.jpg\",\"width\":605,\"height\":560},{\"@type\":\"BreadcrumbList\",\"@id\":\"https:\/\/plmf.ee\/en\/product\/henn-rebane-kiirteel\/#breadcrumb\",\"itemListElement\":[{\"@type\":\"ListItem\",\"position\":1,\"name\":\"Home\",\"item\":\"https:\/\/plmf.ee\/en\/\"},{\"@type\":\"ListItem\",\"position\":2,\"name\":\"Shop\",\"item\":\"https:\/\/plmf.ee\/shop\/\"},{\"@type\":\"ListItem\",\"position\":3,\"name\":\"Henn Rebane &#8220;On the Highway&#8221;\"}]},{\"@type\":\"WebSite\",\"@id\":\"https:\/\/www.plmf.ee\/#website\",\"url\":\"https:\/\/www.plmf.ee\/\",\"name\":\"Pille Lill Music Fund\",\"description\":\"Planet Of Talent\",\"potentialAction\":[{\"@type\":\"SearchAction\",\"target\":{\"@type\":\"EntryPoint\",\"urlTemplate\":\"https:\/\/www.plmf.ee\/?s={search_term_string}\"},\"query-input\":{\"@type\":\"PropertyValueSpecification\",\"valueRequired\":true,\"valueName\":\"search_term_string\"}}],\"inLanguage\":\"en-US\"}]}<\/script>\n<!-- \/ Yoast SEO plugin. -->","yoast_head_json":{"title":"Henn Rebane \"On the Highway\" - Pille Lill Music Fund","robots":{"index":"index","follow":"follow","max-snippet":"max-snippet:-1","max-image-preview":"max-image-preview:large","max-video-preview":"max-video-preview:-1"},"canonical":"https:\/\/plmf.ee\/en\/product\/henn-rebane-kiirteel\/","og_locale":"en_US","og_type":"article","og_title":"Henn Rebane \"On the Highway\" - Pille Lill Music Fund","og_description":"Lugude nimekiri:  1.Kiirteel (On The Highway) 2.Ballett-et\u00fc\u00fcd (Ballet Etude) 3.P\u00f5genemine (Escaping) 4.Ave Maria 5.Volare 6.Pastoralia Choream 7.Menuett (Minuet) 8.Lumine \u00d5htu (Snowy Evening) 9.Regi L\u00e4heb (Reggae) 10.Sinine Ruum (Blue Space) 11.Omo Morto 12.Suvem\u00e4lestus (A Summer Memory) 13.Valge J\u00e4nes (The White Rabbit) 14.Veskimees (The Miller)","og_url":"https:\/\/plmf.ee\/en\/product\/henn-rebane-kiirteel\/","og_site_name":"Pille Lill Music Fund","article_modified_time":"2024-02-09T11:59:16+00:00","og_image":[{"width":605,"height":560,"url":"https:\/\/www.plmf.ee\/wp-content\/uploads\/2024\/02\/KODEULEHELE-PLAADI-UMBRIS-1.jpg","type":"image\/jpeg"}],"twitter_card":"summary_large_image","twitter_misc":{"Est. reading time":"1 minute"},"schema":{"@context":"https:\/\/schema.org","@graph":[{"@type":"WebPage","@id":"https:\/\/plmf.ee\/en\/product\/henn-rebane-kiirteel\/","url":"https:\/\/plmf.ee\/en\/product\/henn-rebane-kiirteel\/","name":"Henn Rebane \"On the Highway\" - Pille Lill Music Fund","isPartOf":{"@id":"https:\/\/www.plmf.ee\/#website"},"primaryImageOfPage":{"@id":"https:\/\/plmf.ee\/en\/product\/henn-rebane-kiirteel\/#primaryimage"},"image":{"@id":"https:\/\/plmf.ee\/en\/product\/henn-rebane-kiirteel\/#primaryimage"},"thumbnailUrl":"https:\/\/plmf.ee\/wp-content\/uploads\/2024\/02\/KODEULEHELE-PLAADI-UMBRIS-1.jpg","datePublished":"2024-02-05T13:31:30+00:00","dateModified":"2024-02-09T11:59:16+00:00","breadcrumb":{"@id":"https:\/\/plmf.ee\/en\/product\/henn-rebane-kiirteel\/#breadcrumb"},"inLanguage":"en-US","potentialAction":[{"@type":"ReadAction","target":["https:\/\/plmf.ee\/en\/product\/henn-rebane-kiirteel\/"]}]},{"@type":"ImageObject","inLanguage":"en-US","@id":"https:\/\/plmf.ee\/en\/product\/henn-rebane-kiirteel\/#primaryimage","url":"https:\/\/plmf.ee\/wp-content\/uploads\/2024\/02\/KODEULEHELE-PLAADI-UMBRIS-1.jpg","contentUrl":"https:\/\/plmf.ee\/wp-content\/uploads\/2024\/02\/KODEULEHELE-PLAADI-UMBRIS-1.jpg","width":605,"height":560},{"@type":"BreadcrumbList","@id":"https:\/\/plmf.ee\/en\/product\/henn-rebane-kiirteel\/#breadcrumb","itemListElement":[{"@type":"ListItem","position":1,"name":"Home","item":"https:\/\/plmf.ee\/en\/"},{"@type":"ListItem","position":2,"name":"Shop","item":"https:\/\/plmf.ee\/shop\/"},{"@type":"ListItem","position":3,"name":"Henn Rebane &#8220;On the Highway&#8221;"}]},{"@type":"WebSite","@id":"https:\/\/www.plmf.ee\/#website","url":"https:\/\/www.plmf.ee\/","name":"Pille Lill Music Fund","description":"Planet Of Talent","potentialAction":[{"@type":"SearchAction","target":{"@type":"EntryPoint","urlTemplate":"https:\/\/www.plmf.ee\/?s={search_term_string}"},"query-input":{"@type":"PropertyValueSpecification","valueRequired":true,"valueName":"search_term_string"}}],"inLanguage":"en-US"}]}},"_links":{"self":[{"href":"https:\/\/plmf.ee\/en\/wp-json\/wp\/v2\/product\/55836","targetHints":{"allow":["GET"]}}],"collection":[{"href":"https:\/\/plmf.ee\/en\/wp-json\/wp\/v2\/product"}],"about":[{"href":"https:\/\/plmf.ee\/en\/wp-json\/wp\/v2\/types\/product"}],"wp:featuredmedia":[{"embeddable":true,"href":"https:\/\/plmf.ee\/en\/wp-json\/wp\/v2\/media\/55862"}],"wp:attachment":[{"href":"https:\/\/plmf.ee\/en\/wp-json\/wp\/v2\/media?parent=55836"}],"wp:term":[{"taxonomy":"product_brand","embeddable":true,"href":"https:\/\/plmf.ee\/en\/wp-json\/wp\/v2\/product_brand?post=55836"},{"taxonomy":"product_cat","embeddable":true,"href":"https:\/\/plmf.ee\/en\/wp-json\/wp\/v2\/product_cat?post=55836"},{"taxonomy":"product_tag","embeddable":true,"href":"https:\/\/plmf.ee\/en\/wp-json\/wp\/v2\/product_tag?post=55836"}],"curies":[{"name":"wp","href":"https:\/\/api.w.org\/{rel}","templated":true}]}}