{"id":27264,"date":"2017-12-19T12:36:47","date_gmt":"2017-12-19T09:36:47","guid":{"rendered":"https:\/\/www.plmf.ee\/?post_type=product&#038;p=27264"},"modified":"2024-02-05T15:41:56","modified_gmt":"2024-02-05T13:41:56","slug":"sigrid-kuulmann-works-for-solo-violin","status":"publish","type":"product","link":"https:\/\/plmf.ee\/en\/product\/sigrid-kuulmann-works-for-solo-violin\/","title":{"rendered":"Sigrid Kuulmann &#8220;Works for Solo Violin&#8221;"},"content":{"rendered":"<p><strong>SIGRID KUULMANN<\/strong><br \/>\nis one of the most distinguished violin players. S. Kuulmann has finished Tallinn Music High School and Estonian Academy of Music and Theatre (EAMT, Prof. Tiiu Pe\u00e4ske). She has furthered her skills in London Guildhall School of Music and Drama and D\u00fcsseldorf Robert Schumann Hochschule in the violin class of maestro David Oistrahh\u2019s student Prof. Rosa Fain. Her playing has been guided by, among others, professors Igor Bezrodny, Dmitri Sitkovetsky, Michaela Martin, Pavel Vernikov, Yfrah Neaman and J\u00fcri Gerretz and her studies have been supported by Corporation of London, British Council Baltic States, Deutscher Akademischer Austauchdienst and Cultural Endowment of Estonia. S. Kuulmann-Martin is the laureate-prize winner of the H. Eller Violin Competition as well as many other competitions, she has performed as a soloist and a chamber musician in many European countries and in Scandinavia. She has received special recognition for playing Estonian composers\u2019, especially E. Tubin\u2019s works. She has been the first one to perform such pieces in Estonia as Lutoslawski Partita, Berio Sequenza VIII, Virkhaus Violin Concerto No. 2, Bizet-Waxman \u201cCarmen-Fantasia\u201d etc. Her repertoire includes most of the major violin concerts, sonatas and virtuoso pieces from baroque to contemporary. S. Kuulmann-Martin has done several recordings for Estonian Public Broadcasting (EPB), including Sibelius Violin Concert with the Estonian National Symphony Orchestra. In cooperation with ERR and Estonian Record Productions many CD-s have been completed, the last one in 2012 featuring Eduard Tubin\u2019s violin music with pianist Marko Martin. S. Kuulmann-Martin is a scholar of The Association of Estonian Professional Musicians, Cultural Endowment of Estonia and PLMF since 2007. She is a PhD student of musical interpretation in EAMT (2014, Prof. Mari Tampere-Bezrodny) and she is also working there as a professor.<\/p>\n","protected":false},"excerpt":{"rendered":"<p><strong>Solo-CD of violinist Sigrid Kuulmann, includes works by Bach, Paganini and Ysa\u00ffe.<br \/>\nEstonian Record Productions 2010<\/strong><\/p>\n<p>&nbsp;<\/p>\n<p>1.-5. Johann Sebastian Bach. Partita No 2 in D minor<br \/>\n6. Niccol\u00f2 Paganin. Nel cor pi\u00f9 non mi sento \u2013 Introduction, Theme and Variations on Paisiello\u2019s La Molinara, Op 38<br \/>\n7. Eug\u00e9ne Ysa\u00ffe. Sonata in D minor \u201cBallade\u201d, Op 27 No 3<br \/>\n8. Eug\u00e9ne Ysa\u00ffe. Sonata in E major, Op 27 No 6<\/p>\n","protected":false},"featured_media":50560,"template":"","meta":[],"product_brand":[],"product_cat":[52],"product_tag":[],"class_list":{"0":"post-27264","1":"product","2":"type-product","3":"status-publish","4":"has-post-thumbnail","6":"product_cat-audio","8":"first","9":"instock","10":"sale","11":"featured","12":"virtual","13":"purchasable","14":"product-type-simple"},"yoast_head":"<!-- This site is optimized with the Yoast SEO plugin v27.1.1 - https:\/\/yoast.com\/product\/yoast-seo-wordpress\/ -->\n<title>Sigrid Kuulmann &quot;Works for Solo Violin&quot; - Pille Lill Music Fund<\/title>\n<meta name=\"robots\" content=\"index, follow, max-snippet:-1, max-image-preview:large, max-video-preview:-1\" \/>\n<link rel=\"canonical\" href=\"https:\/\/www.plmf.ee\/en\/product\/sigrid-kuulmann-works-for-solo-violin\/\" \/>\n<meta property=\"og:locale\" content=\"en_US\" \/>\n<meta property=\"og:type\" content=\"article\" \/>\n<meta property=\"og:title\" content=\"Sigrid Kuulmann &quot;Works for Solo Violin&quot; - Pille Lill Music Fund\" \/>\n<meta property=\"og:description\" content=\"Solo-CD of violinist Sigrid Kuulmann, includes works by Bach, Paganini and Ysa\u00ffe. Estonian Record Productions 2010  &nbsp;  1.-5. Johann Sebastian Bach. Partita No 2 in D minor 6. Niccol\u00f2 Paganin. Nel cor pi\u00f9 non mi sento \u2013 Introduction, Theme and Variations on Paisiello\u2019s La Molinara, Op 38 7. Eug\u00e9ne Ysa\u00ffe. Sonata in D minor \u201cBallade\u201d, Op 27 No 3 8. Eug\u00e9ne Ysa\u00ffe. Sonata in E major, Op 27 No 6\" \/>\n<meta property=\"og:url\" content=\"https:\/\/www.plmf.ee\/en\/product\/sigrid-kuulmann-works-for-solo-violin\/\" \/>\n<meta property=\"og:site_name\" content=\"Pille Lill Music Fund\" \/>\n<meta property=\"article:modified_time\" content=\"2024-02-05T13:41:56+00:00\" \/>\n<meta property=\"og:image\" content=\"https:\/\/www.plmf.ee\/wp-content\/uploads\/2017\/12\/KODEULEHELE-CD-BANNER.png\" \/>\n\t<meta property=\"og:image:width\" content=\"605\" \/>\n\t<meta property=\"og:image:height\" content=\"560\" \/>\n\t<meta property=\"og:image:type\" content=\"image\/png\" \/>\n<meta name=\"twitter:card\" content=\"summary_large_image\" \/>\n<meta name=\"twitter:label1\" content=\"Est. reading time\" \/>\n\t<meta name=\"twitter:data1\" content=\"2 minutes\" \/>\n<script type=\"application\/ld+json\" class=\"yoast-schema-graph\">{\"@context\":\"https:\/\/schema.org\",\"@graph\":[{\"@type\":\"WebPage\",\"@id\":\"https:\/\/www.plmf.ee\/en\/product\/sigrid-kuulmann-works-for-solo-violin\/\",\"url\":\"https:\/\/www.plmf.ee\/en\/product\/sigrid-kuulmann-works-for-solo-violin\/\",\"name\":\"Sigrid Kuulmann \\\"Works for Solo Violin\\\" - Pille Lill Music Fund\",\"isPartOf\":{\"@id\":\"https:\/\/plmf.ee\/#website\"},\"primaryImageOfPage\":{\"@id\":\"https:\/\/www.plmf.ee\/en\/product\/sigrid-kuulmann-works-for-solo-violin\/#primaryimage\"},\"image\":{\"@id\":\"https:\/\/www.plmf.ee\/en\/product\/sigrid-kuulmann-works-for-solo-violin\/#primaryimage\"},\"thumbnailUrl\":\"https:\/\/plmf.ee\/wp-content\/uploads\/2017\/12\/KODEULEHELE-CD-BANNER.png\",\"datePublished\":\"2017-12-19T09:36:47+00:00\",\"dateModified\":\"2024-02-05T13:41:56+00:00\",\"breadcrumb\":{\"@id\":\"https:\/\/www.plmf.ee\/en\/product\/sigrid-kuulmann-works-for-solo-violin\/#breadcrumb\"},\"inLanguage\":\"en-US\",\"potentialAction\":[{\"@type\":\"ReadAction\",\"target\":[\"https:\/\/www.plmf.ee\/en\/product\/sigrid-kuulmann-works-for-solo-violin\/\"]}]},{\"@type\":\"ImageObject\",\"inLanguage\":\"en-US\",\"@id\":\"https:\/\/www.plmf.ee\/en\/product\/sigrid-kuulmann-works-for-solo-violin\/#primaryimage\",\"url\":\"https:\/\/plmf.ee\/wp-content\/uploads\/2017\/12\/KODEULEHELE-CD-BANNER.png\",\"contentUrl\":\"https:\/\/plmf.ee\/wp-content\/uploads\/2017\/12\/KODEULEHELE-CD-BANNER.png\",\"width\":605,\"height\":560},{\"@type\":\"BreadcrumbList\",\"@id\":\"https:\/\/www.plmf.ee\/en\/product\/sigrid-kuulmann-works-for-solo-violin\/#breadcrumb\",\"itemListElement\":[{\"@type\":\"ListItem\",\"position\":1,\"name\":\"Home\",\"item\":\"https:\/\/plmf.ee\/en\/\"},{\"@type\":\"ListItem\",\"position\":2,\"name\":\"Shop\",\"item\":\"https:\/\/www.plmf.ee\/shop\/\"},{\"@type\":\"ListItem\",\"position\":3,\"name\":\"Sigrid Kuulmann &#8220;Works for Solo Violin&#8221;\"}]},{\"@type\":\"WebSite\",\"@id\":\"https:\/\/plmf.ee\/#website\",\"url\":\"https:\/\/plmf.ee\/\",\"name\":\"Pille Lill Music Fund\",\"description\":\"Planet Of Talent\",\"potentialAction\":[{\"@type\":\"SearchAction\",\"target\":{\"@type\":\"EntryPoint\",\"urlTemplate\":\"https:\/\/plmf.ee\/?s={search_term_string}\"},\"query-input\":{\"@type\":\"PropertyValueSpecification\",\"valueRequired\":true,\"valueName\":\"search_term_string\"}}],\"inLanguage\":\"en-US\"}]}<\/script>\n<!-- \/ Yoast SEO plugin. -->","yoast_head_json":{"title":"Sigrid Kuulmann \"Works for Solo Violin\" - Pille Lill Music Fund","robots":{"index":"index","follow":"follow","max-snippet":"max-snippet:-1","max-image-preview":"max-image-preview:large","max-video-preview":"max-video-preview:-1"},"canonical":"https:\/\/www.plmf.ee\/en\/product\/sigrid-kuulmann-works-for-solo-violin\/","og_locale":"en_US","og_type":"article","og_title":"Sigrid Kuulmann \"Works for Solo Violin\" - Pille Lill Music Fund","og_description":"Solo-CD of violinist Sigrid Kuulmann, includes works by Bach, Paganini and Ysa\u00ffe. Estonian Record Productions 2010  &nbsp;  1.-5. Johann Sebastian Bach. Partita No 2 in D minor 6. Niccol\u00f2 Paganin. Nel cor pi\u00f9 non mi sento \u2013 Introduction, Theme and Variations on Paisiello\u2019s La Molinara, Op 38 7. Eug\u00e9ne Ysa\u00ffe. Sonata in D minor \u201cBallade\u201d, Op 27 No 3 8. Eug\u00e9ne Ysa\u00ffe. Sonata in E major, Op 27 No 6","og_url":"https:\/\/www.plmf.ee\/en\/product\/sigrid-kuulmann-works-for-solo-violin\/","og_site_name":"Pille Lill Music Fund","article_modified_time":"2024-02-05T13:41:56+00:00","og_image":[{"width":605,"height":560,"url":"https:\/\/www.plmf.ee\/wp-content\/uploads\/2017\/12\/KODEULEHELE-CD-BANNER.png","type":"image\/png"}],"twitter_card":"summary_large_image","twitter_misc":{"Est. reading time":"2 minutes"},"schema":{"@context":"https:\/\/schema.org","@graph":[{"@type":"WebPage","@id":"https:\/\/www.plmf.ee\/en\/product\/sigrid-kuulmann-works-for-solo-violin\/","url":"https:\/\/www.plmf.ee\/en\/product\/sigrid-kuulmann-works-for-solo-violin\/","name":"Sigrid Kuulmann \"Works for Solo Violin\" - Pille Lill Music Fund","isPartOf":{"@id":"https:\/\/plmf.ee\/#website"},"primaryImageOfPage":{"@id":"https:\/\/www.plmf.ee\/en\/product\/sigrid-kuulmann-works-for-solo-violin\/#primaryimage"},"image":{"@id":"https:\/\/www.plmf.ee\/en\/product\/sigrid-kuulmann-works-for-solo-violin\/#primaryimage"},"thumbnailUrl":"https:\/\/plmf.ee\/wp-content\/uploads\/2017\/12\/KODEULEHELE-CD-BANNER.png","datePublished":"2017-12-19T09:36:47+00:00","dateModified":"2024-02-05T13:41:56+00:00","breadcrumb":{"@id":"https:\/\/www.plmf.ee\/en\/product\/sigrid-kuulmann-works-for-solo-violin\/#breadcrumb"},"inLanguage":"en-US","potentialAction":[{"@type":"ReadAction","target":["https:\/\/www.plmf.ee\/en\/product\/sigrid-kuulmann-works-for-solo-violin\/"]}]},{"@type":"ImageObject","inLanguage":"en-US","@id":"https:\/\/www.plmf.ee\/en\/product\/sigrid-kuulmann-works-for-solo-violin\/#primaryimage","url":"https:\/\/plmf.ee\/wp-content\/uploads\/2017\/12\/KODEULEHELE-CD-BANNER.png","contentUrl":"https:\/\/plmf.ee\/wp-content\/uploads\/2017\/12\/KODEULEHELE-CD-BANNER.png","width":605,"height":560},{"@type":"BreadcrumbList","@id":"https:\/\/www.plmf.ee\/en\/product\/sigrid-kuulmann-works-for-solo-violin\/#breadcrumb","itemListElement":[{"@type":"ListItem","position":1,"name":"Home","item":"https:\/\/plmf.ee\/en\/"},{"@type":"ListItem","position":2,"name":"Shop","item":"https:\/\/www.plmf.ee\/shop\/"},{"@type":"ListItem","position":3,"name":"Sigrid Kuulmann &#8220;Works for Solo Violin&#8221;"}]},{"@type":"WebSite","@id":"https:\/\/plmf.ee\/#website","url":"https:\/\/plmf.ee\/","name":"Pille Lill Music Fund","description":"Planet Of Talent","potentialAction":[{"@type":"SearchAction","target":{"@type":"EntryPoint","urlTemplate":"https:\/\/plmf.ee\/?s={search_term_string}"},"query-input":{"@type":"PropertyValueSpecification","valueRequired":true,"valueName":"search_term_string"}}],"inLanguage":"en-US"}]}},"_links":{"self":[{"href":"https:\/\/plmf.ee\/en\/wp-json\/wp\/v2\/product\/27264","targetHints":{"allow":["GET"]}}],"collection":[{"href":"https:\/\/plmf.ee\/en\/wp-json\/wp\/v2\/product"}],"about":[{"href":"https:\/\/plmf.ee\/en\/wp-json\/wp\/v2\/types\/product"}],"wp:featuredmedia":[{"embeddable":true,"href":"https:\/\/plmf.ee\/en\/wp-json\/wp\/v2\/media\/50560"}],"wp:attachment":[{"href":"https:\/\/plmf.ee\/en\/wp-json\/wp\/v2\/media?parent=27264"}],"wp:term":[{"taxonomy":"product_brand","embeddable":true,"href":"https:\/\/plmf.ee\/en\/wp-json\/wp\/v2\/product_brand?post=27264"},{"taxonomy":"product_cat","embeddable":true,"href":"https:\/\/plmf.ee\/en\/wp-json\/wp\/v2\/product_cat?post=27264"},{"taxonomy":"product_tag","embeddable":true,"href":"https:\/\/plmf.ee\/en\/wp-json\/wp\/v2\/product_tag?post=27264"}],"curies":[{"name":"wp","href":"https:\/\/api.w.org\/{rel}","templated":true}]}}