{"id":27259,"date":"2017-12-19T12:29:05","date_gmt":"2017-12-19T09:29:05","guid":{"rendered":"https:\/\/www.plmf.ee\/?post_type=product&#038;p=27259"},"modified":"2024-02-05T15:44:14","modified_gmt":"2024-02-05T13:44:14","slug":"ralf-taal-magic-of-sound-f-chopin","status":"publish","type":"product","link":"https:\/\/plmf.ee\/en\/product\/ralf-taal-magic-of-sound-f-chopin\/","title":{"rendered":"Ralf Taal &#8220;Magic Of Sound&#8221; (F. Chopin)"},"content":{"rendered":"<p lang=\"en-US\" align=\"JUSTIFY\"><span style=\"color: #000000;\"><span style=\"font-family: 'Times New Roman', serif;\"><span style=\"font-size: medium;\"><b>RALF TAAL<\/b><\/span><\/span><\/span><\/p>\n<p lang=\"en-US\" align=\"JUSTIFY\"><span style=\"color: #000000;\"><span style=\"font-family: 'Times New Roman', serif;\"><span style=\"font-size: medium;\">has graduated from Tallinn Music High School and the Estonian Academy of Music and Theatre (EAMT). In 1993, he won the 1st Prize at the young pianists\u2019 competition dedicated to the 150th anniversary of E. Grieg and in 1994 R. Taal won the National Pianists\u2019 Competition and Young Interprets\u2019 Competition-Festival \u201cCon Brio\u201d. He was a scholar of the Estonian Concert for the 1994\/95 concert season. In 1995, he was awarded with a special prize at the Schubert International Pianists\u2019 Competition in Dortmund for being the youngest finalist. R. Taal has performed as a soloist with almost all Estonian orchestras and he has given numerous solo concerts. He has cooperated with such outstanding conductors as Eri Klas, Paavo J\u00e4rvi, Olari Elts, Arvo Volmer, T\u00f5nu Kaljuste, Anu Tali etc. His solo programs mostly include music from Schubert, Beethoven and Chopin. In addition to being active as a soloist R. Taal is also a valued ensemble partner for several vocal and instrumental soloists, including singers Mati Palm, Ain Anger, Pille Lill, Helen Lokuta, Monika-Evelin Liiv and instrumentalists Indrek Vau, Oksana Sinkova, Toomas Vavilov, Andrus Haav etc. R. Taal is working as a pedagogue at the EAMT and at the Georg Ots Tallinn Music School and he was a concert master at the Estonian National Opera (1998-2014).\u00a0 In 2011, he was rewarded with the annual award of the Estonian Culture Endowment\u2019s Music (Sound Design) Fund. In 2014, he released his solo album with Chopin\u2019s piano music \u201cMagic of Sound\u201d (Estonian Record Productions).<\/span><\/span><\/span><\/p>\n","protected":false},"excerpt":{"rendered":"<p><b>Ralf Taal<\/b>,<br \/>\nMagic of Sound [CD],<br \/>\nEstonian Record Productions, 2014<br \/>\nhelilooja: Fryderyk Chopin<\/p>\n<p>&nbsp;<\/p>\n<p><b>CHOPIN, Fr\u00e9d\u00e9ric Fran\u00e7ois (1810-1849)<\/b><br \/>\n1.1 &#8211; 24 Preludes, Op. 2839:05<br \/>\n2.25 &#8211; Ballade No 4 in F minor, Op. 5211:20<br \/>\n3.26 &#8211; Etude in A minor, Op. 10, No. 21:37<br \/>\n4.27 &#8211; Etude in C-sharp minor, Op. 10, No. 42:10<br \/>\n5.28 &#8211; Etude in G-flat major, Op. 10, No. 51:47<br \/>\n6.29 &#8211; Polonaise in A-flat major, Op. 536:28<br \/>\n7.30 &#8211; Scherzo No 2 in B-flat minor, Op. 3110:38<\/p>\n","protected":false},"featured_media":50600,"template":"","meta":[],"product_brand":[],"product_cat":[52],"product_tag":[],"class_list":{"0":"post-27259","1":"product","2":"type-product","3":"status-publish","4":"has-post-thumbnail","6":"product_cat-audio","8":"first","9":"instock","10":"sale","11":"featured","12":"virtual","13":"purchasable","14":"product-type-simple"},"yoast_head":"<!-- This site is optimized with the Yoast SEO plugin v27.1.1 - https:\/\/yoast.com\/product\/yoast-seo-wordpress\/ -->\n<title>Ralf Taal &quot;Magic Of Sound&quot; (F. Chopin) - Pille Lill Music Fund<\/title>\n<meta name=\"robots\" content=\"index, follow, max-snippet:-1, max-image-preview:large, max-video-preview:-1\" \/>\n<link rel=\"canonical\" href=\"https:\/\/www.plmf.ee\/en\/product\/ralf-taal-magic-of-sound-f-chopin\/\" \/>\n<meta property=\"og:locale\" content=\"en_US\" \/>\n<meta property=\"og:type\" content=\"article\" \/>\n<meta property=\"og:title\" content=\"Ralf Taal &quot;Magic Of Sound&quot; (F. Chopin) - Pille Lill Music Fund\" \/>\n<meta property=\"og:description\" content=\"Ralf Taal, Magic of Sound [CD], Estonian Record Productions, 2014 helilooja: Fryderyk Chopin  &nbsp;  CHOPIN, Fr\u00e9d\u00e9ric Fran\u00e7ois (1810-1849) 1.1 - 24 Preludes, Op. 2839:05 2.25 - Ballade No 4 in F minor, Op. 5211:20 3.26 - Etude in A minor, Op. 10, No. 21:37 4.27 - Etude in C-sharp minor, Op. 10, No. 42:10 5.28 - Etude in G-flat major, Op. 10, No. 51:47 6.29 - Polonaise in A-flat major, Op. 536:28 7.30 - Scherzo No 2 in B-flat minor, Op. 3110:38\" \/>\n<meta property=\"og:url\" content=\"https:\/\/www.plmf.ee\/en\/product\/ralf-taal-magic-of-sound-f-chopin\/\" \/>\n<meta property=\"og:site_name\" content=\"Pille Lill Music Fund\" \/>\n<meta property=\"article:modified_time\" content=\"2024-02-05T13:44:14+00:00\" \/>\n<meta property=\"og:image\" content=\"https:\/\/www.plmf.ee\/wp-content\/uploads\/2017\/12\/3.png\" \/>\n\t<meta property=\"og:image:width\" content=\"605\" \/>\n\t<meta property=\"og:image:height\" content=\"560\" \/>\n\t<meta property=\"og:image:type\" content=\"image\/png\" \/>\n<meta name=\"twitter:card\" content=\"summary_large_image\" \/>\n<meta name=\"twitter:label1\" content=\"Est. reading time\" \/>\n\t<meta name=\"twitter:data1\" content=\"2 minutes\" \/>\n<script type=\"application\/ld+json\" class=\"yoast-schema-graph\">{\"@context\":\"https:\/\/schema.org\",\"@graph\":[{\"@type\":\"WebPage\",\"@id\":\"https:\/\/www.plmf.ee\/en\/product\/ralf-taal-magic-of-sound-f-chopin\/\",\"url\":\"https:\/\/www.plmf.ee\/en\/product\/ralf-taal-magic-of-sound-f-chopin\/\",\"name\":\"Ralf Taal \\\"Magic Of Sound\\\" (F. Chopin) - Pille Lill Music Fund\",\"isPartOf\":{\"@id\":\"https:\/\/plmf.ee\/#website\"},\"primaryImageOfPage\":{\"@id\":\"https:\/\/www.plmf.ee\/en\/product\/ralf-taal-magic-of-sound-f-chopin\/#primaryimage\"},\"image\":{\"@id\":\"https:\/\/www.plmf.ee\/en\/product\/ralf-taal-magic-of-sound-f-chopin\/#primaryimage\"},\"thumbnailUrl\":\"https:\/\/plmf.ee\/wp-content\/uploads\/2017\/12\/3.png\",\"datePublished\":\"2017-12-19T09:29:05+00:00\",\"dateModified\":\"2024-02-05T13:44:14+00:00\",\"breadcrumb\":{\"@id\":\"https:\/\/www.plmf.ee\/en\/product\/ralf-taal-magic-of-sound-f-chopin\/#breadcrumb\"},\"inLanguage\":\"en-US\",\"potentialAction\":[{\"@type\":\"ReadAction\",\"target\":[\"https:\/\/www.plmf.ee\/en\/product\/ralf-taal-magic-of-sound-f-chopin\/\"]}]},{\"@type\":\"ImageObject\",\"inLanguage\":\"en-US\",\"@id\":\"https:\/\/www.plmf.ee\/en\/product\/ralf-taal-magic-of-sound-f-chopin\/#primaryimage\",\"url\":\"https:\/\/plmf.ee\/wp-content\/uploads\/2017\/12\/3.png\",\"contentUrl\":\"https:\/\/plmf.ee\/wp-content\/uploads\/2017\/12\/3.png\",\"width\":605,\"height\":560},{\"@type\":\"BreadcrumbList\",\"@id\":\"https:\/\/www.plmf.ee\/en\/product\/ralf-taal-magic-of-sound-f-chopin\/#breadcrumb\",\"itemListElement\":[{\"@type\":\"ListItem\",\"position\":1,\"name\":\"Home\",\"item\":\"https:\/\/plmf.ee\/en\/\"},{\"@type\":\"ListItem\",\"position\":2,\"name\":\"Shop\",\"item\":\"https:\/\/www.plmf.ee\/shop\/\"},{\"@type\":\"ListItem\",\"position\":3,\"name\":\"Ralf Taal &#8220;Magic Of Sound&#8221; (F. Chopin)\"}]},{\"@type\":\"WebSite\",\"@id\":\"https:\/\/plmf.ee\/#website\",\"url\":\"https:\/\/plmf.ee\/\",\"name\":\"Pille Lill Music Fund\",\"description\":\"Planet Of Talent\",\"potentialAction\":[{\"@type\":\"SearchAction\",\"target\":{\"@type\":\"EntryPoint\",\"urlTemplate\":\"https:\/\/plmf.ee\/?s={search_term_string}\"},\"query-input\":{\"@type\":\"PropertyValueSpecification\",\"valueRequired\":true,\"valueName\":\"search_term_string\"}}],\"inLanguage\":\"en-US\"}]}<\/script>\n<!-- \/ Yoast SEO plugin. -->","yoast_head_json":{"title":"Ralf Taal \"Magic Of Sound\" (F. Chopin) - Pille Lill Music Fund","robots":{"index":"index","follow":"follow","max-snippet":"max-snippet:-1","max-image-preview":"max-image-preview:large","max-video-preview":"max-video-preview:-1"},"canonical":"https:\/\/www.plmf.ee\/en\/product\/ralf-taal-magic-of-sound-f-chopin\/","og_locale":"en_US","og_type":"article","og_title":"Ralf Taal \"Magic Of Sound\" (F. Chopin) - Pille Lill Music Fund","og_description":"Ralf Taal, Magic of Sound [CD], Estonian Record Productions, 2014 helilooja: Fryderyk Chopin  &nbsp;  CHOPIN, Fr\u00e9d\u00e9ric Fran\u00e7ois (1810-1849) 1.1 - 24 Preludes, Op. 2839:05 2.25 - Ballade No 4 in F minor, Op. 5211:20 3.26 - Etude in A minor, Op. 10, No. 21:37 4.27 - Etude in C-sharp minor, Op. 10, No. 42:10 5.28 - Etude in G-flat major, Op. 10, No. 51:47 6.29 - Polonaise in A-flat major, Op. 536:28 7.30 - Scherzo No 2 in B-flat minor, Op. 3110:38","og_url":"https:\/\/www.plmf.ee\/en\/product\/ralf-taal-magic-of-sound-f-chopin\/","og_site_name":"Pille Lill Music Fund","article_modified_time":"2024-02-05T13:44:14+00:00","og_image":[{"width":605,"height":560,"url":"https:\/\/www.plmf.ee\/wp-content\/uploads\/2017\/12\/3.png","type":"image\/png"}],"twitter_card":"summary_large_image","twitter_misc":{"Est. reading time":"2 minutes"},"schema":{"@context":"https:\/\/schema.org","@graph":[{"@type":"WebPage","@id":"https:\/\/www.plmf.ee\/en\/product\/ralf-taal-magic-of-sound-f-chopin\/","url":"https:\/\/www.plmf.ee\/en\/product\/ralf-taal-magic-of-sound-f-chopin\/","name":"Ralf Taal \"Magic Of Sound\" (F. Chopin) - Pille Lill Music Fund","isPartOf":{"@id":"https:\/\/plmf.ee\/#website"},"primaryImageOfPage":{"@id":"https:\/\/www.plmf.ee\/en\/product\/ralf-taal-magic-of-sound-f-chopin\/#primaryimage"},"image":{"@id":"https:\/\/www.plmf.ee\/en\/product\/ralf-taal-magic-of-sound-f-chopin\/#primaryimage"},"thumbnailUrl":"https:\/\/plmf.ee\/wp-content\/uploads\/2017\/12\/3.png","datePublished":"2017-12-19T09:29:05+00:00","dateModified":"2024-02-05T13:44:14+00:00","breadcrumb":{"@id":"https:\/\/www.plmf.ee\/en\/product\/ralf-taal-magic-of-sound-f-chopin\/#breadcrumb"},"inLanguage":"en-US","potentialAction":[{"@type":"ReadAction","target":["https:\/\/www.plmf.ee\/en\/product\/ralf-taal-magic-of-sound-f-chopin\/"]}]},{"@type":"ImageObject","inLanguage":"en-US","@id":"https:\/\/www.plmf.ee\/en\/product\/ralf-taal-magic-of-sound-f-chopin\/#primaryimage","url":"https:\/\/plmf.ee\/wp-content\/uploads\/2017\/12\/3.png","contentUrl":"https:\/\/plmf.ee\/wp-content\/uploads\/2017\/12\/3.png","width":605,"height":560},{"@type":"BreadcrumbList","@id":"https:\/\/www.plmf.ee\/en\/product\/ralf-taal-magic-of-sound-f-chopin\/#breadcrumb","itemListElement":[{"@type":"ListItem","position":1,"name":"Home","item":"https:\/\/plmf.ee\/en\/"},{"@type":"ListItem","position":2,"name":"Shop","item":"https:\/\/www.plmf.ee\/shop\/"},{"@type":"ListItem","position":3,"name":"Ralf Taal &#8220;Magic Of Sound&#8221; (F. Chopin)"}]},{"@type":"WebSite","@id":"https:\/\/plmf.ee\/#website","url":"https:\/\/plmf.ee\/","name":"Pille Lill Music Fund","description":"Planet Of Talent","potentialAction":[{"@type":"SearchAction","target":{"@type":"EntryPoint","urlTemplate":"https:\/\/plmf.ee\/?s={search_term_string}"},"query-input":{"@type":"PropertyValueSpecification","valueRequired":true,"valueName":"search_term_string"}}],"inLanguage":"en-US"}]}},"_links":{"self":[{"href":"https:\/\/plmf.ee\/en\/wp-json\/wp\/v2\/product\/27259","targetHints":{"allow":["GET"]}}],"collection":[{"href":"https:\/\/plmf.ee\/en\/wp-json\/wp\/v2\/product"}],"about":[{"href":"https:\/\/plmf.ee\/en\/wp-json\/wp\/v2\/types\/product"}],"wp:featuredmedia":[{"embeddable":true,"href":"https:\/\/plmf.ee\/en\/wp-json\/wp\/v2\/media\/50600"}],"wp:attachment":[{"href":"https:\/\/plmf.ee\/en\/wp-json\/wp\/v2\/media?parent=27259"}],"wp:term":[{"taxonomy":"product_brand","embeddable":true,"href":"https:\/\/plmf.ee\/en\/wp-json\/wp\/v2\/product_brand?post=27259"},{"taxonomy":"product_cat","embeddable":true,"href":"https:\/\/plmf.ee\/en\/wp-json\/wp\/v2\/product_cat?post=27259"},{"taxonomy":"product_tag","embeddable":true,"href":"https:\/\/plmf.ee\/en\/wp-json\/wp\/v2\/product_tag?post=27259"}],"curies":[{"name":"wp","href":"https:\/\/api.w.org\/{rel}","templated":true}]}}