{"id":64146,"date":"2026-03-03T19:06:09","date_gmt":"2026-03-03T17:06:09","guid":{"rendered":"https:\/\/plmf.ee\/18-02-2026-ttf-kava\/"},"modified":"2026-03-03T19:14:40","modified_gmt":"2026-03-03T17:14:40","slug":"18-02-2026-ttf-program","status":"publish","type":"page","link":"https:\/\/plmf.ee\/en\/18-02-2026-ttf-program\/","title":{"rendered":"18.02.2026 TTF program"},"content":{"rendered":"<div class=\"row \"><div class=\"wpv-grid grid-1-1  wpv-first-level first unextended\" style=\"padding-top:0px;padding-bottom:0px\" id=\"wpv-column-31cc8e6f712442bdf2c479694df97f66\" ><p style=\"text-align: center;\" data-start=\"146\" data-end=\"152\"><span style=\"font-size: 14pt;\">KAVA<\/span><\/p>\n<p style=\"text-align: center;\" data-start=\"154\" data-end=\"273\"><span style=\"font-size: 14pt;\"><strong data-start=\"154\" data-end=\"195\"><span class=\"hover:entity-accent entity-underline inline cursor-pointer align-baseline\"><span class=\"whitespace-normal\">Jan Kalliwoda<\/span><\/span><\/strong> (1801\u20131866)<\/span><br data-start=\"207\" data-end=\"210\" \/><span style=\"font-size: 14pt;\">Duo for Violin and Viola, Op. 208 No. 1<\/span><br data-start=\"249\" data-end=\"252\" \/><span style=\"font-size: 14pt;\">Allegro risvegliato<\/span><\/p>\n<p style=\"text-align: center;\" data-start=\"275\" data-end=\"351\"><span style=\"font-size: 14pt;\"><strong data-start=\"275\" data-end=\"316\"><span class=\"hover:entity-accent entity-underline inline cursor-pointer align-baseline\"><span class=\"whitespace-normal\">Henri Vieuxtemps<\/span><\/span><\/strong> (1820\u20131881)<\/span><br data-start=\"328\" data-end=\"331\" \/><span style=\"font-size: 14pt;\">Tarantella, Op. 22<\/span><\/p>\n<p style=\"text-align: center;\" data-start=\"353\" data-end=\"472\"><span style=\"font-size: 14pt;\"><strong data-start=\"353\" data-end=\"394\"><span class=\"hover:entity-accent entity-underline inline cursor-pointer align-baseline\"><span class=\"whitespace-normal\">Carl Maria von Weber<\/span><\/span><\/strong> (1786\u20131826) \/ <strong data-start=\"409\" data-end=\"450\"><span class=\"hover:entity-accent entity-underline inline cursor-pointer align-baseline\"><span class=\"whitespace-normal\">Jascha Heifetz<\/span><\/span><\/strong> (1901\u20131987)<\/span><br data-start=\"462\" data-end=\"465\" \/><span style=\"font-size: 14pt;\">Rondo<\/span><\/p>\n<p style=\"text-align: center;\" data-start=\"474\" data-end=\"577\"><span style=\"font-size: 14pt;\"><strong data-start=\"474\" data-end=\"515\"><span class=\"hover:entity-accent entity-underline inline cursor-pointer align-baseline\"><span class=\"whitespace-normal\">Gaspar Cassad\u00f3<\/span><\/span><\/strong> (1897\u20131966)<\/span><br data-start=\"527\" data-end=\"530\" \/><span style=\"font-size: 14pt;\">Toccata \/ Toccata in the style of Frescobaldi<\/span><\/p>\n<p style=\"text-align: center;\" data-start=\"579\" data-end=\"662\"><span style=\"font-size: 14pt;\"><strong data-start=\"579\" data-end=\"620\"><span class=\"hover:entity-accent entity-underline inline cursor-pointer align-baseline\"><span class=\"whitespace-normal\">Sergei Prokofiev<\/span><\/span><\/strong> (1891\u20131953)<\/span><br data-start=\"632\" data-end=\"635\" \/><span style=\"font-size: 14pt;\">\u041f\u044f\u0442\u044c \u043c\u0435\u043b\u043e\u0434\u0438\u0439 \/ 5 Melodies<\/span><\/p>\n<p style=\"text-align: center;\" data-start=\"664\" data-end=\"753\"><span style=\"font-size: 14pt;\"><strong data-start=\"664\" data-end=\"705\"><span class=\"hover:entity-accent entity-underline inline cursor-pointer align-baseline\"><span class=\"whitespace-normal\">Rasmus Puur<\/span><\/span><\/strong> (1991*)<\/span><br data-start=\"713\" data-end=\"716\" \/><span style=\"font-size: 14pt;\">Summer from the cycle \u201cThe Seasons\u201d<\/span><\/p>\n<p style=\"text-align: center;\" data-start=\"755\" data-end=\"894\"><span style=\"font-size: 14pt;\"><strong data-start=\"755\" data-end=\"796\"><span class=\"hover:entity-accent entity-underline inline cursor-pointer align-baseline\"><span class=\"whitespace-normal\">Efrem Zimbalist<\/span><\/span><\/strong> (1889\u20131985)<\/span><br data-start=\"808\" data-end=\"811\" \/><span style=\"font-size: 14pt;\">Fantasy \/ Fantasy on themes from N. Rimsky-Korsakov\u2019s opera \u201cThe Golden Cockerel\u201d<\/span><\/p>\n<p style=\"text-align: justify;\" data-start=\"896\" data-end=\"3718\"><span style=\"font-size: 14pt;\"><strong data-start=\"896\" data-end=\"922\">KRISTEL EEROJA-P\u00d5LDOJA<\/strong> graduated in 1988 from Tallinn Music High School in the violin class of T. Pe\u00e4ske. From 1988\u20131993 she studied at the Tallinn Conservatory under Prof. J. Gerretz. From 1988\u20131998 she worked as a violin teacher at Tallinn Music High School and at the same time was Associate Concertmaster of the 2nd violins in the <span class=\"hover:entity-accent entity-underline inline cursor-pointer align-baseline\"><span class=\"whitespace-normal\">Tallinn Chamber Orchestra<\/span><\/span>. From 1997\u20132006 Eeroja-P\u00f5ldoja was Concertmaster of the P\u00e4rnu City Orchestra, from 1998\u20132013 and 2021\u20132024 Concertmaster of the <span class=\"hover:entity-accent entity-underline inline cursor-pointer align-baseline\"><span class=\"whitespace-normal\">Vanemuine Symphony Orchestra<\/span><\/span> and since 1998 a violin teacher and Head of the String Department at the Heino Eller Music School. Eeroja-P\u00f5ldoja has performed in many chamber ensembles with various distinguished Estonian performers (L. Leiten, T. Vavilov, A. Tammesalu, A. Mustonen, I. Sillamaa, K.-A. Sumera etc.). As a soloist she has performed with the Vanemuine Symphony Orchestra and the P\u00e4rnu City Orchestra (Mendelssohn Violin Concerto, Prokofiev Violin Concerto No. 1, Mozart \u201cDuo Concertante\u201d, Beethoven \u201cTriple Concerto\u201d, Beethoven Romances in F major and G major). Eeroja-P\u00f5ldoja is a founding member of the Tartu String Quartet, established in 2006, where she plays first violin. The quartet has performed in almost all Estonian cities and also in Finland. The Tartu String Quartet is the direct successor of the Eller String Quartet, originally formed to perform at events of the Heino Eller Music School. The first concert under this name took place on April 19, 2006 in the Aula of the University of Tartu, followed by concerts at Kadriorg Palace, Tallinn Town Hall, Meder Hall, St. John\u2019s Church in Tallinn, St. Nicholas\u2019 Church and in many places across Estonia: T\u00fcri, Rakvere, Kuressaare, H\u00e4\u00e4demeeste and others. In 2007 the quartet participated in the Vanemuine Theatre summer production \u201cPossible Encounter\u201d at P\u00e4daste Manor. In 2008 they performed Mendelssohn\u2019s \u201cBartholdy Octet\u201d together with the Tobias String Quartet at the Suure-Jaani Music Festival; concerts with the same ensemble and programme took place in 2010 in Tallinn and Tartu. The Tartu String Quartet has also participated in Christmas concerts of Tartu choirs (TAM, 2018 and Tartu Youth Choir, 2019) at St. John\u2019s Church and St. Paul\u2019s Church in Tartu. During the last three seasons Eeroja-P\u00f5ldoja had the great pleasure of working as Concertmaster with the rapidly developing orchestra of the Vanemuine Theatre. In spring 2024 she was involved in a quartet consisting of Vanemuine orchestra members (J. J. Restrepo, H.-M. Maadra and E. Cirulis). In the foyer concert series they performed Dvo\u0159\u00e1k\u2019s String Quartet No. 12 \u201cAmerican\u201d. Since 2022 Eeroja-P\u00f5ldoja has conducted the String Orchestra of the Heino Eller Music School. Kristel Eeroja-P\u00f5ldoja plays a violin made by Sibylle Fehr-Borchardt.<\/span><\/p>\n<p style=\"text-align: justify;\" data-start=\"3720\" data-end=\"4248\"><span style=\"font-size: 14pt;\"><strong data-start=\"3720\" data-end=\"3742\">KR\u00d5\u00d5T INGEL EESMAA<\/strong> (b. 2008) began her violin studies at the age of five at Tartu I Music School in the violin class of T. Koitla. In 2024 she continues her studies at the Heino Eller Music School in the violin class of K. Eeroja-P\u00f5ldoja. She has participated in several string camps and masterclasses, where she has been guided by N. Murdvee, K. V\u00e4lja, A. Ratassepp, R. Lipinaityt\u0117 and M. M\u00e4nni among others. Kr\u00f5\u00f5t Ingel Eesmaa is a diploma recipient of the XIV Estonian Young String Players Competition-Festival.<\/span><\/p>\n<p style=\"text-align: justify;\" data-start=\"4250\" data-end=\"5772\"><span style=\"font-size: 14pt;\"><strong data-start=\"4250\" data-end=\"4268\">INDREK ROOSAAR<\/strong> began playing the violin at the age of three. His first steps were taken together with his mother, E. Roosaare, who is a violin teacher at the Heino Eller Music School. From the age of five Roosaar has studied under K. Eeroja-P\u00f5ldoja at the Heino Eller Music School and is currently in his second year. During the past three years he has had the opportunity to perform as a soloist at the Heino Eller Music School\u2019s \u201cFuture Musicians\u201d concert on the stage of the Vanemuine Concert Hall in front of the Vanemuine Symphony Orchestra and will also perform as a soloist this year. Roosaar has also tried his hand at composing. For his 8th grade creative project he completed a Violin Concerto. He is currently working on several compositions and arrangements, mainly for orchestra. Roosaar has participated in many competitions in Estonia and abroad. His recent results include 1st Prize at the International Boys\u2019 String Festival in Kuressaare (2024) and Laureate of the XIV Estonian Young String Players Competition-Festival (II age group, 2024). Roosaar has played in the Karij\u00e4rve String Orchestra since the age of five and is currently its Concertmaster. At orchestra concerts he has also performed as a soloist and in chamber ensemble (International Boys\u2019 String Festival in Kuressaare, 1st Prize together with K. Roosaar and M. M. Onni, 2022). Roosaar currently plays a violin made in Italy by the luthier Gaspar Borchardt, owned by the Heino Eller Music School.<\/span><\/p>\n<p style=\"text-align: justify;\" data-start=\"5774\" data-end=\"7421\"><span style=\"font-size: 14pt;\"><strong data-start=\"5774\" data-end=\"5797\">HANNA-LISETE SELLIS<\/strong> began her music studies at the age of seven at P\u00f5lva Music School as a violin student under T.-M. Arundi. After one and a half years she changed from violin to viola on her teacher\u2019s recommendation, and the viola has since become her main instrument. After graduating from P\u00f5lva Music School and basic school, she continued her studies at the Heino Eller Music School in the class of K. Eeroja-P\u00f5ldoja and is currently in her second year. Sellis actively participates in competitions, from which she has received several prizes and special awards. She has taken part in the Liivimaa Competition, ESTA Competition, the competition \u201cBest Young Instrumentalist\u201d and the International August Dombrovskis Competition. These competitions have given her valuable stage experience and performance confidence. Sellis is a diploma recipient of the XIV Estonian Young String Players Competition-Festival. In addition to solo performance, she has versatile orchestral experience. Currently her main orchestra is the Heino Eller String Orchestra, where she plays regularly. Previously she has played in the P\u00f5lva Music School String Orchestra and has assisted both the N\u00f5mme Music School Symphony Orchestra and the University of Tartu Symphony Orchestra. She has also participated in many project orchestras in Estonia and abroad, including the KRATT Festival Chamber Orchestra, the ESOL Festival Orchestra and various accompanying orchestras. She has gained international orchestral experience at the German-Scandinavian Music Week and the FesTaRi Festival. Hanna-Lisete Sellis plays a viola made by Alpo Hannikainen.<\/span><\/p>\n<p style=\"text-align: justify;\" data-start=\"7423\" data-end=\"8051\"><span style=\"font-size: 14pt;\"><strong data-start=\"7423\" data-end=\"7437\">EBE M\u00dcNTEL<\/strong> began her music studies at N\u00f5o Children\u2019s Music School under I. Jakapi. She completed the next stage of her studies at the Heino Eller Music School under A. Antzon. She obtained her higher education at the Estonian Academy of Music and Theatre, where her teachers were I. Ilja and T. Joamets. Since 2004 M\u00fcntel has continuously performed in a piano duo with J. Toots. Their ensemble work has been supported by Prof. M. Reimann and the duo has participated in several international competitions. Since the same year Ebe M\u00fcntel has worked at the Heino Eller Music School as an accompanist and teacher.<\/span><\/div><\/div>\n","protected":false},"excerpt":{"rendered":"<p>KAVA Jan Kalliwoda (1801\u20131866)Duo for Violin and Viola, Op. 208 No. 1Allegro risvegliato Henri Vieuxtemps (1820\u20131881)Tarantella, Op. 22 Carl Maria von Weber (1786\u20131826) \/ Jascha Heifetz (1901\u20131987)Rondo Gaspar Cassad\u00f3 (1897\u20131966)Toccata&#8230;<\/p>\n","protected":false},"author":9,"featured_media":0,"parent":0,"menu_order":0,"comment_status":"closed","ping_status":"closed","template":"","meta":{"footnotes":""},"class_list":["post-64146","page","type-page","status-publish","hentry"],"yoast_head":"<!-- This site is optimized with the Yoast SEO plugin v27.1.1 - https:\/\/yoast.com\/product\/yoast-seo-wordpress\/ -->\n<title>18.02.2026 TTF program - Pille Lill Music Fund<\/title>\n<meta name=\"robots\" content=\"index, follow, max-snippet:-1, max-image-preview:large, max-video-preview:-1\" \/>\n<link rel=\"canonical\" href=\"https:\/\/plmf.ee\/en\/18-02-2026-ttf-program\/\" \/>\n<meta property=\"og:locale\" content=\"en_US\" \/>\n<meta property=\"og:type\" content=\"article\" \/>\n<meta property=\"og:title\" content=\"18.02.2026 TTF program - Pille Lill Music Fund\" \/>\n<meta property=\"og:description\" content=\"KAVA Jan Kalliwoda (1801\u20131866)Duo for Violin and Viola, Op. 208 No. 1Allegro risvegliato Henri Vieuxtemps (1820\u20131881)Tarantella, Op. 22 Carl Maria von Weber (1786\u20131826) \/ Jascha Heifetz (1901\u20131987)Rondo Gaspar Cassad\u00f3 (1897\u20131966)Toccata...\" \/>\n<meta property=\"og:url\" content=\"https:\/\/plmf.ee\/en\/18-02-2026-ttf-program\/\" \/>\n<meta property=\"og:site_name\" content=\"Pille Lill Music Fund\" \/>\n<meta property=\"article:modified_time\" content=\"2026-03-03T17:14:40+00:00\" \/>\n<meta name=\"twitter:card\" content=\"summary_large_image\" \/>\n<meta name=\"twitter:label1\" content=\"Est. reading time\" \/>\n\t<meta name=\"twitter:data1\" content=\"5 minutes\" \/>\n<script type=\"application\/ld+json\" class=\"yoast-schema-graph\">{\"@context\":\"https:\/\/schema.org\",\"@graph\":[{\"@type\":\"WebPage\",\"@id\":\"https:\/\/plmf.ee\/en\/18-02-2026-ttf-program\/\",\"url\":\"https:\/\/plmf.ee\/en\/18-02-2026-ttf-program\/\",\"name\":\"18.02.2026 TTF program - Pille Lill Music Fund\",\"isPartOf\":{\"@id\":\"https:\/\/www.plmf.ee\/#website\"},\"datePublished\":\"2026-03-03T17:06:09+00:00\",\"dateModified\":\"2026-03-03T17:14:40+00:00\",\"breadcrumb\":{\"@id\":\"https:\/\/plmf.ee\/en\/18-02-2026-ttf-program\/#breadcrumb\"},\"inLanguage\":\"en-US\",\"potentialAction\":[{\"@type\":\"ReadAction\",\"target\":[\"https:\/\/plmf.ee\/en\/18-02-2026-ttf-program\/\"]}]},{\"@type\":\"BreadcrumbList\",\"@id\":\"https:\/\/plmf.ee\/en\/18-02-2026-ttf-program\/#breadcrumb\",\"itemListElement\":[{\"@type\":\"ListItem\",\"position\":1,\"name\":\"Home\",\"item\":\"https:\/\/plmf.ee\/en\/\"},{\"@type\":\"ListItem\",\"position\":2,\"name\":\"18.02.2026 TTF program\"}]},{\"@type\":\"WebSite\",\"@id\":\"https:\/\/www.plmf.ee\/#website\",\"url\":\"https:\/\/www.plmf.ee\/\",\"name\":\"Pille Lill Music Fund\",\"description\":\"Planet Of Talent\",\"potentialAction\":[{\"@type\":\"SearchAction\",\"target\":{\"@type\":\"EntryPoint\",\"urlTemplate\":\"https:\/\/www.plmf.ee\/?s={search_term_string}\"},\"query-input\":{\"@type\":\"PropertyValueSpecification\",\"valueRequired\":true,\"valueName\":\"search_term_string\"}}],\"inLanguage\":\"en-US\"}]}<\/script>\n<!-- \/ Yoast SEO plugin. -->","yoast_head_json":{"title":"18.02.2026 TTF program - Pille Lill Music Fund","robots":{"index":"index","follow":"follow","max-snippet":"max-snippet:-1","max-image-preview":"max-image-preview:large","max-video-preview":"max-video-preview:-1"},"canonical":"https:\/\/plmf.ee\/en\/18-02-2026-ttf-program\/","og_locale":"en_US","og_type":"article","og_title":"18.02.2026 TTF program - Pille Lill Music Fund","og_description":"KAVA Jan Kalliwoda (1801\u20131866)Duo for Violin and Viola, Op. 208 No. 1Allegro risvegliato Henri Vieuxtemps (1820\u20131881)Tarantella, Op. 22 Carl Maria von Weber (1786\u20131826) \/ Jascha Heifetz (1901\u20131987)Rondo Gaspar Cassad\u00f3 (1897\u20131966)Toccata...","og_url":"https:\/\/plmf.ee\/en\/18-02-2026-ttf-program\/","og_site_name":"Pille Lill Music Fund","article_modified_time":"2026-03-03T17:14:40+00:00","twitter_card":"summary_large_image","twitter_misc":{"Est. reading time":"5 minutes"},"schema":{"@context":"https:\/\/schema.org","@graph":[{"@type":"WebPage","@id":"https:\/\/plmf.ee\/en\/18-02-2026-ttf-program\/","url":"https:\/\/plmf.ee\/en\/18-02-2026-ttf-program\/","name":"18.02.2026 TTF program - Pille Lill Music Fund","isPartOf":{"@id":"https:\/\/www.plmf.ee\/#website"},"datePublished":"2026-03-03T17:06:09+00:00","dateModified":"2026-03-03T17:14:40+00:00","breadcrumb":{"@id":"https:\/\/plmf.ee\/en\/18-02-2026-ttf-program\/#breadcrumb"},"inLanguage":"en-US","potentialAction":[{"@type":"ReadAction","target":["https:\/\/plmf.ee\/en\/18-02-2026-ttf-program\/"]}]},{"@type":"BreadcrumbList","@id":"https:\/\/plmf.ee\/en\/18-02-2026-ttf-program\/#breadcrumb","itemListElement":[{"@type":"ListItem","position":1,"name":"Home","item":"https:\/\/plmf.ee\/en\/"},{"@type":"ListItem","position":2,"name":"18.02.2026 TTF program"}]},{"@type":"WebSite","@id":"https:\/\/www.plmf.ee\/#website","url":"https:\/\/www.plmf.ee\/","name":"Pille Lill Music Fund","description":"Planet Of Talent","potentialAction":[{"@type":"SearchAction","target":{"@type":"EntryPoint","urlTemplate":"https:\/\/www.plmf.ee\/?s={search_term_string}"},"query-input":{"@type":"PropertyValueSpecification","valueRequired":true,"valueName":"search_term_string"}}],"inLanguage":"en-US"}]}},"_links":{"self":[{"href":"https:\/\/plmf.ee\/en\/wp-json\/wp\/v2\/pages\/64146","targetHints":{"allow":["GET"]}}],"collection":[{"href":"https:\/\/plmf.ee\/en\/wp-json\/wp\/v2\/pages"}],"about":[{"href":"https:\/\/plmf.ee\/en\/wp-json\/wp\/v2\/types\/page"}],"author":[{"embeddable":true,"href":"https:\/\/plmf.ee\/en\/wp-json\/wp\/v2\/users\/9"}],"replies":[{"embeddable":true,"href":"https:\/\/plmf.ee\/en\/wp-json\/wp\/v2\/comments?post=64146"}],"version-history":[{"count":2,"href":"https:\/\/plmf.ee\/en\/wp-json\/wp\/v2\/pages\/64146\/revisions"}],"predecessor-version":[{"id":64148,"href":"https:\/\/plmf.ee\/en\/wp-json\/wp\/v2\/pages\/64146\/revisions\/64148"}],"wp:attachment":[{"href":"https:\/\/plmf.ee\/en\/wp-json\/wp\/v2\/media?parent=64146"}],"curies":[{"name":"wp","href":"https:\/\/api.w.org\/{rel}","templated":true}]}}