{"id":63919,"date":"2026-02-07T19:34:19","date_gmt":"2026-02-07T17:34:19","guid":{"rendered":"https:\/\/plmf.ee\/?page_id=63919"},"modified":"2026-02-07T19:37:02","modified_gmt":"2026-02-07T17:37:02","slug":"10-02-2026-ttf-programme","status":"publish","type":"page","link":"https:\/\/plmf.ee\/en\/10-02-2026-ttf-programme\/","title":{"rendered":"10.02.2026 TTF programme"},"content":{"rendered":"<div class=\"row \"><div class=\"wpv-grid grid-1-1  wpv-first-level first unextended\" style=\"padding-top:0px;padding-bottom:0px\" id=\"wpv-column-178bf798d36fbb7608007077192c5f93\" ><p style=\"text-align: center;\" data-start=\"136\" data-end=\"142\"><strong><span style=\"font-size: 14pt;\">PROGRAMME<\/span><\/strong><\/p>\n<p style=\"text-align: center;\" data-start=\"144\" data-end=\"180\"><span style=\"font-size: 14pt;\"><strong>Agust\u00edn Lara<\/strong> (1897\u20131970)<\/span><br data-start=\"168\" data-end=\"171\" \/><span style=\"font-size: 14pt;\">Granada<\/span><\/p>\n<p style=\"text-align: center;\" data-start=\"182\" data-end=\"246\"><span style=\"font-size: 14pt;\"><strong>Andr\u00e9 Waignein<\/strong> (1942\u20132015)<\/span><br data-start=\"208\" data-end=\"211\" \/><span style=\"font-size: 14pt;\">Little Rhapsody<\/span><\/p>\n<p style=\"text-align: center;\" data-start=\"248\" data-end=\"376\"><span style=\"font-size: 14pt;\"><strong>Jean-Baptiste Arban<\/strong> (1825\u20131889)<\/span><br data-start=\"279\" data-end=\"282\" \/><span style=\"font-size: 14pt;\">Fantaisie and Variations \u2013 on a theme from Bellini\u2019s opera Norma<\/span><\/p>\n<p style=\"text-align: center;\" data-start=\"378\" data-end=\"426\"><span style=\"font-size: 14pt;\"><strong>Jaan S\u00f6\u00f6t<\/strong> (1964*)<\/span><br data-start=\"395\" data-end=\"398\" \/><span style=\"font-size: 14pt;\">Vala veini \/ Pour the Wine<\/span><\/p>\n<p style=\"text-align: center;\" data-start=\"428\" data-end=\"497\"><span style=\"font-size: 14pt;\"><strong>Jacques Rueff<\/strong> (1896\u20131978)<\/span><br data-start=\"453\" data-end=\"456\" \/><span style=\"font-size: 14pt;\">Fantaisie Concertante \/ Concert Fantasy<\/span><\/p>\n<p style=\"text-align: center;\" data-start=\"499\" data-end=\"603\"><span style=\"font-size: 14pt;\"><strong>Mitch Leigh<\/strong> (1928\u20132014)<\/span><br data-start=\"522\" data-end=\"525\" \/><span style=\"font-size: 14pt;\">The Impossible Dream \u2013 from the musical Man of La Mancha<\/span><\/p>\n<p style=\"text-align: center;\" data-start=\"605\" data-end=\"653\"><span style=\"font-size: 14pt;\"><strong>Herbert L. Clarke<\/strong> (1867\u20131945)<\/span><br data-start=\"634\" data-end=\"637\" \/><span style=\"font-size: 14pt;\">Victory<\/span><\/p>\n<p style=\"text-align: center;\" data-start=\"655\" data-end=\"731\"><span style=\"font-size: 14pt;\"><strong>Jose Rafael Pascual<\/strong>-Vilaplana (1971*)<\/span><br data-start=\"692\" data-end=\"695\" \/><span style=\"font-size: 14pt;\">Les Noches de Manya \/ Manya Nights<\/span><\/p>\n<p style=\"text-align: center;\" data-start=\"733\" data-end=\"809\"><span style=\"font-size: 14pt;\"><strong>Pietro Baldassare<\/strong> (1683\u20131768)<\/span><br data-start=\"762\" data-end=\"765\" \/><span style=\"font-size: 14pt;\">Sonata in B major<\/span><br data-start=\"782\" data-end=\"785\" \/><span style=\"font-size: 14pt;\">II Grave<\/span><br data-start=\"793\" data-end=\"796\" \/><span style=\"font-size: 14pt;\">III Allegro<\/span><\/p>\n<p style=\"text-align: center;\" data-start=\"811\" data-end=\"871\"><span style=\"font-size: 14pt;\"><strong>Edward Elgar<\/strong> (1857\u20131934)<\/span><br data-start=\"835\" data-end=\"838\" \/><span style=\"font-size: 14pt;\">Salut d\u00b4Amour \/ Love\u2019s Greeting<\/span><\/p>\n<p style=\"text-align: center;\" data-start=\"873\" data-end=\"949\"><span style=\"font-size: 14pt;\"><strong>Georg Friedrich H\u00e4ndel<\/strong> (1685\u20131759)<\/span><br data-start=\"907\" data-end=\"910\" \/><span style=\"font-size: 14pt;\">Where\u2019er You Walk<\/span><\/p>\n<p style=\"text-align: center;\" data-start=\"951\" data-end=\"1038\"><span style=\"font-size: 14pt;\"><strong>Johann Sebastian Bach<\/strong> (1685\u20131750)<\/span><br data-start=\"984\" data-end=\"987\" \/><span style=\"font-size: 14pt;\">Jesus bleibet meine Freude \/ Jesus Remains My Joy<\/span><\/p>\n<p style=\"text-align: center;\" data-start=\"1040\" data-end=\"1080\"><span style=\"font-size: 14pt;\"><strong>Traditionals<\/strong> \/ arr. <strong>Bert Lochs<\/strong> (1966*)<br \/>\n<\/span><span style=\"font-size: 14pt;\">Swing Low Sweet Chariot<br \/>\n<\/span><span style=\"font-size: 14pt;\">O\u00b4 When The Saints<\/span><\/p>\n<p style=\"text-align: justify;\" data-start=\"1185\" data-end=\"3861\"><span style=\"font-size: 14pt;\">NEEME OTS is Estonia\u2019s leading trumpet soloist, who began his trumpet studies at Tallinn Music High School under his father, A. Ots. He continued his studies at the Sibelius Academy, earning both a bachelor\u2019s and master\u2019s degree under P. Kulku, T. Lundell, and S. Rantanen (2007). During his studies, he furthered his training through the Erasmus program at the Royal Conservatory in Madrid in Professor Enrique Rioja\u2019s trumpet class (2012\u20132013). Ots has won prizes at numerous national and international competitions and participated in masterclasses with M. Andr\u00e9, A. D. Illada, E. Chulia, J. Bol\u0161ijanovi, R. Friedrich, J. Gansch, and G. Cassone. As a chamber musician, Ots has collaborated with pianists I. Zahharenkova, R. Taal, J. Kapp, and M. Martin, and singers K. P\u00e4rtna, P. Lille, R. Nahapetjan, M. Palm, M. Voites, and A. Teemets. Since 2006, he has had a close collaboration with organist T. Tenno, and in 2015 they released the album Baroque Pictures. Ots has appeared as a soloist with the chamber orchestra Kremerata Baltica, performing Shostakovich Piano Concerto No. 1 with Y. Avdeev (2016). He has also soloed with the Polish Chamber Philharmonic, Tallinn Chamber Orchestra, Narva City Orchestra, and several Estonian wind orchestras. Ots worked as a solo trumpeter with the Madrid Philharmonic Symphony Orchestra (2012\u20132014), and this collaboration has continued on a project basis to the present. He has also performed with the Spanish National Symphony Orchestra, Lapland Chamber Orchestra, European Royal Ensemble, and RO Estonia. Ots has served as principal trumpet in numerous prestigious youth orchestras, including the World Youth Wind Orchestra, German-Scandinavian Symphony Orchestra, Baltic Youth Symphony Orchestra, and Sibelius Academy Symphony Orchestra. With these orchestras, he has performed in venues such as Emirates Palace Abu Dhabi, Finlandia Hall Helsinki, Musiikkitalo, and the Berlin Philharmonie. In 2023, the album Kiirteel by H. Rebane was released, featuring Ots, accordionist H. Rebane, and organist T. Tenno. Ots is artistic director of several festivals and courses: Aavo Otsa Trumpet Summer Academy in Suure-Jaani, the International Festival and Competition Trumpet Talents Tallinn, International V\u00f5ru Brass Days, Tallinn Wind Festival, and Neeme Ots Trumpet Summer Academy in Hiiumaa. He currently teaches trumpet (EQF Level 7, senior teacher) at MUBA, Viimsi Music School, and Tallinn Music School. He also leads the Estonian Youth Brass, MUBA Brass, and Estonian Youth Concert Orchestra. Ots received the Estonian Choral Association\u2019s Organizer of the Year award (2024) and is a PLMF Foundation scholarship holder.<\/span><\/p>\n<p style=\"text-align: justify;\" data-start=\"3863\" data-end=\"5490\"><span style=\"font-size: 14pt;\">TIIA TENNO is one of Estonia\u2019s most distinguished organists, both as a soloist and ensemble partner. She graduated from Tartu Heino Eller Music School in piano (teacher A. Antson) and from EMTA (prof. H. Lepnurm, I. Maidre, A. Uibo) as well as Herford Higher Church Music School in organ (Germany). She has also furthered her studies at the Hamburg Higher Music School (prof. W. Zerer) and participated in masterclasses with renowned organists (B. Haas, W. Zerer, J. Laukvik, A. Marconi, P. van Dijk, E. Kooiman). Since 1996, Tenno has worked at Tallinn St. John\u2019s Church as organist and choir director and is a founder and board member of the St. John\u2019s Church Organ Fund. She has also worked as organist-choirmaster at Schnathorst Church in Germany and Lunde Church in Norway, and was head of the Church Music Department at the Estonian Institute of Theology (2004\u20132007). Tenno has collaborated with many outstanding performers (P. Lill, O. Sinkova, N. Ots, T. Vavilov, A. Teemets, and others) and performed numerous solo concerts in Germany, Finland, Sweden, Norway, and Estonia. She has appeared repeatedly at the Tallinn International Organ Festival, Tallinn Chamber Music Festival, Rapla Church Music Festival, and others. As a soloist, she has collaborated with the Estonian-Finnish Baroque Orchestra and Tallinn Chamber Orchestra. Her performances have been recorded extensively by ERR and on several compilation albums: Estonian Historic Organs (ERES, 2000); Baroque Pictures with trumpeter N. Ots (2015). Tenno has been a member of EO\u00dc since 1999 and EIL since 2014. She is a PLMF Foundation scholarship holder.<\/span><\/p>\n<p style=\"text-align: justify;\" data-start=\"5492\" data-end=\"6159\"><span style=\"font-size: 14pt;\">MEELI OTS studied at Tallinn Music High School under R. Taras and at Tallinn Conservatory under L. Mets in piano. She briefly studied organ with H. Lepnurm. She currently works as a concertmaster at MUBA and EMTA. She has performed with many internationally recognized soloists such as P. Sheridan, J. Gansch, K. Groth, and J. Harjanne. Long-term collaborators include N. Birk, A. Kontus, I. Kiiv, J. Leiten, K. Kuljus, I. Tillemann, E. M\u00f6ller, and M. Kuuskmann. Ots has been recognized as the best concertmaster at several national and international competitions. At the Concertino Praga radio competition, Meeli Ots received the special diploma for concertmaster.<\/span><\/p>\n<p style=\"text-align: justify;\" data-start=\"6161\" data-end=\"6877\"><span style=\"font-size: 14pt;\">PIRET RANDAL graduated as a pianist from Tallinn Music High School (teachers \u00dc. Sisa, prof. B. Lukk) and EMTA (prof. B. Lukk, prof. A. Juozap\u0117nait\u0117). She has performed as a soloist with orchestras and given solo and chamber concerts in Finland, Latvia, France, and other countries. Randal has been concertmaster for RO Estonia soloists V. T\u0101luma, U. Tauts, K. Parmas, and P. Lille\u2019s opera studios. Since 2012, she has worked as concertmaster at Tallinn Music School. She has performed with Estonian youth musicians at international competitions and in Finland, \u00c5land, Italy, France, Lithuania, Latvia, Russia, and other countries. Randal currently collaborates with soloists from the UK opera company Opera Mint.<\/span><\/div><\/div>\n","protected":false},"excerpt":{"rendered":"<p>PROGRAMME Agust\u00edn Lara (1897\u20131970)Granada Andr\u00e9 Waignein (1942\u20132015)Little Rhapsody Jean-Baptiste Arban (1825\u20131889)Fantaisie and Variations \u2013 on a theme from Bellini\u2019s opera Norma Jaan S\u00f6\u00f6t (1964*)Vala veini \/ Pour the Wine Jacques&#8230;<\/p>\n","protected":false},"author":9,"featured_media":0,"parent":0,"menu_order":0,"comment_status":"closed","ping_status":"closed","template":"","meta":{"footnotes":""},"class_list":["post-63919","page","type-page","status-publish","hentry"],"yoast_head":"<!-- This site is optimized with the Yoast SEO plugin v27.1.1 - https:\/\/yoast.com\/product\/yoast-seo-wordpress\/ -->\n<title>10.02.2026 TTF programme - Pille Lill Music Fund<\/title>\n<meta name=\"robots\" content=\"index, follow, max-snippet:-1, max-image-preview:large, max-video-preview:-1\" \/>\n<link rel=\"canonical\" href=\"https:\/\/plmf.ee\/10-02-2026-ttf-kava\/\" \/>\n<meta property=\"og:locale\" content=\"en_US\" \/>\n<meta property=\"og:type\" content=\"article\" \/>\n<meta property=\"og:title\" content=\"10.02.2026 TTF programme - Pille Lill Music Fund\" \/>\n<meta property=\"og:description\" content=\"PROGRAMME Agust\u00edn Lara (1897\u20131970)Granada Andr\u00e9 Waignein (1942\u20132015)Little Rhapsody Jean-Baptiste Arban (1825\u20131889)Fantaisie and Variations \u2013 on a theme from Bellini\u2019s opera Norma Jaan S\u00f6\u00f6t (1964*)Vala veini \/ Pour the Wine Jacques...\" \/>\n<meta property=\"og:url\" content=\"https:\/\/plmf.ee\/10-02-2026-ttf-kava\/\" \/>\n<meta property=\"og:site_name\" content=\"Pille Lill Music Fund\" \/>\n<meta property=\"article:modified_time\" content=\"2026-02-07T17:37:02+00:00\" \/>\n<meta name=\"twitter:card\" content=\"summary_large_image\" \/>\n<meta name=\"twitter:label1\" content=\"Est. reading time\" \/>\n\t<meta name=\"twitter:data1\" content=\"6 minutes\" \/>\n<script type=\"application\/ld+json\" class=\"yoast-schema-graph\">{\"@context\":\"https:\/\/schema.org\",\"@graph\":[{\"@type\":\"WebPage\",\"@id\":\"https:\/\/plmf.ee\/10-02-2026-ttf-kava\/\",\"url\":\"https:\/\/plmf.ee\/10-02-2026-ttf-kava\/\",\"name\":\"10.02.2026 TTF programme - Pille Lill Music Fund\",\"isPartOf\":{\"@id\":\"https:\/\/www.plmf.ee\/#website\"},\"datePublished\":\"2026-02-07T17:34:19+00:00\",\"dateModified\":\"2026-02-07T17:37:02+00:00\",\"breadcrumb\":{\"@id\":\"https:\/\/plmf.ee\/10-02-2026-ttf-kava\/#breadcrumb\"},\"inLanguage\":\"en-US\",\"potentialAction\":[{\"@type\":\"ReadAction\",\"target\":[\"https:\/\/plmf.ee\/10-02-2026-ttf-kava\/\"]}]},{\"@type\":\"BreadcrumbList\",\"@id\":\"https:\/\/plmf.ee\/10-02-2026-ttf-kava\/#breadcrumb\",\"itemListElement\":[{\"@type\":\"ListItem\",\"position\":1,\"name\":\"Home\",\"item\":\"https:\/\/plmf.ee\/en\/\"},{\"@type\":\"ListItem\",\"position\":2,\"name\":\"10.02.2026 TTF programme\"}]},{\"@type\":\"WebSite\",\"@id\":\"https:\/\/www.plmf.ee\/#website\",\"url\":\"https:\/\/www.plmf.ee\/\",\"name\":\"Pille Lill Music Fund\",\"description\":\"Planet Of Talent\",\"potentialAction\":[{\"@type\":\"SearchAction\",\"target\":{\"@type\":\"EntryPoint\",\"urlTemplate\":\"https:\/\/www.plmf.ee\/?s={search_term_string}\"},\"query-input\":{\"@type\":\"PropertyValueSpecification\",\"valueRequired\":true,\"valueName\":\"search_term_string\"}}],\"inLanguage\":\"en-US\"}]}<\/script>\n<!-- \/ Yoast SEO plugin. -->","yoast_head_json":{"title":"10.02.2026 TTF programme - Pille Lill Music Fund","robots":{"index":"index","follow":"follow","max-snippet":"max-snippet:-1","max-image-preview":"max-image-preview:large","max-video-preview":"max-video-preview:-1"},"canonical":"https:\/\/plmf.ee\/10-02-2026-ttf-kava\/","og_locale":"en_US","og_type":"article","og_title":"10.02.2026 TTF programme - Pille Lill Music Fund","og_description":"PROGRAMME Agust\u00edn Lara (1897\u20131970)Granada Andr\u00e9 Waignein (1942\u20132015)Little Rhapsody Jean-Baptiste Arban (1825\u20131889)Fantaisie and Variations \u2013 on a theme from Bellini\u2019s opera Norma Jaan S\u00f6\u00f6t (1964*)Vala veini \/ Pour the Wine Jacques...","og_url":"https:\/\/plmf.ee\/10-02-2026-ttf-kava\/","og_site_name":"Pille Lill Music Fund","article_modified_time":"2026-02-07T17:37:02+00:00","twitter_card":"summary_large_image","twitter_misc":{"Est. reading time":"6 minutes"},"schema":{"@context":"https:\/\/schema.org","@graph":[{"@type":"WebPage","@id":"https:\/\/plmf.ee\/10-02-2026-ttf-kava\/","url":"https:\/\/plmf.ee\/10-02-2026-ttf-kava\/","name":"10.02.2026 TTF programme - Pille Lill Music Fund","isPartOf":{"@id":"https:\/\/www.plmf.ee\/#website"},"datePublished":"2026-02-07T17:34:19+00:00","dateModified":"2026-02-07T17:37:02+00:00","breadcrumb":{"@id":"https:\/\/plmf.ee\/10-02-2026-ttf-kava\/#breadcrumb"},"inLanguage":"en-US","potentialAction":[{"@type":"ReadAction","target":["https:\/\/plmf.ee\/10-02-2026-ttf-kava\/"]}]},{"@type":"BreadcrumbList","@id":"https:\/\/plmf.ee\/10-02-2026-ttf-kava\/#breadcrumb","itemListElement":[{"@type":"ListItem","position":1,"name":"Home","item":"https:\/\/plmf.ee\/en\/"},{"@type":"ListItem","position":2,"name":"10.02.2026 TTF programme"}]},{"@type":"WebSite","@id":"https:\/\/www.plmf.ee\/#website","url":"https:\/\/www.plmf.ee\/","name":"Pille Lill Music Fund","description":"Planet Of Talent","potentialAction":[{"@type":"SearchAction","target":{"@type":"EntryPoint","urlTemplate":"https:\/\/www.plmf.ee\/?s={search_term_string}"},"query-input":{"@type":"PropertyValueSpecification","valueRequired":true,"valueName":"search_term_string"}}],"inLanguage":"en-US"}]}},"_links":{"self":[{"href":"https:\/\/plmf.ee\/en\/wp-json\/wp\/v2\/pages\/63919","targetHints":{"allow":["GET"]}}],"collection":[{"href":"https:\/\/plmf.ee\/en\/wp-json\/wp\/v2\/pages"}],"about":[{"href":"https:\/\/plmf.ee\/en\/wp-json\/wp\/v2\/types\/page"}],"author":[{"embeddable":true,"href":"https:\/\/plmf.ee\/en\/wp-json\/wp\/v2\/users\/9"}],"replies":[{"embeddable":true,"href":"https:\/\/plmf.ee\/en\/wp-json\/wp\/v2\/comments?post=63919"}],"version-history":[{"count":2,"href":"https:\/\/plmf.ee\/en\/wp-json\/wp\/v2\/pages\/63919\/revisions"}],"predecessor-version":[{"id":63923,"href":"https:\/\/plmf.ee\/en\/wp-json\/wp\/v2\/pages\/63919\/revisions\/63923"}],"wp:attachment":[{"href":"https:\/\/plmf.ee\/en\/wp-json\/wp\/v2\/media?parent=63919"}],"curies":[{"name":"wp","href":"https:\/\/api.w.org\/{rel}","templated":true}]}}