{"id":63916,"date":"2026-02-07T18:44:58","date_gmt":"2026-02-07T16:44:58","guid":{"rendered":"https:\/\/plmf.ee\/14-02-2026-ttf-kava\/"},"modified":"2026-02-07T19:48:10","modified_gmt":"2026-02-07T17:48:10","slug":"14-02-2026-ttf-programme","status":"publish","type":"page","link":"https:\/\/plmf.ee\/en\/14-02-2026-ttf-programme\/","title":{"rendered":"14.02.2026 TTF programme"},"content":{"rendered":"<div class=\"row \"><div class=\"wpv-grid grid-1-1  wpv-first-level first unextended\" style=\"padding-top:0px;padding-bottom:0px\" id=\"wpv-column-1fc0c9d136274355a536c84ad11ac408\" ><p style=\"text-align: center;\" data-start=\"173\" data-end=\"179\"><strong><span style=\"font-size: 14pt;\">PROGRAMME<\/span><\/strong><\/p>\n<p style=\"text-align: center;\" data-start=\"181\" data-end=\"233\"><span style=\"font-size: 14pt;\"><strong>Robert Schumann<\/strong> (1810\u20131856)<\/span><br data-start=\"208\" data-end=\"211\" \/><span style=\"font-size: 14pt;\">Widmung \/ Dedication<\/span><\/p>\n<p style=\"text-align: center;\" data-start=\"235\" data-end=\"286\"><span style=\"font-size: 14pt;\"><strong>Hugo Wolf<\/strong> (1860\u20131903)<\/span><br data-start=\"256\" data-end=\"259\" \/><span style=\"font-size: 14pt;\">Verborgenheit \/ Seclusion<\/span><\/p>\n<p style=\"text-align: center;\" data-start=\"288\" data-end=\"378\"><span style=\"font-size: 14pt;\"><strong>Richard Strauss<\/strong> (1864\u20131949)<\/span><br data-start=\"315\" data-end=\"318\" \/><span style=\"font-size: 14pt;\">Du meines Herzens Kr\u00f6nelein \/ You, My Heart\u2019s Little Crown<\/span><\/p>\n<p style=\"text-align: center;\" data-start=\"380\" data-end=\"487\"><span style=\"font-size: 14pt;\"><strong>Jean Sibelius<\/strong> (1865\u20131957)<\/span><br data-start=\"405\" data-end=\"408\" \/><span style=\"font-size: 14pt;\">Svarta rosor \/ Black Roses<\/span><br data-start=\"434\" data-end=\"437\" \/><span style=\"font-size: 14pt;\">Demanten pa marssn\u00f6n \/ Diamond on the March Snow<\/span><\/p>\n<p style=\"text-align: center;\" data-start=\"489\" data-end=\"602\"><span style=\"font-size: 14pt;\"><strong>Anton\u00edn Dvo\u0159\u00e1k<\/strong> (1841\u20131904)<\/span><br data-start=\"515\" data-end=\"518\" \/><span style=\"font-size: 14pt;\">Rusalka aaria M\u011bs\u00ed\u010dku na nebi hlubok\u00e9m \/ Song to the Moon \u2013 from the opera Rusalka<\/span><\/p>\n<p style=\"text-align: center;\" data-start=\"604\" data-end=\"707\"><span style=\"font-size: 14pt;\"><strong>Claude Debussy<\/strong> (1862\u20131918)<\/span><br data-start=\"630\" data-end=\"633\" \/><span style=\"font-size: 14pt;\">Pour le piano \/ For Piano, L 95<\/span><br data-start=\"664\" data-end=\"667\" \/><span style=\"font-size: 14pt;\">I Pr\u00e9lude<\/span><br data-start=\"676\" data-end=\"679\" \/><span style=\"font-size: 14pt;\">II Sarabande<\/span><br data-start=\"691\" data-end=\"694\" \/><span style=\"font-size: 14pt;\">III Toccata<\/span><\/p>\n<p style=\"text-align: center;\" data-start=\"709\" data-end=\"766\"><span style=\"font-size: 14pt;\"><strong>Gabriel Faur\u00e9<\/strong> (1845\u20131924)<\/span><br data-start=\"734\" data-end=\"737\" \/><span style=\"font-size: 14pt;\">Chanson d\u00b4amour \/ Love Song<\/span><\/p>\n<p style=\"text-align: center;\" data-start=\"768\" data-end=\"889\"><span style=\"font-size: 14pt;\"><strong>Jules Massenet<\/strong> (1842\u20131912)<\/span><br data-start=\"794\" data-end=\"797\" \/><span style=\"font-size: 14pt;\">Salome aaria Il est doux, il est bon \/ He is Gentle, He is Good \u2013 from the opera H\u00e9rodiade<\/span><\/p>\n<p style=\"text-align: center;\" data-start=\"891\" data-end=\"945\"><span style=\"font-size: 14pt;\"><strong>Juhan Aavik<\/strong> (1884\u20131982)<\/span><br data-start=\"914\" data-end=\"917\" \/><span style=\"font-size: 14pt;\">Kojuigatsus \/ Homesickness<\/span><\/p>\n<p style=\"text-align: center;\" data-start=\"947\" data-end=\"1008\"><span style=\"font-size: 14pt;\"><strong>Mart Saar<\/strong> (1882\u20131963)<\/span><br data-start=\"968\" data-end=\"971\" \/><span style=\"font-size: 14pt;\">Latvade k\u00f5ne \/ Speech of the Leaves<\/span><\/p>\n<p style=\"text-align: center;\" data-start=\"1010\" data-end=\"1072\"><span style=\"font-size: 14pt;\"><strong>Paul Tammeveski<\/strong> (1898\u20131982)<\/span><br data-start=\"1037\" data-end=\"1040\" \/><span style=\"font-size: 14pt;\">\u00dcksainus \u00f5is \/ A Single Flower<\/span><\/p>\n<p style=\"text-align: center;\" data-start=\"1074\" data-end=\"1143\"><span style=\"font-size: 14pt;\"><strong>Ester M\u00e4gi<\/strong> (1922\u20132021)<\/span><br data-start=\"1096\" data-end=\"1099\" \/><span style=\"font-size: 14pt;\">Kuis v\u00f5iksin magada? \/ When Could I Sleep?<\/span><\/p>\n<p style=\"text-align: center;\" data-start=\"1145\" data-end=\"1189\"><span style=\"font-size: 14pt;\"><strong>Evald Vain<\/strong> (1915\u20131970)<\/span><br data-start=\"1167\" data-end=\"1170\" \/><span style=\"font-size: 14pt;\">Ei kunagi \/ Never<\/span><\/p>\n<p style=\"text-align: center;\" data-start=\"1191\" data-end=\"1253\"><span style=\"font-size: 14pt;\"><strong>Valter Ojak\u00e4\u00e4r<\/strong> (1923\u20132016)<\/span><br data-start=\"1217\" data-end=\"1220\" \/><span style=\"font-size: 14pt;\">Olematu laul \/ Nonexistent Song<\/span><\/p>\n<p style=\"text-align: center;\" data-start=\"1255\" data-end=\"1297\"><strong><span style=\"font-size: 14pt;\">Richard Strauss<\/span><\/strong><br data-start=\"1270\" data-end=\"1273\" \/><span style=\"font-size: 14pt;\">Zueignung \/ Dedication<\/span><\/p>\n<p style=\"text-align: justify;\" data-start=\"1299\" data-end=\"3237\"><span style=\"font-size: 14pt;\">KRISTINA V\u00c4HI has been recognized both as an opera, operetta, and musical soloist. She graduated from the Georg Ots Tallinn Music School (teacher M. J\u00f5geva) and the Estonian Academy of Music and Theatre (EMTA), earning both a bachelor\u2019s and a master\u2019s degree in opera singing (teachers R. Airenne, prof. T. Novit\u0161enko). V\u00e4hi furthered her studies at the Royal Conservatory in The Hague and participated in numerous masterclasses (E. M\u00e4rtson, G. Kahry, C. Deutekom, R. Piernay, I. Kremling, J. Beckman, M. Pelo, M. Hauswalter). V\u00e4hi won first prize at the Klaudia Taev International Competition for Young Singers (1996). From 2006 to 2013, V\u00e4hi worked as a soloist at RO Estonia. She has also performed at Vanemuine Theatre and EMTA Opera Studio productions, at Kuressaare Opera Days, and has been invited to perform at various festivals and musicals organized by Smithbridge Productions and Vanemuine Theatre. Since 1997, she has been a soloist with the creative ensemble Operetta Scretta. Her roles include: Adina (Donizetti \u201cL\u2019elisir d\u2019amore\u201d), Baroness (Lortzing \u201cDer Wildsch\u00fctz\u201d), \u00c4nnchen (Weber \u201cDer Freisch\u00fctz\u201d), Oscar (Verdi \u201cUn ballo in maschera\u201d), Mozart roles Zerlina, First Lady, and Despina (\u201cDon Giovanni,\u201d \u201cThe Magic Flute,\u201d \u201cCos\u00ec fan tutte\u201d); Lucy, Monica, and Miss Pinkerton (Menotti: \u201cThe Telephone,\u201d \u201cThe Medium,\u201d \u201cThe Old Maid and the Thief\u201d); Fanny and Clorinda (Rossini: \u201cLa cambiale di matrimonio,\u201d \u201cCinderella\u201d); Nedda (Leoncavallo \u201cPagliacci\u201d), Ninetta (Prokofiev \u201cThe Love for Three Oranges\u201d), Luise (Aints \u201cRehepapp\u201d), Adele and Gagliari (Strauss \u201cDie Fledermaus,\u201d \u201cVienna Blood\u201d), Lisa and Stasi (K\u00e1lm\u00e1n \u201cCountess Mariza,\u201d \u201cSilva\u201d), Damon (Handel \u201cAcis and Galatea\u201d), Maria (Leigh \u201cMan of La Mancha\u201d), Soulgirl and Carlotta (Webber \u201cJesus Christ Superstar,\u201d \u201cThe Phantom of the Opera\u201d), among others. Currently, V\u00e4hi works as a freelance opera soloist. Kristina V\u00e4hi is a PLMF Foundation scholarship holder.<\/span><\/p>\n<p style=\"text-align: justify;\" data-start=\"3239\" data-end=\"5248\"><span style=\"font-size: 14pt;\">DIANA LIIV is an active pianist and chamber musician, as well as the artistic director of the concert agency Kammermuusikud. She graduated from Tallinn Music High School and EMTA in P. Lassmann\u2019s piano class (Master\u2019s degree in solo performance, 2011; Master\u2019s cum laude in chamber music under M. Lohuaru, 2012). She furthered her studies with V. Rosenbaum at Longy School of Music in Boston (1995\u20131997) and at the Sibelius Academy in Helsinki under H.-Y. Tawaststjerna (2007\u20132008). In addition, she studied at the St. Cecilia International School for Pianists in Bergamo under K. Bogino (2009\u20132013). Liiv has won awards including Best Ensemble at the Kuhmo Chamber Music Festival in Finland for a Schumann piano quintet (2009), a diploma at one of the most prestigious international piano competitions, \u201cPiano Competition Rome\u201d (2010), and double laureate titles in both soloist and chamber music categories at the \u201cMusic Without Limits\u201d International Competition in Druskininkai, Lithuania, where she performed with violinist Kristina Kriid (2010). Liiv has performed at major festivals and concert series in Lithuania, Sweden, USA, Finland, Netherlands, Russia, Italy, and France. As an orchestral soloist, she has performed with the Longy, Kaunas, Lexington, and TMKK Symphony Orchestras, as well as with the Tartu and Tallinn Chamber Orchestras. A special place in her repertoire is given to works by Estonian composers. She has premiered works by M.-M. Lille, T. Steiner, G. Grigorjeva, M. Maltis, M. Tally, J. Reinvere, and others. In addition to the above-mentioned composers, she has collaborated with H. Tulve, A. P\u00e4rt, and K. Saariaho. Liiv has made many concert and archive recordings for Estonian Radio\u2019s Klassikaraadio. She has authored and published two music-pedagogical children\u2019s books with CDs \u2013 \u201cNeli heldet haldjat\u201d (2005) and \u201cV\u00f5luvitsa v\u00e4gi\u201d (2007). In 2014, a double CD \u201cHeli ja keel \u2013 Variatio Delectat\u201d featuring Estonian chamber music performed by Diana Liiv was released.<\/span><\/p>\n<p style=\"text-align: justify;\" data-start=\"5250\" data-end=\"6163\"><span style=\"font-size: 14pt;\">MARII HELEEN MATESEN studies in the 11th grade at MUBA. She began her piano studies at age six and a year later joined Tallinn Music High School in P. Habak\u2019s piano class. From 2023\u20132025, Matesen also studied under Prof. P. Lassmann. Matesen has won several competitions in Estonia and abroad: 2026 GRAND PRIX, Inter-School Piano Students Competition, MUBA; 2025 2nd Prize, 1st International Ilze Graubina Piano Competition (Group B) and a special prize for Best Bach Performance; 2024 1st Prize, Inter-School Young Pianists Competition, Heino Eller Music School; 2024 3rd Prize, Scottish Youth Piano Competition; 2024 1st Prize, Inter-School Young Pianists Competition, MUBA; 2023 Tallinna Talent one-time scholarship, among others. Marii Heleen Matesen has participated in masterclasses with D. Joffe, L. Debargue, A. Shorri, S. Ger\u017eelj-Donaldson, N. Ashton, H.-Y. Liu-Tawaststjerna, and others.<\/span><\/div><\/div>\n","protected":false},"excerpt":{"rendered":"<p>PROGRAMME Robert Schumann (1810\u20131856)Widmung \/ Dedication Hugo Wolf (1860\u20131903)Verborgenheit \/ Seclusion Richard Strauss (1864\u20131949)Du meines Herzens Kr\u00f6nelein \/ You, My Heart\u2019s Little Crown Jean Sibelius (1865\u20131957)Svarta rosor \/ Black RosesDemanten&#8230;<\/p>\n","protected":false},"author":9,"featured_media":0,"parent":0,"menu_order":0,"comment_status":"closed","ping_status":"closed","template":"","meta":{"footnotes":""},"class_list":["post-63916","page","type-page","status-publish","hentry"],"yoast_head":"<!-- This site is optimized with the Yoast SEO plugin v27.1.1 - https:\/\/yoast.com\/product\/yoast-seo-wordpress\/ -->\n<title>14.02.2026 TTF programme - Pille Lill Music Fund<\/title>\n<meta name=\"robots\" content=\"index, follow, max-snippet:-1, max-image-preview:large, max-video-preview:-1\" \/>\n<link rel=\"canonical\" href=\"https:\/\/plmf.ee\/14-02-2026-ttf-kava\/\" \/>\n<meta property=\"og:locale\" content=\"en_US\" \/>\n<meta property=\"og:type\" content=\"article\" \/>\n<meta property=\"og:title\" content=\"14.02.2026 TTF programme - Pille Lill Music Fund\" \/>\n<meta property=\"og:description\" content=\"PROGRAMME Robert Schumann (1810\u20131856)Widmung \/ Dedication Hugo Wolf (1860\u20131903)Verborgenheit \/ Seclusion Richard Strauss (1864\u20131949)Du meines Herzens Kr\u00f6nelein \/ You, My Heart\u2019s Little Crown Jean Sibelius (1865\u20131957)Svarta rosor \/ Black RosesDemanten...\" \/>\n<meta property=\"og:url\" content=\"https:\/\/plmf.ee\/14-02-2026-ttf-kava\/\" \/>\n<meta property=\"og:site_name\" content=\"Pille Lill Music Fund\" \/>\n<meta property=\"article:modified_time\" content=\"2026-02-07T17:48:10+00:00\" \/>\n<meta name=\"twitter:card\" content=\"summary_large_image\" \/>\n<meta name=\"twitter:label1\" content=\"Est. reading time\" \/>\n\t<meta name=\"twitter:data1\" content=\"5 minutes\" \/>\n<script type=\"application\/ld+json\" class=\"yoast-schema-graph\">{\"@context\":\"https:\/\/schema.org\",\"@graph\":[{\"@type\":\"WebPage\",\"@id\":\"https:\/\/plmf.ee\/14-02-2026-ttf-kava\/\",\"url\":\"https:\/\/plmf.ee\/14-02-2026-ttf-kava\/\",\"name\":\"14.02.2026 TTF programme - Pille Lill Music Fund\",\"isPartOf\":{\"@id\":\"https:\/\/www.plmf.ee\/#website\"},\"datePublished\":\"2026-02-07T16:44:58+00:00\",\"dateModified\":\"2026-02-07T17:48:10+00:00\",\"breadcrumb\":{\"@id\":\"https:\/\/plmf.ee\/14-02-2026-ttf-kava\/#breadcrumb\"},\"inLanguage\":\"en-US\",\"potentialAction\":[{\"@type\":\"ReadAction\",\"target\":[\"https:\/\/plmf.ee\/14-02-2026-ttf-kava\/\"]}]},{\"@type\":\"BreadcrumbList\",\"@id\":\"https:\/\/plmf.ee\/14-02-2026-ttf-kava\/#breadcrumb\",\"itemListElement\":[{\"@type\":\"ListItem\",\"position\":1,\"name\":\"Home\",\"item\":\"https:\/\/plmf.ee\/en\/\"},{\"@type\":\"ListItem\",\"position\":2,\"name\":\"14.02.2026 TTF programme\"}]},{\"@type\":\"WebSite\",\"@id\":\"https:\/\/www.plmf.ee\/#website\",\"url\":\"https:\/\/www.plmf.ee\/\",\"name\":\"Pille Lill Music Fund\",\"description\":\"Planet Of Talent\",\"potentialAction\":[{\"@type\":\"SearchAction\",\"target\":{\"@type\":\"EntryPoint\",\"urlTemplate\":\"https:\/\/www.plmf.ee\/?s={search_term_string}\"},\"query-input\":{\"@type\":\"PropertyValueSpecification\",\"valueRequired\":true,\"valueName\":\"search_term_string\"}}],\"inLanguage\":\"en-US\"}]}<\/script>\n<!-- \/ Yoast SEO plugin. -->","yoast_head_json":{"title":"14.02.2026 TTF programme - Pille Lill Music Fund","robots":{"index":"index","follow":"follow","max-snippet":"max-snippet:-1","max-image-preview":"max-image-preview:large","max-video-preview":"max-video-preview:-1"},"canonical":"https:\/\/plmf.ee\/14-02-2026-ttf-kava\/","og_locale":"en_US","og_type":"article","og_title":"14.02.2026 TTF programme - Pille Lill Music Fund","og_description":"PROGRAMME Robert Schumann (1810\u20131856)Widmung \/ Dedication Hugo Wolf (1860\u20131903)Verborgenheit \/ Seclusion Richard Strauss (1864\u20131949)Du meines Herzens Kr\u00f6nelein \/ You, My Heart\u2019s Little Crown Jean Sibelius (1865\u20131957)Svarta rosor \/ Black RosesDemanten...","og_url":"https:\/\/plmf.ee\/14-02-2026-ttf-kava\/","og_site_name":"Pille Lill Music Fund","article_modified_time":"2026-02-07T17:48:10+00:00","twitter_card":"summary_large_image","twitter_misc":{"Est. reading time":"5 minutes"},"schema":{"@context":"https:\/\/schema.org","@graph":[{"@type":"WebPage","@id":"https:\/\/plmf.ee\/14-02-2026-ttf-kava\/","url":"https:\/\/plmf.ee\/14-02-2026-ttf-kava\/","name":"14.02.2026 TTF programme - Pille Lill Music Fund","isPartOf":{"@id":"https:\/\/www.plmf.ee\/#website"},"datePublished":"2026-02-07T16:44:58+00:00","dateModified":"2026-02-07T17:48:10+00:00","breadcrumb":{"@id":"https:\/\/plmf.ee\/14-02-2026-ttf-kava\/#breadcrumb"},"inLanguage":"en-US","potentialAction":[{"@type":"ReadAction","target":["https:\/\/plmf.ee\/14-02-2026-ttf-kava\/"]}]},{"@type":"BreadcrumbList","@id":"https:\/\/plmf.ee\/14-02-2026-ttf-kava\/#breadcrumb","itemListElement":[{"@type":"ListItem","position":1,"name":"Home","item":"https:\/\/plmf.ee\/en\/"},{"@type":"ListItem","position":2,"name":"14.02.2026 TTF programme"}]},{"@type":"WebSite","@id":"https:\/\/www.plmf.ee\/#website","url":"https:\/\/www.plmf.ee\/","name":"Pille Lill Music Fund","description":"Planet Of Talent","potentialAction":[{"@type":"SearchAction","target":{"@type":"EntryPoint","urlTemplate":"https:\/\/www.plmf.ee\/?s={search_term_string}"},"query-input":{"@type":"PropertyValueSpecification","valueRequired":true,"valueName":"search_term_string"}}],"inLanguage":"en-US"}]}},"_links":{"self":[{"href":"https:\/\/plmf.ee\/en\/wp-json\/wp\/v2\/pages\/63916","targetHints":{"allow":["GET"]}}],"collection":[{"href":"https:\/\/plmf.ee\/en\/wp-json\/wp\/v2\/pages"}],"about":[{"href":"https:\/\/plmf.ee\/en\/wp-json\/wp\/v2\/types\/page"}],"author":[{"embeddable":true,"href":"https:\/\/plmf.ee\/en\/wp-json\/wp\/v2\/users\/9"}],"replies":[{"embeddable":true,"href":"https:\/\/plmf.ee\/en\/wp-json\/wp\/v2\/comments?post=63916"}],"version-history":[{"count":3,"href":"https:\/\/plmf.ee\/en\/wp-json\/wp\/v2\/pages\/63916\/revisions"}],"predecessor-version":[{"id":63928,"href":"https:\/\/plmf.ee\/en\/wp-json\/wp\/v2\/pages\/63916\/revisions\/63928"}],"wp:attachment":[{"href":"https:\/\/plmf.ee\/en\/wp-json\/wp\/v2\/media?parent=63916"}],"curies":[{"name":"wp","href":"https:\/\/api.w.org\/{rel}","templated":true}]}}