{"id":63753,"date":"2026-01-22T19:14:59","date_gmt":"2026-01-22T17:14:59","guid":{"rendered":"https:\/\/plmf.ee\/19-02-2026-ttf-kava\/"},"modified":"2026-01-22T19:32:41","modified_gmt":"2026-01-22T17:32:41","slug":"19-02-2026-ttf-programme","status":"publish","type":"page","link":"https:\/\/plmf.ee\/en\/19-02-2026-ttf-programme\/","title":{"rendered":"19.02.2026 TTF programme"},"content":{"rendered":"<div class=\"row \"><div class=\"wpv-grid grid-1-1  wpv-first-level first unextended\" style=\"padding-top:0px;padding-bottom:0px\" id=\"wpv-column-2e4833a1ef058e12cb6af5c0d0224061\" ><p style=\"text-align: center;\" data-start=\"0\" data-end=\"11\"><span style=\"font-size: 14pt;\"><strong data-start=\"0\" data-end=\"11\">PROGRAM<\/strong><\/span><\/p>\n<p style=\"text-align: center;\" data-start=\"13\" data-end=\"146\"><span style=\"font-size: 14pt;\"><strong data-start=\"13\" data-end=\"44\">Robert Schumann <\/strong>(1810\u20131856)<\/span><br data-start=\"44\" data-end=\"47\" \/><span style=\"font-size: 14pt;\">Three Romances for Oboe and Piano, Op. 94<\/span><br data-start=\"90\" data-end=\"93\" \/><span style=\"font-size: 14pt;\">I Not fast<\/span><br data-start=\"104\" data-end=\"107\" \/><span style=\"font-size: 14pt;\">II Simple, heartfelt<\/span><br data-start=\"128\" data-end=\"131\" \/><span style=\"font-size: 14pt;\">III Not fast<\/span><\/p>\n<p style=\"text-align: center;\" data-start=\"148\" data-end=\"225\"><span style=\"font-size: 14pt;\"><strong data-start=\"148\" data-end=\"179\">Florent Schmitt <\/strong>(1870\u20131958)<\/span><br data-start=\"179\" data-end=\"182\" \/><span style=\"font-size: 14pt;\">L\u00e9gende for Saxophone and Piano, Op. 66<\/span><\/p>\n<p style=\"text-align: center;\" data-start=\"227\" data-end=\"335\"><span style=\"font-size: 14pt;\"><strong data-start=\"227\" data-end=\"258\">Francis Poulenc <\/strong>(1899\u20131963)<\/span><br data-start=\"258\" data-end=\"261\" \/><span style=\"font-size: 14pt;\">Sonata for Oboe and Piano<\/span><br data-start=\"288\" data-end=\"291\" \/><span style=\"font-size: 14pt;\">I \u00c9l\u00e9gie<\/span><br data-start=\"300\" data-end=\"303\" \/><span style=\"font-size: 14pt;\">II Scherzo<\/span><br data-start=\"314\" data-end=\"317\" \/><span style=\"font-size: 14pt;\">III D\u00e9ploration<\/span><\/p>\n<p style=\"text-align: center;\" data-start=\"337\" data-end=\"427\"><span style=\"font-size: 14pt;\"><strong data-start=\"337\" data-end=\"364\">Jenni Brandon <\/strong>(1977*)<\/span><br data-start=\"364\" data-end=\"367\" \/><span style=\"font-size: 14pt;\">Trio \u201cPlaces We Are From\u201d for Oboe, Saxophone, and Piano<\/span><\/p>\n<p style=\"text-align: justify;\" data-start=\"434\" data-end=\"899\"><span style=\"font-size: 14pt;\">RIIVO KALLASMAA, oboist and singer, has received his musical education in Estonia as well as at higher education institutions in Brussels and Jerusalem. He has worked with the three most important symphony orchestras in Estonia\u2014the Estonian National Symphony Orchestra, the orchestra of the Estonian National Opera, and the Vanemuine Theatre Symphony Orchestra\u2014and also collaborates regularly with the Tallinn Chamber Orchestra and Klaasp\u00e4rlim\u00e4ng Sinfonietta. <\/span><span style=\"font-size: 14pt;\">Kallasmaa has also worked with NYYD Ensemble, Estonia\u2019s first ensemble specializing in contemporary music, and performs with groups such as the Tartu New Music Ensemble, Ensemble Voces Musicales, and Kremerata Baltica. Several composers have written works specifically with him in mind, including T\u00f5nu Steiner, Timo Steiner, Helena Tulve, Riho Puur, P\u00e4rt Uusberg, Rein Rannap (Oboe Concerto, autumn 2019), and M\u00e4rt-Matis Lill (Oboe Concerto, spring 2020). <\/span><span style=\"font-size: 14pt;\">Currently, Kallasmaa collaborates with the Turku Philharmonic Orchestra, Pori Sinfonietta, and the Tallinn Chamber Orchestra. In 2006, he won the Con Brio performers\u2019 competition. As a soloist and chamber musician, he has performed in many European countries. In June 2014, he participated in the international chamber music festival Horten Kammermusikkfest. Among other distinctions, Kallasmaa has been awarded the title of Young Cultural Contributor of Tartu. <\/span><span style=\"font-size: 14pt;\">Together with soprano Jaanika Kuusik, he is a member of Duo ObSolute, founded in 2018, which is gaining recognition both in Estonia and internationally. In 2023, Duo ObSolute released its first album. For many years, Kallasmaa has also been active as a singer in the internationally renowned vocal ensemble Vox Clamantis, which combines Gregorian chant with contemporary music.<\/span><\/p>\n<p style=\"text-align: justify;\" data-start=\"2211\" data-end=\"2601\"><span style=\"font-size: 14pt;\">VIRGO VELDI is one of Estonia\u2019s most outstanding performers. He graduated from the Georg Ots Tallinn Music School (1988; teachers Villu Veski and Prof. Olev Kasemaa) and the Tallinn Conservatory (1993; Prof. Kasemaa). He earned his Master\u2019s degree at the Estonian Academy of Music and Theatre (1997; Prof. Kasemaa) and at the Sibelius Academy in Helsinki (2004; Prof. Pekka Savijoki). <\/span><span style=\"font-size: 14pt;\">Veldi won Third Prize at the Estonian Woodwind Players\u2019 Competition in Tallinn (1990) and First Prize along with the Audience Prize at the Estonian Young Performers\u2019 Competition Con Brio (1996). He has worked as a saxophone teacher at the Georg Ots Tallinn Music School and the Sibelius Upper Secondary School in Helsinki. Since 2001, Veldi has been a faculty member at the Estonian Academy of Music and Theatre (associate professor since 2012) and has given masterclasses in various European countries. <\/span><span style=\"font-size: 14pt;\">He has appeared as a saxophone soloist with numerous renowned orchestras and participated in projects of the NYYD Ensemble. Veldi has been invited to perform at many festivals and has collaborated with conductors such as Andrei Rjabov, Nikolai Aleksejev, T\u00f5nu Kaljuste, Toomas Leinatamm, Risto Joost, Erkki-Sven T\u00fc\u00fcr, Toomas Vavilov, and others. Several Estonian composers\u2014including T\u00f5nu K\u00f5rvits, Galina Grigorjeva, Timo Tulev, Ren\u00e9 Eespere, and P\u00e4rt Uusberg\u2014have written works specifically for him. <\/span><span style=\"font-size: 14pt;\">Veldi has given a large number of chamber music concerts both in Estonia and abroad. His chamber music partners have included Ivari Ilja, Ralf Taal, Peeter Paemurru, Madis Mikalai, Kristjan Randalu, Tanel Lepnurm, \u00dclo Krigul, Age Juurikas, and Jaanika Kuusik, among many others. He has also performed in pop music concerts with artists such as Anne Veski, Ivo Linna, Dave Benton, Koit Toome, and Tanel Padar, and was a long-time saxophonist with the band 2QS. From 1999 to 2014, he was a member and artistic director of the saxophone quartet SaxEst. Virgo Veldi is a scholarship holder of the PLMF Musicians\u2019 Fund.<\/span><\/p>\n<p style=\"text-align: justify;\" data-start=\"4238\" data-end=\"4740\"><span style=\"font-size: 14pt;\">MAILA LAIDNA graduated cum laude from the Estonian Academy of Music and Theatre with a Master\u2019s degree in piano and chamber music, studying with Tanel Joamets and Prof. Marrit Gerretz-Traksmann. From 2013 to 2014, she continued her studies at the Vigo Higher Conservatory of Music in Spain. She is currently pursuing doctoral studies in chamber music at the Estonian Academy of Music and Theatre under the supervision of Prof. Marrit Gerretz-Traksmann, Madis Mikalai, and Prof. Kristjan Pappel. <\/span><span style=\"font-size: 14pt;\">Laidna has achieved notable success in competitions: she won Third Prize at the EMTA Chamber Music Competition (2011) and First Prize at the pianists\u2019 competition of the Vigo Higher Conservatory of Music in Spain (2014). She has performed at piano festivals in Santiago de Compostela both as a soloist and chamber musician, as well as at the Spanish international festival Forum Musikae. She has also participated in the activities of the J\u00e4rvi Academy and the Estonian National Symphony Orchestra. <\/span><span style=\"font-size: 14pt;\">Since 2013, Laidna has performed in a piano duo with Tiiu Sisask. In 2015, the duo won Third Prize at the 25th Rome International Piano Competition. In 2019, they won First Prize at the Maria Yudina Competition in St. Petersburg and Second Prize at a chamber music competition in Philadelphia. In 2021, the piano duo received the Gold Medal at the 3rd International Piano Competition of the World Piano Teachers Association in Finland. <\/span><span style=\"font-size: 14pt;\">Since 2016, Laidna has been a member of a trio with clarinetist Soo-Young Lee and violinist Miina Laanesaar (Ensemble Auftakt). That same year, they gave the Estonian premiere of Alban Berg\u2019s Adagio (the second movement of the Chamber Concerto). In 2019, Ensemble Auftakt won First Prize in the chamber ensemble category at the 4th Danubia Talents International Competition in Budapest and Third Prize at the Krakow International Music Competition Opus 2021. In spring 2022, the trio won First Prize at the Clara Wieck Schumann Competition and received a finalist diploma at the 10th International Chamber Music Competition \u201cAnt\u00f3n Garc\u00eda Abril\u201d in Spain.<\/span><\/div><\/div>\n","protected":false},"excerpt":{"rendered":"<p>PROGRAM Robert Schumann (1810\u20131856)Three Romances for Oboe and Piano, Op. 94I Not fastII Simple, heartfeltIII Not fast Florent Schmitt (1870\u20131958)L\u00e9gende for Saxophone and Piano, Op. 66 Francis Poulenc (1899\u20131963)Sonata for&#8230;<\/p>\n","protected":false},"author":9,"featured_media":0,"parent":0,"menu_order":0,"comment_status":"closed","ping_status":"closed","template":"","meta":{"footnotes":""},"class_list":["post-63753","page","type-page","status-publish","hentry"],"yoast_head":"<!-- This site is optimized with the Yoast SEO plugin v27.1.1 - https:\/\/yoast.com\/product\/yoast-seo-wordpress\/ -->\n<title>19.02.2026 TTF programme - Pille Lill Music Fund<\/title>\n<meta name=\"robots\" content=\"index, follow, max-snippet:-1, max-image-preview:large, max-video-preview:-1\" \/>\n<link rel=\"canonical\" href=\"https:\/\/plmf.ee\/19-02-2026-ttf-kava\/\" \/>\n<meta property=\"og:locale\" content=\"en_US\" \/>\n<meta property=\"og:type\" content=\"article\" \/>\n<meta property=\"og:title\" content=\"19.02.2026 TTF programme - Pille Lill Music Fund\" \/>\n<meta property=\"og:description\" content=\"PROGRAM Robert Schumann (1810\u20131856)Three Romances for Oboe and Piano, Op. 94I Not fastII Simple, heartfeltIII Not fast Florent Schmitt (1870\u20131958)L\u00e9gende for Saxophone and Piano, Op. 66 Francis Poulenc (1899\u20131963)Sonata for...\" \/>\n<meta property=\"og:url\" content=\"https:\/\/plmf.ee\/19-02-2026-ttf-kava\/\" \/>\n<meta property=\"og:site_name\" content=\"Pille Lill Music Fund\" \/>\n<meta property=\"article:modified_time\" content=\"2026-01-22T17:32:41+00:00\" \/>\n<meta name=\"twitter:card\" content=\"summary_large_image\" \/>\n<meta name=\"twitter:label1\" content=\"Est. reading time\" \/>\n\t<meta name=\"twitter:data1\" content=\"6 minutes\" \/>\n<script type=\"application\/ld+json\" class=\"yoast-schema-graph\">{\"@context\":\"https:\/\/schema.org\",\"@graph\":[{\"@type\":\"WebPage\",\"@id\":\"https:\/\/plmf.ee\/19-02-2026-ttf-kava\/\",\"url\":\"https:\/\/plmf.ee\/19-02-2026-ttf-kava\/\",\"name\":\"19.02.2026 TTF programme - Pille Lill Music Fund\",\"isPartOf\":{\"@id\":\"https:\/\/www.plmf.ee\/#website\"},\"datePublished\":\"2026-01-22T17:14:59+00:00\",\"dateModified\":\"2026-01-22T17:32:41+00:00\",\"breadcrumb\":{\"@id\":\"https:\/\/plmf.ee\/19-02-2026-ttf-kava\/#breadcrumb\"},\"inLanguage\":\"en-US\",\"potentialAction\":[{\"@type\":\"ReadAction\",\"target\":[\"https:\/\/plmf.ee\/19-02-2026-ttf-kava\/\"]}]},{\"@type\":\"BreadcrumbList\",\"@id\":\"https:\/\/plmf.ee\/19-02-2026-ttf-kava\/#breadcrumb\",\"itemListElement\":[{\"@type\":\"ListItem\",\"position\":1,\"name\":\"Home\",\"item\":\"https:\/\/plmf.ee\/en\/\"},{\"@type\":\"ListItem\",\"position\":2,\"name\":\"19.02.2026 TTF programme\"}]},{\"@type\":\"WebSite\",\"@id\":\"https:\/\/www.plmf.ee\/#website\",\"url\":\"https:\/\/www.plmf.ee\/\",\"name\":\"Pille Lill Music Fund\",\"description\":\"Planet Of Talent\",\"potentialAction\":[{\"@type\":\"SearchAction\",\"target\":{\"@type\":\"EntryPoint\",\"urlTemplate\":\"https:\/\/www.plmf.ee\/?s={search_term_string}\"},\"query-input\":{\"@type\":\"PropertyValueSpecification\",\"valueRequired\":true,\"valueName\":\"search_term_string\"}}],\"inLanguage\":\"en-US\"}]}<\/script>\n<!-- \/ Yoast SEO plugin. -->","yoast_head_json":{"title":"19.02.2026 TTF programme - Pille Lill Music Fund","robots":{"index":"index","follow":"follow","max-snippet":"max-snippet:-1","max-image-preview":"max-image-preview:large","max-video-preview":"max-video-preview:-1"},"canonical":"https:\/\/plmf.ee\/19-02-2026-ttf-kava\/","og_locale":"en_US","og_type":"article","og_title":"19.02.2026 TTF programme - Pille Lill Music Fund","og_description":"PROGRAM Robert Schumann (1810\u20131856)Three Romances for Oboe and Piano, Op. 94I Not fastII Simple, heartfeltIII Not fast Florent Schmitt (1870\u20131958)L\u00e9gende for Saxophone and Piano, Op. 66 Francis Poulenc (1899\u20131963)Sonata for...","og_url":"https:\/\/plmf.ee\/19-02-2026-ttf-kava\/","og_site_name":"Pille Lill Music Fund","article_modified_time":"2026-01-22T17:32:41+00:00","twitter_card":"summary_large_image","twitter_misc":{"Est. reading time":"6 minutes"},"schema":{"@context":"https:\/\/schema.org","@graph":[{"@type":"WebPage","@id":"https:\/\/plmf.ee\/19-02-2026-ttf-kava\/","url":"https:\/\/plmf.ee\/19-02-2026-ttf-kava\/","name":"19.02.2026 TTF programme - Pille Lill Music Fund","isPartOf":{"@id":"https:\/\/www.plmf.ee\/#website"},"datePublished":"2026-01-22T17:14:59+00:00","dateModified":"2026-01-22T17:32:41+00:00","breadcrumb":{"@id":"https:\/\/plmf.ee\/19-02-2026-ttf-kava\/#breadcrumb"},"inLanguage":"en-US","potentialAction":[{"@type":"ReadAction","target":["https:\/\/plmf.ee\/19-02-2026-ttf-kava\/"]}]},{"@type":"BreadcrumbList","@id":"https:\/\/plmf.ee\/19-02-2026-ttf-kava\/#breadcrumb","itemListElement":[{"@type":"ListItem","position":1,"name":"Home","item":"https:\/\/plmf.ee\/en\/"},{"@type":"ListItem","position":2,"name":"19.02.2026 TTF programme"}]},{"@type":"WebSite","@id":"https:\/\/www.plmf.ee\/#website","url":"https:\/\/www.plmf.ee\/","name":"Pille Lill Music Fund","description":"Planet Of Talent","potentialAction":[{"@type":"SearchAction","target":{"@type":"EntryPoint","urlTemplate":"https:\/\/www.plmf.ee\/?s={search_term_string}"},"query-input":{"@type":"PropertyValueSpecification","valueRequired":true,"valueName":"search_term_string"}}],"inLanguage":"en-US"}]}},"_links":{"self":[{"href":"https:\/\/plmf.ee\/en\/wp-json\/wp\/v2\/pages\/63753","targetHints":{"allow":["GET"]}}],"collection":[{"href":"https:\/\/plmf.ee\/en\/wp-json\/wp\/v2\/pages"}],"about":[{"href":"https:\/\/plmf.ee\/en\/wp-json\/wp\/v2\/types\/page"}],"author":[{"embeddable":true,"href":"https:\/\/plmf.ee\/en\/wp-json\/wp\/v2\/users\/9"}],"replies":[{"embeddable":true,"href":"https:\/\/plmf.ee\/en\/wp-json\/wp\/v2\/comments?post=63753"}],"version-history":[{"count":2,"href":"https:\/\/plmf.ee\/en\/wp-json\/wp\/v2\/pages\/63753\/revisions"}],"predecessor-version":[{"id":63755,"href":"https:\/\/plmf.ee\/en\/wp-json\/wp\/v2\/pages\/63753\/revisions\/63755"}],"wp:attachment":[{"href":"https:\/\/plmf.ee\/en\/wp-json\/wp\/v2\/media?parent=63753"}],"curies":[{"name":"wp","href":"https:\/\/api.w.org\/{rel}","templated":true}]}}