{"id":63128,"date":"2025-11-10T14:34:54","date_gmt":"2025-11-10T12:34:54","guid":{"rendered":"https:\/\/plmf.ee\/18-11-talveooper-2025-kava\/"},"modified":"2025-11-10T14:52:23","modified_gmt":"2025-11-10T12:52:23","slug":"18-11-winter-opera-2025-program","status":"publish","type":"page","link":"https:\/\/plmf.ee\/en\/18-11-winter-opera-2025-program\/","title":{"rendered":"18.11 winter opera 2025 program"},"content":{"rendered":"<div class=\"row \"><div class=\"wpv-grid grid-1-1  wpv-first-level first unextended\" style=\"padding-top:0px;padding-bottom:0px\" id=\"wpv-column-33ec26bec32a2172e0ccd59d528d1d28\" ><hr \/>\n<p style=\"text-align: center;\" data-start=\"90\" data-end=\"108\"><strong><span style=\"font-size: 14pt;\">PROGRAM<\/span><\/strong><\/p>\n<p style=\"text-align: center;\" data-start=\"110\" data-end=\"150\"><span style=\"font-size: 14pt;\"><strong data-start=\"110\" data-end=\"148\">Georg Friedrich H\u00e4ndel <\/strong>(1685\u20131759)<strong data-start=\"110\" data-end=\"148\"><br \/>\n<\/strong><\/span><span style=\"font-size: 14pt;\">-Duet He shall feed His flock \u2013 from the oratorio Messiah<br \/>\n<\/span><span style=\"font-size: 14pt;\">-Aria Dove sei, amato bene \/ Where are you, beloved dear? \u2013 from the opera Rodelinda<\/span><\/p>\n<p style=\"text-align: center;\" data-start=\"309\" data-end=\"350\"><span style=\"font-size: 14pt;\"><strong data-start=\"309\" data-end=\"348\">Wolfgang Amadeus Mozart <\/strong>(1756\u20131791)<strong data-start=\"309\" data-end=\"348\"><br \/>\n<\/strong><\/span><span style=\"font-size: 14pt;\">-Donna Anna\u2019s aria Non mi dir \/ Do not tell me<br \/>\n<\/span><span style=\"font-size: 14pt;\">-Donna Elvira\u2019s aria Ah, chi mi dice mai \/ Ah, who can ever tell me<\/span><br data-start=\"477\" data-end=\"480\" \/><span style=\"font-size: 14pt;\">from the opera Don Giovanni<br \/>\n<\/span><span style=\"font-size: 14pt;\">-Duet of Susanna and the Countess Sull\u2019aria \/ On the breeze \u2013 from the opera Le nozze di Figaro \/ The Marriage of Figaro<br \/>\n<\/span><span style=\"font-size: 14pt;\">-Monostatos\u2019 aria<br \/>\n<\/span><span style=\"font-size: 14pt;\">-Pamina\u2019s aria<\/span><br data-start=\"682\" data-end=\"685\" \/><span style=\"font-size: 14pt;\">from the opera Die Zauberfl\u00f6te \/ The Magic Flute<\/span><\/p>\n<p style=\"text-align: center;\" data-start=\"741\" data-end=\"772\"><span style=\"font-size: 14pt;\"><strong data-start=\"741\" data-end=\"770\">Henry Purcell <\/strong>(1659\u20131695)<strong data-start=\"741\" data-end=\"770\"><br \/>\n<\/strong><\/span><span style=\"font-size: 14pt;\">-Dido\u2019s lament When I am laid in earth \u2013 from the opera Dido and Aeneas<\/span><\/p>\n<p style=\"text-align: center;\" data-start=\"851\" data-end=\"887\"><span style=\"font-size: 14pt;\"><strong data-start=\"851\" data-end=\"885\">Claudio Monteverdi <\/strong>(1567\u20131643)<strong data-start=\"851\" data-end=\"885\"><br \/>\n<\/strong><\/span><span style=\"font-size: 14pt;\">-Duet Pur ti miro \/ I adore you \u2013 from the opera L\u2019incoronazione di Poppea \/ The Coronation of Poppea<\/span><\/p>\n<p style=\"text-align: center;\" data-start=\"1000\" data-end=\"1019\"><span style=\"font-size: 14pt;\"><strong data-start=\"1000\" data-end=\"1017\">Henry Purcell <\/strong>(1659\u20131695)<strong data-start=\"1000\" data-end=\"1017\"><br \/>\n<\/strong><\/span><span style=\"font-size: 14pt;\">-The Cold Genius\u2019s aria What power art thou \/ What power are you \u2013 from the opera King Arthur<\/span><\/p>\n<p style=\"text-align: center;\" data-start=\"1122\" data-end=\"1167\"><span style=\"font-size: 14pt;\"><strong data-start=\"1122\" data-end=\"1165\">Giovanni Battista Pergolesi <\/strong>(1710\u20131736)<strong data-start=\"1122\" data-end=\"1165\"><br \/>\n<\/strong><\/span><span style=\"font-size: 14pt;\">-Duet Inflammatus et accensus \/ Enkindled and aflame \u2013 from the mass Stabat Mater<\/span><\/p>\n<p style=\"text-align: center;\" data-start=\"1258\" data-end=\"1291\"><span style=\"font-size: 14pt;\"><strong data-start=\"1258\" data-end=\"1289\">Giacomo Puccini<\/strong> (1858\u20131924)<strong data-start=\"1258\" data-end=\"1289\"><br \/>\n<\/strong><\/span><span style=\"font-size: 14pt;\">-Lauretta\u2019s aria O mio babbino caro \/ Oh, my dear daddy \u2013 from the opera Gianni Schicchi<\/span><\/p>\n<p style=\"text-align: center;\" data-start=\"1389\" data-end=\"1418\"><span style=\"font-size: 14pt;\"><strong data-start=\"1389\" data-end=\"1416\">Franz Leh\u00e1r <\/strong>(1870\u20131948)<strong data-start=\"1389\" data-end=\"1416\"><br \/>\n<\/strong><\/span><span style=\"font-size: 14pt;\">-Giuditta\u2019s aria \u2013 from the operetta Giuditta<\/span><\/p>\n<p style=\"text-align: center;\" data-start=\"1469\" data-end=\"1501\"><span style=\"font-size: 14pt;\"><strong data-start=\"1469\" data-end=\"1499\">Charles Gounod <\/strong>(1818\u20131893)<strong data-start=\"1469\" data-end=\"1499\"><br \/>\n<\/strong><\/span><span style=\"font-size: 14pt;\">-Marguerite\u2019s Jewel Aria Ah! je ris \/ Ah! I laugh \u2013 from the opera Faust<\/span><\/p>\n<hr \/>\n<p style=\"text-align: justify;\" data-start=\"104\" data-end=\"123\"><span style=\"font-size: 14pt;\">MARION MELNIK is a radiant opera soloist who graduated from the Sibelius Academy (class of Marjut Hannula, 2008) and has continued her studies in numerous masterclasses with distinguished opera singers, including G. Janowitz, U. Reinemann, R. Vignoles, L. Georgieva, S. Milnes, R. Hermann, T. Berganza, M. Gruzdeva, W. Vernocchi, F. Armiliato, and M. Camastra, among others. She has performed in Finland, Estonia, the USA, Japan, Russia, and elsewhere, with a wide-ranging repertoire spanning sacred and chamber music to musicals and opera. Melnik has achieved success in several competitions: finalist of the Pentti Koskimies Lied Competition with pianist Marko Hilpo (2003), youngest finalist of the Timo Mustakallio Competition (2004), recipient of the Schubert Prize at the Vienna Klassik-Mania Competition (2005), and second prize at the Lappeenranta Singing Competition (2006). She has performed for the Belgian royal family during President Tarja Halonen\u2019s state visit to Belgium (2004) and at the Presidential Palace in Helsinki during the state visit of Estonian President Toomas Hendrik Ilves (2006). Her operatic roles include Oscar (Un ballo in maschera, Verdi), Musetta and Mim\u00ec (La Boh\u00e8me, Puccini), Despina (Cos\u00ec fan tutte, Mozart), Papagena (The Magic Flute, Mozart), Priestess (Aida, Verdi), Zerlina (Don Giovanni, Mozart), and Maria (West Side Story, Bernstein), among others. <\/span><span style=\"font-size: 14pt;\">Melnik made her debut at both the Finnish National Opera and the Estonian National Opera in 2008, continuing as an engaged guest soloist at the Estonian National Opera until 2011. In Estonia, she has performed as a soloist with the Estonian National Symphony Orchestra (ERSO) and the Tallinn Chamber Orchestra, and appeared at the Alion Baltic Music Festival, Tallinn Winter Festival, Virumaa Music Festival, and Birgitta Festival. <\/span><span style=\"font-size: 14pt;\">She has collaborated with many distinguished conductors, including E. Klas, V. P\u00e4hn, J. Alperten, A. Volmer, M. Gertz, S. M\u00e4lkki, and A. Almila. Marion Melnik is a grantee of the Musician\u2019s Fund PLMF.<\/span><\/p>\n<p style=\"text-align: justify;\" data-start=\"2191\" data-end=\"2213\"><span style=\"font-size: 14pt;\">LAURA-RETTI LAOS<\/span><span style=\"font-size: 14pt;\"> graduated in 2019 from the Georg Ots Tallinn Music College, majoring in classical singing (class of Eha P\u00e4rg), and continues her studies at the Estonian Academy of Music and Theatre (class of Taavi Tampuu).\u00a0<\/span><span style=\"font-size: 14pt;\">She has successfully participated in national and international competitions, masterclasses, and concerts. Her achievements include: <\/span><span style=\"font-size: 14pt;\">3rd prize at the \u201cV\u00f5luh\u00e4\u00e4l 2016\u201d competition in Orissaare; <\/span><span style=\"font-size: 14pt;\">3rd prize at the Inter-School Competition (2017); <\/span><span style=\"font-size: 14pt;\">1st prize at the International Competition for Young Vocalists \u201cViru Opera 2017\u201d in Kohtla-J\u00e4rve; <\/span><span style=\"font-size: 14pt;\">3rd prize at the International Competition for Young Singers \u201cBaltic Amber 2018\u201d in Liep\u0101ja; <\/span><span style=\"font-size: 14pt;\">1st prize at the International Competition for Young Singers \u201cDaleki Akordi 2018\u201d in Split, Croatia. <\/span><span style=\"font-size: 14pt;\">In 2018, she took part in a masterclass with Professor Mario Diaz at the Mozarteum University in Salzburg, and later that summer participated in the Internationale Sommerakademie at the same institution (class of Professor Mich\u00e8le Crider). <\/span><span style=\"font-size: 14pt;\">Laos has performed as a soloist with the Tallinn Chamber Orchestra, at the Haapsalu Early Music Festival, the Saaremaa Opera Days, and has sung the soprano choral part in Handel\u2019s Messiah with the ensemble Voces Tallinn. <\/span><span style=\"font-size: 14pt;\">In 2022, Laura-Retti Laos made her operatic debut in Saaremaa in the family opera The Magic Flute, performing the role of Pamina.<\/span><\/p>\n<p style=\"text-align: justify;\" data-start=\"3602\" data-end=\"3617\"><span style=\"font-size: 14pt;\">IVO POSTI <\/span><span style=\"font-size: 14pt;\">first studied history at the University of Tartu before beginning his vocal studies in 1996 at the Heino Eller Tartu Music College (class of Aino K\u00f5iv). From 2001, he continued his education at the Royal Conservatoire in The Hague, studying with Rita Dams and Barbara Pearson. <\/span><span style=\"font-size: 14pt;\">He has taken further training with Marius van Altena and Diane Forlano and attended masterclasses with T. Valjakka, T. Wiedenhofer, M. Chance, and J. Feldman. <\/span><span style=\"font-size: 14pt;\">Posti has won numerous competitions both as a pop and opera singer and has performed widely across Europe. He has collaborated with many orchestras and ensembles. From 2007\u20132008, he worked at Opera Studio Nederland. <\/span><span style=\"font-size: 14pt;\">His notable roles include the Spirit in Purcell\u2019s Dido and Aeneas at the Aix-en-Provence Festival (2008), Grazia in Cavalli\u2019s Ercole Amante at De Nederlandse Opera (2009), Vjazemskaya and Sharik in Raskatov\u2019s A Dog\u2019s Heart at its world premiere at De Nederlandse Opera (2010), and Prince Orlofsky in Strauss\u2019s operetta Die Fledermaus in the Netherlands, Belgium, and Germany (2011), among others. <\/span><span style=\"font-size: 14pt;\">In 2016, Posti was a recipient of a scholarship from the Estonian National Association of Performing Artists. He is also active as a producer and voice teacher.<\/span><\/p>\n<p style=\"text-align: justify;\" data-start=\"4866\" data-end=\"4885\"><span style=\"font-size: 14pt;\">PIIA PAEMURRU<\/span><span style=\"font-size: 14pt;\"> is one of Estonia\u2019s most highly regarded collaborative pianists, particularly known for her work with opera singers such as V. Noreika, J. Ryh\u00e4nen, M. Voites, M. Palm, P. Lill, A. Saal, R. Soom, P. Volmer, H. Lokuta, A. Mikk, K. V\u00e4hi, O. Kuusik, M. Listra, K. Puis, P. Jonas, D. Savinova, M. Veretenina, A. Pillak, T. Dede, K. J\u00fcrgens, S. Laagus, A. Soode, A. Karp, S. Breede, T. Nugis, R. Raalik, P. Balakin, R. Kull, R. Tamm, and many others.\u00a0<\/span><span style=\"font-size: 14pt;\">Her concert activity has also brought her together with distinguished instrumentalists such as P. Paemurru, M. Tampere-Bezrodny, A. Lend, A. Tammesalu, and V. Veldi. <\/span><span style=\"font-size: 14pt;\">Paemurru earned her master\u2019s degree from the Tallinn Conservatoire under Professor Laine Mets (1999) and has worked since 1986 as a vocal accompanist at the Estonian Academy of Music and Theatre. <\/span><span style=\"font-size: 14pt;\">She has participated as r\u00e9p\u00e9titeur in numerous masterclasses and auditions of the Bavarian Opera Academy in Germany. Paemurru has received multiple awards for best accompanist at vocal competitions, including five times at the International Klaudia Taev Singing Competition. <\/span><span style=\"font-size: 14pt;\">Since 2016, she has worked as r\u00e9p\u00e9titeur at the Vanemuine Theatre. Piia Paemurru is a grantee of the Musician\u2019s Fund PLMF.<\/span><\/p>\n<hr \/>\n<p style=\"text-align: justify;\"><\/div><\/div>\n","protected":false},"excerpt":{"rendered":"<p>PROGRAM Georg Friedrich H\u00e4ndel (1685\u20131759) -Duet He shall feed His flock \u2013 from the oratorio Messiah -Aria Dove sei, amato bene \/ Where are you, beloved dear? \u2013 from the&#8230;<\/p>\n","protected":false},"author":9,"featured_media":0,"parent":0,"menu_order":0,"comment_status":"closed","ping_status":"closed","template":"","meta":{"footnotes":""},"class_list":["post-63128","page","type-page","status-publish","hentry"],"yoast_head":"<!-- This site is optimized with the Yoast SEO plugin v27.1.1 - https:\/\/yoast.com\/product\/yoast-seo-wordpress\/ -->\n<title>18.11 winter opera 2025 program - Pille Lill Music Fund<\/title>\n<meta name=\"robots\" content=\"index, follow, max-snippet:-1, max-image-preview:large, max-video-preview:-1\" \/>\n<link rel=\"canonical\" href=\"https:\/\/www.plmf.ee\/en\/18-11-winter-opera-2025-program\/\" \/>\n<meta property=\"og:locale\" content=\"en_US\" \/>\n<meta property=\"og:type\" content=\"article\" \/>\n<meta property=\"og:title\" content=\"18.11 winter opera 2025 program - Pille Lill Music Fund\" \/>\n<meta property=\"og:description\" content=\"PROGRAM Georg Friedrich H\u00e4ndel (1685\u20131759) -Duet He shall feed His flock \u2013 from the oratorio Messiah -Aria Dove sei, amato bene \/ Where are you, beloved dear? \u2013 from the...\" \/>\n<meta property=\"og:url\" content=\"https:\/\/www.plmf.ee\/en\/18-11-winter-opera-2025-program\/\" \/>\n<meta property=\"og:site_name\" content=\"Pille Lill Music Fund\" \/>\n<meta property=\"article:modified_time\" content=\"2025-11-10T12:52:23+00:00\" \/>\n<meta name=\"twitter:card\" content=\"summary_large_image\" \/>\n<meta name=\"twitter:label1\" content=\"Est. reading time\" \/>\n\t<meta name=\"twitter:data1\" content=\"5 minutes\" \/>\n<script type=\"application\/ld+json\" class=\"yoast-schema-graph\">{\"@context\":\"https:\/\/schema.org\",\"@graph\":[{\"@type\":\"WebPage\",\"@id\":\"https:\/\/www.plmf.ee\/en\/18-11-winter-opera-2025-program\/\",\"url\":\"https:\/\/www.plmf.ee\/en\/18-11-winter-opera-2025-program\/\",\"name\":\"18.11 winter opera 2025 program - Pille Lill Music Fund\",\"isPartOf\":{\"@id\":\"https:\/\/www.plmf.ee\/en\/#website\"},\"datePublished\":\"2025-11-10T12:34:54+00:00\",\"dateModified\":\"2025-11-10T12:52:23+00:00\",\"breadcrumb\":{\"@id\":\"https:\/\/www.plmf.ee\/en\/18-11-winter-opera-2025-program\/#breadcrumb\"},\"inLanguage\":\"en-US\",\"potentialAction\":[{\"@type\":\"ReadAction\",\"target\":[\"https:\/\/www.plmf.ee\/en\/18-11-winter-opera-2025-program\/\"]}]},{\"@type\":\"BreadcrumbList\",\"@id\":\"https:\/\/www.plmf.ee\/en\/18-11-winter-opera-2025-program\/#breadcrumb\",\"itemListElement\":[{\"@type\":\"ListItem\",\"position\":1,\"name\":\"Home\",\"item\":\"https:\/\/www.plmf.ee\/en\/\"},{\"@type\":\"ListItem\",\"position\":2,\"name\":\"18.11 winter opera 2025 program\"}]},{\"@type\":\"WebSite\",\"@id\":\"https:\/\/www.plmf.ee\/en\/#website\",\"url\":\"https:\/\/www.plmf.ee\/en\/\",\"name\":\"Pille Lill Music Fund\",\"description\":\"Planet Of Talent\",\"potentialAction\":[{\"@type\":\"SearchAction\",\"target\":{\"@type\":\"EntryPoint\",\"urlTemplate\":\"https:\/\/www.plmf.ee\/en\/?s={search_term_string}\"},\"query-input\":{\"@type\":\"PropertyValueSpecification\",\"valueRequired\":true,\"valueName\":\"search_term_string\"}}],\"inLanguage\":\"en-US\"}]}<\/script>\n<!-- \/ Yoast SEO plugin. -->","yoast_head_json":{"title":"18.11 winter opera 2025 program - Pille Lill Music Fund","robots":{"index":"index","follow":"follow","max-snippet":"max-snippet:-1","max-image-preview":"max-image-preview:large","max-video-preview":"max-video-preview:-1"},"canonical":"https:\/\/www.plmf.ee\/en\/18-11-winter-opera-2025-program\/","og_locale":"en_US","og_type":"article","og_title":"18.11 winter opera 2025 program - Pille Lill Music Fund","og_description":"PROGRAM Georg Friedrich H\u00e4ndel (1685\u20131759) -Duet He shall feed His flock \u2013 from the oratorio Messiah -Aria Dove sei, amato bene \/ Where are you, beloved dear? \u2013 from the...","og_url":"https:\/\/www.plmf.ee\/en\/18-11-winter-opera-2025-program\/","og_site_name":"Pille Lill Music Fund","article_modified_time":"2025-11-10T12:52:23+00:00","twitter_card":"summary_large_image","twitter_misc":{"Est. reading time":"5 minutes"},"schema":{"@context":"https:\/\/schema.org","@graph":[{"@type":"WebPage","@id":"https:\/\/www.plmf.ee\/en\/18-11-winter-opera-2025-program\/","url":"https:\/\/www.plmf.ee\/en\/18-11-winter-opera-2025-program\/","name":"18.11 winter opera 2025 program - Pille Lill Music Fund","isPartOf":{"@id":"https:\/\/www.plmf.ee\/en\/#website"},"datePublished":"2025-11-10T12:34:54+00:00","dateModified":"2025-11-10T12:52:23+00:00","breadcrumb":{"@id":"https:\/\/www.plmf.ee\/en\/18-11-winter-opera-2025-program\/#breadcrumb"},"inLanguage":"en-US","potentialAction":[{"@type":"ReadAction","target":["https:\/\/www.plmf.ee\/en\/18-11-winter-opera-2025-program\/"]}]},{"@type":"BreadcrumbList","@id":"https:\/\/www.plmf.ee\/en\/18-11-winter-opera-2025-program\/#breadcrumb","itemListElement":[{"@type":"ListItem","position":1,"name":"Home","item":"https:\/\/www.plmf.ee\/en\/"},{"@type":"ListItem","position":2,"name":"18.11 winter opera 2025 program"}]},{"@type":"WebSite","@id":"https:\/\/www.plmf.ee\/en\/#website","url":"https:\/\/www.plmf.ee\/en\/","name":"Pille Lill Music Fund","description":"Planet Of Talent","potentialAction":[{"@type":"SearchAction","target":{"@type":"EntryPoint","urlTemplate":"https:\/\/www.plmf.ee\/en\/?s={search_term_string}"},"query-input":{"@type":"PropertyValueSpecification","valueRequired":true,"valueName":"search_term_string"}}],"inLanguage":"en-US"}]}},"_links":{"self":[{"href":"https:\/\/plmf.ee\/en\/wp-json\/wp\/v2\/pages\/63128","targetHints":{"allow":["GET"]}}],"collection":[{"href":"https:\/\/plmf.ee\/en\/wp-json\/wp\/v2\/pages"}],"about":[{"href":"https:\/\/plmf.ee\/en\/wp-json\/wp\/v2\/types\/page"}],"author":[{"embeddable":true,"href":"https:\/\/plmf.ee\/en\/wp-json\/wp\/v2\/users\/9"}],"replies":[{"embeddable":true,"href":"https:\/\/plmf.ee\/en\/wp-json\/wp\/v2\/comments?post=63128"}],"version-history":[{"count":2,"href":"https:\/\/plmf.ee\/en\/wp-json\/wp\/v2\/pages\/63128\/revisions"}],"predecessor-version":[{"id":63130,"href":"https:\/\/plmf.ee\/en\/wp-json\/wp\/v2\/pages\/63128\/revisions\/63130"}],"wp:attachment":[{"href":"https:\/\/plmf.ee\/en\/wp-json\/wp\/v2\/media?parent=63128"}],"curies":[{"name":"wp","href":"https:\/\/api.w.org\/{rel}","templated":true}]}}