{"id":62791,"date":"2025-10-21T16:17:11","date_gmt":"2025-10-21T13:17:11","guid":{"rendered":"https:\/\/plmf.ee\/vi-virumaa-noor-muusik-2025\/"},"modified":"2025-12-09T15:56:15","modified_gmt":"2025-12-09T13:56:15","slug":"vi-virumaa-young-musician-competition-2025","status":"publish","type":"page","link":"https:\/\/plmf.ee\/en\/vi-virumaa-young-musician-competition-2025\/","title":{"rendered":"VI Virumaa Young Musician Competition 2025"},"content":{"rendered":"<div class=\"row \"><div class=\"wpv-grid grid-1-1  wpv-first-level first unextended\" style=\"padding-top:0px;padding-bottom:0px\" id=\"wpv-column-1472c50ab9efbad011a997ff27c188f3\" ><p><a href=\"https:\/\/www.plmf.ee\/wp-content\/uploads\/2025\/10\/29.png\"><img decoding=\"async\" class=\"aligncenter wp-image-62794 size-large\" src=\"https:\/\/www.plmf.ee\/wp-content\/uploads\/2025\/10\/29-1024x135.png\" alt=\"\" width=\"1024\" height=\"135\" srcset=\"https:\/\/plmf.ee\/wp-content\/uploads\/2025\/10\/29-1024x135.png 1024w, https:\/\/plmf.ee\/wp-content\/uploads\/2025\/10\/29-300x40.png 300w, https:\/\/plmf.ee\/wp-content\/uploads\/2025\/10\/29-768x101.png 768w, https:\/\/plmf.ee\/wp-content\/uploads\/2025\/10\/29-1260x166.png 1260w, https:\/\/plmf.ee\/wp-content\/uploads\/2025\/10\/29-615x81.png 615w, https:\/\/plmf.ee\/wp-content\/uploads\/2025\/10\/29-400x53.png 400w, https:\/\/plmf.ee\/wp-content\/uploads\/2025\/10\/29-292x39.png 292w, https:\/\/plmf.ee\/wp-content\/uploads\/2025\/10\/29-600x79.png 600w, https:\/\/plmf.ee\/wp-content\/uploads\/2025\/10\/29.png 1440w\" sizes=\"(max-width: 1024px) 100vw, 1024px\" \/><\/a><\/p>\n<hr \/>\n<p style=\"text-align: center;\"><\/div><\/div>\n<div class=\"row \"><div class=\"wpv-grid grid-1-1  wpv-first-level first unextended\" style=\"padding-top:0px;padding-bottom:0px\" id=\"wpv-column-b029b102495014d8fca18b56efa85a8c\" ><p style=\"text-align: center;\" data-start=\"43\" data-end=\"64\"><span style=\"font-size: 14pt;\"><strong data-start=\"43\" data-end=\"64\">YOUNGER AGE GROUP<\/strong><\/span><\/p>\n<p style=\"text-align: center;\" data-start=\"66\" data-end=\"202\"><span style=\"font-size: 14pt;\"><strong data-start=\"66\" data-end=\"81\">I. place \u2013<\/strong> 8-year-old pianist <strong data-start=\"101\" data-end=\"121\">Levon Karapetyan<\/strong> from Sillam\u00e4e Cultural and Hobby Centre Music School (teacher: Svetlana Rosseva)<\/span><\/p>\n<p style=\"text-align: center;\" data-start=\"204\" data-end=\"313\"><span style=\"font-size: 14pt;\"><strong data-start=\"204\" data-end=\"219\">II. place \u2013<\/strong> 9-year-old accordionist <strong data-start=\"244\" data-end=\"263\">Kirill Ignatiev<\/strong> from J\u00f5hvi Music School (teacher: Jelena Pajuste)<\/span><\/p>\n<hr data-start=\"315\" data-end=\"318\" \/>\n<p style=\"text-align: center;\" data-start=\"320\" data-end=\"340\"><span style=\"font-size: 14pt;\"><strong data-start=\"320\" data-end=\"340\">MIDDLE AGE GROUP<\/strong><\/span><\/p>\n<p style=\"text-align: center;\" data-start=\"342\" data-end=\"480\"><span style=\"font-size: 14pt;\"><strong data-start=\"342\" data-end=\"357\">I. place \u2013<\/strong> 11-year-old pianist <strong data-start=\"378\" data-end=\"399\">Tigran Karapetyan<\/strong> from Sillam\u00e4e Cultural and Hobby Centre Music School (teacher: Svetlana Rosseva)<\/span><\/p>\n<hr data-start=\"482\" data-end=\"485\" \/>\n<p style=\"text-align: center;\" data-start=\"487\" data-end=\"506\"><span style=\"font-size: 14pt;\"><strong data-start=\"487\" data-end=\"506\">OLDER AGE GROUP<\/strong><\/span><\/p>\n<p style=\"text-align: center;\" data-start=\"508\" data-end=\"658\"><span style=\"font-size: 14pt;\"><strong data-start=\"508\" data-end=\"567\">I. place and the title \u201cVirumaa Young Musician 2025\u201d \u2013<\/strong> 17-year-old guitarist <strong data-start=\"590\" data-end=\"609\">Georgi Samarski<\/strong> from J\u00f5hvi Music School (teacher: Inga Tagirova)<\/span><\/p>\n<p style=\"text-align: center;\" data-start=\"660\" data-end=\"798\"><span style=\"font-size: 14pt;\"><strong data-start=\"660\" data-end=\"675\">II. place \u2013<\/strong> 16-year-old euphonium player <strong data-start=\"705\" data-end=\"724\">Roman Moskaljov<\/strong> from Narva Music School (teacher: Igor Ten, accompanist: Irina Vorobjova)<\/span><\/p>\n<p style=\"text-align: center;\" data-start=\"800\" data-end=\"939\"><span style=\"font-size: 14pt;\"><strong data-start=\"800\" data-end=\"815\">III. place \u2013<\/strong> 13-year-old singer <strong data-start=\"835\" data-end=\"854\">Emilia Lebedeva<\/strong> from Ahtme School of Arts (teacher: Rena B\u00f5kova, accompanist: Olga Helena \u0160ljahhina)<\/span><\/p>\n<hr \/>\n<p style=\"text-align: center;\"><a href=\"https:\/\/www.plmf.ee\/wp-content\/uploads\/2025\/12\/Uldpilt-02.12.2025.jpg\"><img decoding=\"async\" class=\"aligncenter size-large wp-image-63336\" src=\"https:\/\/plmf.ee\/wp-content\/uploads\/2025\/12\/Uldpilt-02.12.2025-1024x683.jpg\" alt=\"\" width=\"1024\" height=\"683\" srcset=\"https:\/\/plmf.ee\/wp-content\/uploads\/2025\/12\/Uldpilt-02.12.2025-1024x683.jpg 1024w, https:\/\/plmf.ee\/wp-content\/uploads\/2025\/12\/Uldpilt-02.12.2025-300x200.jpg 300w, https:\/\/plmf.ee\/wp-content\/uploads\/2025\/12\/Uldpilt-02.12.2025-768x512.jpg 768w, https:\/\/plmf.ee\/wp-content\/uploads\/2025\/12\/Uldpilt-02.12.2025-615x410.jpg 615w, https:\/\/plmf.ee\/wp-content\/uploads\/2025\/12\/Uldpilt-02.12.2025-400x266.jpg 400w, https:\/\/plmf.ee\/wp-content\/uploads\/2025\/12\/Uldpilt-02.12.2025-292x195.jpg 292w, https:\/\/plmf.ee\/wp-content\/uploads\/2025\/12\/Uldpilt-02.12.2025-600x400.jpg 600w, https:\/\/plmf.ee\/wp-content\/uploads\/2025\/12\/Uldpilt-02.12.2025.jpg 1243w\" sizes=\"(max-width: 1024px) 100vw, 1024px\" \/><\/a><\/p>\n<hr \/>\n<p style=\"text-align: center;\"><\/div><\/div>\n<div class=\"row \"><div class=\"wpv-grid grid-1-1  wpv-first-level first unextended\" style=\"padding-top:0px;padding-bottom:0px\" id=\"wpv-column-c44dcc9eba15adbb5312aebb071b946b\" ><p style=\"text-align: center;\" data-start=\"43\" data-end=\"90\"><span style=\"font-size: 18pt;\"><strong data-start=\"43\" data-end=\"90\">VI VIRUMAA YOUNG MUSICIAN COMPETITION 2025<\/strong><\/span><\/p>\n<hr \/>\n<p style=\"text-align: center;\" data-start=\"92\" data-end=\"136\"><span style=\"font-size: 14pt;\">J\u00f5hvi Concert Hall<\/span><br data-start=\"110\" data-end=\"113\" \/><span style=\"font-size: 14pt;\">2 December 2025 at 4 PM<\/span><\/p>\n<hr \/>\n<p style=\"text-align: center;\" data-start=\"138\" data-end=\"397\"><span style=\"font-size: 14pt;\">Participants included students from music schools of East and West Virumaa \u2014 Rakvere, J\u00f5hvi, and Narva Music Schools, Sillam\u00e4e Cultural and Hobby Centre, Kohtla-J\u00e4rve, Iisaku and Ahtme Schools of Arts, Narva-J\u00f5esuu Children\u2019s Music and Art School, and others.<\/span><\/p>\n<p style=\"text-align: center;\" data-start=\"399\" data-end=\"515\"><span style=\"font-size: 14pt;\"><strong data-start=\"399\" data-end=\"420\">Competition jury:<\/strong><\/span><br data-start=\"420\" data-end=\"423\" \/><span style=\"font-size: 14pt;\">Pille Lill (voice), Mari-Liis Uibo (violin), Toomas Vavilov (clarinet), Mati Mikalai (piano)<\/span><\/p>\n<hr \/>\n<p style=\"text-align: center;\"><\/div><\/div>\n<div class=\"row \"><div class=\"wpv-grid grid-1-2  wpv-first-level first unextended\" style=\"padding-top:0px;padding-bottom:0px\" id=\"wpv-column-372289d72089159b9dcb05e550c3f7f7\" ><p><a href=\"https:\/\/www.plmf.ee\/wp-content\/uploads\/2025\/11\/VIRUMAA-NOORMUUSIK-PLAKAT-2025.jpg\"><img decoding=\"async\" class=\"aligncenter wp-image-63231 size-large\" src=\"https:\/\/www.plmf.ee\/wp-content\/uploads\/2025\/11\/VIRUMAA-NOORMUUSIK-PLAKAT-2025-724x1024.jpg\" alt=\"\" width=\"724\" height=\"1024\" srcset=\"https:\/\/plmf.ee\/wp-content\/uploads\/2025\/11\/VIRUMAA-NOORMUUSIK-PLAKAT-2025-724x1024.jpg 724w, https:\/\/plmf.ee\/wp-content\/uploads\/2025\/11\/VIRUMAA-NOORMUUSIK-PLAKAT-2025-212x300.jpg 212w, https:\/\/plmf.ee\/wp-content\/uploads\/2025\/11\/VIRUMAA-NOORMUUSIK-PLAKAT-2025-768x1086.jpg 768w, https:\/\/plmf.ee\/wp-content\/uploads\/2025\/11\/VIRUMAA-NOORMUUSIK-PLAKAT-2025-615x870.jpg 615w, https:\/\/plmf.ee\/wp-content\/uploads\/2025\/11\/VIRUMAA-NOORMUUSIK-PLAKAT-2025-400x566.jpg 400w, https:\/\/plmf.ee\/wp-content\/uploads\/2025\/11\/VIRUMAA-NOORMUUSIK-PLAKAT-2025-292x413.jpg 292w, https:\/\/plmf.ee\/wp-content\/uploads\/2025\/11\/VIRUMAA-NOORMUUSIK-PLAKAT-2025-600x848.jpg 600w, https:\/\/plmf.ee\/wp-content\/uploads\/2025\/11\/VIRUMAA-NOORMUUSIK-PLAKAT-2025.jpg 1000w\" sizes=\"(max-width: 724px) 100vw, 724px\" \/><\/a><\/div>\n<div class=\"wpv-grid grid-1-2  wpv-first-level unextended\" style=\"padding-top:0px;padding-bottom:0px\" id=\"wpv-column-87baf6ec8433b0aba5a9865cfd5e5329\" ><p><a href=\"https:\/\/www.plmf.ee\/wp-content\/uploads\/2025\/10\/2.12-VIRUMAA-PLAKATID-724x1024.jpg\"><img decoding=\"async\" class=\"aligncenter size-large wp-image-63225\" src=\"https:\/\/www.plmf.ee\/wp-content\/uploads\/2025\/10\/2.12-VIRUMAA-PLAKATID-724x1024.jpg\" alt=\"\" width=\"724\" height=\"1024\" srcset=\"https:\/\/plmf.ee\/wp-content\/uploads\/2025\/10\/2.12-VIRUMAA-PLAKATID-724x1024.jpg 724w, https:\/\/plmf.ee\/wp-content\/uploads\/2025\/10\/2.12-VIRUMAA-PLAKATID-212x300.jpg 212w, https:\/\/plmf.ee\/wp-content\/uploads\/2025\/10\/2.12-VIRUMAA-PLAKATID-768x1086.jpg 768w, https:\/\/plmf.ee\/wp-content\/uploads\/2025\/10\/2.12-VIRUMAA-PLAKATID-615x870.jpg 615w, https:\/\/plmf.ee\/wp-content\/uploads\/2025\/10\/2.12-VIRUMAA-PLAKATID-400x566.jpg 400w, https:\/\/plmf.ee\/wp-content\/uploads\/2025\/10\/2.12-VIRUMAA-PLAKATID-292x413.jpg 292w, https:\/\/plmf.ee\/wp-content\/uploads\/2025\/10\/2.12-VIRUMAA-PLAKATID-600x848.jpg 600w, https:\/\/plmf.ee\/wp-content\/uploads\/2025\/10\/2.12-VIRUMAA-PLAKATID.jpg 1000w\" sizes=\"(max-width: 724px) 100vw, 724px\" \/><\/a><\/div><\/div>\n<div class=\"row \"><div class=\"wpv-grid grid-1-1  wpv-first-level first unextended\" style=\"padding-top:0px;padding-bottom:0px\" id=\"wpv-column-b9e539537c0ffe8ffc8db48edda934f2\" ><p style=\"text-align: center;\" data-start=\"43\" data-end=\"215\"><span style=\"font-size: 14pt;\">The competition takes place within the framework of the <strong data-start=\"99\" data-end=\"129\">VII Virumaa Music Festival<\/strong>, 30 November\u20137 December 2025:<\/span><br data-start=\"159\" data-end=\"162\" \/><a href=\"https:\/\/plmf.ee\/en\/vii-virumaa-music-festival-2025\/\"><span style=\"font-size: 14pt;\">https:\/\/plmf.ee\/en\/vii-virumaa-music-festival-2025\/<\/span><\/a><\/p>\n<p style=\"text-align: center;\" data-start=\"217\" data-end=\"387\" data-is-last-node=\"\" data-is-only-node=\"\"><span style=\"font-size: 14pt;\">The competition prize fund is supported by <strong data-start=\"260\" data-end=\"284\">Mrs. Katrin Puhakson<\/strong>,<\/span><br data-start=\"285\" data-end=\"288\" \/><span style=\"font-size: 14pt;\">gift packages are supported by <strong data-start=\"319\" data-end=\"339\" data-is-only-node=\"\">Orient Office AS<\/strong>,<\/span><br data-start=\"340\" data-end=\"343\" \/><span style=\"font-size: 14pt;\">and the cake is sponsored by <strong data-start=\"372\" data-end=\"386\">AS Pihlaka<\/strong>.<\/span><\/p>\n<hr \/><\/div><\/div>\n","protected":false},"excerpt":{"rendered":"<p>YOUNGER AGE GROUP I. place \u2013 8-year-old pianist Levon Karapetyan from Sillam\u00e4e Cultural and Hobby Centre Music School (teacher: Svetlana Rosseva) II. place \u2013 9-year-old accordionist Kirill Ignatiev from J\u00f5hvi&#8230;<\/p>\n","protected":false},"author":9,"featured_media":0,"parent":0,"menu_order":0,"comment_status":"closed","ping_status":"closed","template":"","meta":{"footnotes":""},"class_list":["post-62791","page","type-page","status-publish","hentry"],"yoast_head":"<!-- This site is optimized with the Yoast SEO plugin v27.1.1 - https:\/\/yoast.com\/product\/yoast-seo-wordpress\/ -->\n<title>VI Virumaa Young Musician Competition 2025 - Pille Lill Music Fund<\/title>\n<meta name=\"robots\" content=\"index, follow, max-snippet:-1, max-image-preview:large, max-video-preview:-1\" \/>\n<link rel=\"canonical\" href=\"https:\/\/plmf.ee\/vi-virumaa-noor-muusik-2025\/\" \/>\n<meta property=\"og:locale\" content=\"en_US\" \/>\n<meta property=\"og:type\" content=\"article\" \/>\n<meta property=\"og:title\" content=\"VI Virumaa Young Musician Competition 2025 - Pille Lill Music Fund\" \/>\n<meta property=\"og:description\" content=\"YOUNGER AGE GROUP I. place \u2013 8-year-old pianist Levon Karapetyan from Sillam\u00e4e Cultural and Hobby Centre Music School (teacher: Svetlana Rosseva) II. place \u2013 9-year-old accordionist Kirill Ignatiev from J\u00f5hvi...\" \/>\n<meta property=\"og:url\" content=\"https:\/\/plmf.ee\/vi-virumaa-noor-muusik-2025\/\" \/>\n<meta property=\"og:site_name\" content=\"Pille Lill Music Fund\" \/>\n<meta property=\"article:modified_time\" content=\"2025-12-09T13:56:15+00:00\" \/>\n<meta property=\"og:image\" content=\"https:\/\/www.plmf.ee\/wp-content\/uploads\/2025\/10\/29-1024x135.png\" \/>\n<meta name=\"twitter:card\" content=\"summary_large_image\" \/>\n<meta name=\"twitter:label1\" content=\"Est. reading time\" \/>\n\t<meta name=\"twitter:data1\" content=\"3 minutes\" \/>\n<script type=\"application\/ld+json\" class=\"yoast-schema-graph\">{\"@context\":\"https:\/\/schema.org\",\"@graph\":[{\"@type\":\"WebPage\",\"@id\":\"https:\/\/plmf.ee\/vi-virumaa-noor-muusik-2025\/\",\"url\":\"https:\/\/plmf.ee\/vi-virumaa-noor-muusik-2025\/\",\"name\":\"VI Virumaa Young Musician Competition 2025 - Pille Lill Music Fund\",\"isPartOf\":{\"@id\":\"https:\/\/www.plmf.ee\/#website\"},\"primaryImageOfPage\":{\"@id\":\"https:\/\/plmf.ee\/vi-virumaa-noor-muusik-2025\/#primaryimage\"},\"image\":{\"@id\":\"https:\/\/plmf.ee\/vi-virumaa-noor-muusik-2025\/#primaryimage\"},\"thumbnailUrl\":\"https:\/\/www.plmf.ee\/wp-content\/uploads\/2025\/10\/29-1024x135.png\",\"datePublished\":\"2025-10-21T13:17:11+00:00\",\"dateModified\":\"2025-12-09T13:56:15+00:00\",\"breadcrumb\":{\"@id\":\"https:\/\/plmf.ee\/vi-virumaa-noor-muusik-2025\/#breadcrumb\"},\"inLanguage\":\"en-US\",\"potentialAction\":[{\"@type\":\"ReadAction\",\"target\":[\"https:\/\/plmf.ee\/vi-virumaa-noor-muusik-2025\/\"]}]},{\"@type\":\"ImageObject\",\"inLanguage\":\"en-US\",\"@id\":\"https:\/\/plmf.ee\/vi-virumaa-noor-muusik-2025\/#primaryimage\",\"url\":\"https:\/\/www.plmf.ee\/wp-content\/uploads\/2025\/10\/29-1024x135.png\",\"contentUrl\":\"https:\/\/www.plmf.ee\/wp-content\/uploads\/2025\/10\/29-1024x135.png\"},{\"@type\":\"BreadcrumbList\",\"@id\":\"https:\/\/plmf.ee\/vi-virumaa-noor-muusik-2025\/#breadcrumb\",\"itemListElement\":[{\"@type\":\"ListItem\",\"position\":1,\"name\":\"Home\",\"item\":\"https:\/\/plmf.ee\/en\/\"},{\"@type\":\"ListItem\",\"position\":2,\"name\":\"VI Virumaa Young Musician Competition 2025\"}]},{\"@type\":\"WebSite\",\"@id\":\"https:\/\/www.plmf.ee\/#website\",\"url\":\"https:\/\/www.plmf.ee\/\",\"name\":\"Pille Lill Music Fund\",\"description\":\"Planet Of Talent\",\"potentialAction\":[{\"@type\":\"SearchAction\",\"target\":{\"@type\":\"EntryPoint\",\"urlTemplate\":\"https:\/\/www.plmf.ee\/?s={search_term_string}\"},\"query-input\":{\"@type\":\"PropertyValueSpecification\",\"valueRequired\":true,\"valueName\":\"search_term_string\"}}],\"inLanguage\":\"en-US\"}]}<\/script>\n<!-- \/ Yoast SEO plugin. -->","yoast_head_json":{"title":"VI Virumaa Young Musician Competition 2025 - Pille Lill Music Fund","robots":{"index":"index","follow":"follow","max-snippet":"max-snippet:-1","max-image-preview":"max-image-preview:large","max-video-preview":"max-video-preview:-1"},"canonical":"https:\/\/plmf.ee\/vi-virumaa-noor-muusik-2025\/","og_locale":"en_US","og_type":"article","og_title":"VI Virumaa Young Musician Competition 2025 - Pille Lill Music Fund","og_description":"YOUNGER AGE GROUP I. place \u2013 8-year-old pianist Levon Karapetyan from Sillam\u00e4e Cultural and Hobby Centre Music School (teacher: Svetlana Rosseva) II. place \u2013 9-year-old accordionist Kirill Ignatiev from J\u00f5hvi...","og_url":"https:\/\/plmf.ee\/vi-virumaa-noor-muusik-2025\/","og_site_name":"Pille Lill Music Fund","article_modified_time":"2025-12-09T13:56:15+00:00","og_image":[{"url":"https:\/\/www.plmf.ee\/wp-content\/uploads\/2025\/10\/29-1024x135.png","type":"","width":"","height":""}],"twitter_card":"summary_large_image","twitter_misc":{"Est. reading time":"3 minutes"},"schema":{"@context":"https:\/\/schema.org","@graph":[{"@type":"WebPage","@id":"https:\/\/plmf.ee\/vi-virumaa-noor-muusik-2025\/","url":"https:\/\/plmf.ee\/vi-virumaa-noor-muusik-2025\/","name":"VI Virumaa Young Musician Competition 2025 - Pille Lill Music Fund","isPartOf":{"@id":"https:\/\/www.plmf.ee\/#website"},"primaryImageOfPage":{"@id":"https:\/\/plmf.ee\/vi-virumaa-noor-muusik-2025\/#primaryimage"},"image":{"@id":"https:\/\/plmf.ee\/vi-virumaa-noor-muusik-2025\/#primaryimage"},"thumbnailUrl":"https:\/\/www.plmf.ee\/wp-content\/uploads\/2025\/10\/29-1024x135.png","datePublished":"2025-10-21T13:17:11+00:00","dateModified":"2025-12-09T13:56:15+00:00","breadcrumb":{"@id":"https:\/\/plmf.ee\/vi-virumaa-noor-muusik-2025\/#breadcrumb"},"inLanguage":"en-US","potentialAction":[{"@type":"ReadAction","target":["https:\/\/plmf.ee\/vi-virumaa-noor-muusik-2025\/"]}]},{"@type":"ImageObject","inLanguage":"en-US","@id":"https:\/\/plmf.ee\/vi-virumaa-noor-muusik-2025\/#primaryimage","url":"https:\/\/www.plmf.ee\/wp-content\/uploads\/2025\/10\/29-1024x135.png","contentUrl":"https:\/\/www.plmf.ee\/wp-content\/uploads\/2025\/10\/29-1024x135.png"},{"@type":"BreadcrumbList","@id":"https:\/\/plmf.ee\/vi-virumaa-noor-muusik-2025\/#breadcrumb","itemListElement":[{"@type":"ListItem","position":1,"name":"Home","item":"https:\/\/plmf.ee\/en\/"},{"@type":"ListItem","position":2,"name":"VI Virumaa Young Musician Competition 2025"}]},{"@type":"WebSite","@id":"https:\/\/www.plmf.ee\/#website","url":"https:\/\/www.plmf.ee\/","name":"Pille Lill Music Fund","description":"Planet Of Talent","potentialAction":[{"@type":"SearchAction","target":{"@type":"EntryPoint","urlTemplate":"https:\/\/www.plmf.ee\/?s={search_term_string}"},"query-input":{"@type":"PropertyValueSpecification","valueRequired":true,"valueName":"search_term_string"}}],"inLanguage":"en-US"}]}},"_links":{"self":[{"href":"https:\/\/plmf.ee\/en\/wp-json\/wp\/v2\/pages\/62791","targetHints":{"allow":["GET"]}}],"collection":[{"href":"https:\/\/plmf.ee\/en\/wp-json\/wp\/v2\/pages"}],"about":[{"href":"https:\/\/plmf.ee\/en\/wp-json\/wp\/v2\/types\/page"}],"author":[{"embeddable":true,"href":"https:\/\/plmf.ee\/en\/wp-json\/wp\/v2\/users\/9"}],"replies":[{"embeddable":true,"href":"https:\/\/plmf.ee\/en\/wp-json\/wp\/v2\/comments?post=62791"}],"version-history":[{"count":5,"href":"https:\/\/plmf.ee\/en\/wp-json\/wp\/v2\/pages\/62791\/revisions"}],"predecessor-version":[{"id":63351,"href":"https:\/\/plmf.ee\/en\/wp-json\/wp\/v2\/pages\/62791\/revisions\/63351"}],"wp:attachment":[{"href":"https:\/\/plmf.ee\/en\/wp-json\/wp\/v2\/media?parent=62791"}],"curies":[{"name":"wp","href":"https:\/\/api.w.org\/{rel}","templated":true}]}}