{"id":59817,"date":"2024-11-13T16:51:41","date_gmt":"2024-11-13T14:51:41","guid":{"rendered":"https:\/\/www.plmf.ee\/xviii-tallinna-talvefestival\/"},"modified":"2025-02-05T14:54:45","modified_gmt":"2025-02-05T12:54:45","slug":"xviii-tallinn-winter-festival","status":"publish","type":"page","link":"https:\/\/plmf.ee\/en\/xviii-tallinn-winter-festival\/","title":{"rendered":"XVIII Tallinn Winter Festival 2025"},"content":{"rendered":"<div class=\"row \"><div class=\"wpv-grid grid-1-1  wpv-first-level first unextended\" style=\"padding-top:0px;padding-bottom:0px\" id=\"wpv-column-935d21ddf6885ba01f942bf420a38d49\" ><p style=\"text-align: center;\"><span style=\"font-size: 18pt;\"><strong><a href=\"https:\/\/plmf.ee\/wp-content\/uploads\/2024\/12\/PLMF-KODUKA-VAHEBANNER-TALVEFESTIVAL.jpg\"><img decoding=\"async\" class=\"aligncenter wp-image-59681 size-full\" src=\"https:\/\/plmf.ee\/wp-content\/uploads\/2024\/12\/PLMF-KODUKA-VAHEBANNER-TALVEFESTIVAL.jpg\" alt=\"\" width=\"1440\" height=\"190\" srcset=\"https:\/\/plmf.ee\/wp-content\/uploads\/2024\/12\/PLMF-KODUKA-VAHEBANNER-TALVEFESTIVAL.jpg 1440w, https:\/\/plmf.ee\/wp-content\/uploads\/2024\/12\/PLMF-KODUKA-VAHEBANNER-TALVEFESTIVAL-300x40.jpg 300w, https:\/\/plmf.ee\/wp-content\/uploads\/2024\/12\/PLMF-KODUKA-VAHEBANNER-TALVEFESTIVAL-1024x135.jpg 1024w, https:\/\/plmf.ee\/wp-content\/uploads\/2024\/12\/PLMF-KODUKA-VAHEBANNER-TALVEFESTIVAL-1260x166.jpg 1260w, https:\/\/plmf.ee\/wp-content\/uploads\/2024\/12\/PLMF-KODUKA-VAHEBANNER-TALVEFESTIVAL-615x81.jpg 615w, https:\/\/plmf.ee\/wp-content\/uploads\/2024\/12\/PLMF-KODUKA-VAHEBANNER-TALVEFESTIVAL-400x53.jpg 400w, https:\/\/plmf.ee\/wp-content\/uploads\/2024\/12\/PLMF-KODUKA-VAHEBANNER-TALVEFESTIVAL-292x39.jpg 292w, https:\/\/plmf.ee\/wp-content\/uploads\/2024\/12\/PLMF-KODUKA-VAHEBANNER-TALVEFESTIVAL-600x79.jpg 600w\" sizes=\"(max-width: 1440px) 100vw, 1440px\" \/><\/a><\/strong><\/span><\/p>\n<hr \/>\n<p style=\"text-align: center;\"><span style=\"font-size: 18pt;\"><strong>XVIII TALLINN WINTER FESTIVAL \u201cOPEN YOUR EYES AND OPEN YOUR HEART&#8221;<br \/>\n11.-27.02.2025<\/strong><\/span><\/p>\n<p style=\"text-align: center;\"><span style=\"font-size: 14pt;\">The festival has for years brought light and joy to February and once again invites the concert audience to Tallinn Town Hall,<br \/>\nSwedish St. Michael&#8217;s Church, and the Estonian Academy of Music and Theatre Concert and Theatre Hall.<\/span><\/p>\n<p style=\"text-align: center;\"><span style=\"font-size: 14pt;\">PLMF has the exceptional honor that the Tallinn Winter Festival has been awarded the<br \/>\nEuropean Festivals Association (EFFE) quality label for 2024-2025.<\/span><\/p>\n<p><a href=\"https:\/\/www.plmf.ee\/wp-content\/uploads\/2024\/11\/EFFE-LABEL-RGB-2024-2025-scaled.jpg\"><img decoding=\"async\" class=\"aligncenter wp-image-59528\" src=\"https:\/\/plmf.ee\/wp-content\/uploads\/2024\/11\/EFFE-LABEL-RGB-2024-2025-261x300.jpg\" alt=\"\" width=\"109\" height=\"125\" srcset=\"https:\/\/plmf.ee\/wp-content\/uploads\/2024\/11\/EFFE-LABEL-RGB-2024-2025-261x300.jpg 261w, https:\/\/plmf.ee\/wp-content\/uploads\/2024\/11\/EFFE-LABEL-RGB-2024-2025-891x1024.jpg 891w, https:\/\/plmf.ee\/wp-content\/uploads\/2024\/11\/EFFE-LABEL-RGB-2024-2025-1337x1536.jpg 1337w, https:\/\/plmf.ee\/wp-content\/uploads\/2024\/11\/EFFE-LABEL-RGB-2024-2025-1783x2048.jpg 1783w, https:\/\/plmf.ee\/wp-content\/uploads\/2024\/11\/EFFE-LABEL-RGB-2024-2025-1260x1447.jpg 1260w, https:\/\/plmf.ee\/wp-content\/uploads\/2024\/11\/EFFE-LABEL-RGB-2024-2025-615x706.jpg 615w, https:\/\/plmf.ee\/wp-content\/uploads\/2024\/11\/EFFE-LABEL-RGB-2024-2025-400x459.jpg 400w, https:\/\/plmf.ee\/wp-content\/uploads\/2024\/11\/EFFE-LABEL-RGB-2024-2025-292x335.jpg 292w, https:\/\/plmf.ee\/wp-content\/uploads\/2024\/11\/EFFE-LABEL-RGB-2024-2025-600x689.jpg 600w\" sizes=\"(max-width: 109px) 100vw, 109px\" \/><\/a><\/div><\/div>\n<div class=\"row \"><div class=\"wpv-grid grid-1-1  wpv-first-level first unextended\" style=\"padding-top:0px;padding-bottom:0px\" id=\"wpv-column-481b78b437043a357f9a384bf902e19d\" ><p style=\"text-align: center;\"><span style=\"font-size: 14pt;\">The performers include Estonia&#8217;s top soloists, young competition winners, and musicians from<br \/>\nItaly, Spain, France, Germany, the Czech Republic, and Latvia.<br \/>\n<\/span><span style=\"font-size: 14pt;\">A tradition of the Winter Festival is also the awarding of the Kelam Family Special Prize to the MUBA Talent.<br \/>\n<\/span><span style=\"font-size: 14pt;\">As part of the Festival\u2019s Youth Program, school concerts will be held at educational institutions in Tallinn.<\/span><\/p>\n<p style=\"text-align: center;\"><span style=\"font-size: 18pt;\"><strong>Tickets priced at \u20ac12-\u20ac25 are available on <a href=\"https:\/\/www.piletilevi.ee\/eng\/tickets\/muusika\/festival\/xviii-tallinna-talvefestival-95169\/\">Piletilevi<\/a> and at the venues before the concerts!<\/strong><\/span><\/p>\n<p style=\"text-align: center;\"><span style=\"font-size: 14pt;\">&#8220;Open Your Eyes and Open Your Heart&#8221; wishes to extend a helping hand once again to Ukrainian music students through the charity project<br \/>\n<strong>MUSIC FOR UKRAINE<\/strong>.<\/span><\/p>\n<p style=\"text-align: center;\"><span style=\"font-size: 14pt;\">As part of this year\u2019s campaign, we are raising funds to organize masterclasses for Ukrainian music students.<br \/>\nPLMF will allocate 20% of the Winter Festival\u2019s ticket revenue to support this campaign.<br \/>\n<\/span><strong><span style=\"font-size: 14pt;\">Come and enjoy concerts by fantastic musicians and support future talents with your ticket purchase.<br \/>\n<\/span><span style=\"font-size: 14pt;\">We also welcome kind-hearted individuals and organizations to contribute through donations:<\/span><\/strong><br \/>\n<span style=\"font-size: 14pt;\">MT\u00dc Muusikute t\u00e4iend\u00f5ppe keskus<\/span><br \/>\n<span style=\"font-size: 14pt;\">EE037700771003227591<\/span><br \/>\n<span style=\"font-size: 14pt;\">with the reference &#8220;Open Your Eyes and Open Your Heart&#8221;.<br \/>\n<\/span><span style=\"font-size: 14pt;\">More information about the project can be found <a href=\"https:\/\/plmf.ee\/en\/charity-campaign-for-ukraine\/\"><strong>HERE<\/strong><\/a>.<\/span><\/div><\/div>\n\t\t<div class=\"sep-text single centered\">\n\t\t\t\t\t\t\t<span class=\"sep-text-before\"><div class=\"sep-text-line\"><\/div><\/span>\n\t\t\t\t\t\t<div class=\"content\">\n\t\t\t\t\n<strong><span style=\"font-size: 14pt;\">FESTIVAL PROGRAMME<\/span><\/strong><br \/>\n\t\t\t<\/div>\n\t\t\t<span class=\"sep-text-after\"><div class=\"sep-text-line\"><\/div><\/span>\n\t\t\t\t\t<\/div>\n\t\n<div class=\"row \"><div class=\"wpv-grid grid-1-2  wpv-first-level first unextended\" style=\"padding-top:0px;padding-bottom:0px\" id=\"wpv-column-ad04e577970787c2c3c9705e59e81305\" ><p style=\"text-align: center;\"><span style=\"font-size: 14pt;\"><b>Swedish St. Michael&#8217;s Church<br \/>\n<\/b><\/span><span style=\"font-size: 14pt;\"><b><\/b><span style=\"font-weight: 400;\">11th of February at 3PM<br \/>\n<\/span>FESTIVAL OPENING CONCERT \u2013 YOUNG TALENTS<br \/>\n<strong>Annabel Soode<\/strong> (soprano) and <strong>Rose Thomas<\/strong> (piano, FR) \u2013<br \/>\nwinners of the 4th Chamber Duo Competition<br \/>\n<strong>Rasmus Rosenberg<\/strong> (piano) \u2013 2nd place winner of Annetekoda 2024 and laureate of the PLMF special award (\u00dclenurme Music School)<br \/>\n<strong>Tigran Karapetyan<\/strong> (piano) \u2013 Virumaa Young Musician 2024 Grand Prix (Sillam\u00e4e Music School)<br \/>\nProgram: Bach, Chopin, Saariaho, Rachmaninoff, Cu\u00e9llar etc.<br \/>\nFree admission to the concert!<br \/>\n<\/span><\/p>\n<hr \/>\n<p style=\"text-align: center;\"><span style=\"font-size: 14pt;\"><b>Jaan Poska House<\/b><span style=\"font-weight: 400;\"><br \/>\n<\/span><span style=\"font-weight: 400;\">12th of February at 6PM<br \/>\n<\/span>ESTONIA&#8217;S OUTSTANDING EDUCATORS AND THEIR STUDENTS<br \/>\nJAAN R\u00c4\u00c4TS AND HIS CONTEMPORARIES<br \/>\n<strong>Johan Randvere<\/strong> (piano)<br \/>\nEvening hosted by <strong>Eliisa R\u00e4\u00e4ts<\/strong><br \/>\nTickets priced at \u20ac20\/\u20ac12 are available on <a href=\"https:\/\/www.piletilevi.ee\/eng\/tickets\/muusika\/festival\/xviii-tallinna-talvefestivali-kontsert-jaan-raats-ja-tema-kaasaegsed-sarjas-eesti-valjapaistvad-oppejoud-ja-nende-opilased-455878\/\">Piletilevi<\/a><br \/>\n<\/span><\/p>\n<hr \/>\n<p style=\"text-align: center;\"><span style=\"font-size: 14pt;\"><b>Tallinn Town Hall<br \/>\n<\/b><span style=\"font-weight: 400;\">13th of February at 6PM<br \/>\n<\/span><span style=\"font-weight: 400;\">MEDITERRANEAN ATMOSPHERE<br \/>\n<strong>Rocio Faus<\/strong> (soprano, ES), <strong>Liubov Gromoglasova<\/strong> (piano, LV\/IT)<br \/>\nProgram: Debussy, Faur\u00e9, Poulenc etc.<br \/>\nTickets priced at \u20ac20\/\u20ac12 are available on <a href=\"https:\/\/www.piletilevi.ee\/eng\/tickets\/muusika\/festival\/xviii-tallinna-talvefestivali-kontsert-vahemere-atmosfaar-455879\/\">Piletilevi<\/a><br \/>\n<\/span><\/span><\/p>\n<hr \/>\n<p style=\"text-align: center;\"><span style=\"font-size: 14pt;\"><b>Tallinn Town Hall<br \/>\n<span style=\"font-weight: 400;\">14th of February at 6PM<br \/>\n<\/span><span style=\"font-weight: 400;\">19TH CENTURY ITALIAN OPERA<br \/>\n<strong>Antonia Cuomo<\/strong> (soprano, IT) \u2013 winner of the T.O.S.C.A 2024 competition<br \/>\n<strong>Pepe Hannan<\/strong> (tenor, ES), <strong>Liubov Gromoglasova<\/strong> (piano, IT)<br \/>\nProgram: Puccini, Mascagni, Cilea, Giordano<br \/>\nTickets priced at \u20ac20\/\u20ac12 are available on <a href=\"https:\/\/www.piletilevi.ee\/eng\/tickets\/muusika\/festival\/xviii-tallinna-talvefestivali-kontsert-19-sajandi-itaalia-ooper-455880\/\">Piletilevi<\/a><br \/>\n<\/span><\/b><\/span><\/div>\n<div class=\"wpv-grid grid-1-2  wpv-first-level unextended\" style=\"padding-top:0px;padding-bottom:0px\" id=\"wpv-column-5fac36d379842a664bd5ea804b533a9e\" ><p style=\"text-align: center;\"><span style=\"font-size: 14pt;\"><b>Tallinn Town Hall<br \/>\n<span style=\"font-weight: 400;\">15th of February at 6PM<br \/>\n<\/span><span style=\"font-weight: 400;\">ETERNAL HARMONY<br \/>\n<strong>Irina Vylegzhanina<\/strong> (cello, LV), <strong>Liubov Gromoglasova<\/strong> (piano, LV\/IT)<br \/>\nProgram: Bach, Schubert, Brahms<br \/>\nTickets priced at \u20ac20\/\u20ac12 are available on <a href=\"https:\/\/www.piletilevi.ee\/eng\/tickets\/muusika\/festival\/xviii-tallinna-talvefestivali-kontsert-igavikuline-harmoonia-455881\/\">Piletilevi<\/a><br \/>\n<\/span><\/b><\/span><\/p>\n<hr \/>\n<p style=\"text-align: center;\"><span style=\"font-size: 14pt;\"><b>Tallinn Town Hall<br \/>\n<span style=\"font-weight: 400;\">20th of February at 6PM<br \/>\n<\/span><span style=\"font-weight: 400;\">SPIEGEL IM SPIEGEL<br \/>\n<strong>Kristina Fialov\u00e1<\/strong> (violin, CZ), <strong>Ralf Taal<\/strong> (piano)<br \/>\nProgram: Schubert, Brahms, P\u00e4rt etc.<br \/>\nTickets priced at \u20ac20\/\u20ac12 are available on <a href=\"https:\/\/www.piletilevi.ee\/eng\/tickets\/muusika\/festival\/xviii-tallinna-talvefestivali-kontsert-spiegel-im-spiegel-455888\/\">Piletilevi<\/a><br \/>\n<\/span><\/b><\/span><\/p>\n<hr \/>\n<p style=\"text-align: center;\"><span style=\"font-size: 14pt;\"><b>Tallinn Town Hall<\/b><span style=\"font-weight: 400;\"><br \/>\n<\/span><span style=\"font-weight: 400;\">26th of February at 6PM<br \/>\n<\/span><span style=\"font-weight: 400;\">IN THE WIND OF MUSIC<br \/>\n<strong>Michael Vaiman<\/strong> (violin, DE), <strong>Peeter Paemurru<\/strong> (cello),<br \/>\n<strong>Dina Joffe<\/strong> (piano, DE)<br \/>\nProgram: Brahms, Rahmaninov, Aarne etc.<br \/>\nTickets priced at \u20ac20\/\u20ac12 are available on <a href=\"https:\/\/www.piletilevi.ee\/eng\/tickets\/muusika\/festival\/xviii-tallinna-talvefestivali-kontsert-muusika-tuules-455936\/\">Piletilevi<\/a><br \/>\n<\/span><\/span><\/p>\n<hr \/>\n<p style=\"text-align: center;\"><span style=\"font-size: 14pt;\"><span style=\"font-weight: 400;\"><strong>Estonian Academy of Music and Theatre Concert Hall<\/strong><br \/>\n27th of February at 6PM<br \/>\n<\/span><span style=\"font-weight: 400;\">FESTIVAL CLOSING CONCERT<br \/>\nEstonian top pianist <strong>Irina Zahharenkova<br \/>\n<\/strong><\/span><\/span><span style=\"font-size: 14pt;\">*Announcement of the \u201cMUBA Talent 2024\u201d<br \/>\n<\/span><span style=\"font-size: 14pt;\">PROGRAM<br \/>\nLudwig van Beethoven (1770\u20131827) \u2013 Sonata No. 1 in F minor, op. 2<br \/>\nClaude Debussy (1862\u20131918) \u2013 Suite bergamasque<br \/>\nSergei Rachmaninoff (1874\u20131943) \u2013 Moments Musicaux, op.16<br \/>\n<\/span><span style=\"font-size: 14pt;\">Tickets priced at \u20ac25\/\u20ac20 are available on <strong><a href=\"https:\/\/www.piletilevi.ee\/eng\/tickets\/muusika\/festival\/xviii-tallinna-talvefestivali-loppkontsert-451949\/\">Piletilevi<\/a><\/strong><\/span><\/p>\n<p style=\"text-align: center;\"><span style=\"font-size: 14pt;\"><span style=\"font-weight: 400;\">\u00a0<\/span><\/span><\/div><\/div>\n\t\t<div class=\"sep-text single centered\">\n\t\t\t\t\t\t\t<span class=\"sep-text-before\"><div class=\"sep-text-line\"><\/div><\/span>\n\t\t\t\t\t\t<div class=\"content\">\n\t\t\t\t\n<strong><span style=\"font-size: 14pt;\">YOUTH PROGRAM<\/span><\/strong><br \/>\n\t\t\t<\/div>\n\t\t\t<span class=\"sep-text-after\"><div class=\"sep-text-line\"><\/div><\/span>\n\t\t\t\t\t<\/div>\n\t\n<div class=\"row \"><div class=\"wpv-grid grid-1-2  wpv-first-level first unextended\" style=\"padding-top:0px;padding-bottom:0px\" id=\"wpv-column-f7a14b55324dd46d09b87db07dec5ca9\" ><p dir=\"ltr\" style=\"text-align: center;\"><span style=\"font-size: 14pt;\"><strong>Tallinn&#8217;s Mustj\u00f5e High School<\/strong><\/span><br \/>\n<span style=\"font-size: 14pt;\">18th of February<\/span><br \/>\n<span style=\"font-size: 14pt;\"><strong>Virgo Veldi<\/strong> (saxophone),\u00a0<strong>Olga Kulikova<\/strong> (piano)<\/span><br \/>\n<span style=\"font-size: 14pt;\">Program: Eller, Eespere, Uusberg etc.<\/span><\/p>\n<hr \/>\n<p dir=\"ltr\" style=\"text-align: center;\"><span style=\"font-size: 14pt;\"><strong>Tallinn&#8217;s \u00d5ism\u00e4e High School<\/strong><\/span><br \/>\n<span style=\"font-size: 14pt;\">18th of February<\/span><br \/>\n<span style=\"font-size: 14pt;\"><strong>Virgo Veldi<\/strong> (saxophone), <strong>Olga Kulikova<\/strong> (piano)<\/span><br \/>\n<span style=\"font-size: 14pt;\">Program: Eller, Eespere, Uusberg etc.<\/span><\/div>\n<div class=\"wpv-grid grid-1-2  wpv-first-level unextended\" style=\"padding-top:0px;padding-bottom:0px\" id=\"wpv-column-3ab2eca82616c257093948b0591c6562\" ><p dir=\"ltr\" style=\"text-align: center;\"><span style=\"font-size: 14pt;\"><strong>Tallinn&#8217;s Old Town School for Adults<\/strong><\/span><br \/>\n<span style=\"font-size: 14pt;\">20th of February<\/span><br \/>\n<span style=\"font-size: 14pt;\"><strong>Riivo Kallasmaa<\/strong>\u00a0(oboe),\u00a0<strong>Jaan Ots<\/strong> (piano)<\/span><br \/>\n<span style=\"font-size: 14pt;\">Program: Eller, Tamberg, Kaumann etc.<\/span><\/p>\n<hr \/>\n<p dir=\"ltr\" style=\"text-align: center;\"><span style=\"font-size: 14pt;\"><strong>Lasnam\u00e4e Music School<\/strong><\/span><br \/>\n<span style=\"font-size: 14pt;\">20th of February<\/span><br \/>\n<span style=\"font-size: 14pt;\"><strong>Riivo Kallasmaa<\/strong>\u00a0(oboe),\u00a0<strong>Jaan Ots\u00a0<\/strong>(piano)<\/span><br \/>\n<span style=\"font-size: 14pt;\">Program: Eller, Tamberg, Kaumann etc.<\/span><\/div><\/div>\n<div class=\"sep\"><\/div>\n<div class=\"row \"><div class=\"wpv-grid grid-1-1  wpv-first-level first unextended\" style=\"padding-top:0px;padding-bottom:0px\" id=\"wpv-column-5e1e5df99417288ad4db7bc0c6931773\" ><p><a href=\"https:\/\/plmf.ee\/wp-content\/uploads\/2025\/01\/TALVEFESTIVALI-ULDPLAKAT-724x1024.jpg\"><img decoding=\"async\" class=\"aligncenter wp-image-59995 size-large\" src=\"https:\/\/plmf.ee\/wp-content\/uploads\/2025\/01\/TALVEFESTIVALI-ULDPLAKAT-724x1024.jpg\" alt=\"\" width=\"724\" height=\"1024\" srcset=\"https:\/\/plmf.ee\/wp-content\/uploads\/2025\/01\/TALVEFESTIVALI-ULDPLAKAT-724x1024.jpg 724w, https:\/\/plmf.ee\/wp-content\/uploads\/2025\/01\/TALVEFESTIVALI-ULDPLAKAT-212x300.jpg 212w, https:\/\/plmf.ee\/wp-content\/uploads\/2025\/01\/TALVEFESTIVALI-ULDPLAKAT-615x870.jpg 615w, https:\/\/plmf.ee\/wp-content\/uploads\/2025\/01\/TALVEFESTIVALI-ULDPLAKAT-400x566.jpg 400w, https:\/\/plmf.ee\/wp-content\/uploads\/2025\/01\/TALVEFESTIVALI-ULDPLAKAT-292x413.jpg 292w, https:\/\/plmf.ee\/wp-content\/uploads\/2025\/01\/TALVEFESTIVALI-ULDPLAKAT-600x848.jpg 600w, https:\/\/plmf.ee\/wp-content\/uploads\/2025\/01\/TALVEFESTIVALI-ULDPLAKAT.jpg 1000w\" sizes=\"(max-width: 724px) 100vw, 724px\" \/><\/a><\/div><\/div>\n<div class=\"sep\"><\/div>\n<div class=\"row \"><div class=\"wpv-grid grid-1-1  wpv-first-level first unextended\" style=\"padding-top:0px;padding-bottom:0px\" id=\"wpv-column-c73cade19ca53f19774202b36e350be9\" ><p style=\"text-align: center;\"><span style=\"font-size: 14pt;\">The festival is supported by the Ministry of Culture, the City of Tallinn, the Estonian Cultural Endowment, the Estonian Academy of Music and Theatre, the Tallinn Music and Ballet School, BLRT Group AS, the city of Martina Franca, the Swedish St. Michael&#8217;s Congregation, Digiposter O\u00dc, Selver AS, Piletilevi Group AS, the Embassy of the Czech Republic in Tallinn etc.<\/span><\/div><\/div>\n","protected":false},"excerpt":{"rendered":"<p>XVIII TALLINN WINTER FESTIVAL \u201cOPEN YOUR EYES AND OPEN YOUR HEART&#8221; 11.-27.02.2025 The festival has for years brought light and joy to February and once again invites the concert audience&#8230;<\/p>\n","protected":false},"author":9,"featured_media":0,"parent":0,"menu_order":0,"comment_status":"closed","ping_status":"closed","template":"","meta":{"footnotes":""},"class_list":["post-59817","page","type-page","status-publish","hentry"],"yoast_head":"<!-- This site is optimized with the Yoast SEO plugin v27.1.1 - https:\/\/yoast.com\/product\/yoast-seo-wordpress\/ -->\n<title>XVIII Tallinn Winter Festival 2025 - Pille Lill Music Fund<\/title>\n<meta name=\"robots\" content=\"index, follow, max-snippet:-1, max-image-preview:large, max-video-preview:-1\" \/>\n<link rel=\"canonical\" href=\"https:\/\/www.plmf.ee\/en\/xviii-tallinn-winter-festival\/\" \/>\n<meta property=\"og:locale\" content=\"en_US\" \/>\n<meta property=\"og:type\" content=\"article\" \/>\n<meta property=\"og:title\" content=\"XVIII Tallinn Winter Festival 2025 - Pille Lill Music Fund\" \/>\n<meta property=\"og:description\" content=\"XVIII TALLINN WINTER FESTIVAL \u201cOPEN YOUR EYES AND OPEN YOUR HEART&#8221; 11.-27.02.2025 The festival has for years brought light and joy to February and once again invites the concert audience...\" \/>\n<meta property=\"og:url\" content=\"https:\/\/www.plmf.ee\/en\/xviii-tallinn-winter-festival\/\" \/>\n<meta property=\"og:site_name\" content=\"Pille Lill Music Fund\" \/>\n<meta property=\"article:modified_time\" content=\"2025-02-05T12:54:45+00:00\" \/>\n<meta property=\"og:image\" content=\"https:\/\/plmf.ee\/wp-content\/uploads\/2024\/12\/PLMF-KODUKA-VAHEBANNER-TALVEFESTIVAL.jpg\" \/>\n<meta name=\"twitter:card\" content=\"summary_large_image\" \/>\n<meta name=\"twitter:label1\" content=\"Est. reading time\" \/>\n\t<meta name=\"twitter:data1\" content=\"5 minutes\" \/>\n<script type=\"application\/ld+json\" class=\"yoast-schema-graph\">{\"@context\":\"https:\/\/schema.org\",\"@graph\":[{\"@type\":\"WebPage\",\"@id\":\"https:\/\/www.plmf.ee\/en\/xviii-tallinn-winter-festival\/\",\"url\":\"https:\/\/www.plmf.ee\/en\/xviii-tallinn-winter-festival\/\",\"name\":\"XVIII Tallinn Winter Festival 2025 - Pille Lill Music Fund\",\"isPartOf\":{\"@id\":\"https:\/\/plmf.ee\/en\/#website\"},\"primaryImageOfPage\":{\"@id\":\"https:\/\/www.plmf.ee\/en\/xviii-tallinn-winter-festival\/#primaryimage\"},\"image\":{\"@id\":\"https:\/\/www.plmf.ee\/en\/xviii-tallinn-winter-festival\/#primaryimage\"},\"thumbnailUrl\":\"https:\/\/plmf.ee\/wp-content\/uploads\/2024\/12\/PLMF-KODUKA-VAHEBANNER-TALVEFESTIVAL.jpg\",\"datePublished\":\"2024-11-13T14:51:41+00:00\",\"dateModified\":\"2025-02-05T12:54:45+00:00\",\"breadcrumb\":{\"@id\":\"https:\/\/www.plmf.ee\/en\/xviii-tallinn-winter-festival\/#breadcrumb\"},\"inLanguage\":\"en-US\",\"potentialAction\":[{\"@type\":\"ReadAction\",\"target\":[\"https:\/\/www.plmf.ee\/en\/xviii-tallinn-winter-festival\/\"]}]},{\"@type\":\"ImageObject\",\"inLanguage\":\"en-US\",\"@id\":\"https:\/\/www.plmf.ee\/en\/xviii-tallinn-winter-festival\/#primaryimage\",\"url\":\"https:\/\/plmf.ee\/wp-content\/uploads\/2024\/12\/PLMF-KODUKA-VAHEBANNER-TALVEFESTIVAL.jpg\",\"contentUrl\":\"https:\/\/plmf.ee\/wp-content\/uploads\/2024\/12\/PLMF-KODUKA-VAHEBANNER-TALVEFESTIVAL.jpg\"},{\"@type\":\"BreadcrumbList\",\"@id\":\"https:\/\/www.plmf.ee\/en\/xviii-tallinn-winter-festival\/#breadcrumb\",\"itemListElement\":[{\"@type\":\"ListItem\",\"position\":1,\"name\":\"Home\",\"item\":\"https:\/\/plmf.ee\/en\/\"},{\"@type\":\"ListItem\",\"position\":2,\"name\":\"XVIII Tallinn Winter Festival 2025\"}]},{\"@type\":\"WebSite\",\"@id\":\"https:\/\/plmf.ee\/en\/#website\",\"url\":\"https:\/\/plmf.ee\/en\/\",\"name\":\"Pille Lill Music Fund\",\"description\":\"Planet Of Talent\",\"potentialAction\":[{\"@type\":\"SearchAction\",\"target\":{\"@type\":\"EntryPoint\",\"urlTemplate\":\"https:\/\/plmf.ee\/en\/?s={search_term_string}\"},\"query-input\":{\"@type\":\"PropertyValueSpecification\",\"valueRequired\":true,\"valueName\":\"search_term_string\"}}],\"inLanguage\":\"en-US\"}]}<\/script>\n<!-- \/ Yoast SEO plugin. -->","yoast_head_json":{"title":"XVIII Tallinn Winter Festival 2025 - Pille Lill Music Fund","robots":{"index":"index","follow":"follow","max-snippet":"max-snippet:-1","max-image-preview":"max-image-preview:large","max-video-preview":"max-video-preview:-1"},"canonical":"https:\/\/www.plmf.ee\/en\/xviii-tallinn-winter-festival\/","og_locale":"en_US","og_type":"article","og_title":"XVIII Tallinn Winter Festival 2025 - Pille Lill Music Fund","og_description":"XVIII TALLINN WINTER FESTIVAL \u201cOPEN YOUR EYES AND OPEN YOUR HEART&#8221; 11.-27.02.2025 The festival has for years brought light and joy to February and once again invites the concert audience...","og_url":"https:\/\/www.plmf.ee\/en\/xviii-tallinn-winter-festival\/","og_site_name":"Pille Lill Music Fund","article_modified_time":"2025-02-05T12:54:45+00:00","og_image":[{"url":"https:\/\/plmf.ee\/wp-content\/uploads\/2024\/12\/PLMF-KODUKA-VAHEBANNER-TALVEFESTIVAL.jpg","type":"","width":"","height":""}],"twitter_card":"summary_large_image","twitter_misc":{"Est. reading time":"5 minutes"},"schema":{"@context":"https:\/\/schema.org","@graph":[{"@type":"WebPage","@id":"https:\/\/www.plmf.ee\/en\/xviii-tallinn-winter-festival\/","url":"https:\/\/www.plmf.ee\/en\/xviii-tallinn-winter-festival\/","name":"XVIII Tallinn Winter Festival 2025 - Pille Lill Music Fund","isPartOf":{"@id":"https:\/\/plmf.ee\/en\/#website"},"primaryImageOfPage":{"@id":"https:\/\/www.plmf.ee\/en\/xviii-tallinn-winter-festival\/#primaryimage"},"image":{"@id":"https:\/\/www.plmf.ee\/en\/xviii-tallinn-winter-festival\/#primaryimage"},"thumbnailUrl":"https:\/\/plmf.ee\/wp-content\/uploads\/2024\/12\/PLMF-KODUKA-VAHEBANNER-TALVEFESTIVAL.jpg","datePublished":"2024-11-13T14:51:41+00:00","dateModified":"2025-02-05T12:54:45+00:00","breadcrumb":{"@id":"https:\/\/www.plmf.ee\/en\/xviii-tallinn-winter-festival\/#breadcrumb"},"inLanguage":"en-US","potentialAction":[{"@type":"ReadAction","target":["https:\/\/www.plmf.ee\/en\/xviii-tallinn-winter-festival\/"]}]},{"@type":"ImageObject","inLanguage":"en-US","@id":"https:\/\/www.plmf.ee\/en\/xviii-tallinn-winter-festival\/#primaryimage","url":"https:\/\/plmf.ee\/wp-content\/uploads\/2024\/12\/PLMF-KODUKA-VAHEBANNER-TALVEFESTIVAL.jpg","contentUrl":"https:\/\/plmf.ee\/wp-content\/uploads\/2024\/12\/PLMF-KODUKA-VAHEBANNER-TALVEFESTIVAL.jpg"},{"@type":"BreadcrumbList","@id":"https:\/\/www.plmf.ee\/en\/xviii-tallinn-winter-festival\/#breadcrumb","itemListElement":[{"@type":"ListItem","position":1,"name":"Home","item":"https:\/\/plmf.ee\/en\/"},{"@type":"ListItem","position":2,"name":"XVIII Tallinn Winter Festival 2025"}]},{"@type":"WebSite","@id":"https:\/\/plmf.ee\/en\/#website","url":"https:\/\/plmf.ee\/en\/","name":"Pille Lill Music Fund","description":"Planet Of Talent","potentialAction":[{"@type":"SearchAction","target":{"@type":"EntryPoint","urlTemplate":"https:\/\/plmf.ee\/en\/?s={search_term_string}"},"query-input":{"@type":"PropertyValueSpecification","valueRequired":true,"valueName":"search_term_string"}}],"inLanguage":"en-US"}]}},"_links":{"self":[{"href":"https:\/\/plmf.ee\/en\/wp-json\/wp\/v2\/pages\/59817","targetHints":{"allow":["GET"]}}],"collection":[{"href":"https:\/\/plmf.ee\/en\/wp-json\/wp\/v2\/pages"}],"about":[{"href":"https:\/\/plmf.ee\/en\/wp-json\/wp\/v2\/types\/page"}],"author":[{"embeddable":true,"href":"https:\/\/plmf.ee\/en\/wp-json\/wp\/v2\/users\/9"}],"replies":[{"embeddable":true,"href":"https:\/\/plmf.ee\/en\/wp-json\/wp\/v2\/comments?post=59817"}],"version-history":[{"count":0,"href":"https:\/\/plmf.ee\/en\/wp-json\/wp\/v2\/pages\/59817\/revisions"}],"wp:attachment":[{"href":"https:\/\/plmf.ee\/en\/wp-json\/wp\/v2\/media?parent=59817"}],"curies":[{"name":"wp","href":"https:\/\/api.w.org\/{rel}","templated":true}]}}