{"id":59328,"date":"2024-11-06T14:11:12","date_gmt":"2024-11-06T12:11:12","guid":{"rendered":"https:\/\/www.plmf.ee\/jaan-poska-maja-talvine-muusikasalong\/"},"modified":"2024-11-06T14:22:29","modified_gmt":"2024-11-06T12:22:29","slug":"winter-music-salon-at-the-jaan-poska-house","status":"publish","type":"page","link":"https:\/\/plmf.ee\/en\/winter-music-salon-at-the-jaan-poska-house\/","title":{"rendered":"Winter Music Salon at the Jaan Poska House"},"content":{"rendered":"<div class=\"row \"><div class=\"wpv-grid grid-1-1  wpv-first-level first unextended\" style=\"padding-top:0px;padding-bottom:0px\" id=\"wpv-column-24ae5acb4d3cc1d170cf6f932d22a39d\" ><p><a href=\"https:\/\/www.plmf.ee\/wp-content\/uploads\/2024\/11\/PLMF-KODUKA-VAHEBANNER-POSKA-MAJA.jpg\"><img decoding=\"async\" class=\"aligncenter wp-image-59323 size-full\" src=\"https:\/\/www.plmf.ee\/wp-content\/uploads\/2024\/11\/PLMF-KODUKA-VAHEBANNER-POSKA-MAJA.jpg\" alt=\"\" width=\"1440\" height=\"190\" srcset=\"https:\/\/www.plmf.ee\/wp-content\/uploads\/2024\/11\/PLMF-KODUKA-VAHEBANNER-POSKA-MAJA.jpg 1440w, https:\/\/www.plmf.ee\/wp-content\/uploads\/2024\/11\/PLMF-KODUKA-VAHEBANNER-POSKA-MAJA-300x40.jpg 300w, https:\/\/www.plmf.ee\/wp-content\/uploads\/2024\/11\/PLMF-KODUKA-VAHEBANNER-POSKA-MAJA-1024x135.jpg 1024w, https:\/\/www.plmf.ee\/wp-content\/uploads\/2024\/11\/PLMF-KODUKA-VAHEBANNER-POSKA-MAJA-1260x166.jpg 1260w, https:\/\/www.plmf.ee\/wp-content\/uploads\/2024\/11\/PLMF-KODUKA-VAHEBANNER-POSKA-MAJA-615x81.jpg 615w, https:\/\/www.plmf.ee\/wp-content\/uploads\/2024\/11\/PLMF-KODUKA-VAHEBANNER-POSKA-MAJA-400x53.jpg 400w, https:\/\/www.plmf.ee\/wp-content\/uploads\/2024\/11\/PLMF-KODUKA-VAHEBANNER-POSKA-MAJA-292x39.jpg 292w, https:\/\/www.plmf.ee\/wp-content\/uploads\/2024\/11\/PLMF-KODUKA-VAHEBANNER-POSKA-MAJA-600x79.jpg 600w\" sizes=\"(max-width: 1440px) 100vw, 1440px\" \/><\/a><\/div><\/div>\n<div class=\"sep\"><\/div>\n<div class=\"row \"><div class=\"wpv-grid grid-1-1  wpv-first-level first unextended\" style=\"padding-top:0px;padding-bottom:0px\" id=\"wpv-column-09fd847501584872c761d46c99fdd1e7\" ><p style=\"text-align: center;\"><span style=\"font-size: 14pt;\">The Winter Music Salon at the Jaan Poska House, a new and at the same time historic concert venue in Kadriorg invites you to concerts!<\/span><\/p>\n<p style=\"text-align: center;\"><span style=\"font-weight: 400; font-size: 14pt;\">The home of Jaan Poska, one of the founders of Estonian statehood, the first Estonian salon in Tallinn was more than a hundred years ago a place where Jaan Poska and his wife Constance hosted the Estonian elite and people of culture. In addition to political discussions, they also played music and read poetry at the salon.<\/span><\/p>\n<p style=\"text-align: center;\"><span style=\"font-weight: 400; font-size: 14pt;\">One hundred years later, Music Trust PLMF has the pleasure of continuing the concert series &#8220;Estonian Outstanding Lecturers and Their Students&#8221; in the beautifully restored Jaan Poska house. You are welcome!<\/span><\/div><\/div>\n<div class=\"sep\"><\/div>\n<div class=\"row \"><div class=\"wpv-grid grid-1-2  wpv-first-level first unextended\" style=\"padding-top:0px;padding-bottom:0px\" id=\"wpv-column-77dd9548cfb6cc2d4dec601520c38c31\" ><p><a href=\"https:\/\/www.plmf.ee\/wp-content\/uploads\/2024\/11\/POSKA-MAJA-PLAKAT-18.12.jpg\"><img decoding=\"async\" class=\"aligncenter wp-image-59291 size-large\" src=\"https:\/\/www.plmf.ee\/wp-content\/uploads\/2024\/11\/POSKA-MAJA-PLAKAT-18.12-724x1024.jpg\" alt=\"\" width=\"724\" height=\"1024\" srcset=\"https:\/\/www.plmf.ee\/wp-content\/uploads\/2024\/11\/POSKA-MAJA-PLAKAT-18.12-724x1024.jpg 724w, https:\/\/www.plmf.ee\/wp-content\/uploads\/2024\/11\/POSKA-MAJA-PLAKAT-18.12-212x300.jpg 212w, https:\/\/www.plmf.ee\/wp-content\/uploads\/2024\/11\/POSKA-MAJA-PLAKAT-18.12-615x870.jpg 615w, https:\/\/www.plmf.ee\/wp-content\/uploads\/2024\/11\/POSKA-MAJA-PLAKAT-18.12-400x566.jpg 400w, https:\/\/www.plmf.ee\/wp-content\/uploads\/2024\/11\/POSKA-MAJA-PLAKAT-18.12-292x413.jpg 292w, https:\/\/www.plmf.ee\/wp-content\/uploads\/2024\/11\/POSKA-MAJA-PLAKAT-18.12-600x848.jpg 600w, https:\/\/www.plmf.ee\/wp-content\/uploads\/2024\/11\/POSKA-MAJA-PLAKAT-18.12.jpg 1000w\" sizes=\"(max-width: 724px) 100vw, 724px\" \/><\/a><\/div>\n<div class=\"wpv-grid grid-1-2  wpv-first-level unextended\" style=\"padding-top:0px;padding-bottom:0px\" id=\"wpv-column-15297f4fb7ec859b88611c9a5314585d\" ><p style=\"text-align: justify;\"><span style=\"font-size: 14pt;\"><b>WINTER MUSIC SALON AT THE JAAN POSKA HOUSE<br \/>\n<\/b>OUTSTANDING LECTORS AND THEIR STUDENTS IN ESTONIA<br \/>\n<\/span><\/p>\n<hr \/>\n<p style=\"text-align: justify;\"><span style=\"font-size: 14pt;\"><span style=\"font-weight: 400;\">18th of December at 6pm<br \/>\n<\/span><span style=\"font-weight: 400;\">Lecturer at the Estonian Academy of Music and Theater<br \/>\n<\/span><span style=\"font-weight: 400;\">Soprano <\/span><b>Heli Veskusand<\/b> the students in her singing class<span style=\"font-weight: 400;\"><br \/>\n<\/span><b>Melissa Maisla<\/b>, <b>Carol M\u00e4nnamets<\/b>, <b>Viktorija Agnese Vancane<\/b>, <b>Lioneta Roze <\/b><span style=\"font-weight: 400;\">etc.<br \/>\n<\/span><span style=\"font-weight: 400;\">Concert master <\/span><b>Jaanika Rand-Sirp<br \/>\n<\/b><span style=\"font-weight: 400;\">Program: Mozart, Delibes, Wagner etc<\/span><span style=\"font-weight: 400;\">.<br \/>\n<\/span><span style=\"font-weight: 400;\">Tickets 20\/12\u20ac available in <\/span><strong><a href=\"https:\/\/www.piletilevi.ee\/eng\/tickets\/muusika\/klassika\/jaan-poska-maja-talvine-muusikasalong-449190\/\">Piletilevi<\/a><\/strong> <span style=\"font-weight: 400;\">and on the spot before the concert<\/span><i><\/i><\/span><\/p>\n<hr \/>\n<p style=\"text-align: justify;\"><span style=\"font-size: 14pt;\"><span style=\"font-weight: 400;\">22nd of January at 6pm<br \/>\n<\/span><span style=\"font-weight: 400;\"><strong>Estonian Music and Theater Academy<\/strong><br \/>\n<\/span>Professor <strong>Arvo Leibur<\/strong> and the students of his violin class<br \/>\n<\/span><\/p>\n<hr \/>\n<p style=\"text-align: justify;\"><span style=\"font-size: 14pt;\"><span style=\"font-weight: 400;\">12th of February at 6pm<br \/>\n<\/span><span style=\"font-weight: 400;\">JAAN R\u00c4TS AND HIS CONTEMPORARIES<br \/>\n<\/span><span style=\"font-weight: 400;\">Eliisa R\u00e4\u00e4ts&#8217; presentation of composer Jaan R\u00e4\u00e4ts<br \/>\n<\/span><span style=\"font-weight: 400;\">*the concert will take place as part of the XVIII Tallinn Winter Festival 11.-27.02.2025<\/span><\/span><\/p>\n<hr \/>\n<p style=\"text-align: justify;\"><span style=\"font-size: 14pt;\"><span style=\"font-weight: 400;\">The evenings are hosted by <\/span><b>Pille Lill<\/b><\/span><\/div><\/div>\n","protected":false},"excerpt":{"rendered":"<p>The Winter Music Salon at the Jaan Poska House, a new and at the same time historic concert venue in Kadriorg invites you to concerts! The home of Jaan Poska,&#8230;<\/p>\n","protected":false},"author":9,"featured_media":0,"parent":0,"menu_order":0,"comment_status":"closed","ping_status":"closed","template":"","meta":{"footnotes":""},"class_list":["post-59328","page","type-page","status-publish","hentry"],"yoast_head":"<!-- This site is optimized with the Yoast SEO plugin v27.1.1 - https:\/\/yoast.com\/product\/yoast-seo-wordpress\/ -->\n<title>Winter Music Salon at the Jaan Poska House - Pille Lill Music Fund<\/title>\n<meta name=\"robots\" content=\"index, follow, max-snippet:-1, max-image-preview:large, max-video-preview:-1\" \/>\n<link rel=\"canonical\" href=\"https:\/\/plmf.ee\/en\/winter-music-salon-at-the-jaan-poska-house\/\" \/>\n<meta property=\"og:locale\" content=\"en_US\" \/>\n<meta property=\"og:type\" content=\"article\" \/>\n<meta property=\"og:title\" content=\"Winter Music Salon at the Jaan Poska House - Pille Lill Music Fund\" \/>\n<meta property=\"og:description\" content=\"The Winter Music Salon at the Jaan Poska House, a new and at the same time historic concert venue in Kadriorg invites you to concerts! The home of Jaan Poska,...\" \/>\n<meta property=\"og:url\" content=\"https:\/\/plmf.ee\/en\/winter-music-salon-at-the-jaan-poska-house\/\" \/>\n<meta property=\"og:site_name\" content=\"Pille Lill Music Fund\" \/>\n<meta property=\"article:modified_time\" content=\"2024-11-06T12:22:29+00:00\" \/>\n<meta property=\"og:image\" content=\"https:\/\/www.plmf.ee\/wp-content\/uploads\/2024\/11\/PLMF-KODUKA-VAHEBANNER-POSKA-MAJA.jpg\" \/>\n<meta name=\"twitter:card\" content=\"summary_large_image\" \/>\n<meta name=\"twitter:label1\" content=\"Est. reading time\" \/>\n\t<meta name=\"twitter:data1\" content=\"2 minutes\" \/>\n<script type=\"application\/ld+json\" class=\"yoast-schema-graph\">{\"@context\":\"https:\/\/schema.org\",\"@graph\":[{\"@type\":\"WebPage\",\"@id\":\"https:\/\/plmf.ee\/en\/winter-music-salon-at-the-jaan-poska-house\/\",\"url\":\"https:\/\/plmf.ee\/en\/winter-music-salon-at-the-jaan-poska-house\/\",\"name\":\"Winter Music Salon at the Jaan Poska House - Pille Lill Music Fund\",\"isPartOf\":{\"@id\":\"https:\/\/www.plmf.ee\/#website\"},\"primaryImageOfPage\":{\"@id\":\"https:\/\/plmf.ee\/en\/winter-music-salon-at-the-jaan-poska-house\/#primaryimage\"},\"image\":{\"@id\":\"https:\/\/plmf.ee\/en\/winter-music-salon-at-the-jaan-poska-house\/#primaryimage\"},\"thumbnailUrl\":\"https:\/\/www.plmf.ee\/wp-content\/uploads\/2024\/11\/PLMF-KODUKA-VAHEBANNER-POSKA-MAJA.jpg\",\"datePublished\":\"2024-11-06T12:11:12+00:00\",\"dateModified\":\"2024-11-06T12:22:29+00:00\",\"breadcrumb\":{\"@id\":\"https:\/\/plmf.ee\/en\/winter-music-salon-at-the-jaan-poska-house\/#breadcrumb\"},\"inLanguage\":\"en-US\",\"potentialAction\":[{\"@type\":\"ReadAction\",\"target\":[\"https:\/\/plmf.ee\/en\/winter-music-salon-at-the-jaan-poska-house\/\"]}]},{\"@type\":\"ImageObject\",\"inLanguage\":\"en-US\",\"@id\":\"https:\/\/plmf.ee\/en\/winter-music-salon-at-the-jaan-poska-house\/#primaryimage\",\"url\":\"https:\/\/www.plmf.ee\/wp-content\/uploads\/2024\/11\/PLMF-KODUKA-VAHEBANNER-POSKA-MAJA.jpg\",\"contentUrl\":\"https:\/\/www.plmf.ee\/wp-content\/uploads\/2024\/11\/PLMF-KODUKA-VAHEBANNER-POSKA-MAJA.jpg\"},{\"@type\":\"BreadcrumbList\",\"@id\":\"https:\/\/plmf.ee\/en\/winter-music-salon-at-the-jaan-poska-house\/#breadcrumb\",\"itemListElement\":[{\"@type\":\"ListItem\",\"position\":1,\"name\":\"Home\",\"item\":\"https:\/\/plmf.ee\/en\/\"},{\"@type\":\"ListItem\",\"position\":2,\"name\":\"Winter Music Salon at the Jaan Poska House\"}]},{\"@type\":\"WebSite\",\"@id\":\"https:\/\/www.plmf.ee\/#website\",\"url\":\"https:\/\/www.plmf.ee\/\",\"name\":\"Pille Lill Music Fund\",\"description\":\"Planet Of Talent\",\"potentialAction\":[{\"@type\":\"SearchAction\",\"target\":{\"@type\":\"EntryPoint\",\"urlTemplate\":\"https:\/\/www.plmf.ee\/?s={search_term_string}\"},\"query-input\":{\"@type\":\"PropertyValueSpecification\",\"valueRequired\":true,\"valueName\":\"search_term_string\"}}],\"inLanguage\":\"en-US\"}]}<\/script>\n<!-- \/ Yoast SEO plugin. -->","yoast_head_json":{"title":"Winter Music Salon at the Jaan Poska House - Pille Lill Music Fund","robots":{"index":"index","follow":"follow","max-snippet":"max-snippet:-1","max-image-preview":"max-image-preview:large","max-video-preview":"max-video-preview:-1"},"canonical":"https:\/\/plmf.ee\/en\/winter-music-salon-at-the-jaan-poska-house\/","og_locale":"en_US","og_type":"article","og_title":"Winter Music Salon at the Jaan Poska House - Pille Lill Music Fund","og_description":"The Winter Music Salon at the Jaan Poska House, a new and at the same time historic concert venue in Kadriorg invites you to concerts! The home of Jaan Poska,...","og_url":"https:\/\/plmf.ee\/en\/winter-music-salon-at-the-jaan-poska-house\/","og_site_name":"Pille Lill Music Fund","article_modified_time":"2024-11-06T12:22:29+00:00","og_image":[{"url":"https:\/\/www.plmf.ee\/wp-content\/uploads\/2024\/11\/PLMF-KODUKA-VAHEBANNER-POSKA-MAJA.jpg","type":"","width":"","height":""}],"twitter_card":"summary_large_image","twitter_misc":{"Est. reading time":"2 minutes"},"schema":{"@context":"https:\/\/schema.org","@graph":[{"@type":"WebPage","@id":"https:\/\/plmf.ee\/en\/winter-music-salon-at-the-jaan-poska-house\/","url":"https:\/\/plmf.ee\/en\/winter-music-salon-at-the-jaan-poska-house\/","name":"Winter Music Salon at the Jaan Poska House - Pille Lill Music Fund","isPartOf":{"@id":"https:\/\/www.plmf.ee\/#website"},"primaryImageOfPage":{"@id":"https:\/\/plmf.ee\/en\/winter-music-salon-at-the-jaan-poska-house\/#primaryimage"},"image":{"@id":"https:\/\/plmf.ee\/en\/winter-music-salon-at-the-jaan-poska-house\/#primaryimage"},"thumbnailUrl":"https:\/\/www.plmf.ee\/wp-content\/uploads\/2024\/11\/PLMF-KODUKA-VAHEBANNER-POSKA-MAJA.jpg","datePublished":"2024-11-06T12:11:12+00:00","dateModified":"2024-11-06T12:22:29+00:00","breadcrumb":{"@id":"https:\/\/plmf.ee\/en\/winter-music-salon-at-the-jaan-poska-house\/#breadcrumb"},"inLanguage":"en-US","potentialAction":[{"@type":"ReadAction","target":["https:\/\/plmf.ee\/en\/winter-music-salon-at-the-jaan-poska-house\/"]}]},{"@type":"ImageObject","inLanguage":"en-US","@id":"https:\/\/plmf.ee\/en\/winter-music-salon-at-the-jaan-poska-house\/#primaryimage","url":"https:\/\/www.plmf.ee\/wp-content\/uploads\/2024\/11\/PLMF-KODUKA-VAHEBANNER-POSKA-MAJA.jpg","contentUrl":"https:\/\/www.plmf.ee\/wp-content\/uploads\/2024\/11\/PLMF-KODUKA-VAHEBANNER-POSKA-MAJA.jpg"},{"@type":"BreadcrumbList","@id":"https:\/\/plmf.ee\/en\/winter-music-salon-at-the-jaan-poska-house\/#breadcrumb","itemListElement":[{"@type":"ListItem","position":1,"name":"Home","item":"https:\/\/plmf.ee\/en\/"},{"@type":"ListItem","position":2,"name":"Winter Music Salon at the Jaan Poska House"}]},{"@type":"WebSite","@id":"https:\/\/www.plmf.ee\/#website","url":"https:\/\/www.plmf.ee\/","name":"Pille Lill Music Fund","description":"Planet Of Talent","potentialAction":[{"@type":"SearchAction","target":{"@type":"EntryPoint","urlTemplate":"https:\/\/www.plmf.ee\/?s={search_term_string}"},"query-input":{"@type":"PropertyValueSpecification","valueRequired":true,"valueName":"search_term_string"}}],"inLanguage":"en-US"}]}},"_links":{"self":[{"href":"https:\/\/plmf.ee\/en\/wp-json\/wp\/v2\/pages\/59328","targetHints":{"allow":["GET"]}}],"collection":[{"href":"https:\/\/plmf.ee\/en\/wp-json\/wp\/v2\/pages"}],"about":[{"href":"https:\/\/plmf.ee\/en\/wp-json\/wp\/v2\/types\/page"}],"author":[{"embeddable":true,"href":"https:\/\/plmf.ee\/en\/wp-json\/wp\/v2\/users\/9"}],"replies":[{"embeddable":true,"href":"https:\/\/plmf.ee\/en\/wp-json\/wp\/v2\/comments?post=59328"}],"version-history":[{"count":0,"href":"https:\/\/plmf.ee\/en\/wp-json\/wp\/v2\/pages\/59328\/revisions"}],"wp:attachment":[{"href":"https:\/\/plmf.ee\/en\/wp-json\/wp\/v2\/media?parent=59328"}],"curies":[{"name":"wp","href":"https:\/\/api.w.org\/{rel}","templated":true}]}}