{"id":57571,"date":"2024-06-03T12:59:14","date_gmt":"2024-06-03T09:59:14","guid":{"rendered":"https:\/\/www.plmf.ee\/vaike-kirikumuusika-festival-2024\/"},"modified":"2024-06-13T14:47:52","modified_gmt":"2024-06-13T11:47:52","slug":"small-church-music-festival-2024","status":"publish","type":"page","link":"https:\/\/plmf.ee\/en\/small-church-music-festival-2024\/","title":{"rendered":"Small Church Music Festival 2024"},"content":{"rendered":"<div class=\"row \"><div class=\"wpv-grid grid-1-1  wpv-first-level first unextended\" style=\"padding-top:0px;padding-bottom:0px\" id=\"wpv-column-4f8f971f20518e5cbd522d0c6604dacd\" ><p style=\"text-align: center;\"><strong><span style=\"font-size: 14pt;\"><span style=\"font-weight: 400;\">Brought to you by Tartu Municipality, Tartu Salem Baptist Congregation and Music Trust PLMF<\/span><br \/>\n<span style=\"font-size: 18pt;\">Small Church Music Festival 2024 at the Tartu Salem Church<\/span><\/span><\/strong><\/div><\/div>\n\t\t<div class=\"sep-text single centered\">\n\t\t\t\t\t\t\t<span class=\"sep-text-before\"><div class=\"sep-text-line\"><\/div><\/span>\n\t\t\t\t\t\t<div class=\"content\">\n\t\t\t\t\n<span style=\"font-size: 14pt;\"><strong>PROGRAM<\/strong><\/span><br \/>\n\t\t\t<\/div>\n\t\t\t<span class=\"sep-text-after\"><div class=\"sep-text-line\"><\/div><\/span>\n\t\t\t\t\t<\/div>\n\t\n<div class=\"row \"><div class=\"wpv-grid grid-1-2  wpv-first-level first unextended\" style=\"padding-top:0px;padding-bottom:0px\" id=\"wpv-column-2b0ab0fdff7d65a606100ab4a3be8232\" ><p><a href=\"https:\/\/www.plmf.ee\/wp-content\/uploads\/2024\/06\/VAIKE-KIRIKUMUUSIKA-ULD-PLAKAT-724x1024.jpg\"><img decoding=\"async\" class=\"aligncenter wp-image-57560 size-large\" src=\"https:\/\/www.plmf.ee\/wp-content\/uploads\/2024\/06\/VAIKE-KIRIKUMUUSIKA-ULD-PLAKAT-724x1024.jpg\" alt=\"\" width=\"724\" height=\"1024\" srcset=\"https:\/\/plmf.ee\/wp-content\/uploads\/2024\/06\/VAIKE-KIRIKUMUUSIKA-ULD-PLAKAT-724x1024.jpg 724w, https:\/\/plmf.ee\/wp-content\/uploads\/2024\/06\/VAIKE-KIRIKUMUUSIKA-ULD-PLAKAT-212x300.jpg 212w, https:\/\/plmf.ee\/wp-content\/uploads\/2024\/06\/VAIKE-KIRIKUMUUSIKA-ULD-PLAKAT-615x870.jpg 615w, https:\/\/plmf.ee\/wp-content\/uploads\/2024\/06\/VAIKE-KIRIKUMUUSIKA-ULD-PLAKAT-400x566.jpg 400w, https:\/\/plmf.ee\/wp-content\/uploads\/2024\/06\/VAIKE-KIRIKUMUUSIKA-ULD-PLAKAT-292x413.jpg 292w, https:\/\/plmf.ee\/wp-content\/uploads\/2024\/06\/VAIKE-KIRIKUMUUSIKA-ULD-PLAKAT-600x848.jpg 600w, https:\/\/plmf.ee\/wp-content\/uploads\/2024\/06\/VAIKE-KIRIKUMUUSIKA-ULD-PLAKAT.jpg 1000w\" sizes=\"(max-width: 724px) 100vw, 724px\" \/><\/a><\/div>\n<div class=\"wpv-grid grid-1-2  wpv-first-level unextended\" style=\"padding-top:0px;padding-bottom:0px\" id=\"wpv-column-12374d78a5934b29f52b303c378eb5ea\" ><div class=\"push\" style='height:250px'><\/div>\n<div class=\"row \"><div class=\"wpv-grid grid-1-1  first unextended\" style=\"padding-top:0px;padding-bottom:0px\" id=\"wpv-column-b8993bdff76fb18d9a6adebd8bc9b534\" ><p style=\"text-align: center;\"><span style=\"font-size: 14pt;\"><span style=\"font-weight: 400;\">13th of July at 7pm<\/span><span style=\"font-weight: 400;\"><br \/>\n<\/span><b>Sandra Laagus<\/b><span style=\"font-weight: 400;\"> (mezzosoprano), <\/span><b>Piia Paemurru<\/b><span style=\"font-weight: 400;\"> (piano)<\/span><span style=\"font-weight: 400;\"><br \/>\n<\/span><i><span style=\"font-weight: 400;\">Program: Handel, Purcell, Bach, Vettik<\/span><\/i><\/span><\/p>\n<hr \/>\n<p style=\"text-align: center;\"><span style=\"font-size: 14pt;\"><span style=\"font-weight: 400;\">10th of August at 7pm<\/span><span style=\"font-weight: 400;\"><br \/>\n<\/span><span style=\"font-weight: 400;\"><strong>Andreas Lend<\/strong> (cello), <strong>Maila Laidna<\/strong> (piano)<\/span><i><span style=\"font-weight: 400;\"><br \/>\nProgram: Debussy, P\u00e4rt, Oja <em>etc<\/em>.<\/span><\/i><\/span><\/p>\n<hr \/>\n<p style=\"text-align: center;\"><span style=\"font-size: 14pt;\"><span style=\"font-weight: 400;\">14th of September at 7pm<\/span><span style=\"font-weight: 400;\"><br \/>\n<\/span><strong>Virgo Veldi<\/strong> (saxophone), <strong>Rene Laur<\/strong> (saxophone),<br \/>\n<strong>Joonatan J\u00fcrgenson<\/strong> (piano)<br \/>\n<em><i><span style=\"font-weight: 400;\">Program<\/span><\/i>: Poulenc, \u0160ostakovit\u0161, Singel\u00e9e etc.<\/em><br \/>\n<\/span><\/div><\/div><\/div><\/div>\n","protected":false},"excerpt":{"rendered":"<p>Brought to you by Tartu Municipality, Tartu Salem Baptist Congregation and Music Trust PLMF Small Church Music Festival 2024 at the Tartu Salem Church 13th of July at 7pm Sandra&#8230;<\/p>\n","protected":false},"author":9,"featured_media":0,"parent":0,"menu_order":0,"comment_status":"closed","ping_status":"closed","template":"","meta":{"footnotes":""},"class_list":["post-57571","page","type-page","status-publish","hentry"],"yoast_head":"<!-- This site is optimized with the Yoast SEO plugin v27.1.1 - https:\/\/yoast.com\/product\/yoast-seo-wordpress\/ -->\n<title>Small Church Music Festival 2024 - Pille Lill Music Fund<\/title>\n<meta name=\"robots\" content=\"index, follow, max-snippet:-1, max-image-preview:large, max-video-preview:-1\" \/>\n<link rel=\"canonical\" href=\"https:\/\/plmf.ee\/en\/small-church-music-festival-2024\/\" \/>\n<meta property=\"og:locale\" content=\"en_US\" \/>\n<meta property=\"og:type\" content=\"article\" \/>\n<meta property=\"og:title\" content=\"Small Church Music Festival 2024 - Pille Lill Music Fund\" \/>\n<meta property=\"og:description\" content=\"Brought to you by Tartu Municipality, Tartu Salem Baptist Congregation and Music Trust PLMF Small Church Music Festival 2024 at the Tartu Salem Church 13th of July at 7pm Sandra...\" \/>\n<meta property=\"og:url\" content=\"https:\/\/plmf.ee\/en\/small-church-music-festival-2024\/\" \/>\n<meta property=\"og:site_name\" content=\"Pille Lill Music Fund\" \/>\n<meta property=\"article:modified_time\" content=\"2024-06-13T11:47:52+00:00\" \/>\n<meta property=\"og:image\" content=\"https:\/\/www.plmf.ee\/wp-content\/uploads\/2024\/06\/VAIKE-KIRIKUMUUSIKA-ULD-PLAKAT-724x1024.jpg\" \/>\n<meta name=\"twitter:card\" content=\"summary_large_image\" \/>\n<meta name=\"twitter:label1\" content=\"Est. reading time\" \/>\n\t<meta name=\"twitter:data1\" content=\"1 minute\" \/>\n<script type=\"application\/ld+json\" class=\"yoast-schema-graph\">{\"@context\":\"https:\/\/schema.org\",\"@graph\":[{\"@type\":\"WebPage\",\"@id\":\"https:\/\/plmf.ee\/en\/small-church-music-festival-2024\/\",\"url\":\"https:\/\/plmf.ee\/en\/small-church-music-festival-2024\/\",\"name\":\"Small Church Music Festival 2024 - Pille Lill Music Fund\",\"isPartOf\":{\"@id\":\"https:\/\/www.plmf.ee\/#website\"},\"primaryImageOfPage\":{\"@id\":\"https:\/\/plmf.ee\/en\/small-church-music-festival-2024\/#primaryimage\"},\"image\":{\"@id\":\"https:\/\/plmf.ee\/en\/small-church-music-festival-2024\/#primaryimage\"},\"thumbnailUrl\":\"https:\/\/www.plmf.ee\/wp-content\/uploads\/2024\/06\/VAIKE-KIRIKUMUUSIKA-ULD-PLAKAT-724x1024.jpg\",\"datePublished\":\"2024-06-03T09:59:14+00:00\",\"dateModified\":\"2024-06-13T11:47:52+00:00\",\"breadcrumb\":{\"@id\":\"https:\/\/plmf.ee\/en\/small-church-music-festival-2024\/#breadcrumb\"},\"inLanguage\":\"en-US\",\"potentialAction\":[{\"@type\":\"ReadAction\",\"target\":[\"https:\/\/plmf.ee\/en\/small-church-music-festival-2024\/\"]}]},{\"@type\":\"ImageObject\",\"inLanguage\":\"en-US\",\"@id\":\"https:\/\/plmf.ee\/en\/small-church-music-festival-2024\/#primaryimage\",\"url\":\"https:\/\/www.plmf.ee\/wp-content\/uploads\/2024\/06\/VAIKE-KIRIKUMUUSIKA-ULD-PLAKAT-724x1024.jpg\",\"contentUrl\":\"https:\/\/www.plmf.ee\/wp-content\/uploads\/2024\/06\/VAIKE-KIRIKUMUUSIKA-ULD-PLAKAT-724x1024.jpg\"},{\"@type\":\"BreadcrumbList\",\"@id\":\"https:\/\/plmf.ee\/en\/small-church-music-festival-2024\/#breadcrumb\",\"itemListElement\":[{\"@type\":\"ListItem\",\"position\":1,\"name\":\"Home\",\"item\":\"https:\/\/plmf.ee\/en\/\"},{\"@type\":\"ListItem\",\"position\":2,\"name\":\"Small Church Music Festival 2024\"}]},{\"@type\":\"WebSite\",\"@id\":\"https:\/\/www.plmf.ee\/#website\",\"url\":\"https:\/\/www.plmf.ee\/\",\"name\":\"Pille Lill Music Fund\",\"description\":\"Planet Of Talent\",\"potentialAction\":[{\"@type\":\"SearchAction\",\"target\":{\"@type\":\"EntryPoint\",\"urlTemplate\":\"https:\/\/www.plmf.ee\/?s={search_term_string}\"},\"query-input\":{\"@type\":\"PropertyValueSpecification\",\"valueRequired\":true,\"valueName\":\"search_term_string\"}}],\"inLanguage\":\"en-US\"}]}<\/script>\n<!-- \/ Yoast SEO plugin. -->","yoast_head_json":{"title":"Small Church Music Festival 2024 - Pille Lill Music Fund","robots":{"index":"index","follow":"follow","max-snippet":"max-snippet:-1","max-image-preview":"max-image-preview:large","max-video-preview":"max-video-preview:-1"},"canonical":"https:\/\/plmf.ee\/en\/small-church-music-festival-2024\/","og_locale":"en_US","og_type":"article","og_title":"Small Church Music Festival 2024 - Pille Lill Music Fund","og_description":"Brought to you by Tartu Municipality, Tartu Salem Baptist Congregation and Music Trust PLMF Small Church Music Festival 2024 at the Tartu Salem Church 13th of July at 7pm Sandra...","og_url":"https:\/\/plmf.ee\/en\/small-church-music-festival-2024\/","og_site_name":"Pille Lill Music Fund","article_modified_time":"2024-06-13T11:47:52+00:00","og_image":[{"url":"https:\/\/www.plmf.ee\/wp-content\/uploads\/2024\/06\/VAIKE-KIRIKUMUUSIKA-ULD-PLAKAT-724x1024.jpg","type":"","width":"","height":""}],"twitter_card":"summary_large_image","twitter_misc":{"Est. reading time":"1 minute"},"schema":{"@context":"https:\/\/schema.org","@graph":[{"@type":"WebPage","@id":"https:\/\/plmf.ee\/en\/small-church-music-festival-2024\/","url":"https:\/\/plmf.ee\/en\/small-church-music-festival-2024\/","name":"Small Church Music Festival 2024 - Pille Lill Music Fund","isPartOf":{"@id":"https:\/\/www.plmf.ee\/#website"},"primaryImageOfPage":{"@id":"https:\/\/plmf.ee\/en\/small-church-music-festival-2024\/#primaryimage"},"image":{"@id":"https:\/\/plmf.ee\/en\/small-church-music-festival-2024\/#primaryimage"},"thumbnailUrl":"https:\/\/www.plmf.ee\/wp-content\/uploads\/2024\/06\/VAIKE-KIRIKUMUUSIKA-ULD-PLAKAT-724x1024.jpg","datePublished":"2024-06-03T09:59:14+00:00","dateModified":"2024-06-13T11:47:52+00:00","breadcrumb":{"@id":"https:\/\/plmf.ee\/en\/small-church-music-festival-2024\/#breadcrumb"},"inLanguage":"en-US","potentialAction":[{"@type":"ReadAction","target":["https:\/\/plmf.ee\/en\/small-church-music-festival-2024\/"]}]},{"@type":"ImageObject","inLanguage":"en-US","@id":"https:\/\/plmf.ee\/en\/small-church-music-festival-2024\/#primaryimage","url":"https:\/\/www.plmf.ee\/wp-content\/uploads\/2024\/06\/VAIKE-KIRIKUMUUSIKA-ULD-PLAKAT-724x1024.jpg","contentUrl":"https:\/\/www.plmf.ee\/wp-content\/uploads\/2024\/06\/VAIKE-KIRIKUMUUSIKA-ULD-PLAKAT-724x1024.jpg"},{"@type":"BreadcrumbList","@id":"https:\/\/plmf.ee\/en\/small-church-music-festival-2024\/#breadcrumb","itemListElement":[{"@type":"ListItem","position":1,"name":"Home","item":"https:\/\/plmf.ee\/en\/"},{"@type":"ListItem","position":2,"name":"Small Church Music Festival 2024"}]},{"@type":"WebSite","@id":"https:\/\/www.plmf.ee\/#website","url":"https:\/\/www.plmf.ee\/","name":"Pille Lill Music Fund","description":"Planet Of Talent","potentialAction":[{"@type":"SearchAction","target":{"@type":"EntryPoint","urlTemplate":"https:\/\/www.plmf.ee\/?s={search_term_string}"},"query-input":{"@type":"PropertyValueSpecification","valueRequired":true,"valueName":"search_term_string"}}],"inLanguage":"en-US"}]}},"_links":{"self":[{"href":"https:\/\/plmf.ee\/en\/wp-json\/wp\/v2\/pages\/57571","targetHints":{"allow":["GET"]}}],"collection":[{"href":"https:\/\/plmf.ee\/en\/wp-json\/wp\/v2\/pages"}],"about":[{"href":"https:\/\/plmf.ee\/en\/wp-json\/wp\/v2\/types\/page"}],"author":[{"embeddable":true,"href":"https:\/\/plmf.ee\/en\/wp-json\/wp\/v2\/users\/9"}],"replies":[{"embeddable":true,"href":"https:\/\/plmf.ee\/en\/wp-json\/wp\/v2\/comments?post=57571"}],"version-history":[{"count":0,"href":"https:\/\/plmf.ee\/en\/wp-json\/wp\/v2\/pages\/57571\/revisions"}],"wp:attachment":[{"href":"https:\/\/plmf.ee\/en\/wp-json\/wp\/v2\/media?parent=57571"}],"curies":[{"name":"wp","href":"https:\/\/api.w.org\/{rel}","templated":true}]}}