{"id":56852,"date":"2024-04-22T17:02:30","date_gmt":"2024-04-22T14:02:30","guid":{"rendered":"https:\/\/www.plmf.ee\/poska-maja-kevadsuvine-muusikasalong\/"},"modified":"2024-05-04T13:22:48","modified_gmt":"2024-05-04T10:22:48","slug":"poska-house-spring-summer-music-salon","status":"publish","type":"page","link":"https:\/\/plmf.ee\/en\/poska-house-spring-summer-music-salon\/","title":{"rendered":"Poska House Spring-Summer Music Salon"},"content":{"rendered":"<div class=\"row \"><div class=\"wpv-grid grid-1-1  wpv-first-level first unextended\" style=\"padding-top:0px;padding-bottom:0px\" id=\"wpv-column-2cca1881c2471ec3cdb6b3d5bdc36c35\" ><p><a href=\"https:\/\/plmf.ee\/wp-content\/uploads\/2024\/04\/PLMF-KODUKA-VAHEBANNER-POSKA-MAJA-2.jpg\"><img decoding=\"async\" class=\"alignnone wp-image-56846 size-full\" src=\"https:\/\/plmf.ee\/wp-content\/uploads\/2024\/04\/PLMF-KODUKA-VAHEBANNER-POSKA-MAJA-2.jpg\" alt=\"\" width=\"1440\" height=\"190\" srcset=\"https:\/\/plmf.ee\/wp-content\/uploads\/2024\/04\/PLMF-KODUKA-VAHEBANNER-POSKA-MAJA-2.jpg 1440w, https:\/\/plmf.ee\/wp-content\/uploads\/2024\/04\/PLMF-KODUKA-VAHEBANNER-POSKA-MAJA-2-300x40.jpg 300w, https:\/\/plmf.ee\/wp-content\/uploads\/2024\/04\/PLMF-KODUKA-VAHEBANNER-POSKA-MAJA-2-1024x135.jpg 1024w, https:\/\/plmf.ee\/wp-content\/uploads\/2024\/04\/PLMF-KODUKA-VAHEBANNER-POSKA-MAJA-2-1260x166.jpg 1260w, https:\/\/plmf.ee\/wp-content\/uploads\/2024\/04\/PLMF-KODUKA-VAHEBANNER-POSKA-MAJA-2-615x81.jpg 615w, https:\/\/plmf.ee\/wp-content\/uploads\/2024\/04\/PLMF-KODUKA-VAHEBANNER-POSKA-MAJA-2-400x53.jpg 400w, https:\/\/plmf.ee\/wp-content\/uploads\/2024\/04\/PLMF-KODUKA-VAHEBANNER-POSKA-MAJA-2-292x39.jpg 292w, https:\/\/plmf.ee\/wp-content\/uploads\/2024\/04\/PLMF-KODUKA-VAHEBANNER-POSKA-MAJA-2-600x79.jpg 600w\" sizes=\"(max-width: 1440px) 100vw, 1440px\" \/><\/a><\/div><\/div>\n<div class=\"row \"><div class=\"wpv-grid grid-1-1  wpv-first-level first unextended\" style=\"padding-top:0px;padding-bottom:0px\" id=\"wpv-column-15a66e4fd335851e512f06ef1a291da1\" ><hr \/>\n<p style=\"text-align: center;\"><span style=\"font-size: 14pt;\">Music salon at Jaan Poska House, a new yet historical concert place in Kadriorg invites you to the concerts!<\/span><\/p>\n<p style=\"text-align: center;\"><span style=\"font-size: 14pt;\">One of the founders of the Estonian statehood was Jaan Poska and more than a hundred years ago his house was the first salon in Tallinn where Jaan Poska and his wife Constance hosted the Estonian elite and people of culture. In addition to political discussions, there was also music and poetry.<\/span><\/p>\n<p style=\"text-align: center;\"><span style=\"font-size: 14pt;\">Music Trust PLMF is pleased to open a concert series a hundred years later in the beautifully restored Jaan Poska House, where you can hear and see young talents alongside top Estonian soloists.<\/span><\/div><\/div>\n\t\t<div class=\"sep-text single centered\">\n\t\t\t\t\t\t\t<span class=\"sep-text-before\"><div class=\"sep-text-line\"><\/div><\/span>\n\t\t\t\t\t\t<div class=\"content\">\n\t\t\t\t\n<strong><span style=\"font-size: 14pt;\">POSKA HOUSE SPRING-SUMMER MUSIC SALON<\/span><\/strong>\t\t\t<\/div>\n\t\t\t<span class=\"sep-text-after\"><div class=\"sep-text-line\"><\/div><\/span>\n\t\t\t\t\t<\/div>\n\t\n<div class=\"row \"><div class=\"wpv-grid grid-1-1  wpv-first-level first unextended\" style=\"padding-top:0px;padding-bottom:0px\" id=\"wpv-column-ec1b2ac5380979753d026f0b8f4943f7\" ><p style=\"font-weight: 400; text-align: center;\"><span style=\"font-size: 14pt;\">8th of May at 6pm<\/span><br \/>\n<span style=\"font-size: 14pt;\">Top violinist <strong>Sigrid Kuulmann <\/strong>and her students\u00a0<strong>Samuel Lubi<\/strong>,\u00a0<strong>Gertrud Teder<\/strong>,\u00a0<strong>Kerli Roost<\/strong>,\u00a0<strong>Erik Martin<\/strong><\/span><br \/>\n<span style=\"font-size: 14pt;\">pianist <strong>Thea Nestor<\/strong><\/span><br \/>\n<span style=\"font-size: 14pt;\"><em>Program: Tchaikovsky, Vieuxtemps, Mendelssohn etc.<\/em><\/span><\/p>\n<hr \/>\n<p style=\"text-align: center;\"><span style=\"font-size: 14pt;\">22nd of May at 6pm<\/span><br \/>\n<span style=\"font-size: 14pt;\"><strong>Young stars and competition winners <\/strong>from Rapla &#8211; <strong>Triin<\/strong> and <strong>Saale Iti Pihlap<\/strong>, <strong>Elisabeth Laja<\/strong>, <strong>Mete Helend <\/strong>and\u00a0<strong>Hanna Luukas <\/strong><\/span><span style=\"font-size: 14pt;\">from the violin class of <strong>Tekla Tappo<\/strong>, pianists <strong>Kristi<\/strong>\u00a0<strong>Hinsberg<\/strong> and <strong>Aleksei<\/strong>\u00a0<strong>L\u00f5gun<br \/>\n<\/strong><em>Program: Joubert, Schmidt, Wieniawski, Enescu etc.<\/em><\/span><\/p>\n<hr \/>\n<p style=\"text-align: center;\"><span style=\"font-size: 14pt;\">5th of June at 6pm<\/span><br \/>\n<span style=\"font-size: 14pt;\">Top soloist <strong>Neeme Ots<\/strong> and his trumpet students <strong>Jan Marius Laur<\/strong>,\u00a0<strong>Eerik Bahovski<\/strong>,\u00a0<strong>Triin Ustav<\/strong> and <strong>T\u00f5nu-Markus R\u00f5\u00f5mussaar<\/strong><\/span><br \/>\n<span style=\"font-size: 14pt;\">Pianists <strong>Meeli Ots<\/strong> and <strong>Piret Randal<\/strong><\/span><br \/>\n<span style=\"font-size: 14pt;\"><em>Program: Monti, Bizet, Mendez, Gershwin etc.<\/em><\/span><\/p>\n<hr \/>\n<p style=\"text-align: center;\"><span style=\"font-size: 14pt;\">19th of June at 6pm<\/span><br \/>\n<span style=\"font-size: 14pt;\"><strong>Young talents and competition winners <\/strong>&#8211; opera star <strong>Lilian Sauvola<\/strong> and the finalist of the Youth Eurovisoin 2023 <strong>Arhanna Sandra Arbma<\/strong><\/span><\/p>\n<hr \/>\n<p style=\"font-weight: 400; text-align: center;\"><span style=\"font-size: 14pt;\">Night host <strong>Pille Lill<\/strong><\/span><\/div><\/div>\n","protected":false},"excerpt":{"rendered":"<p>Music salon at Jaan Poska House, a new yet historical concert place in Kadriorg invites you to the concerts! One of the founders of the Estonian statehood was Jaan Poska&#8230;<\/p>\n","protected":false},"author":9,"featured_media":0,"parent":0,"menu_order":0,"comment_status":"closed","ping_status":"closed","template":"","meta":{"footnotes":""},"class_list":["post-56852","page","type-page","status-publish","hentry"],"yoast_head":"<!-- This site is optimized with the Yoast SEO plugin v27.1.1 - https:\/\/yoast.com\/product\/yoast-seo-wordpress\/ -->\n<title>Poska House Spring-Summer Music Salon - Pille Lill Music Fund<\/title>\n<meta name=\"robots\" content=\"index, follow, max-snippet:-1, max-image-preview:large, max-video-preview:-1\" \/>\n<link rel=\"canonical\" href=\"https:\/\/www.plmf.ee\/en\/poska-house-spring-summer-music-salon\/\" \/>\n<meta property=\"og:locale\" content=\"en_US\" \/>\n<meta property=\"og:type\" content=\"article\" \/>\n<meta property=\"og:title\" content=\"Poska House Spring-Summer Music Salon - Pille Lill Music Fund\" \/>\n<meta property=\"og:description\" content=\"Music salon at Jaan Poska House, a new yet historical concert place in Kadriorg invites you to the concerts! One of the founders of the Estonian statehood was Jaan Poska...\" \/>\n<meta property=\"og:url\" content=\"https:\/\/www.plmf.ee\/en\/poska-house-spring-summer-music-salon\/\" \/>\n<meta property=\"og:site_name\" content=\"Pille Lill Music Fund\" \/>\n<meta property=\"article:modified_time\" content=\"2024-05-04T10:22:48+00:00\" \/>\n<meta property=\"og:image\" content=\"https:\/\/plmf.ee\/wp-content\/uploads\/2024\/04\/PLMF-KODUKA-VAHEBANNER-POSKA-MAJA-2.jpg\" \/>\n<meta name=\"twitter:card\" content=\"summary_large_image\" \/>\n<meta name=\"twitter:label1\" content=\"Est. reading time\" \/>\n\t<meta name=\"twitter:data1\" content=\"2 minutes\" \/>\n<script type=\"application\/ld+json\" class=\"yoast-schema-graph\">{\"@context\":\"https:\/\/schema.org\",\"@graph\":[{\"@type\":\"WebPage\",\"@id\":\"https:\/\/www.plmf.ee\/en\/poska-house-spring-summer-music-salon\/\",\"url\":\"https:\/\/www.plmf.ee\/en\/poska-house-spring-summer-music-salon\/\",\"name\":\"Poska House Spring-Summer Music Salon - Pille Lill Music Fund\",\"isPartOf\":{\"@id\":\"https:\/\/plmf.ee\/en\/#website\"},\"primaryImageOfPage\":{\"@id\":\"https:\/\/www.plmf.ee\/en\/poska-house-spring-summer-music-salon\/#primaryimage\"},\"image\":{\"@id\":\"https:\/\/www.plmf.ee\/en\/poska-house-spring-summer-music-salon\/#primaryimage\"},\"thumbnailUrl\":\"https:\/\/plmf.ee\/wp-content\/uploads\/2024\/04\/PLMF-KODUKA-VAHEBANNER-POSKA-MAJA-2.jpg\",\"datePublished\":\"2024-04-22T14:02:30+00:00\",\"dateModified\":\"2024-05-04T10:22:48+00:00\",\"breadcrumb\":{\"@id\":\"https:\/\/www.plmf.ee\/en\/poska-house-spring-summer-music-salon\/#breadcrumb\"},\"inLanguage\":\"en-US\",\"potentialAction\":[{\"@type\":\"ReadAction\",\"target\":[\"https:\/\/www.plmf.ee\/en\/poska-house-spring-summer-music-salon\/\"]}]},{\"@type\":\"ImageObject\",\"inLanguage\":\"en-US\",\"@id\":\"https:\/\/www.plmf.ee\/en\/poska-house-spring-summer-music-salon\/#primaryimage\",\"url\":\"https:\/\/plmf.ee\/wp-content\/uploads\/2024\/04\/PLMF-KODUKA-VAHEBANNER-POSKA-MAJA-2.jpg\",\"contentUrl\":\"https:\/\/plmf.ee\/wp-content\/uploads\/2024\/04\/PLMF-KODUKA-VAHEBANNER-POSKA-MAJA-2.jpg\"},{\"@type\":\"BreadcrumbList\",\"@id\":\"https:\/\/www.plmf.ee\/en\/poska-house-spring-summer-music-salon\/#breadcrumb\",\"itemListElement\":[{\"@type\":\"ListItem\",\"position\":1,\"name\":\"Home\",\"item\":\"https:\/\/plmf.ee\/en\/\"},{\"@type\":\"ListItem\",\"position\":2,\"name\":\"Poska House Spring-Summer Music Salon\"}]},{\"@type\":\"WebSite\",\"@id\":\"https:\/\/plmf.ee\/en\/#website\",\"url\":\"https:\/\/plmf.ee\/en\/\",\"name\":\"Pille Lill Music Fund\",\"description\":\"Planet Of Talent\",\"potentialAction\":[{\"@type\":\"SearchAction\",\"target\":{\"@type\":\"EntryPoint\",\"urlTemplate\":\"https:\/\/plmf.ee\/en\/?s={search_term_string}\"},\"query-input\":{\"@type\":\"PropertyValueSpecification\",\"valueRequired\":true,\"valueName\":\"search_term_string\"}}],\"inLanguage\":\"en-US\"}]}<\/script>\n<!-- \/ Yoast SEO plugin. -->","yoast_head_json":{"title":"Poska House Spring-Summer Music Salon - Pille Lill Music Fund","robots":{"index":"index","follow":"follow","max-snippet":"max-snippet:-1","max-image-preview":"max-image-preview:large","max-video-preview":"max-video-preview:-1"},"canonical":"https:\/\/www.plmf.ee\/en\/poska-house-spring-summer-music-salon\/","og_locale":"en_US","og_type":"article","og_title":"Poska House Spring-Summer Music Salon - Pille Lill Music Fund","og_description":"Music salon at Jaan Poska House, a new yet historical concert place in Kadriorg invites you to the concerts! One of the founders of the Estonian statehood was Jaan Poska...","og_url":"https:\/\/www.plmf.ee\/en\/poska-house-spring-summer-music-salon\/","og_site_name":"Pille Lill Music Fund","article_modified_time":"2024-05-04T10:22:48+00:00","og_image":[{"url":"https:\/\/plmf.ee\/wp-content\/uploads\/2024\/04\/PLMF-KODUKA-VAHEBANNER-POSKA-MAJA-2.jpg","type":"","width":"","height":""}],"twitter_card":"summary_large_image","twitter_misc":{"Est. reading time":"2 minutes"},"schema":{"@context":"https:\/\/schema.org","@graph":[{"@type":"WebPage","@id":"https:\/\/www.plmf.ee\/en\/poska-house-spring-summer-music-salon\/","url":"https:\/\/www.plmf.ee\/en\/poska-house-spring-summer-music-salon\/","name":"Poska House Spring-Summer Music Salon - Pille Lill Music Fund","isPartOf":{"@id":"https:\/\/plmf.ee\/en\/#website"},"primaryImageOfPage":{"@id":"https:\/\/www.plmf.ee\/en\/poska-house-spring-summer-music-salon\/#primaryimage"},"image":{"@id":"https:\/\/www.plmf.ee\/en\/poska-house-spring-summer-music-salon\/#primaryimage"},"thumbnailUrl":"https:\/\/plmf.ee\/wp-content\/uploads\/2024\/04\/PLMF-KODUKA-VAHEBANNER-POSKA-MAJA-2.jpg","datePublished":"2024-04-22T14:02:30+00:00","dateModified":"2024-05-04T10:22:48+00:00","breadcrumb":{"@id":"https:\/\/www.plmf.ee\/en\/poska-house-spring-summer-music-salon\/#breadcrumb"},"inLanguage":"en-US","potentialAction":[{"@type":"ReadAction","target":["https:\/\/www.plmf.ee\/en\/poska-house-spring-summer-music-salon\/"]}]},{"@type":"ImageObject","inLanguage":"en-US","@id":"https:\/\/www.plmf.ee\/en\/poska-house-spring-summer-music-salon\/#primaryimage","url":"https:\/\/plmf.ee\/wp-content\/uploads\/2024\/04\/PLMF-KODUKA-VAHEBANNER-POSKA-MAJA-2.jpg","contentUrl":"https:\/\/plmf.ee\/wp-content\/uploads\/2024\/04\/PLMF-KODUKA-VAHEBANNER-POSKA-MAJA-2.jpg"},{"@type":"BreadcrumbList","@id":"https:\/\/www.plmf.ee\/en\/poska-house-spring-summer-music-salon\/#breadcrumb","itemListElement":[{"@type":"ListItem","position":1,"name":"Home","item":"https:\/\/plmf.ee\/en\/"},{"@type":"ListItem","position":2,"name":"Poska House Spring-Summer Music Salon"}]},{"@type":"WebSite","@id":"https:\/\/plmf.ee\/en\/#website","url":"https:\/\/plmf.ee\/en\/","name":"Pille Lill Music Fund","description":"Planet Of Talent","potentialAction":[{"@type":"SearchAction","target":{"@type":"EntryPoint","urlTemplate":"https:\/\/plmf.ee\/en\/?s={search_term_string}"},"query-input":{"@type":"PropertyValueSpecification","valueRequired":true,"valueName":"search_term_string"}}],"inLanguage":"en-US"}]}},"_links":{"self":[{"href":"https:\/\/plmf.ee\/en\/wp-json\/wp\/v2\/pages\/56852","targetHints":{"allow":["GET"]}}],"collection":[{"href":"https:\/\/plmf.ee\/en\/wp-json\/wp\/v2\/pages"}],"about":[{"href":"https:\/\/plmf.ee\/en\/wp-json\/wp\/v2\/types\/page"}],"author":[{"embeddable":true,"href":"https:\/\/plmf.ee\/en\/wp-json\/wp\/v2\/users\/9"}],"replies":[{"embeddable":true,"href":"https:\/\/plmf.ee\/en\/wp-json\/wp\/v2\/comments?post=56852"}],"version-history":[{"count":0,"href":"https:\/\/plmf.ee\/en\/wp-json\/wp\/v2\/pages\/56852\/revisions"}],"wp:attachment":[{"href":"https:\/\/plmf.ee\/en\/wp-json\/wp\/v2\/media?parent=56852"}],"curies":[{"name":"wp","href":"https:\/\/api.w.org\/{rel}","templated":true}]}}