{"id":55962,"date":"2024-02-18T20:59:07","date_gmt":"2024-02-18T18:59:07","guid":{"rendered":"https:\/\/www.plmf.ee\/xvii-tallinna-talvefestivali-23-02-kontserdi-kava\/"},"modified":"2024-02-18T21:03:15","modified_gmt":"2024-02-18T19:03:15","slug":"xvii-tallinna-talvefestivali-23-02-kontserdi-kava","status":"publish","type":"page","link":"https:\/\/plmf.ee\/en\/xvii-tallinna-talvefestivali-23-02-kontserdi-kava\/","title":{"rendered":"XVII Tallinn Winter Festival 23.02 concert program"},"content":{"rendered":"<div class=\"row \"><div class=\"wpv-grid grid-1-1  wpv-first-level first unextended\" style=\"padding-top:0px;padding-bottom:0px\" id=\"wpv-column-98bfc3220df8253164b26b350e7eac63\" ><p style=\"text-align: center;\"><span style=\"font-size: 14pt;\"><span style=\"font-weight: 400;\">23rd of February at 6pm<\/span><span style=\"font-weight: 400;\"><br \/>\n<\/span><b>CAMERATA MUSICA<\/b><b><br \/>\n<\/b><span style=\"font-weight: 400;\">The House of the Blackheads<\/span><span style=\"font-weight: 400;\"><br \/>\n<\/span><b><br \/>\n<\/b><span style=\"font-weight: 400;\">String Quartet<\/span><span style=\"font-weight: 400;\"><br \/>\n<\/span><b>Sigrid Kuulmann <\/b><span style=\"font-weight: 400;\">violin<\/span><b><br \/>\n<\/b><b>Fred Heinoja <span style=\"font-weight: 400;\">violin<\/span><\/b><b><br \/>\n<\/b><b>Johanna Vaherm\u00e4gi <\/b><span style=\"font-weight: 400;\">viola<\/span><b><br \/>\n<\/b><b>Andreas Lend <\/b><span style=\"font-weight: 400;\">cello<\/span><b><br \/>\n<\/b><i><span style=\"font-weight: 400;\">*<\/span><\/i><span style=\"font-weight: 400;\">announcement of <\/span><span style=\"font-weight: 400;\">MUBA Talent 2024<\/span><span style=\"font-weight: 400;\"><br \/>\n<\/span><span style=\"font-weight: 400;\">*awarding the best works of the drawing competition \u201cFor Ukraine\u201d<\/span><\/span><\/div><\/div>\n\t\t<div class=\"sep-text single centered\">\n\t\t\t\t\t\t\t<span class=\"sep-text-before\"><div class=\"sep-text-line\"><\/div><\/span>\n\t\t\t\t\t\t<div class=\"content\">\n\t\t\t\t\n<strong><span style=\"font-size: 14pt;\">PROGRAM<\/span><\/strong>\t\t\t<\/div>\n\t\t\t<span class=\"sep-text-after\"><div class=\"sep-text-line\"><\/div><\/span>\n\t\t\t\t\t<\/div>\n\t\n<div class=\"row \"><div class=\"wpv-grid grid-1-1  wpv-first-level first unextended\" style=\"padding-top:0px;padding-bottom:0px\" id=\"wpv-column-7561d46d215e8d674c791f5b0a628fa2\" ><p style=\"text-align: center;\"><span style=\"font-size: 14pt;\"><b>Edvard Grieg <\/b><span style=\"font-weight: 400;\">(1843\u20131907)<\/span><span style=\"font-weight: 400;\"><br \/>\n<\/span><span style=\"font-weight: 400;\">String Quartet nr 1 G minor, op. 27<\/span><span style=\"font-weight: 400;\"><br \/>\n<\/span> <span style=\"font-weight: 400;\">I Un poco andante &#8211; Allegro molto ed agitato<\/span><span style=\"font-weight: 400;\"><br \/>\n<\/span> <span style=\"font-weight: 400;\">II Romanze: Andantino<\/span><span style=\"font-weight: 400;\"><br \/>\n<\/span> <span style=\"font-weight: 400;\">III Intermezzo: Allegro molto marcato &#8211; Pi\u00f9 vivo e scherzando<\/span><span style=\"font-weight: 400;\"><br \/>\n<\/span> <span style=\"font-weight: 400;\">IV Finale: Lento &#8211; Presto al saltarello<\/span><\/span><\/p>\n<p style=\"text-align: center;\"><span style=\"font-size: 14pt;\"><b>T\u00f5nu K\u00f5rvits <\/b><span style=\"font-weight: 400;\">(*1969)<\/span><span style=\"font-weight: 400;\"><br \/>\n<\/span><span style=\"font-weight: 400;\">\u201eNeli Eesti vaimulikku rahvaviisi\u201c<\/span><span style=\"font-weight: 400;\"><br \/>\n<\/span> <span style=\"font-weight: 400;\">\u201eN\u00fc\u00fcd on see p\u00e4ev ju l\u00f5ppenud\u201d (Rapla)<\/span><span style=\"font-weight: 400;\"><br \/>\n<\/span> <span style=\"font-weight: 400;\">\u201eMa kiitlen \u00fcksp\u00e4inis neist verisist haavust\u201c (P\u00e4rnu-Jaagupi)<\/span><span style=\"font-weight: 400;\"><br \/>\n<\/span> <span style=\"font-weight: 400;\">\u201eSu hooleks ennast annan ma\u201c (Mustjala)<\/span><span style=\"font-weight: 400;\"><br \/>\n<\/span> <span style=\"font-weight: 400;\">\u201eLenda \u00fcles kurbusest\u201c (Otep\u00e4\u00e4)<\/span><\/span><\/p>\n<p style=\"text-align: center;\"><span style=\"font-size: 14pt;\"><b>Heino Eller <\/b><span style=\"font-weight: 400;\">(1887\u20131970)<\/span><span style=\"font-weight: 400;\"><br \/>\n<\/span><span style=\"font-weight: 400;\">\u201eHomeland Melody\u201c from the cycle \u201eFive Compositions for the String Orchestra\u201c<\/span><\/span><\/div><\/div>\n","protected":false},"excerpt":{"rendered":"<p>23rd of February at 6pm CAMERATA MUSICA The House of the Blackheads String Quartet Sigrid Kuulmann violin Fred Heinoja violin Johanna Vaherm\u00e4gi viola Andreas Lend cello *announcement of MUBA Talent&#8230;<\/p>\n","protected":false},"author":9,"featured_media":0,"parent":0,"menu_order":0,"comment_status":"closed","ping_status":"closed","template":"","meta":{"footnotes":""},"class_list":["post-55962","page","type-page","status-publish","hentry"],"yoast_head":"<!-- This site is optimized with the Yoast SEO plugin v27.1.1 - https:\/\/yoast.com\/product\/yoast-seo-wordpress\/ -->\n<title>XVII Tallinn Winter Festival 23.02 concert program - Pille Lill Music Fund<\/title>\n<meta name=\"robots\" content=\"index, follow, max-snippet:-1, max-image-preview:large, max-video-preview:-1\" \/>\n<link rel=\"canonical\" href=\"https:\/\/www.plmf.ee\/xvii-tallinna-talvefestivali-23-02-kontserdi-kava\/\" \/>\n<meta property=\"og:locale\" content=\"en_US\" \/>\n<meta property=\"og:type\" content=\"article\" \/>\n<meta property=\"og:title\" content=\"XVII Tallinn Winter Festival 23.02 concert program - Pille Lill Music Fund\" \/>\n<meta property=\"og:description\" content=\"23rd of February at 6pm CAMERATA MUSICA The House of the Blackheads String Quartet Sigrid Kuulmann violin Fred Heinoja violin Johanna Vaherm\u00e4gi viola Andreas Lend cello *announcement of MUBA Talent...\" \/>\n<meta property=\"og:url\" content=\"https:\/\/www.plmf.ee\/xvii-tallinna-talvefestivali-23-02-kontserdi-kava\/\" \/>\n<meta property=\"og:site_name\" content=\"Pille Lill Music Fund\" \/>\n<meta property=\"article:modified_time\" content=\"2024-02-18T19:03:15+00:00\" \/>\n<meta name=\"twitter:card\" content=\"summary_large_image\" \/>\n<meta name=\"twitter:label1\" content=\"Est. reading time\" \/>\n\t<meta name=\"twitter:data1\" content=\"1 minute\" \/>\n<script type=\"application\/ld+json\" class=\"yoast-schema-graph\">{\"@context\":\"https:\/\/schema.org\",\"@graph\":[{\"@type\":\"WebPage\",\"@id\":\"https:\/\/www.plmf.ee\/xvii-tallinna-talvefestivali-23-02-kontserdi-kava\/\",\"url\":\"https:\/\/www.plmf.ee\/xvii-tallinna-talvefestivali-23-02-kontserdi-kava\/\",\"name\":\"XVII Tallinn Winter Festival 23.02 concert program - Pille Lill Music Fund\",\"isPartOf\":{\"@id\":\"https:\/\/plmf.ee\/#website\"},\"datePublished\":\"2024-02-18T18:59:07+00:00\",\"dateModified\":\"2024-02-18T19:03:15+00:00\",\"breadcrumb\":{\"@id\":\"https:\/\/www.plmf.ee\/xvii-tallinna-talvefestivali-23-02-kontserdi-kava\/#breadcrumb\"},\"inLanguage\":\"en-US\",\"potentialAction\":[{\"@type\":\"ReadAction\",\"target\":[\"https:\/\/www.plmf.ee\/xvii-tallinna-talvefestivali-23-02-kontserdi-kava\/\"]}]},{\"@type\":\"BreadcrumbList\",\"@id\":\"https:\/\/www.plmf.ee\/xvii-tallinna-talvefestivali-23-02-kontserdi-kava\/#breadcrumb\",\"itemListElement\":[{\"@type\":\"ListItem\",\"position\":1,\"name\":\"Home\",\"item\":\"https:\/\/plmf.ee\/en\/\"},{\"@type\":\"ListItem\",\"position\":2,\"name\":\"XVII Tallinn Winter Festival 23.02 concert program\"}]},{\"@type\":\"WebSite\",\"@id\":\"https:\/\/plmf.ee\/#website\",\"url\":\"https:\/\/plmf.ee\/\",\"name\":\"Pille Lill Music Fund\",\"description\":\"Planet Of Talent\",\"potentialAction\":[{\"@type\":\"SearchAction\",\"target\":{\"@type\":\"EntryPoint\",\"urlTemplate\":\"https:\/\/plmf.ee\/?s={search_term_string}\"},\"query-input\":{\"@type\":\"PropertyValueSpecification\",\"valueRequired\":true,\"valueName\":\"search_term_string\"}}],\"inLanguage\":\"en-US\"}]}<\/script>\n<!-- \/ Yoast SEO plugin. -->","yoast_head_json":{"title":"XVII Tallinn Winter Festival 23.02 concert program - Pille Lill Music Fund","robots":{"index":"index","follow":"follow","max-snippet":"max-snippet:-1","max-image-preview":"max-image-preview:large","max-video-preview":"max-video-preview:-1"},"canonical":"https:\/\/www.plmf.ee\/xvii-tallinna-talvefestivali-23-02-kontserdi-kava\/","og_locale":"en_US","og_type":"article","og_title":"XVII Tallinn Winter Festival 23.02 concert program - Pille Lill Music Fund","og_description":"23rd of February at 6pm CAMERATA MUSICA The House of the Blackheads String Quartet Sigrid Kuulmann violin Fred Heinoja violin Johanna Vaherm\u00e4gi viola Andreas Lend cello *announcement of MUBA Talent...","og_url":"https:\/\/www.plmf.ee\/xvii-tallinna-talvefestivali-23-02-kontserdi-kava\/","og_site_name":"Pille Lill Music Fund","article_modified_time":"2024-02-18T19:03:15+00:00","twitter_card":"summary_large_image","twitter_misc":{"Est. reading time":"1 minute"},"schema":{"@context":"https:\/\/schema.org","@graph":[{"@type":"WebPage","@id":"https:\/\/www.plmf.ee\/xvii-tallinna-talvefestivali-23-02-kontserdi-kava\/","url":"https:\/\/www.plmf.ee\/xvii-tallinna-talvefestivali-23-02-kontserdi-kava\/","name":"XVII Tallinn Winter Festival 23.02 concert program - Pille Lill Music Fund","isPartOf":{"@id":"https:\/\/plmf.ee\/#website"},"datePublished":"2024-02-18T18:59:07+00:00","dateModified":"2024-02-18T19:03:15+00:00","breadcrumb":{"@id":"https:\/\/www.plmf.ee\/xvii-tallinna-talvefestivali-23-02-kontserdi-kava\/#breadcrumb"},"inLanguage":"en-US","potentialAction":[{"@type":"ReadAction","target":["https:\/\/www.plmf.ee\/xvii-tallinna-talvefestivali-23-02-kontserdi-kava\/"]}]},{"@type":"BreadcrumbList","@id":"https:\/\/www.plmf.ee\/xvii-tallinna-talvefestivali-23-02-kontserdi-kava\/#breadcrumb","itemListElement":[{"@type":"ListItem","position":1,"name":"Home","item":"https:\/\/plmf.ee\/en\/"},{"@type":"ListItem","position":2,"name":"XVII Tallinn Winter Festival 23.02 concert program"}]},{"@type":"WebSite","@id":"https:\/\/plmf.ee\/#website","url":"https:\/\/plmf.ee\/","name":"Pille Lill Music Fund","description":"Planet Of Talent","potentialAction":[{"@type":"SearchAction","target":{"@type":"EntryPoint","urlTemplate":"https:\/\/plmf.ee\/?s={search_term_string}"},"query-input":{"@type":"PropertyValueSpecification","valueRequired":true,"valueName":"search_term_string"}}],"inLanguage":"en-US"}]}},"_links":{"self":[{"href":"https:\/\/plmf.ee\/en\/wp-json\/wp\/v2\/pages\/55962","targetHints":{"allow":["GET"]}}],"collection":[{"href":"https:\/\/plmf.ee\/en\/wp-json\/wp\/v2\/pages"}],"about":[{"href":"https:\/\/plmf.ee\/en\/wp-json\/wp\/v2\/types\/page"}],"author":[{"embeddable":true,"href":"https:\/\/plmf.ee\/en\/wp-json\/wp\/v2\/users\/9"}],"replies":[{"embeddable":true,"href":"https:\/\/plmf.ee\/en\/wp-json\/wp\/v2\/comments?post=55962"}],"version-history":[{"count":0,"href":"https:\/\/plmf.ee\/en\/wp-json\/wp\/v2\/pages\/55962\/revisions"}],"wp:attachment":[{"href":"https:\/\/plmf.ee\/en\/wp-json\/wp\/v2\/media?parent=55962"}],"curies":[{"name":"wp","href":"https:\/\/api.w.org\/{rel}","templated":true}]}}