{"id":55105,"date":"2023-11-27T13:06:17","date_gmt":"2023-11-27T11:06:17","guid":{"rendered":"https:\/\/www.plmf.ee\/xvii-tallinna-talvefestival\/"},"modified":"2024-02-18T21:05:14","modified_gmt":"2024-02-18T19:05:14","slug":"xvii-tallinn-winter-festival","status":"publish","type":"page","link":"https:\/\/plmf.ee\/en\/xvii-tallinn-winter-festival\/","title":{"rendered":"XVII Tallinn Winter Festival"},"content":{"rendered":"<div class=\"row \"><div class=\"wpv-grid grid-1-1  wpv-first-level first unextended\" style=\"padding-top:0px;padding-bottom:0px\" id=\"wpv-column-a42529b0f1bbb3934a443a9bebe8adca\" ><p><a href=\"https:\/\/www.plmf.ee\/wp-content\/uploads\/2024\/01\/2-3.png\"><img decoding=\"async\" class=\"aligncenter wp-image-55475 size-full\" src=\"https:\/\/www.plmf.ee\/wp-content\/uploads\/2024\/01\/2-3.png\" alt=\"\" width=\"800\" height=\"300\" srcset=\"https:\/\/plmf.ee\/wp-content\/uploads\/2024\/01\/2-3.png 800w, https:\/\/plmf.ee\/wp-content\/uploads\/2024\/01\/2-3-300x113.png 300w, https:\/\/plmf.ee\/wp-content\/uploads\/2024\/01\/2-3-615x231.png 615w, https:\/\/plmf.ee\/wp-content\/uploads\/2024\/01\/2-3-400x150.png 400w, https:\/\/plmf.ee\/wp-content\/uploads\/2024\/01\/2-3-292x110.png 292w, https:\/\/plmf.ee\/wp-content\/uploads\/2024\/01\/2-3-600x225.png 600w\" sizes=\"(max-width: 800px) 100vw, 800px\" \/><\/a><\/div><\/div>\n<div class=\"row \"><div class=\"wpv-grid grid-1-1  wpv-first-level first unextended\" style=\"padding-top:0px;padding-bottom:0px\" id=\"wpv-column-f3b2089243376d0c6163c41113f3f671\" ><hr \/>\n<p style=\"text-align: center;\"><span style=\"font-size: 14pt;\"><strong>XVII TALLINN WINTER FESTIVAL \u201cOPEN YOUR EYES, OPEN YOUR HEART\u201d 13.02-23.02.2024<\/strong><\/span><\/p>\n<p style=\"text-align: center;\"><span style=\"font-size: 14pt;\">The festival will bring light and joy to the dark month of February and<br \/>\nawaits the public to the House of the Blackheads, Tallinn Town Hall and the Swedish St. Michael&#8217;s Church!<\/span><\/p>\n<p style=\"text-align: center;\"><span style=\"font-size: 14pt;\">Multiple Estonian top soloists and a competition winner from Italy will perform at the festival concerts.<\/span><\/p>\n<p style=\"text-align: center;\"><span style=\"font-size: 14pt;\"><strong>\u201cMUBA TALENT 2023\u201d <\/strong>prize will be given out for the second time at the festival.<strong><br \/>\n<\/strong><\/span><\/p>\n<p style=\"text-align: center;\"><span style=\"font-size: 14pt;\">The festival has turned attention towards people in need in our society since 2006 and for that<br \/>\nPLMF has created a charity &#8220;<strong>OPEN YOUR EYES, OPEN YOUR HEART<\/strong>&#8220;.<\/span><br \/>\n<span style=\"font-size: 14pt;\"><strong><b>The campaign of 2024 &#8220;WITH MUSIC FOR UKRAINE&#8221; collects donations<br \/>\nto organize master classes for Ukrainian music students.<\/b><\/strong><\/span><\/p>\n<p style=\"text-align: center;\"><span style=\"font-size: 14pt;\">PLMF will donate 20% of the festival\u2019s ticket fund to them and<\/span><br \/>\n<span style=\"font-size: 14pt;\"><strong>we invite you, good people and organizations, to buy tickets to the Festival as well as donate<\/strong>:<\/span><br \/>\n<span style=\"font-size: 14pt;\">MT\u00dc Muusikute t\u00e4iend\u00f5ppe keskus, EE037700771003227591, AS LHV Bank,<\/span><br \/>\n<span style=\"font-size: 14pt;\">description \u201eOpen Your Eyes, Open Your Heart\u201c.<\/span><\/p>\n<p style=\"text-align: center;\"><span style=\"font-size: 14pt;\"><a href=\"https:\/\/plmf.ee\/en\/charity-campaign-for-ukraine\/\">OPEN YOUR EYES, OPEN YOUR HEART &#8211; READ MORE<\/a><\/span><\/p>\n<p style=\"text-align: center;\"><span style=\"font-size: 14pt;\"><strong>Thinking of Ukrainian children PLMF is hosting a drawing competition &#8220;For Ukraine&#8221;.<\/strong><\/span><\/p>\n<p style=\"text-align: center;\"><a href=\"https:\/\/plmf.ee\/en\/joonistusvoistlus-ukraina-heaks\/\"><span style=\"font-size: 18.6667px;\">READ MORE<\/span><\/a><\/div><\/div>\n\t\t<div class=\"sep-text single centered\">\n\t\t\t\t\t\t\t<span class=\"sep-text-before\"><div class=\"sep-text-line\"><\/div><\/span>\n\t\t\t\t\t\t<div class=\"content\">\n\t\t\t\t\n<span style=\"font-size: 14pt;\">FESTIVAL PROGRAM<\/span><br \/>\n\t\t\t<\/div>\n\t\t\t<span class=\"sep-text-after\"><div class=\"sep-text-line\"><\/div><\/span>\n\t\t\t\t\t<\/div>\n\t\n<div class=\"row \"><div class=\"wpv-grid grid-1-1  wpv-first-level first unextended\" style=\"padding-top:0px;padding-bottom:0px\" id=\"wpv-column-81cd0b67689bf5d84634f1f3956cf841\" ><p style=\"text-align: center;\"><span style=\"font-size: 14pt;\"><b>Swedish St. Michael\u2019s Church<br \/>\n<\/b><\/span><span style=\"font-weight: 400; font-size: 14pt;\">13.02 at 3 p.m.<br \/>\n<\/span><span style=\"font-weight: 400; font-size: 14pt;\">FESTIVAL OPENING CONCERT<br \/>\n<\/span><span style=\"font-size: 14pt;\"><b>Henn Rebane<\/b><span style=\"font-weight: 400;\"> accordion, <\/span><b>Neeme Ots<\/b><span style=\"font-weight: 400;\"> trumpet, <\/span><b>Tiia Tenno<\/b><span style=\"font-weight: 400;\"> organ<br \/>\n<\/span><\/span><span style=\"font-size: 14pt;\"><i><span style=\"font-weight: 400;\">Programme: <\/span><\/i><i><span style=\"font-weight: 400;\">Bach, Valgre, Rebane etc.<\/span><\/i><i><span style=\"font-weight: 400;\"><br \/>\n<\/span><\/i><a href=\"https:\/\/www.piletilevi.ee\/eng\/tickets\/muusika\/festival\/xvii-tallinna-talvefestivali-avakontsert-416046\/\"><span style=\"font-weight: 400;\">Tickets: 15\/10\u20ac<\/span><\/a><br \/>\n<a href=\"https:\/\/plmf.ee\/en\/xvii-tallinna-talvefestivali-avakontserdi-13-02-kava\/\">Program of the concert<\/a><\/span><\/p>\n<hr \/>\n<p style=\"text-align: center;\"><span style=\"font-size: 14pt;\"><b>House of the Blackheads<br \/>\n<\/b><\/span><span style=\"font-weight: 400; font-size: 14pt;\">14.02 at 6 p.m.<br \/>\n<\/span><span style=\"font-weight: 400; font-size: 14pt;\">WITH MUSIC FOR UKRAINE<br \/>\n<\/span><span style=\"font-size: 14pt;\"><b>Viola Asoskova<\/b><span style=\"font-weight: 400;\"> piano, <\/span><b>Victoria Sayenko<\/b><span style=\"font-weight: 400;\"> bassoon, <\/span><b>Nicolas Concheiro Veleiro<\/b><span style=\"font-weight: 400;\"> cello,<br \/>\n<\/span><\/span><span style=\"font-size: 14pt;\"><span style=\"font-weight: 400;\">violinists <\/span><b>Maria-Sofia Dyka<\/b>, <b>Sofia Yavorska<\/b>, <b>Dmytro Cherepov<\/b><span style=\"font-weight: 400;\"><br \/>\n<\/span><\/span><span style=\"font-size: 14pt;\"><i><span style=\"font-weight: 400;\">Programme: Silvestrov, Barvinsky, Rodin, Eller etc.<br \/>\n<\/span><\/i><\/span><a href=\"https:\/\/www.piletilevi.ee\/eng\/tickets\/muusika\/festival\/xvii-tallinna-talvefestivali-kontsert-muusikaga-ukraina-heaks-416051\/\"><span style=\"font-weight: 400; font-size: 14pt;\">Tickets: 15\/10\u20ac<\/span><\/a><br \/>\n<a href=\"https:\/\/plmf.ee\/en\/xvii-tallinna-talvefestivali-kontserdi-muusikaga-ukraina-heaks-14-02-kava\/\"><span style=\"font-size: 14pt;\">Program of the concert<\/span><\/a><\/p>\n<hr \/>\n<p style=\"text-align: center;\"><span style=\"font-size: 14pt;\"><b>Tallinn Town Hall<br \/>\n<\/b><\/span><span style=\"font-weight: 400; font-size: 14pt;\">16.02 at 6 p.m.<br \/>\n<\/span><span style=\"font-weight: 400; font-size: 14pt;\">VIRTUOSOS<br \/>\n<\/span><span style=\"font-size: 14pt;\">Violinists <b>Sigrid Kuulmann<\/b> and<b> Kristina<\/b> <strong>Kriit<\/strong>, pianist <strong>Ralf Taal<\/strong><br \/>\n<\/span><span style=\"font-size: 14pt;\"><i><span style=\"font-weight: 400;\">Programme: Wieniawski, Liszt, Ravel, Saint-Sa\u00ebns etc.<br \/>\n<\/span><\/i><\/span><a href=\"https:\/\/www.piletilevi.ee\/eng\/tickets\/muusika\/festival\/xvii-tallinna-talvefestivali-kontsert-virtuoosid-416052\/\"><span style=\"font-weight: 400; font-size: 14pt;\">Tickets: 20\/12\u20ac<\/span><\/a><\/p>\n<hr \/>\n<p style=\"text-align: center;\"><span style=\"font-size: 14pt;\"><b>House of the Blackheads<br \/>\n<\/b><\/span><span style=\"font-weight: 400; font-size: 14pt;\">19.02 at 6 p.m.<br \/>\n<\/span><span style=\"font-weight: 400; font-size: 14pt;\">ESTONIAN CELLO ENSEMBLE<br \/>\n<\/span><span style=\"font-size: 14pt;\"><b>Andreas Lend<\/b>, <b>Marius J\u00e4rvi<\/b>, <b>Andres Metspalu<\/b>, <b>Johannes Sarapuu<br \/>\n<\/b><\/span><span style=\"font-size: 14pt;\"><i><span style=\"font-weight: 400;\">Programme: Bach, Grigorjeva, Wagner etc.<br \/>\n<\/span><\/i><\/span><a href=\"https:\/\/www.piletilevi.ee\/eng\/tickets\/muusika\/festival\/xvii-tallinna-talvefestivali-kontsert-416053\/\"><span style=\"font-weight: 400; font-size: 14pt;\">Tickets: 25\/12\u20ac<\/span><\/a><br \/>\n<a href=\"https:\/\/plmf.ee\/en\/xvii-tallinna-talvefestivali-estonian-cello-ensemblei-kontsert-19-02-kava\/\"><span style=\"font-size: 14pt;\">Program of the concert<\/span><\/a><\/p>\n<hr \/>\n<p style=\"text-align: center;\"><span style=\"font-size: 14pt;\"><b>Tallinn Town Hall<br \/>\n<\/b><\/span><span style=\"font-weight: 400; font-size: 14pt;\">20.02 at 6 p.m.<br \/>\n<\/span><span style=\"font-weight: 400; font-size: 14pt;\">MAGIC OF VOICES<br \/>\n<\/span><span style=\"font-size: 14pt;\"><b>Jessica Pantarotto<\/b><span style=\"font-weight: 400;\"> soprano, winner of the 2023 T.O.S.C.A International Competition for Opera Singers, IT,<br \/>\n<b>Annaliisa Pillak <\/b>mezzosoprano, <\/span><b>Aare Saal<\/b><span style=\"font-weight: 400;\"> baritone, <\/span><b>Olga Kulikova<\/b><span style=\"font-weight: 400;\"> piano<br \/>\n<\/span><\/span><span style=\"font-size: 14pt;\"><i><span style=\"font-weight: 400;\">Programme: Mozart, Bizet, Verdi, Gounod etc.<br \/>\n<\/span><\/i><\/span><a href=\"https:\/\/www.piletilevi.ee\/eng\/tickets\/muusika\/festival\/xvii-tallinna-talvefestivali-kontsert-haalte-volu-416055\/\"><span style=\"font-weight: 400; font-size: 14pt;\">Tickets: 20\/12\u20ac<\/span><\/a><br \/>\n<a href=\"https:\/\/plmf.ee\/en\/xvii-tallinna-talvefestivali-kontserdi-haalte-volu-20-02-kava\/\"><span style=\"font-size: 14pt;\">Program of the concert<\/span><\/a><\/p>\n<hr \/>\n<p style=\"text-align: center;\"><span style=\"font-size: 14pt;\"><b>House of the Blackheads<br \/>\n<\/b><\/span><span style=\"font-weight: 400; font-size: 14pt;\">23.02 at 6 p.m.<br \/>\n<\/span><span style=\"font-weight: 400; font-size: 14pt;\">CAMERATA MUSICA<br \/>\n<\/span><span style=\"font-size: 14pt;\">String Quartet &#8211;<b> Sigrid Kuulmann<\/b><span style=\"font-weight: 400;\"> violin, <\/span><b>Fred Heinoja<\/b><span style=\"font-weight: 400;\"> violin, <\/span><\/span><span style=\"font-size: 14pt;\"><b>Johanna Vaherm\u00e4gi<\/b><span style=\"font-weight: 400;\"> viola, <\/span><b>Andreas Lend<\/b> <span style=\"font-weight: 400;\">cello<br \/>\n<\/span><\/span><span style=\"font-size: 14pt;\"><i><span style=\"font-weight: 400;\">Programme: Eller, K\u00f5rvits, Grieg <\/span><\/i><i><span style=\"font-weight: 400;\">etc.<br \/>\n<\/span><\/i><\/span><span style=\"font-weight: 400; font-size: 14pt;\">*MUBA Talent 2023 award ceremony<br \/>\n*Recognition of the best works of the drawing competition &#8220;For Ukraine&#8221;<br \/>\n<\/span><a href=\"https:\/\/www.piletilevi.ee\/eng\/tickets\/muusika\/festival\/xvii-tallinna-talvefestivali-kontsert-416056\/\"><span style=\"font-weight: 400; font-size: 14pt;\">Tickets: 20\/12\u20ac<\/span><\/a><br \/>\n<span style=\"font-size: 14pt;\"><a href=\"https:\/\/plmf.ee\/en\/xvii-tallinna-talvefestivali-23-02-kontserdi-kava\/\">Program of the concert<\/a><\/span><\/div><\/div>\n\t\t<div class=\"sep-text single centered\">\n\t\t\t\t\t\t\t<span class=\"sep-text-before\"><div class=\"sep-text-line\"><\/div><\/span>\n\t\t\t\t\t\t<div class=\"content\">\n\t\t\t\t\n<span style=\"font-size: 14pt;\">Festival supporters and partners<\/span>\t\t\t<\/div>\n\t\t\t<span class=\"sep-text-after\"><div class=\"sep-text-line\"><\/div><\/span>\n\t\t\t\t\t<\/div>\n\t\n<div class=\"row \"><div class=\"wpv-grid grid-1-1  wpv-first-level first unextended\" style=\"padding-top:0px;padding-bottom:0px\" id=\"wpv-column-b9a5e01529fa89a32ca5a6af9b338a8a\" ><p style=\"text-align: center;\"><span style=\"font-size: 14pt;\">Ministry of Culture, Cultural Endowment of Estonia, Tallinn Music Capital, Tallinn Education Department,<br \/>\nTallinn Peaceful Home program, Tallinn Philharmonics House of the Blackheads, <\/span><span style=\"font-size: 14pt;\">Tallinn Town Hall, Swedish St. Michael\u2019s Church,<br \/>\nEstonia Concert Hall, <\/span><span style=\"font-size: 14pt;\">Selver, Tallinn Department Store, BLRT Group, Hotel Telegraaf, Piletilevi, Kofuku etc.<\/span><\/div><\/div>\n","protected":false},"excerpt":{"rendered":"<p>XVII TALLINN WINTER FESTIVAL \u201cOPEN YOUR EYES, OPEN YOUR HEART\u201d 13.02-23.02.2024 The festival will bring light and joy to the dark month of February and awaits the public to the&#8230;<\/p>\n","protected":false},"author":9,"featured_media":0,"parent":0,"menu_order":0,"comment_status":"closed","ping_status":"closed","template":"","meta":{"footnotes":""},"class_list":["post-55105","page","type-page","status-publish","hentry"],"yoast_head":"<!-- This site is optimized with the Yoast SEO plugin v27.1.1 - https:\/\/yoast.com\/product\/yoast-seo-wordpress\/ -->\n<title>XVII Tallinn Winter Festival - Pille Lill Music Fund<\/title>\n<meta name=\"robots\" content=\"index, follow, max-snippet:-1, max-image-preview:large, max-video-preview:-1\" \/>\n<link rel=\"canonical\" href=\"https:\/\/plmf.ee\/en\/xvii-tallinn-winter-festival\/\" \/>\n<meta property=\"og:locale\" content=\"en_US\" \/>\n<meta property=\"og:type\" content=\"article\" \/>\n<meta property=\"og:title\" content=\"XVII Tallinn Winter Festival - Pille Lill Music Fund\" \/>\n<meta property=\"og:description\" content=\"XVII TALLINN WINTER FESTIVAL \u201cOPEN YOUR EYES, OPEN YOUR HEART\u201d 13.02-23.02.2024 The festival will bring light and joy to the dark month of February and awaits the public to the...\" \/>\n<meta property=\"og:url\" content=\"https:\/\/plmf.ee\/en\/xvii-tallinn-winter-festival\/\" \/>\n<meta property=\"og:site_name\" content=\"Pille Lill Music Fund\" \/>\n<meta property=\"article:modified_time\" content=\"2024-02-18T19:05:14+00:00\" \/>\n<meta property=\"og:image\" content=\"https:\/\/www.plmf.ee\/wp-content\/uploads\/2024\/01\/2-3.png\" \/>\n<meta name=\"twitter:card\" content=\"summary_large_image\" \/>\n<meta name=\"twitter:label1\" content=\"Est. reading time\" \/>\n\t<meta name=\"twitter:data1\" content=\"3 minutes\" \/>\n<script type=\"application\/ld+json\" class=\"yoast-schema-graph\">{\"@context\":\"https:\/\/schema.org\",\"@graph\":[{\"@type\":\"WebPage\",\"@id\":\"https:\/\/plmf.ee\/en\/xvii-tallinn-winter-festival\/\",\"url\":\"https:\/\/plmf.ee\/en\/xvii-tallinn-winter-festival\/\",\"name\":\"XVII Tallinn Winter Festival - Pille Lill Music Fund\",\"isPartOf\":{\"@id\":\"https:\/\/plmf.ee\/en\/#website\"},\"primaryImageOfPage\":{\"@id\":\"https:\/\/plmf.ee\/en\/xvii-tallinn-winter-festival\/#primaryimage\"},\"image\":{\"@id\":\"https:\/\/plmf.ee\/en\/xvii-tallinn-winter-festival\/#primaryimage\"},\"thumbnailUrl\":\"https:\/\/www.plmf.ee\/wp-content\/uploads\/2024\/01\/2-3.png\",\"datePublished\":\"2023-11-27T11:06:17+00:00\",\"dateModified\":\"2024-02-18T19:05:14+00:00\",\"breadcrumb\":{\"@id\":\"https:\/\/plmf.ee\/en\/xvii-tallinn-winter-festival\/#breadcrumb\"},\"inLanguage\":\"en-US\",\"potentialAction\":[{\"@type\":\"ReadAction\",\"target\":[\"https:\/\/plmf.ee\/en\/xvii-tallinn-winter-festival\/\"]}]},{\"@type\":\"ImageObject\",\"inLanguage\":\"en-US\",\"@id\":\"https:\/\/plmf.ee\/en\/xvii-tallinn-winter-festival\/#primaryimage\",\"url\":\"https:\/\/www.plmf.ee\/wp-content\/uploads\/2024\/01\/2-3.png\",\"contentUrl\":\"https:\/\/www.plmf.ee\/wp-content\/uploads\/2024\/01\/2-3.png\"},{\"@type\":\"BreadcrumbList\",\"@id\":\"https:\/\/plmf.ee\/en\/xvii-tallinn-winter-festival\/#breadcrumb\",\"itemListElement\":[{\"@type\":\"ListItem\",\"position\":1,\"name\":\"Home\",\"item\":\"https:\/\/plmf.ee\/en\/\"},{\"@type\":\"ListItem\",\"position\":2,\"name\":\"XVII Tallinn Winter Festival\"}]},{\"@type\":\"WebSite\",\"@id\":\"https:\/\/plmf.ee\/en\/#website\",\"url\":\"https:\/\/plmf.ee\/en\/\",\"name\":\"Pille Lill Music Fund\",\"description\":\"Planet Of Talent\",\"potentialAction\":[{\"@type\":\"SearchAction\",\"target\":{\"@type\":\"EntryPoint\",\"urlTemplate\":\"https:\/\/plmf.ee\/en\/?s={search_term_string}\"},\"query-input\":{\"@type\":\"PropertyValueSpecification\",\"valueRequired\":true,\"valueName\":\"search_term_string\"}}],\"inLanguage\":\"en-US\"}]}<\/script>\n<!-- \/ Yoast SEO plugin. -->","yoast_head_json":{"title":"XVII Tallinn Winter Festival - Pille Lill Music Fund","robots":{"index":"index","follow":"follow","max-snippet":"max-snippet:-1","max-image-preview":"max-image-preview:large","max-video-preview":"max-video-preview:-1"},"canonical":"https:\/\/plmf.ee\/en\/xvii-tallinn-winter-festival\/","og_locale":"en_US","og_type":"article","og_title":"XVII Tallinn Winter Festival - Pille Lill Music Fund","og_description":"XVII TALLINN WINTER FESTIVAL \u201cOPEN YOUR EYES, OPEN YOUR HEART\u201d 13.02-23.02.2024 The festival will bring light and joy to the dark month of February and awaits the public to the...","og_url":"https:\/\/plmf.ee\/en\/xvii-tallinn-winter-festival\/","og_site_name":"Pille Lill Music Fund","article_modified_time":"2024-02-18T19:05:14+00:00","og_image":[{"url":"https:\/\/www.plmf.ee\/wp-content\/uploads\/2024\/01\/2-3.png","type":"","width":"","height":""}],"twitter_card":"summary_large_image","twitter_misc":{"Est. reading time":"3 minutes"},"schema":{"@context":"https:\/\/schema.org","@graph":[{"@type":"WebPage","@id":"https:\/\/plmf.ee\/en\/xvii-tallinn-winter-festival\/","url":"https:\/\/plmf.ee\/en\/xvii-tallinn-winter-festival\/","name":"XVII Tallinn Winter Festival - Pille Lill Music Fund","isPartOf":{"@id":"https:\/\/plmf.ee\/en\/#website"},"primaryImageOfPage":{"@id":"https:\/\/plmf.ee\/en\/xvii-tallinn-winter-festival\/#primaryimage"},"image":{"@id":"https:\/\/plmf.ee\/en\/xvii-tallinn-winter-festival\/#primaryimage"},"thumbnailUrl":"https:\/\/www.plmf.ee\/wp-content\/uploads\/2024\/01\/2-3.png","datePublished":"2023-11-27T11:06:17+00:00","dateModified":"2024-02-18T19:05:14+00:00","breadcrumb":{"@id":"https:\/\/plmf.ee\/en\/xvii-tallinn-winter-festival\/#breadcrumb"},"inLanguage":"en-US","potentialAction":[{"@type":"ReadAction","target":["https:\/\/plmf.ee\/en\/xvii-tallinn-winter-festival\/"]}]},{"@type":"ImageObject","inLanguage":"en-US","@id":"https:\/\/plmf.ee\/en\/xvii-tallinn-winter-festival\/#primaryimage","url":"https:\/\/www.plmf.ee\/wp-content\/uploads\/2024\/01\/2-3.png","contentUrl":"https:\/\/www.plmf.ee\/wp-content\/uploads\/2024\/01\/2-3.png"},{"@type":"BreadcrumbList","@id":"https:\/\/plmf.ee\/en\/xvii-tallinn-winter-festival\/#breadcrumb","itemListElement":[{"@type":"ListItem","position":1,"name":"Home","item":"https:\/\/plmf.ee\/en\/"},{"@type":"ListItem","position":2,"name":"XVII Tallinn Winter Festival"}]},{"@type":"WebSite","@id":"https:\/\/plmf.ee\/en\/#website","url":"https:\/\/plmf.ee\/en\/","name":"Pille Lill Music Fund","description":"Planet Of Talent","potentialAction":[{"@type":"SearchAction","target":{"@type":"EntryPoint","urlTemplate":"https:\/\/plmf.ee\/en\/?s={search_term_string}"},"query-input":{"@type":"PropertyValueSpecification","valueRequired":true,"valueName":"search_term_string"}}],"inLanguage":"en-US"}]}},"_links":{"self":[{"href":"https:\/\/plmf.ee\/en\/wp-json\/wp\/v2\/pages\/55105","targetHints":{"allow":["GET"]}}],"collection":[{"href":"https:\/\/plmf.ee\/en\/wp-json\/wp\/v2\/pages"}],"about":[{"href":"https:\/\/plmf.ee\/en\/wp-json\/wp\/v2\/types\/page"}],"author":[{"embeddable":true,"href":"https:\/\/plmf.ee\/en\/wp-json\/wp\/v2\/users\/9"}],"replies":[{"embeddable":true,"href":"https:\/\/plmf.ee\/en\/wp-json\/wp\/v2\/comments?post=55105"}],"version-history":[{"count":0,"href":"https:\/\/plmf.ee\/en\/wp-json\/wp\/v2\/pages\/55105\/revisions"}],"wp:attachment":[{"href":"https:\/\/plmf.ee\/en\/wp-json\/wp\/v2\/media?parent=55105"}],"curies":[{"name":"wp","href":"https:\/\/api.w.org\/{rel}","templated":true}]}}