{"id":54415,"date":"2023-11-06T13:19:00","date_gmt":"2023-11-06T11:19:00","guid":{"rendered":"https:\/\/www.plmf.ee\/talveooper-6-11-kava\/"},"modified":"2023-11-06T13:39:56","modified_gmt":"2023-11-06T11:39:56","slug":"winter-opera-6-11-program","status":"publish","type":"page","link":"https:\/\/plmf.ee\/en\/winter-opera-6-11-program\/","title":{"rendered":"Winter Opera 6.11 program"},"content":{"rendered":"<div class=\"row \"><div class=\"wpv-grid grid-1-1  wpv-first-level first unextended\" style=\"padding-top:0px;padding-bottom:0px\" id=\"wpv-column-b14c54d5d36d7402e422c995e8066bae\" ><p style=\"text-align: center;\"><span style=\"font-size: 14pt;\"><strong>Tartu St. John&#8217;s Church<\/strong><\/span><br \/>\n<span style=\"font-size: 14pt;\">WINTER OPERA<\/span><br \/>\n<span style=\"font-size: 14pt;\">6th of November at 6pm<\/span><br \/>\n<span style=\"font-size: 14pt;\"><strong>Maria Listra<\/strong> (soprano), <strong>Sandra Laagus<\/strong> (mezzosoprano),<\/span><br \/>\n<span style=\"font-size: 14pt;\"><strong>Rasmus Kull<\/strong> (tenor), pianist <strong>Piia Paemurru<\/strong><\/span><br \/>\n<span style=\"font-size: 14pt;\">Night host <strong>Alar Haak<\/strong><\/span><\/div><\/div>\n\t\t<div class=\"sep-text single centered\">\n\t\t\t\t\t\t\t<span class=\"sep-text-before\"><div class=\"sep-text-line\"><\/div><\/span>\n\t\t\t\t\t\t<div class=\"content\">\n\t\t\t\t\n<span style=\"font-size: 14pt;\"><strong>PROGRAM<\/strong><\/span><br \/>\n\t\t\t<\/div>\n\t\t\t<span class=\"sep-text-after\"><div class=\"sep-text-line\"><\/div><\/span>\n\t\t\t\t\t<\/div>\n\t\n<div class=\"row \"><div class=\"wpv-grid grid-1-1  wpv-first-level first unextended\" style=\"padding-top:0px;padding-bottom:0px\" id=\"wpv-column-97599ad6a04bcb062df82d13eb344048\" ><p style=\"text-align: center;\"><span style=\"font-size: 14pt;\"><strong>Wolfgang Amadeus Mozart<\/strong> (1756\u20131791)<\/span><br \/>\n<span style=\"font-size: 14pt;\">Fiordiligi&#8217;s, Dorabella&#8217;s and Don Alfonso&#8217;s tercet \u201eMay the Wind be Gentle\u201c \/<br \/>\n\u201eSoave sia il vento\u201d <\/span><span style=\"font-size: 14pt;\">from the opera \u201eCosi fan tutte\u201c<\/span><\/p>\n<p style=\"text-align: center;\"><span style=\"font-size: 14pt;\"><strong>Giacomo Puccini<\/strong> (1858\u20131924)<\/span><br \/>\n<span style=\"font-size: 14pt;\">From the opera \u201eThe Bohemia\u201c \/ \u201eLa boh\u00e8me\u201d<\/span><br \/>\n<span style=\"font-size: 14pt;\">&#8211; Mim\u00ec&#8217;s aria \u201eThey call me Mimi\u201c \/ \u201eS\u00ec. Mi chiamano Mim\u00ec\u201c<\/span><br \/>\n<span style=\"font-size: 14pt;\">&#8211; Musetta&#8217;s aria \u201eMusetta&#8217;s Waltz\u201c \/ \u201eQuando me\u2019n vo soletta per la via\u201c<\/span><\/p>\n<p style=\"text-align: center;\"><span style=\"font-size: 14pt;\"><strong>Hector Berlioz<\/strong> (1803\u20131869)<\/span><br \/>\n<span style=\"font-size: 14pt;\">Benedicti rondo \u201eAh! I&#8217;m already in love\u201c \/ \u201eAh! Je vais l\u2019aimer\u201c<\/span><br \/>\n<span style=\"font-size: 14pt;\">from the opera \u201eBeatrice and Benedict\u201c \/ \u201eB\u00e9atrice et B\u00e9n\u00e9dict\u201c<\/span><\/p>\n<p style=\"text-align: center;\"><span style=\"font-size: 14pt;\"><strong>Jules Massenet<\/strong> (1842\u20131912)<\/span><br \/>\n<span style=\"font-size: 14pt;\">Charlotte\u2019s aria \u201eGo! Let my tears flow\u201c \/<br \/>\n\u201eVa! laisse couler mes larmes\u201c <\/span><span style=\"font-size: 14pt;\">from the opera \u201eWerther\u201d<\/span><\/p>\n<p style=\"text-align: center;\"><span style=\"font-size: 14pt;\"><strong>Francesco Cilea<\/strong> (1866\u20131950)<\/span><br \/>\n<span style=\"font-size: 14pt;\">Adriana&#8217;s aria \u201eI Am a Child of God\u201c \/<br \/>\n\u201eIo son l\u2019umile ancella del Genio creator\u201c <\/span><span style=\"font-size: 14pt;\">from the opera \u201eAdriana Lecouvreur\u201c<\/span><\/p>\n<p style=\"text-align: center;\"><span style=\"font-size: 14pt;\"><strong>Wolfgang Amadeus Mozart<\/strong><\/span><br \/>\n<span style=\"font-size: 14pt;\">Count&#8217;s\u00a0 aria \u201eCount On a Reckoning!\u201c \/ \u201eHai gi\u00e0 vinta la causa!\u201d<br \/>\nfrom the opera \u201eThe Marriage of Figaro\u201d \/ <\/span><span style=\"font-size: 14pt;\">\u201eLe nozze di Figaro\u201d<\/span><\/p>\n<p style=\"text-align: center;\"><span style=\"font-size: 14pt;\">Annio&#8217;s and Servilia&#8217;s duet \u201eAh, my love, I pray you&#8217;ll forgive me\u201d \/ \u201eAh perdona il primo affetto\u201d<\/span><br \/>\n<span style=\"font-size: 14pt;\">from the opera \u201eThe Clemency of Titus\u201d \/ \u201eLa clemenza di Tito\u201d<\/span><\/p>\n<p style=\"text-align: center;\"><span style=\"font-size: 14pt;\">From the opera \u201cDon Giovanni\u201d<\/span><br \/>\n<span style=\"font-size: 14pt;\">&#8211; Tercet \u201eHeaven, Protect my Heart&#8217;s Desire!\u201d \/ \u201eProtegga il giusto cielo\u201d<\/span><br \/>\n<span style=\"font-size: 14pt;\">&#8211; Zerlina&#8217;s and Don Giovanni&#8217;s duet \u201eThere we will give each other our hands\u201c \/ \u201eL\u00e0 ci darem la mano\u201c<\/span><\/p>\n<p style=\"text-align: center;\"><span style=\"font-size: 14pt;\">Countess&#8217;s aria \u201eWhere are those happy moments\u201c \/<\/span><br \/>\n<span style=\"font-size: 14pt;\">\u201eDove sono i bei momenti di dolcezza e di piacer\u201c from the opera \u201eThe Marriage of Figaro\u201d \/ \u201eLe nozze di Figaro\u201d<\/span><\/p>\n<p style=\"text-align: center;\"><span style=\"font-size: 14pt;\"><strong>Gioachino Rossini<\/strong> (1792\u20131868)<\/span><br \/>\n<span style=\"font-size: 14pt;\">From the opera \u201eThe Barber of Seville\u201c \/ \u201eIl barbiere di Siviglia\u201c<\/span><br \/>\n<span style=\"font-size: 14pt;\">&#8211; Figaro&#8217;s cavatina \u201eMake way for the factotum\u201c \/ \u201eLargo al factotum\u201c<\/span><br \/>\n<span style=\"font-size: 14pt;\">&#8211; Rosina&#8217;s aria \u201eA voice a little while ago\u201c \/ \u201eUna voce poco fa\u201c<\/span><\/p>\n<p style=\"text-align: center;\"><span style=\"font-size: 14pt;\"><strong>Giuseppe Verdi<\/strong> (1813\u20131901)<\/span><br \/>\n<span style=\"font-size: 14pt;\">Tercet \u201eLet&#8217;s Taste the Holy Drink\u201c \/ \u201eLibiam ne&#8217; lieti calici\u201c from the opera \u201eLa Traviata\u201d<\/span><\/div><\/div>\n","protected":false},"excerpt":{"rendered":"<p>Tartu St. John&#8217;s Church WINTER OPERA 6th of November at 6pm Maria Listra (soprano), Sandra Laagus (mezzosoprano), Rasmus Kull (tenor), pianist Piia Paemurru Night host Alar Haak Wolfgang Amadeus Mozart&#8230;<\/p>\n","protected":false},"author":9,"featured_media":0,"parent":0,"menu_order":0,"comment_status":"closed","ping_status":"closed","template":"","meta":{"footnotes":""},"class_list":["post-54415","page","type-page","status-publish","hentry"],"yoast_head":"<!-- This site is optimized with the Yoast SEO plugin v27.1.1 - https:\/\/yoast.com\/product\/yoast-seo-wordpress\/ -->\n<title>Winter Opera 6.11 program - Pille Lill Music Fund<\/title>\n<meta name=\"robots\" content=\"index, follow, max-snippet:-1, max-image-preview:large, max-video-preview:-1\" \/>\n<link rel=\"canonical\" href=\"https:\/\/plmf.ee\/en\/winter-opera-6-11-program\/\" \/>\n<meta property=\"og:locale\" content=\"en_US\" \/>\n<meta property=\"og:type\" content=\"article\" \/>\n<meta property=\"og:title\" content=\"Winter Opera 6.11 program - Pille Lill Music Fund\" \/>\n<meta property=\"og:description\" content=\"Tartu St. John&#8217;s Church WINTER OPERA 6th of November at 6pm Maria Listra (soprano), Sandra Laagus (mezzosoprano), Rasmus Kull (tenor), pianist Piia Paemurru Night host Alar Haak Wolfgang Amadeus Mozart...\" \/>\n<meta property=\"og:url\" content=\"https:\/\/plmf.ee\/en\/winter-opera-6-11-program\/\" \/>\n<meta property=\"og:site_name\" content=\"Pille Lill Music Fund\" \/>\n<meta property=\"article:modified_time\" content=\"2023-11-06T11:39:56+00:00\" \/>\n<meta name=\"twitter:card\" content=\"summary_large_image\" \/>\n<meta name=\"twitter:label1\" content=\"Est. reading time\" \/>\n\t<meta name=\"twitter:data1\" content=\"2 minutes\" \/>\n<script type=\"application\/ld+json\" class=\"yoast-schema-graph\">{\"@context\":\"https:\/\/schema.org\",\"@graph\":[{\"@type\":\"WebPage\",\"@id\":\"https:\/\/plmf.ee\/en\/winter-opera-6-11-program\/\",\"url\":\"https:\/\/plmf.ee\/en\/winter-opera-6-11-program\/\",\"name\":\"Winter Opera 6.11 program - Pille Lill Music Fund\",\"isPartOf\":{\"@id\":\"https:\/\/www.plmf.ee\/#website\"},\"datePublished\":\"2023-11-06T11:19:00+00:00\",\"dateModified\":\"2023-11-06T11:39:56+00:00\",\"breadcrumb\":{\"@id\":\"https:\/\/plmf.ee\/en\/winter-opera-6-11-program\/#breadcrumb\"},\"inLanguage\":\"en-US\",\"potentialAction\":[{\"@type\":\"ReadAction\",\"target\":[\"https:\/\/plmf.ee\/en\/winter-opera-6-11-program\/\"]}]},{\"@type\":\"BreadcrumbList\",\"@id\":\"https:\/\/plmf.ee\/en\/winter-opera-6-11-program\/#breadcrumb\",\"itemListElement\":[{\"@type\":\"ListItem\",\"position\":1,\"name\":\"Home\",\"item\":\"https:\/\/plmf.ee\/en\/\"},{\"@type\":\"ListItem\",\"position\":2,\"name\":\"Winter Opera 6.11 program\"}]},{\"@type\":\"WebSite\",\"@id\":\"https:\/\/www.plmf.ee\/#website\",\"url\":\"https:\/\/www.plmf.ee\/\",\"name\":\"Pille Lill Music Fund\",\"description\":\"Planet Of Talent\",\"potentialAction\":[{\"@type\":\"SearchAction\",\"target\":{\"@type\":\"EntryPoint\",\"urlTemplate\":\"https:\/\/www.plmf.ee\/?s={search_term_string}\"},\"query-input\":{\"@type\":\"PropertyValueSpecification\",\"valueRequired\":true,\"valueName\":\"search_term_string\"}}],\"inLanguage\":\"en-US\"}]}<\/script>\n<!-- \/ Yoast SEO plugin. -->","yoast_head_json":{"title":"Winter Opera 6.11 program - Pille Lill Music Fund","robots":{"index":"index","follow":"follow","max-snippet":"max-snippet:-1","max-image-preview":"max-image-preview:large","max-video-preview":"max-video-preview:-1"},"canonical":"https:\/\/plmf.ee\/en\/winter-opera-6-11-program\/","og_locale":"en_US","og_type":"article","og_title":"Winter Opera 6.11 program - Pille Lill Music Fund","og_description":"Tartu St. John&#8217;s Church WINTER OPERA 6th of November at 6pm Maria Listra (soprano), Sandra Laagus (mezzosoprano), Rasmus Kull (tenor), pianist Piia Paemurru Night host Alar Haak Wolfgang Amadeus Mozart...","og_url":"https:\/\/plmf.ee\/en\/winter-opera-6-11-program\/","og_site_name":"Pille Lill Music Fund","article_modified_time":"2023-11-06T11:39:56+00:00","twitter_card":"summary_large_image","twitter_misc":{"Est. reading time":"2 minutes"},"schema":{"@context":"https:\/\/schema.org","@graph":[{"@type":"WebPage","@id":"https:\/\/plmf.ee\/en\/winter-opera-6-11-program\/","url":"https:\/\/plmf.ee\/en\/winter-opera-6-11-program\/","name":"Winter Opera 6.11 program - Pille Lill Music Fund","isPartOf":{"@id":"https:\/\/www.plmf.ee\/#website"},"datePublished":"2023-11-06T11:19:00+00:00","dateModified":"2023-11-06T11:39:56+00:00","breadcrumb":{"@id":"https:\/\/plmf.ee\/en\/winter-opera-6-11-program\/#breadcrumb"},"inLanguage":"en-US","potentialAction":[{"@type":"ReadAction","target":["https:\/\/plmf.ee\/en\/winter-opera-6-11-program\/"]}]},{"@type":"BreadcrumbList","@id":"https:\/\/plmf.ee\/en\/winter-opera-6-11-program\/#breadcrumb","itemListElement":[{"@type":"ListItem","position":1,"name":"Home","item":"https:\/\/plmf.ee\/en\/"},{"@type":"ListItem","position":2,"name":"Winter Opera 6.11 program"}]},{"@type":"WebSite","@id":"https:\/\/www.plmf.ee\/#website","url":"https:\/\/www.plmf.ee\/","name":"Pille Lill Music Fund","description":"Planet Of Talent","potentialAction":[{"@type":"SearchAction","target":{"@type":"EntryPoint","urlTemplate":"https:\/\/www.plmf.ee\/?s={search_term_string}"},"query-input":{"@type":"PropertyValueSpecification","valueRequired":true,"valueName":"search_term_string"}}],"inLanguage":"en-US"}]}},"_links":{"self":[{"href":"https:\/\/plmf.ee\/en\/wp-json\/wp\/v2\/pages\/54415","targetHints":{"allow":["GET"]}}],"collection":[{"href":"https:\/\/plmf.ee\/en\/wp-json\/wp\/v2\/pages"}],"about":[{"href":"https:\/\/plmf.ee\/en\/wp-json\/wp\/v2\/types\/page"}],"author":[{"embeddable":true,"href":"https:\/\/plmf.ee\/en\/wp-json\/wp\/v2\/users\/9"}],"replies":[{"embeddable":true,"href":"https:\/\/plmf.ee\/en\/wp-json\/wp\/v2\/comments?post=54415"}],"version-history":[{"count":0,"href":"https:\/\/plmf.ee\/en\/wp-json\/wp\/v2\/pages\/54415\/revisions"}],"wp:attachment":[{"href":"https:\/\/plmf.ee\/en\/wp-json\/wp\/v2\/media?parent=54415"}],"curies":[{"name":"wp","href":"https:\/\/api.w.org\/{rel}","templated":true}]}}