{"id":54402,"date":"2023-10-31T19:15:17","date_gmt":"2023-10-31T17:15:17","guid":{"rendered":"https:\/\/www.plmf.ee\/heateoalgatus-ukraina-heaks\/"},"modified":"2025-01-22T16:56:02","modified_gmt":"2025-01-22T14:56:02","slug":"charity-campaign-for-ukraine","status":"publish","type":"page","link":"https:\/\/plmf.ee\/en\/charity-campaign-for-ukraine\/","title":{"rendered":"Charity campaign &#8220;For Ukraine&#8221;"},"content":{"rendered":"<div class=\"row \"><div class=\"wpv-grid grid-1-1  wpv-first-level first unextended\" style=\"padding-top:0px;padding-bottom:0px\" id=\"wpv-column-3012b3c4add9861b99ee1e1ab53145a0\" ><h4 style=\"text-align: center;\"><strong><span style=\"font-size: 18pt;\">Charity campaign &#8220;WITH MUSIC FOR UKRAINE&#8221; to organize master classes for Ukrainian music students<\/span><\/strong><\/h4>\n<p style=\"text-align: center;\"><span style=\"font-size: 14pt;\"><strong>With your support<\/strong> Music trust PLMF will organize master classes by outstanding Estonian musicians<br \/>\nfor Ukrainian children and youth studying music.<\/span><\/p>\n<p style=\"text-align: center;\"><span style=\"font-size: 14pt;\">PLMF has organized many master classes for Estonian music school students over the years.<\/span><\/p>\n<p style=\"text-align: center;\"><span style=\"font-size: 14pt;\">Previous coaches: Sigrid Kuulmann, Kristina Kriit, Johanna Vaherm\u00e4gi, Virgo Veldi, Ralf Taal, Neeme Ots etc.<\/span><\/p>\n<p style=\"text-align: center;\"><span style=\"font-size: 14pt;\">With master classes young musicians can perfect their instrumental skills with the help of a master.<\/span><\/p>\n<p style=\"text-align: center;\"><span style=\"font-size: 14pt;\">All support and donations are welcome!<\/span><\/p>\n<p style=\"text-align: center;\"><span style=\"font-size: 14pt;\">Muusikute T\u00e4iend\u00f5ppe Keskus MT\u00dc<\/span><br \/>\n<span style=\"font-size: 14pt;\">EE037700771003227591<\/span><br \/>\n<span style=\"font-size: 14pt;\">Description: With Music for Ukraine<\/span><br \/>\n<span style=\"font-size: 14pt;\">BIC\/SWIFT: LHVBEE22<\/span><\/div><\/div>\n<div class=\"row \"><div class=\"wpv-grid grid-1-1  wpv-first-level first unextended\" style=\"padding-top:0px;padding-bottom:0px\" id=\"wpv-column-6bdf21687a5a863a7eaf9ce051083547\" ><p><a href=\"https:\/\/plmf.ee\/wp-content\/uploads\/2025\/01\/TOSTA-PILK-2024-VAHEBANNER-KODUKALE.jpg\"><img decoding=\"async\" class=\"aligncenter wp-image-60036 size-large\" src=\"https:\/\/www.plmf.ee\/wp-content\/uploads\/2025\/01\/TOSTA-PILK-2024-VAHEBANNER-KODUKALE-724x1024.jpg\" alt=\"\" width=\"724\" height=\"1024\" srcset=\"https:\/\/plmf.ee\/wp-content\/uploads\/2025\/01\/TOSTA-PILK-2024-VAHEBANNER-KODUKALE-724x1024.jpg 724w, https:\/\/plmf.ee\/wp-content\/uploads\/2025\/01\/TOSTA-PILK-2024-VAHEBANNER-KODUKALE-212x300.jpg 212w, https:\/\/plmf.ee\/wp-content\/uploads\/2025\/01\/TOSTA-PILK-2024-VAHEBANNER-KODUKALE-615x870.jpg 615w, https:\/\/plmf.ee\/wp-content\/uploads\/2025\/01\/TOSTA-PILK-2024-VAHEBANNER-KODUKALE-400x566.jpg 400w, https:\/\/plmf.ee\/wp-content\/uploads\/2025\/01\/TOSTA-PILK-2024-VAHEBANNER-KODUKALE-292x413.jpg 292w, https:\/\/plmf.ee\/wp-content\/uploads\/2025\/01\/TOSTA-PILK-2024-VAHEBANNER-KODUKALE-600x848.jpg 600w, https:\/\/plmf.ee\/wp-content\/uploads\/2025\/01\/TOSTA-PILK-2024-VAHEBANNER-KODUKALE.jpg 1000w\" sizes=\"(max-width: 724px) 100vw, 724px\" \/><\/a><\/div><\/div>\n","protected":false},"excerpt":{"rendered":"<p>Charity campaign &#8220;WITH MUSIC FOR UKRAINE&#8221; to organize master classes for Ukrainian music students With your support Music trust PLMF will organize master classes by outstanding Estonian musicians for Ukrainian&#8230;<\/p>\n","protected":false},"author":9,"featured_media":0,"parent":0,"menu_order":0,"comment_status":"closed","ping_status":"closed","template":"","meta":{"footnotes":""},"class_list":["post-54402","page","type-page","status-publish","hentry"],"yoast_head":"<!-- This site is optimized with the Yoast SEO plugin v27.1.1 - https:\/\/yoast.com\/product\/yoast-seo-wordpress\/ -->\n<title>Charity campaign &quot;For Ukraine&quot; - Pille Lill Music Fund<\/title>\n<meta name=\"robots\" content=\"index, follow, max-snippet:-1, max-image-preview:large, max-video-preview:-1\" \/>\n<link rel=\"canonical\" href=\"https:\/\/www.plmf.ee\/en\/charity-campaign-for-ukraine\/\" \/>\n<meta property=\"og:locale\" content=\"en_US\" \/>\n<meta property=\"og:type\" content=\"article\" \/>\n<meta property=\"og:title\" content=\"Charity campaign &quot;For Ukraine&quot; - Pille Lill Music Fund\" \/>\n<meta property=\"og:description\" content=\"Charity campaign &#8220;WITH MUSIC FOR UKRAINE&#8221; to organize master classes for Ukrainian music students With your support Music trust PLMF will organize master classes by outstanding Estonian musicians for Ukrainian...\" \/>\n<meta property=\"og:url\" content=\"https:\/\/www.plmf.ee\/en\/charity-campaign-for-ukraine\/\" \/>\n<meta property=\"og:site_name\" content=\"Pille Lill Music Fund\" \/>\n<meta property=\"article:modified_time\" content=\"2025-01-22T14:56:02+00:00\" \/>\n<meta property=\"og:image\" content=\"https:\/\/www.plmf.ee\/wp-content\/uploads\/2025\/01\/TOSTA-PILK-2024-VAHEBANNER-KODUKALE-724x1024.jpg\" \/>\n<meta name=\"twitter:card\" content=\"summary_large_image\" \/>\n<meta name=\"twitter:label1\" content=\"Est. reading time\" \/>\n\t<meta name=\"twitter:data1\" content=\"1 minute\" \/>\n<script type=\"application\/ld+json\" class=\"yoast-schema-graph\">{\"@context\":\"https:\/\/schema.org\",\"@graph\":[{\"@type\":\"WebPage\",\"@id\":\"https:\/\/www.plmf.ee\/en\/charity-campaign-for-ukraine\/\",\"url\":\"https:\/\/www.plmf.ee\/en\/charity-campaign-for-ukraine\/\",\"name\":\"Charity campaign \\\"For Ukraine\\\" - Pille Lill Music Fund\",\"isPartOf\":{\"@id\":\"https:\/\/plmf.ee\/en\/#website\"},\"primaryImageOfPage\":{\"@id\":\"https:\/\/www.plmf.ee\/en\/charity-campaign-for-ukraine\/#primaryimage\"},\"image\":{\"@id\":\"https:\/\/www.plmf.ee\/en\/charity-campaign-for-ukraine\/#primaryimage\"},\"thumbnailUrl\":\"https:\/\/www.plmf.ee\/wp-content\/uploads\/2025\/01\/TOSTA-PILK-2024-VAHEBANNER-KODUKALE-724x1024.jpg\",\"datePublished\":\"2023-10-31T17:15:17+00:00\",\"dateModified\":\"2025-01-22T14:56:02+00:00\",\"breadcrumb\":{\"@id\":\"https:\/\/www.plmf.ee\/en\/charity-campaign-for-ukraine\/#breadcrumb\"},\"inLanguage\":\"en-US\",\"potentialAction\":[{\"@type\":\"ReadAction\",\"target\":[\"https:\/\/www.plmf.ee\/en\/charity-campaign-for-ukraine\/\"]}]},{\"@type\":\"ImageObject\",\"inLanguage\":\"en-US\",\"@id\":\"https:\/\/www.plmf.ee\/en\/charity-campaign-for-ukraine\/#primaryimage\",\"url\":\"https:\/\/www.plmf.ee\/wp-content\/uploads\/2025\/01\/TOSTA-PILK-2024-VAHEBANNER-KODUKALE-724x1024.jpg\",\"contentUrl\":\"https:\/\/www.plmf.ee\/wp-content\/uploads\/2025\/01\/TOSTA-PILK-2024-VAHEBANNER-KODUKALE-724x1024.jpg\"},{\"@type\":\"BreadcrumbList\",\"@id\":\"https:\/\/www.plmf.ee\/en\/charity-campaign-for-ukraine\/#breadcrumb\",\"itemListElement\":[{\"@type\":\"ListItem\",\"position\":1,\"name\":\"Home\",\"item\":\"https:\/\/plmf.ee\/en\/\"},{\"@type\":\"ListItem\",\"position\":2,\"name\":\"Charity campaign &#8220;For Ukraine&#8221;\"}]},{\"@type\":\"WebSite\",\"@id\":\"https:\/\/plmf.ee\/en\/#website\",\"url\":\"https:\/\/plmf.ee\/en\/\",\"name\":\"Pille Lill Music Fund\",\"description\":\"Planet Of Talent\",\"potentialAction\":[{\"@type\":\"SearchAction\",\"target\":{\"@type\":\"EntryPoint\",\"urlTemplate\":\"https:\/\/plmf.ee\/en\/?s={search_term_string}\"},\"query-input\":{\"@type\":\"PropertyValueSpecification\",\"valueRequired\":true,\"valueName\":\"search_term_string\"}}],\"inLanguage\":\"en-US\"}]}<\/script>\n<!-- \/ Yoast SEO plugin. -->","yoast_head_json":{"title":"Charity campaign \"For Ukraine\" - Pille Lill Music Fund","robots":{"index":"index","follow":"follow","max-snippet":"max-snippet:-1","max-image-preview":"max-image-preview:large","max-video-preview":"max-video-preview:-1"},"canonical":"https:\/\/www.plmf.ee\/en\/charity-campaign-for-ukraine\/","og_locale":"en_US","og_type":"article","og_title":"Charity campaign \"For Ukraine\" - Pille Lill Music Fund","og_description":"Charity campaign &#8220;WITH MUSIC FOR UKRAINE&#8221; to organize master classes for Ukrainian music students With your support Music trust PLMF will organize master classes by outstanding Estonian musicians for Ukrainian...","og_url":"https:\/\/www.plmf.ee\/en\/charity-campaign-for-ukraine\/","og_site_name":"Pille Lill Music Fund","article_modified_time":"2025-01-22T14:56:02+00:00","og_image":[{"url":"https:\/\/www.plmf.ee\/wp-content\/uploads\/2025\/01\/TOSTA-PILK-2024-VAHEBANNER-KODUKALE-724x1024.jpg","type":"","width":"","height":""}],"twitter_card":"summary_large_image","twitter_misc":{"Est. reading time":"1 minute"},"schema":{"@context":"https:\/\/schema.org","@graph":[{"@type":"WebPage","@id":"https:\/\/www.plmf.ee\/en\/charity-campaign-for-ukraine\/","url":"https:\/\/www.plmf.ee\/en\/charity-campaign-for-ukraine\/","name":"Charity campaign \"For Ukraine\" - Pille Lill Music Fund","isPartOf":{"@id":"https:\/\/plmf.ee\/en\/#website"},"primaryImageOfPage":{"@id":"https:\/\/www.plmf.ee\/en\/charity-campaign-for-ukraine\/#primaryimage"},"image":{"@id":"https:\/\/www.plmf.ee\/en\/charity-campaign-for-ukraine\/#primaryimage"},"thumbnailUrl":"https:\/\/www.plmf.ee\/wp-content\/uploads\/2025\/01\/TOSTA-PILK-2024-VAHEBANNER-KODUKALE-724x1024.jpg","datePublished":"2023-10-31T17:15:17+00:00","dateModified":"2025-01-22T14:56:02+00:00","breadcrumb":{"@id":"https:\/\/www.plmf.ee\/en\/charity-campaign-for-ukraine\/#breadcrumb"},"inLanguage":"en-US","potentialAction":[{"@type":"ReadAction","target":["https:\/\/www.plmf.ee\/en\/charity-campaign-for-ukraine\/"]}]},{"@type":"ImageObject","inLanguage":"en-US","@id":"https:\/\/www.plmf.ee\/en\/charity-campaign-for-ukraine\/#primaryimage","url":"https:\/\/www.plmf.ee\/wp-content\/uploads\/2025\/01\/TOSTA-PILK-2024-VAHEBANNER-KODUKALE-724x1024.jpg","contentUrl":"https:\/\/www.plmf.ee\/wp-content\/uploads\/2025\/01\/TOSTA-PILK-2024-VAHEBANNER-KODUKALE-724x1024.jpg"},{"@type":"BreadcrumbList","@id":"https:\/\/www.plmf.ee\/en\/charity-campaign-for-ukraine\/#breadcrumb","itemListElement":[{"@type":"ListItem","position":1,"name":"Home","item":"https:\/\/plmf.ee\/en\/"},{"@type":"ListItem","position":2,"name":"Charity campaign &#8220;For Ukraine&#8221;"}]},{"@type":"WebSite","@id":"https:\/\/plmf.ee\/en\/#website","url":"https:\/\/plmf.ee\/en\/","name":"Pille Lill Music Fund","description":"Planet Of Talent","potentialAction":[{"@type":"SearchAction","target":{"@type":"EntryPoint","urlTemplate":"https:\/\/plmf.ee\/en\/?s={search_term_string}"},"query-input":{"@type":"PropertyValueSpecification","valueRequired":true,"valueName":"search_term_string"}}],"inLanguage":"en-US"}]}},"_links":{"self":[{"href":"https:\/\/plmf.ee\/en\/wp-json\/wp\/v2\/pages\/54402","targetHints":{"allow":["GET"]}}],"collection":[{"href":"https:\/\/plmf.ee\/en\/wp-json\/wp\/v2\/pages"}],"about":[{"href":"https:\/\/plmf.ee\/en\/wp-json\/wp\/v2\/types\/page"}],"author":[{"embeddable":true,"href":"https:\/\/plmf.ee\/en\/wp-json\/wp\/v2\/users\/9"}],"replies":[{"embeddable":true,"href":"https:\/\/plmf.ee\/en\/wp-json\/wp\/v2\/comments?post=54402"}],"version-history":[{"count":0,"href":"https:\/\/plmf.ee\/en\/wp-json\/wp\/v2\/pages\/54402\/revisions"}],"wp:attachment":[{"href":"https:\/\/plmf.ee\/en\/wp-json\/wp\/v2\/media?parent=54402"}],"curies":[{"name":"wp","href":"https:\/\/api.w.org\/{rel}","templated":true}]}}