{"id":51567,"date":"2023-03-13T14:34:27","date_gmt":"2023-03-13T12:34:27","guid":{"rendered":"https:\/\/www.plmf.ee\/14-03-rootsi-mihkli-kava\/"},"modified":"2023-03-13T14:43:16","modified_gmt":"2023-03-13T12:43:16","slug":"14-03-rootsi-mihkli-kava","status":"publish","type":"page","link":"https:\/\/plmf.ee\/en\/14-03-rootsi-mihkli-kava\/","title":{"rendered":"14.03 Swedish St. Michael&#8217;s Church program"},"content":{"rendered":"<div class=\"row \"><div class=\"wpv-grid grid-1-1  wpv-first-level first unextended\" style=\"padding-top:0px;padding-bottom:0px\" id=\"wpv-column-191aa2c7d1da05bbbb67527d94908e95\" ><hr \/>\n<p style=\"text-align: center;\"><span style=\"font-size: 14pt;\"><strong>Wolfgang Amadeus Mozart<\/strong> (1756\u20131791)<\/span><br \/>\n<span style=\"font-size: 14pt;\">lll part \u201eTu virginum corona\u201c from motet \u201eExsultate, jubilate\u201c<\/span><br \/>\n<strong><span style=\"font-size: 14pt;\">Carol M\u00e4nnamets<\/span><\/strong><\/p>\n<hr \/>\n<p style=\"text-align: center;\"><strong><span style=\"font-size: 14pt;\">Wolfgang Amadeus Mozart<\/span><\/strong><br \/>\n<span style=\"font-size: 14pt;\">Recitative and aria of Susanna \u201eGiunse alfin il momento&#8230; Deh, vieni, non tardar\u201c from the opera <\/span><span style=\"font-size: 14pt;\">\u201eThe Marriage of Figaro\u201c<\/span><br \/>\n<strong><span style=\"font-size: 14pt;\">Melissa Maisla<\/span><\/strong><\/p>\n<hr \/>\n<p style=\"text-align: center;\"><span style=\"font-size: 14pt;\"><strong>Pietro Paolo Bencini<\/strong> (c. 1670\u20131755)<\/span><br \/>\n<span style=\"font-size: 14pt;\">\u201eTanto sospirero\u201c<\/span><br \/>\n<strong><span style=\"font-size: 14pt;\">Julieta Alminas<\/span><\/strong><\/p>\n<hr \/>\n<p style=\"text-align: center;\"><span style=\"font-size: 14pt;\"><strong>Antonio Caldara<\/strong> (c. 1670\u20131736)<\/span><br \/>\n<span style=\"font-size: 14pt;\">A<\/span><span style=\"font-size: 14pt;\">ria of Aminta \u201eSebben, crudele\u201c from the opera \u201eLa costanza in amor vince l\u2019inganno\u201c<\/span><br \/>\n<strong><span style=\"font-size: 14pt;\">Eleri Pullisaar<\/span><\/strong><\/p>\n<hr \/>\n<p style=\"text-align: center;\"><span style=\"font-size: 14pt;\"><strong>Georg Friedrich Handel<\/strong> (1685\u20131759)<\/span><br \/>\n<span style=\"font-size: 14pt;\">Recitative and aria of Theodora \u201eO thou bright sun&#8230; With darkness deep\u201c from the opera \u201eTheodora\u201c<\/span><br \/>\n<strong><span style=\"font-size: 14pt;\">Geir Kudu<\/span><\/strong><\/p>\n<hr \/>\n<p style=\"text-align: center;\"><span style=\"font-size: 14pt;\"><strong>Giovanni Paisiello<\/strong> (1740\u20131816)<\/span><br \/>\n<span style=\"font-size: 14pt;\">Aria of Serpina \u201eDonne vaghe\u201c from the opera \u201eLa serva padrona\u201c<\/span><br \/>\n<strong><span style=\"font-size: 14pt;\">Anastasia Kudimova<\/span><\/strong><\/p>\n<hr \/>\n<p style=\"text-align: center;\"><span style=\"font-size: 14pt;\"><strong>Claude Debussy<\/strong> (1862\u20131918)<\/span><br \/>\n<span style=\"font-size: 14pt;\">\u201eNuit d&#8217;\u00e9toiles\u201c<\/span><br \/>\n<strong><span style=\"font-size: 14pt;\">Anastasia Kudimova<\/span><\/strong><\/p>\n<hr \/>\n<p style=\"text-align: center;\"><span style=\"font-size: 14pt;\"><strong>Camille Saint-Sa\u00ebns<\/strong> (1835\u20131921)<\/span><br \/>\n<span style=\"font-size: 14pt;\">Et\u00fc\u00fcd valsi vormis op. 52 nr. 6<\/span><br \/>\n<strong><span style=\"font-size: 14pt;\">Sven-Sander \u0160estakov<\/span><\/strong><\/p>\n<hr \/>\n<p style=\"text-align: center;\"><span style=\"font-size: 14pt;\"><strong>Gustav Ernesaks<\/strong> (1908\u20131993)<\/span><br \/>\n<span style=\"font-size: 14pt;\">Aria of Malle \u201eOrjat\u00fctar, kuhu panen pea&#8230;\u201c from the opera \u201eTormide rand\u201c<\/span><br \/>\n<strong><span style=\"font-size: 14pt;\">Anni Zimmermann<\/span><\/strong><\/p>\n<hr \/>\n<p style=\"text-align: center;\"><span style=\"font-size: 14pt;\"><strong>Eino Tamberg<\/strong> (1930\u20132010)<\/span><br \/>\n<span style=\"font-size: 14pt;\">\u201eTuul viib \u00f5ilmelt lehe \u00e4ra\u201c from the song cycle \u201eViis romanssi S\u00e1ndor Pet\u0151fi s\u00f5nadele\u201c<br \/>\n<\/span><strong><span style=\"font-size: 14pt;\">Lev Rodionov<\/span><\/strong><\/p>\n<hr \/>\n<p style=\"text-align: center;\"><strong><span style=\"font-size: 14pt;\">Wolfgang Amadeus Mozart<\/span><\/strong><br \/>\n<span style=\"font-size: 14pt;\">Aria of Sarastro \u201eO, Isis und Osiris&#8230;\u201c from the opera \u201eThe Magic Flute\u201c<\/span><br \/>\n<strong><span style=\"font-size: 14pt;\">Lev Rodionov<\/span><\/strong><\/p>\n<hr \/>\n<p style=\"text-align: center;\"><strong><span style=\"font-size: 14pt;\">Wolfgang Amadeus Mozart<\/span><\/strong><br \/>\n<span style=\"font-size: 14pt;\">Aria of Pamina \u201eAch, ich f\u00fchl&#8217;s\u201c from the opera \u201eThe Magic Flute\u201c<\/span><br \/>\n<strong><span style=\"font-size: 14pt;\">Carol M\u00e4nnamets<\/span><\/strong><\/p>\n<hr \/>\n<p style=\"text-align: center;\"><span style=\"font-size: 14pt;\"><strong>Ludwig van Beethoven<\/strong> (1770\u20131827)<\/span><br \/>\n<span style=\"font-size: 14pt;\">Aria of Marzelline \u201eO w\u00e4r ich schon mit dir vereint\u201c from the opera \u201eFidelio\u201c<\/span><br \/>\n<strong><span style=\"font-size: 14pt;\">Viktorija Agnese Vanc\u0101ne<\/span><\/strong><\/p>\n<hr \/>\n<p style=\"text-align: center;\"><span style=\"font-size: 14pt;\"><strong>Arv\u012bds \u017dilinskis<\/strong> (1905\u20131993)<\/span><br \/>\n<span style=\"font-size: 14pt;\">\u201eKomponistam\u201c<\/span><br \/>\n<strong><span style=\"font-size: 14pt;\">Viktorija Agnese Vanc\u0101ne<\/span><\/strong><\/p>\n<hr \/>\n<p style=\"text-align: center;\"><span style=\"font-size: 14pt;\"><strong>Anton Rubinstein<\/strong> (1829\u20131894)<\/span><br \/>\n<span style=\"font-size: 14pt;\">Aria of Tamara \u201e\u041d\u043e\u0447 \u0442\u0435\u043f\u043b\u0430, \u043d\u043e\u0447 \u0442\u0438\u0445\u043e&#8230;\u201c from the opera \u201eThe Demon\u201c<\/span><br \/>\n<strong><span style=\"font-size: 14pt;\">Birgita Palo<\/span><\/strong><\/p>\n<hr \/>\n<p style=\"text-align: center;\"><span style=\"font-size: 14pt;\"><strong>Richard Wagner<\/strong> (1813\u20131883)<\/span><br \/>\n<span style=\"font-size: 14pt;\">Aria of Elsa \u201eEinsam in Tr\u00fcben Tage\u201c from the opera \u201eLohengrin\u201c<\/span><br \/>\n<strong><span style=\"font-size: 14pt;\">Karmen K\u00f5rnas<\/span><\/strong><\/p>\n<hr \/>\n<p style=\"text-align: center;\"><\/div><\/div>\n","protected":false},"excerpt":{"rendered":"<p>Wolfgang Amadeus Mozart (1756\u20131791) lll part \u201eTu virginum corona\u201c from motet \u201eExsultate, jubilate\u201c Carol M\u00e4nnamets Wolfgang Amadeus Mozart Recitative and aria of Susanna \u201eGiunse alfin il momento&#8230; Deh, vieni, non&#8230;<\/p>\n","protected":false},"author":9,"featured_media":0,"parent":0,"menu_order":0,"comment_status":"closed","ping_status":"closed","template":"","meta":{"footnotes":""},"class_list":["post-51567","page","type-page","status-publish","hentry"],"yoast_head":"<!-- This site is optimized with the Yoast SEO plugin v27.1.1 - https:\/\/yoast.com\/product\/yoast-seo-wordpress\/ -->\n<title>14.03 Swedish St. Michael&#039;s Church program - Pille Lill Music Fund<\/title>\n<meta name=\"robots\" content=\"index, follow, max-snippet:-1, max-image-preview:large, max-video-preview:-1\" \/>\n<link rel=\"canonical\" href=\"https:\/\/www.plmf.ee\/en\/14-03-rootsi-mihkli-kava\/\" \/>\n<meta property=\"og:locale\" content=\"en_US\" \/>\n<meta property=\"og:type\" content=\"article\" \/>\n<meta property=\"og:title\" content=\"14.03 Swedish St. Michael&#039;s Church program - Pille Lill Music Fund\" \/>\n<meta property=\"og:description\" content=\"Wolfgang Amadeus Mozart (1756\u20131791) lll part \u201eTu virginum corona\u201c from motet \u201eExsultate, jubilate\u201c Carol M\u00e4nnamets Wolfgang Amadeus Mozart Recitative and aria of Susanna \u201eGiunse alfin il momento&#8230; Deh, vieni, non...\" \/>\n<meta property=\"og:url\" content=\"https:\/\/www.plmf.ee\/en\/14-03-rootsi-mihkli-kava\/\" \/>\n<meta property=\"og:site_name\" content=\"Pille Lill Music Fund\" \/>\n<meta property=\"article:modified_time\" content=\"2023-03-13T12:43:16+00:00\" \/>\n<meta name=\"twitter:card\" content=\"summary_large_image\" \/>\n<meta name=\"twitter:label1\" content=\"Est. reading time\" \/>\n\t<meta name=\"twitter:data1\" content=\"1 minute\" \/>\n<script type=\"application\/ld+json\" class=\"yoast-schema-graph\">{\"@context\":\"https:\/\/schema.org\",\"@graph\":[{\"@type\":\"WebPage\",\"@id\":\"https:\/\/www.plmf.ee\/en\/14-03-rootsi-mihkli-kava\/\",\"url\":\"https:\/\/www.plmf.ee\/en\/14-03-rootsi-mihkli-kava\/\",\"name\":\"14.03 Swedish St. Michael's Church program - Pille Lill Music Fund\",\"isPartOf\":{\"@id\":\"https:\/\/plmf.ee\/#website\"},\"datePublished\":\"2023-03-13T12:34:27+00:00\",\"dateModified\":\"2023-03-13T12:43:16+00:00\",\"breadcrumb\":{\"@id\":\"https:\/\/www.plmf.ee\/en\/14-03-rootsi-mihkli-kava\/#breadcrumb\"},\"inLanguage\":\"en-US\",\"potentialAction\":[{\"@type\":\"ReadAction\",\"target\":[\"https:\/\/www.plmf.ee\/en\/14-03-rootsi-mihkli-kava\/\"]}]},{\"@type\":\"BreadcrumbList\",\"@id\":\"https:\/\/www.plmf.ee\/en\/14-03-rootsi-mihkli-kava\/#breadcrumb\",\"itemListElement\":[{\"@type\":\"ListItem\",\"position\":1,\"name\":\"Home\",\"item\":\"https:\/\/plmf.ee\/en\/\"},{\"@type\":\"ListItem\",\"position\":2,\"name\":\"14.03 Swedish St. Michael&#8217;s Church program\"}]},{\"@type\":\"WebSite\",\"@id\":\"https:\/\/plmf.ee\/#website\",\"url\":\"https:\/\/plmf.ee\/\",\"name\":\"Pille Lill Music Fund\",\"description\":\"Planet Of Talent\",\"potentialAction\":[{\"@type\":\"SearchAction\",\"target\":{\"@type\":\"EntryPoint\",\"urlTemplate\":\"https:\/\/plmf.ee\/?s={search_term_string}\"},\"query-input\":{\"@type\":\"PropertyValueSpecification\",\"valueRequired\":true,\"valueName\":\"search_term_string\"}}],\"inLanguage\":\"en-US\"}]}<\/script>\n<!-- \/ Yoast SEO plugin. -->","yoast_head_json":{"title":"14.03 Swedish St. Michael's Church program - Pille Lill Music Fund","robots":{"index":"index","follow":"follow","max-snippet":"max-snippet:-1","max-image-preview":"max-image-preview:large","max-video-preview":"max-video-preview:-1"},"canonical":"https:\/\/www.plmf.ee\/en\/14-03-rootsi-mihkli-kava\/","og_locale":"en_US","og_type":"article","og_title":"14.03 Swedish St. Michael's Church program - Pille Lill Music Fund","og_description":"Wolfgang Amadeus Mozart (1756\u20131791) lll part \u201eTu virginum corona\u201c from motet \u201eExsultate, jubilate\u201c Carol M\u00e4nnamets Wolfgang Amadeus Mozart Recitative and aria of Susanna \u201eGiunse alfin il momento&#8230; Deh, vieni, non...","og_url":"https:\/\/www.plmf.ee\/en\/14-03-rootsi-mihkli-kava\/","og_site_name":"Pille Lill Music Fund","article_modified_time":"2023-03-13T12:43:16+00:00","twitter_card":"summary_large_image","twitter_misc":{"Est. reading time":"1 minute"},"schema":{"@context":"https:\/\/schema.org","@graph":[{"@type":"WebPage","@id":"https:\/\/www.plmf.ee\/en\/14-03-rootsi-mihkli-kava\/","url":"https:\/\/www.plmf.ee\/en\/14-03-rootsi-mihkli-kava\/","name":"14.03 Swedish St. Michael's Church program - Pille Lill Music Fund","isPartOf":{"@id":"https:\/\/plmf.ee\/#website"},"datePublished":"2023-03-13T12:34:27+00:00","dateModified":"2023-03-13T12:43:16+00:00","breadcrumb":{"@id":"https:\/\/www.plmf.ee\/en\/14-03-rootsi-mihkli-kava\/#breadcrumb"},"inLanguage":"en-US","potentialAction":[{"@type":"ReadAction","target":["https:\/\/www.plmf.ee\/en\/14-03-rootsi-mihkli-kava\/"]}]},{"@type":"BreadcrumbList","@id":"https:\/\/www.plmf.ee\/en\/14-03-rootsi-mihkli-kava\/#breadcrumb","itemListElement":[{"@type":"ListItem","position":1,"name":"Home","item":"https:\/\/plmf.ee\/en\/"},{"@type":"ListItem","position":2,"name":"14.03 Swedish St. Michael&#8217;s Church program"}]},{"@type":"WebSite","@id":"https:\/\/plmf.ee\/#website","url":"https:\/\/plmf.ee\/","name":"Pille Lill Music Fund","description":"Planet Of Talent","potentialAction":[{"@type":"SearchAction","target":{"@type":"EntryPoint","urlTemplate":"https:\/\/plmf.ee\/?s={search_term_string}"},"query-input":{"@type":"PropertyValueSpecification","valueRequired":true,"valueName":"search_term_string"}}],"inLanguage":"en-US"}]}},"_links":{"self":[{"href":"https:\/\/plmf.ee\/en\/wp-json\/wp\/v2\/pages\/51567","targetHints":{"allow":["GET"]}}],"collection":[{"href":"https:\/\/plmf.ee\/en\/wp-json\/wp\/v2\/pages"}],"about":[{"href":"https:\/\/plmf.ee\/en\/wp-json\/wp\/v2\/types\/page"}],"author":[{"embeddable":true,"href":"https:\/\/plmf.ee\/en\/wp-json\/wp\/v2\/users\/9"}],"replies":[{"embeddable":true,"href":"https:\/\/plmf.ee\/en\/wp-json\/wp\/v2\/comments?post=51567"}],"version-history":[{"count":0,"href":"https:\/\/plmf.ee\/en\/wp-json\/wp\/v2\/pages\/51567\/revisions"}],"wp:attachment":[{"href":"https:\/\/plmf.ee\/en\/wp-json\/wp\/v2\/media?parent=51567"}],"curies":[{"name":"wp","href":"https:\/\/api.w.org\/{rel}","templated":true}]}}