{"id":50745,"date":"2022-12-12T16:28:12","date_gmt":"2022-12-12T14:28:12","guid":{"rendered":"https:\/\/www.plmf.ee\/xvi-tallinna-talvefestival\/"},"modified":"2023-02-11T15:01:17","modified_gmt":"2023-02-11T13:01:17","slug":"xvi-tallinn-winter-festival","status":"publish","type":"page","link":"https:\/\/www.plmf.ee\/en\/xvi-tallinn-winter-festival\/","title":{"rendered":"XVI Tallinn Winter Festival"},"content":{"rendered":"<div class=\"row \"><div class=\"wpv-grid grid-1-1  wpv-first-level first unextended\" style=\"padding-top:0px;padding-bottom:0px\" id=\"wpv-column-82c08a9606b50373891a4667c1d134be\" ><p><a href=\"https:\/\/www.plmf.ee\/wp-content\/uploads\/2023\/01\/2-3.png\"><img decoding=\"async\" class=\"aligncenter wp-image-51093 size-full\" src=\"https:\/\/www.plmf.ee\/wp-content\/uploads\/2023\/01\/2-3.png\" alt=\"\" width=\"800\" height=\"300\" srcset=\"https:\/\/www.plmf.ee\/wp-content\/uploads\/2023\/01\/2-3.png 800w, https:\/\/www.plmf.ee\/wp-content\/uploads\/2023\/01\/2-3-300x113.png 300w, https:\/\/www.plmf.ee\/wp-content\/uploads\/2023\/01\/2-3-615x231.png 615w, https:\/\/www.plmf.ee\/wp-content\/uploads\/2023\/01\/2-3-400x150.png 400w, https:\/\/www.plmf.ee\/wp-content\/uploads\/2023\/01\/2-3-292x110.png 292w, https:\/\/www.plmf.ee\/wp-content\/uploads\/2023\/01\/2-3-600x225.png 600w\" sizes=\"(max-width: 800px) 100vw, 800px\" \/><\/a><\/div><\/div>\n\t\t<div class=\"sep-text single centered\">\n\t\t\t\t\t\t\t<span class=\"sep-text-before\"><div class=\"sep-text-line\"><\/div><\/span>\n\t\t\t\t\t\t<div class=\"content\">\n\t\t\t\t\n<span style=\"font-size: 18pt;\"><strong>XVI TALLINN WINTER FESTIVAL \u201cOPEN YOUR EYES, OPEN YOUR HEART\u201d 14.02-21.02.2023<\/strong><\/span><br \/>\n\t\t\t<\/div>\n\t\t\t<span class=\"sep-text-after\"><div class=\"sep-text-line\"><\/div><\/span>\n\t\t\t\t\t<\/div>\n\t\n<div class=\"row \"><div class=\"wpv-grid grid-1-1  wpv-first-level first unextended\" style=\"padding-top:0px;padding-bottom:0px\" id=\"wpv-column-aa43efdc0895acdca6fd1c1fbd5449c5\" ><p style=\"text-align: center;\"><span style=\"font-size: 14pt;\">This year&#8217;s festival has an anniversary smell &#8211;<\/span><br \/>\n<strong><span style=\"font-size: 14pt;\">MUSIC TRUST PLMF IS CELEBRATING ITS 20TH ANNIVERSARY<\/span><\/strong><br \/>\n<span style=\"font-size: 14pt;\">with a magnificent gala at the Estonia Concert Hall in cooperation with<\/span><br \/>\n<span style=\"font-size: 14pt;\"><strong>the Symphony Orchestra of The <b>Tallinn School<\/b>\u00a0of\u00a0<b>Music<\/b> and Ballet<\/strong>, conductor <strong>Jaan Ots<\/strong>.<\/span><\/p>\n<p style=\"text-align: center;\"><span style=\"font-size: 14pt;\">The Festival has brought light and joy to the month of February for years <\/span><span style=\"font-size: 14pt;\">and awaits the public to<br \/>\nTallinn Philharmonic House of the Blackheads, Tallinn Town Hall, Swedish St. Michael&#8217;s Church and Estonia Concert Hall!<\/span><\/p>\n<p style=\"text-align: center;\"><span style=\"font-size: 14pt;\">Numerous Estonian master soloists as well as foreign guests from Italy and South-Korea will be performing at the concerts.<br \/>\n<\/span><span style=\"font-size: 14pt;\">The program consists of chamber music as well as musical pieces for orchestras and choirs.<\/span><br \/>\n<span style=\"font-size: 14pt;\">The Festival takes a bow to maestro <strong>Jaan R\u00e4\u00e4ts<\/strong> and his music shall be heard in various programs.<\/span><\/p>\n<p style=\"text-align: center;\"><span style=\"font-size: 14pt;\">We&#8217;re glad to announce the traditional free entrance concert<br \/>\n<strong>YOUNG TALENTS ON INTERNATIONAL FRIENDSHIP DAY <\/strong>at the Swedish St. Michael&#8217;s Church, <\/span><br \/>\n<span style=\"font-size: 14pt;\">where <strong>young talents of Tallinn Music Schools<\/strong> will perform.<\/span><\/p>\n<p style=\"text-align: center;\"><span style=\"font-size: 14pt;\">Choir music at the House of the Blackheads can be heard on the day before Independence Day.<\/span><\/p>\n<p style=\"text-align: center;\"><span style=\"font-size: 14pt;\">The Youth Program of the Festival will have a lecture-concert<\/span><br \/>\n<span style=\"font-size: 14pt;\"><strong>JAAN R\u00c4\u00c4TS AS A CULTURAL FIGURE<\/strong>, <\/span><br \/>\n<span style=\"font-size: 14pt;\">which will be led by the composer&#8217;s daugther <strong>Eliisa R\u00e4\u00e4ts<\/strong>.<\/span><\/p>\n<p style=\"text-align: center;\"><span style=\"font-size: 14pt;\">The Festival has helped people in need in our society since 2006 and PLMF has created a charity called<\/span><br \/>\n<span style=\"font-size: 14pt;\"><strong>\u201cOPEN YOUR EYES, OPEN YOUR HEART\u201d<\/strong>.<\/span><br \/>\n<span style=\"font-size: 14pt;\">On 2023 we support the <strong>ESTONIAN CANCER SOCIETY<\/strong>. <\/span><br \/>\n<span style=\"font-size: 14pt;\">PLMF will donate 20% of the festival&#8217;s ticket fund to them and<\/span><br \/>\n<span style=\"font-size: 14pt;\"><strong>we invite you, good people and organizations, to buy tickets to the Festival as well as donate<\/strong>:<\/span><br \/>\n<span style=\"font-size: 14pt;\">MT\u00dc Muusikute t\u00e4iend\u00f5ppe keskus, EE037700771003227591, AS LHV Bank,<\/span><br \/>\n<span style=\"font-size: 14pt;\">description \u201eOpen Your Eyes, Open Your Heart\u201c.<\/span><\/div><\/div>\n\t\t<div class=\"sep-text single centered\">\n\t\t\t\t\t\t\t<span class=\"sep-text-before\"><div class=\"sep-text-line\"><\/div><\/span>\n\t\t\t\t\t\t<div class=\"content\">\n\t\t\t\t\n<span style=\"font-size: 18pt;\">Festival program at 12.12<\/span>\t\t\t<\/div>\n\t\t\t<span class=\"sep-text-after\"><div class=\"sep-text-line\"><\/div><\/span>\n\t\t\t\t\t<\/div>\n\t\n<div class=\"row \"><div class=\"wpv-grid grid-1-1  wpv-first-level first unextended\" style=\"padding-top:0px;padding-bottom:0px\" id=\"wpv-column-46d688b3eb3dad00429e6d6e39439fe4\" ><p style=\"text-align: center;\"><span style=\"font-size: 14pt;\"><span style=\"font-weight: 400;\"><b>Swedish St. Michael&#8217;s Church<br \/>\n<\/b><\/span><span style=\"font-weight: 400;\">14th of February at 3PM<\/span><span style=\"font-weight: 400;\"><br \/>\n<\/span><span style=\"font-weight: 400;\">YOUNG TALENTS AND THE INTERNATIONAL FRIENDSHIP DAY<\/span><span style=\"font-weight: 400;\"><br \/>\n<\/span><b>Young talents of Tallinn Music School, N\u00f5mme Music School and Lasnam\u00e4e Music School<\/b><span style=\"font-weight: 400;\"><br \/>\n<\/span><i><span style=\"font-weight: 400;\">Program consists of Estonian as well as the World&#8217;s composer&#8217;s creations<\/span><\/i><span style=\"font-weight: 400;\"><br \/>\n<\/span><span style=\"font-weight: 400;\">Free entry!<\/span><\/span><\/p>\n<hr \/>\n<p style=\"text-align: center;\"><span style=\"font-size: 14pt;\"><b><span style=\"color: #ff0000;\">THE CONCERT HAS BEEN CANCELLED BECAUSE ONE OF THE MUSICIANS HAS FALLEN ILL.<\/span><br \/>\nThe House of the Blackheads<\/b><span style=\"font-weight: 400;\"><br \/>\n<\/span><span style=\"font-weight: 400;\">15th of February at 6PM<\/span><span style=\"font-weight: 400;\"><br \/>\n<\/span><span style=\"font-weight: 400;\">Piano duos <\/span><b>Kai Ratassepp<\/b><span style=\"font-weight: 400;\"> and <\/span><b>Mati Mikalai<\/b><span style=\"font-weight: 400;\"> as well as <\/span><b>Nataly Sakkos<\/b><span style=\"font-weight: 400;\"> and <\/span><b>Toivo Pe\u00e4ske<\/b><b><br \/>\n<\/b><i><span style=\"font-weight: 400;\">Program: Jaan R\u00e4\u00e4ts &#8211; \u201c24 marginaali\u201d and &#8220;M\u00e4ngud&#8221;<\/span><\/i><span style=\"font-weight: 400;\"><br \/>\n<\/span><\/span><\/p>\n<hr \/>\n<p style=\"text-align: center;\"><span style=\"font-size: 14pt;\"><b>Tallinn Town Hall<\/b><b><br \/>\n<\/b><span style=\"font-weight: 400;\">18th of February at 6PM<\/span><span style=\"font-weight: 400;\"><br \/>\n<\/span><span style=\"font-weight: 400;\">MUSICAL BRIDGES<\/span><span style=\"font-weight: 400;\"><br \/>\n<\/span><b>Na Kyubo <\/b><span style=\"font-weight: 400;\">(bass, South-Korea, winner of the International T.O.S.C.A Young Opera Singer&#8217;s Competition),<br \/>\n<\/span><b>Yesol Park <\/b><span style=\"font-weight: 400;\">(soprano, South-Korea), <\/span><b>Massimiliano Viapiano<\/b><span style=\"font-weight: 400;\"> (baritone, Italy), <\/span><b>Piia Paemurru<\/b><span style=\"font-weight: 400;\"> (piano)<\/span><span style=\"font-weight: 400;\"><br \/>\n<\/span><i><span style=\"font-weight: 400;\">Program consists of romances and arias<br \/>\n<\/span><\/i><span style=\"font-weight: 400;\"><a href=\"https:\/\/www.piletilevi.ee\/eng\/tickets\/muusika\/klassika\/xvi-tallinna-talvefestivali-kontsert-muusikasillad-379181\/\">Tickets 15\/10\u20ac available at Piletilevi<\/a><\/span><span style=\"font-weight: 400;\"><br \/>\n<\/span><\/span><\/p>\n<hr \/>\n<p style=\"text-align: center;\"><span style=\"font-size: 14pt;\"><b>Estonia Concert Hall<\/b><span style=\"font-weight: 400;\"><br \/>\n<\/span><span style=\"font-weight: 400;\">19th of February at 5PM<\/span><span style=\"font-weight: 400;\"><br \/>\n<\/span><span style=\"font-weight: 400;\">MUSIC TRUST PLMF 20TH ANNIVERSARY GALA <\/span><span style=\"font-weight: 400;\"><br \/>\n<\/span><span style=\"font-weight: 400;\">Artistic director soprano <\/span><b>Pille Lill<br \/>\n<\/b><\/span><span style=\"font-size: 14pt;\"><span style=\"font-weight: 400;\">Pianists\u00a0<strong>Irina Zahharenkova<\/strong>,\u00a0<strong>Ralf Taal,<\/strong><b>Piia Paemurru<\/b>,<b>\u00a0Tiina K\u00e4rblane\u00a0<\/b>and\u00a0<b>Kirill Lissijenko<\/b>, violinists\u00a0<strong>Anna-Liisa Bezrodny, Sigrid Kuulmann<\/strong>\u00a0and\u00a0<strong>Kristina Kriit,\u00a0<\/strong>sopranos\u00a0<strong>Maria Veretenina, Kristina V\u00e4hi<\/strong>,\u00a0<b>Maria Listra\u00a0<\/b>and\u00a0<strong>Marion Melnik,<\/strong>\u00a0mezzo sopranos\u00a0<strong>Kadi J\u00fcrgens<\/strong>\u00a0and\u00a0<strong>Annaliisa Pillak,\u00a0<\/strong><strong>Oliver Kuusik<\/strong>\u00a0(tenor),\u00a0<strong>Aare Saal<\/strong>\u00a0(baritone),\u00a0<strong>Pavlo Balakin<\/strong>\u00a0(bass),\u00a0<strong>Tiia Tenno<\/strong>\u00a0(organ),\u00a0<strong>Virgo Veldi<\/strong>\u00a0(saxophone),\u00a0<strong>Neeme Ots<\/strong>\u00a0(trumpet), duo\u00a0<strong>Andreas Lend<\/strong>\u00a0and\u00a0<strong>Allan Jakobi, <\/strong><strong>Symphony Orchestra of The Tallinn School of Music and Ballet<\/strong>, conductor\u00a0<strong>Jaan<\/strong><\/span><span style=\"font-weight: 400;\"><strong>Ots<br \/>\nNight host\u00a0<b>Margit Kilumets<\/b><\/strong><\/span><span style=\"font-weight: 400;\"><br \/>\n<em>Program: Nicolai, Rossini, Verdi, Grieg, Debussy, R. Strauss, Herbert, Sibelius, Shostakovich, K\u00e1lm\u00e1n, R\u00e4\u00e4ts, P\u00e4rt etc.<\/em><br \/>\n<\/span><a href=\"https:\/\/www.piletilevi.ee\/eng\/tickets\/muusika\/klassika\/muusikute-fondi-plmf-20-aastapaeva-gala-374607\/\"><span style=\"font-weight: 400;\">Tickets available at Piletilevi<\/span><\/a><\/span><\/p>\n<hr \/>\n<p style=\"text-align: center;\"><span style=\"font-size: 14pt;\"><span style=\"font-weight: 400;\"><b>Tallinn Town Hall<br \/>\n<\/b>21st of February at 6PM<br \/>\n<b>String Quartet Prezioso <\/b>&#8211;\u00a0<b>Hanna-Liis Nahkur<\/b> (violin), <b>Mari-Katrina Suss<\/b> (violin),<br \/>\n<b>Helena Altmanis<\/b> (viola) and <b>Andreas Lend <\/b>(cello)<br \/>\n<\/span><span style=\"font-weight: 400;\"><i>Program: R\u00e4\u00e4ts, P\u00e4rt, M\u00e4gi, T\u00fc\u00fcr etc.<\/i><\/span><a href=\"https:\/\/www.piletilevi.ee\/eng\/tickets\/muusika\/klassika\/muusikute-fondi-plmf-20-aastapaeva-gala-374607\/\"><span style=\"font-weight: 400;\"><i><br \/>\n<\/i><\/span><\/a><a href=\"https:\/\/www.piletilevi.ee\/eng\/tickets\/muusika\/klassika\/xvi-tallinna-talvefestivali-kontsert-379182\/\">Tickets 15\/10\u20ac available at Piletilevi<\/a><\/span><\/div><\/div>\n\t\t<div class=\"sep-text single centered\">\n\t\t\t\t\t\t\t<span class=\"sep-text-before\"><div class=\"sep-text-line\"><\/div><\/span>\n\t\t\t\t\t\t<div class=\"content\">\n\t\t\t\t\n<span style=\"font-size: 18pt;\">Festival supporters and partners<\/span>\t\t\t<\/div>\n\t\t\t<span class=\"sep-text-after\"><div class=\"sep-text-line\"><\/div><\/span>\n\t\t\t\t\t<\/div>\n\t\n<div class=\"row \"><div class=\"wpv-grid grid-1-1  wpv-first-level first unextended\" style=\"padding-top:0px;padding-bottom:0px\" id=\"wpv-column-badac7192eb6f0d3251666d200f69646\" ><p style=\"text-align: center;\"><span style=\"font-size: 14pt;\">Ministry of Culture, Cultural Endowment of Estonia, Tallinn, Tallinn School of Music and Ballet, Tallinn Philharmonics, House of the Blackheads,<br \/>\nTallinn Town Hall, Tallinn Music School, N\u00f5mme Music School, Lasnam\u00e4e Music School, Swedish St. Michael&#8217;s Church, Estonia Concert Hall,<br \/>\nItalian Embassy in Estonia, Metaprint, Selver, Tallinn Department Store, Nordic Hotel Forum, Shishi, BLRT Group, Hotel Telegraaf etc.<\/span><\/div><\/div>\n","protected":false},"excerpt":{"rendered":"<p>This year&#8217;s festival has an anniversary smell &#8211; MUSIC TRUST PLMF IS CELEBRATING ITS 20TH ANNIVERSARY with a magnificent gala at the Estonia Concert Hall in cooperation with the Symphony&#8230;<\/p>\n","protected":false},"author":9,"featured_media":0,"parent":0,"menu_order":0,"comment_status":"closed","ping_status":"closed","template":"","meta":{"footnotes":""},"class_list":["post-50745","page","type-page","status-publish","hentry"],"yoast_head":"<!-- This site is optimized with the Yoast SEO plugin v27.1.1 - https:\/\/yoast.com\/product\/yoast-seo-wordpress\/ -->\n<title>XVI Tallinn Winter Festival - Pille Lill Music Fund<\/title>\n<meta name=\"robots\" content=\"index, follow, max-snippet:-1, max-image-preview:large, max-video-preview:-1\" \/>\n<link rel=\"canonical\" href=\"https:\/\/plmf.ee\/en\/xvi-tallinn-winter-festival\/\" \/>\n<meta property=\"og:locale\" content=\"en_US\" \/>\n<meta property=\"og:type\" content=\"article\" \/>\n<meta property=\"og:title\" content=\"XVI Tallinn Winter Festival - Pille Lill Music Fund\" \/>\n<meta property=\"og:description\" content=\"This year&#8217;s festival has an anniversary smell &#8211; MUSIC TRUST PLMF IS CELEBRATING ITS 20TH ANNIVERSARY with a magnificent gala at the Estonia Concert Hall in cooperation with the Symphony...\" \/>\n<meta property=\"og:url\" content=\"https:\/\/plmf.ee\/en\/xvi-tallinn-winter-festival\/\" \/>\n<meta property=\"og:site_name\" content=\"Pille Lill Music Fund\" \/>\n<meta property=\"article:modified_time\" content=\"2023-02-11T13:01:17+00:00\" \/>\n<meta property=\"og:image\" content=\"https:\/\/www.plmf.ee\/wp-content\/uploads\/2023\/01\/2-3.png\" \/>\n<meta name=\"twitter:card\" content=\"summary_large_image\" \/>\n<meta name=\"twitter:label1\" content=\"Est. reading time\" \/>\n\t<meta name=\"twitter:data1\" content=\"4 minutes\" \/>\n<script type=\"application\/ld+json\" class=\"yoast-schema-graph\">{\"@context\":\"https:\/\/schema.org\",\"@graph\":[{\"@type\":\"WebPage\",\"@id\":\"https:\/\/plmf.ee\/en\/xvi-tallinn-winter-festival\/\",\"url\":\"https:\/\/plmf.ee\/en\/xvi-tallinn-winter-festival\/\",\"name\":\"XVI Tallinn Winter Festival - Pille Lill Music Fund\",\"isPartOf\":{\"@id\":\"https:\/\/www.plmf.ee\/#website\"},\"primaryImageOfPage\":{\"@id\":\"https:\/\/plmf.ee\/en\/xvi-tallinn-winter-festival\/#primaryimage\"},\"image\":{\"@id\":\"https:\/\/plmf.ee\/en\/xvi-tallinn-winter-festival\/#primaryimage\"},\"thumbnailUrl\":\"https:\/\/www.plmf.ee\/wp-content\/uploads\/2023\/01\/2-3.png\",\"datePublished\":\"2022-12-12T14:28:12+00:00\",\"dateModified\":\"2023-02-11T13:01:17+00:00\",\"breadcrumb\":{\"@id\":\"https:\/\/plmf.ee\/en\/xvi-tallinn-winter-festival\/#breadcrumb\"},\"inLanguage\":\"en-US\",\"potentialAction\":[{\"@type\":\"ReadAction\",\"target\":[\"https:\/\/plmf.ee\/en\/xvi-tallinn-winter-festival\/\"]}]},{\"@type\":\"ImageObject\",\"inLanguage\":\"en-US\",\"@id\":\"https:\/\/plmf.ee\/en\/xvi-tallinn-winter-festival\/#primaryimage\",\"url\":\"https:\/\/www.plmf.ee\/wp-content\/uploads\/2023\/01\/2-3.png\",\"contentUrl\":\"https:\/\/www.plmf.ee\/wp-content\/uploads\/2023\/01\/2-3.png\"},{\"@type\":\"BreadcrumbList\",\"@id\":\"https:\/\/plmf.ee\/en\/xvi-tallinn-winter-festival\/#breadcrumb\",\"itemListElement\":[{\"@type\":\"ListItem\",\"position\":1,\"name\":\"Home\",\"item\":\"https:\/\/plmf.ee\/en\/\"},{\"@type\":\"ListItem\",\"position\":2,\"name\":\"XVI Tallinn Winter Festival\"}]},{\"@type\":\"WebSite\",\"@id\":\"https:\/\/www.plmf.ee\/#website\",\"url\":\"https:\/\/www.plmf.ee\/\",\"name\":\"Pille Lill Music Fund\",\"description\":\"Planet Of Talent\",\"potentialAction\":[{\"@type\":\"SearchAction\",\"target\":{\"@type\":\"EntryPoint\",\"urlTemplate\":\"https:\/\/www.plmf.ee\/?s={search_term_string}\"},\"query-input\":{\"@type\":\"PropertyValueSpecification\",\"valueRequired\":true,\"valueName\":\"search_term_string\"}}],\"inLanguage\":\"en-US\"}]}<\/script>\n<!-- \/ Yoast SEO plugin. -->","yoast_head_json":{"title":"XVI Tallinn Winter Festival - Pille Lill Music Fund","robots":{"index":"index","follow":"follow","max-snippet":"max-snippet:-1","max-image-preview":"max-image-preview:large","max-video-preview":"max-video-preview:-1"},"canonical":"https:\/\/plmf.ee\/en\/xvi-tallinn-winter-festival\/","og_locale":"en_US","og_type":"article","og_title":"XVI Tallinn Winter Festival - Pille Lill Music Fund","og_description":"This year&#8217;s festival has an anniversary smell &#8211; MUSIC TRUST PLMF IS CELEBRATING ITS 20TH ANNIVERSARY with a magnificent gala at the Estonia Concert Hall in cooperation with the Symphony...","og_url":"https:\/\/plmf.ee\/en\/xvi-tallinn-winter-festival\/","og_site_name":"Pille Lill Music Fund","article_modified_time":"2023-02-11T13:01:17+00:00","og_image":[{"url":"https:\/\/www.plmf.ee\/wp-content\/uploads\/2023\/01\/2-3.png","type":"","width":"","height":""}],"twitter_card":"summary_large_image","twitter_misc":{"Est. reading time":"4 minutes"},"schema":{"@context":"https:\/\/schema.org","@graph":[{"@type":"WebPage","@id":"https:\/\/plmf.ee\/en\/xvi-tallinn-winter-festival\/","url":"https:\/\/plmf.ee\/en\/xvi-tallinn-winter-festival\/","name":"XVI Tallinn Winter Festival - Pille Lill Music Fund","isPartOf":{"@id":"https:\/\/www.plmf.ee\/#website"},"primaryImageOfPage":{"@id":"https:\/\/plmf.ee\/en\/xvi-tallinn-winter-festival\/#primaryimage"},"image":{"@id":"https:\/\/plmf.ee\/en\/xvi-tallinn-winter-festival\/#primaryimage"},"thumbnailUrl":"https:\/\/www.plmf.ee\/wp-content\/uploads\/2023\/01\/2-3.png","datePublished":"2022-12-12T14:28:12+00:00","dateModified":"2023-02-11T13:01:17+00:00","breadcrumb":{"@id":"https:\/\/plmf.ee\/en\/xvi-tallinn-winter-festival\/#breadcrumb"},"inLanguage":"en-US","potentialAction":[{"@type":"ReadAction","target":["https:\/\/plmf.ee\/en\/xvi-tallinn-winter-festival\/"]}]},{"@type":"ImageObject","inLanguage":"en-US","@id":"https:\/\/plmf.ee\/en\/xvi-tallinn-winter-festival\/#primaryimage","url":"https:\/\/www.plmf.ee\/wp-content\/uploads\/2023\/01\/2-3.png","contentUrl":"https:\/\/www.plmf.ee\/wp-content\/uploads\/2023\/01\/2-3.png"},{"@type":"BreadcrumbList","@id":"https:\/\/plmf.ee\/en\/xvi-tallinn-winter-festival\/#breadcrumb","itemListElement":[{"@type":"ListItem","position":1,"name":"Home","item":"https:\/\/plmf.ee\/en\/"},{"@type":"ListItem","position":2,"name":"XVI Tallinn Winter Festival"}]},{"@type":"WebSite","@id":"https:\/\/www.plmf.ee\/#website","url":"https:\/\/www.plmf.ee\/","name":"Pille Lill Music Fund","description":"Planet Of Talent","potentialAction":[{"@type":"SearchAction","target":{"@type":"EntryPoint","urlTemplate":"https:\/\/www.plmf.ee\/?s={search_term_string}"},"query-input":{"@type":"PropertyValueSpecification","valueRequired":true,"valueName":"search_term_string"}}],"inLanguage":"en-US"}]}},"_links":{"self":[{"href":"https:\/\/www.plmf.ee\/en\/wp-json\/wp\/v2\/pages\/50745","targetHints":{"allow":["GET"]}}],"collection":[{"href":"https:\/\/www.plmf.ee\/en\/wp-json\/wp\/v2\/pages"}],"about":[{"href":"https:\/\/www.plmf.ee\/en\/wp-json\/wp\/v2\/types\/page"}],"author":[{"embeddable":true,"href":"https:\/\/www.plmf.ee\/en\/wp-json\/wp\/v2\/users\/9"}],"replies":[{"embeddable":true,"href":"https:\/\/www.plmf.ee\/en\/wp-json\/wp\/v2\/comments?post=50745"}],"version-history":[{"count":0,"href":"https:\/\/www.plmf.ee\/en\/wp-json\/wp\/v2\/pages\/50745\/revisions"}],"wp:attachment":[{"href":"https:\/\/www.plmf.ee\/en\/wp-json\/wp\/v2\/media?parent=50745"}],"curies":[{"name":"wp","href":"https:\/\/api.w.org\/{rel}","templated":true}]}}