{"id":49688,"date":"2022-10-06T12:07:18","date_gmt":"2022-10-06T09:07:18","guid":{"rendered":"https:\/\/www.plmf.ee\/iv-virumaa-muusikafestival\/"},"modified":"2022-10-26T22:03:34","modified_gmt":"2022-10-26T19:03:34","slug":"iv-virumaa-music-festival","status":"publish","type":"page","link":"https:\/\/plmf.ee\/en\/iv-virumaa-music-festival\/","title":{"rendered":"IV Virumaa Music Festival"},"content":{"rendered":"<div class=\"row \"><div class=\"wpv-grid grid-1-1  wpv-first-level first unextended\" style=\"padding-top:0px;padding-bottom:0px\" id=\"wpv-column-0d5cfd4d8f96bfdcdef8384acd8736de\" ><p style=\"text-align: center;\"><span style=\"font-size: 14pt;\"><strong>IV VIRUMAA MUSIC FESTIVAL 26.11-8.12.2022<\/strong><\/span><br \/>\n<span style=\"font-size: 12pt;\"><strong>J\u00f5hvi Concert Hall, Sillam\u00e4e and Kohtla-J\u00e4rve Cultural Center, Kadrina, Roela and Viru-Nigula Community Center, Pajusti Club<\/strong><\/span><\/p>\n<p style=\"text-align: center;\"><strong>Tallinn Boys Choir<\/strong>, conductor <strong>Lydia Rahula<\/strong>, pianist <strong>Tomi Rahula, Sigrid Kuulmann<\/strong> (violin), <strong>Virgo Veldi<\/strong> (saxophone), <strong>Andres Kontus<\/strong> (trombone),<br \/>\ntrumpetists <strong>Neeme Ots<\/strong> and <strong>Mattis-Johan Mere, Mikk Langeproon<\/strong> (accordion), sopranos <strong>Kristina V\u00e4hi<\/strong> and <strong>Marion Melnik, Aare Saal<\/strong> (baritone),<br \/>\n<strong>Pavlo Balakin<\/strong> (bass-baritone), pianists <strong>Irina Zahharenkova, Piia Paemurru, Ralf Taal, Marko Martin <\/strong>and <strong>Kirill Lissijenko<\/strong>.<\/div><\/div>\n<div class=\"push\" style='height:30px'><\/div>\n<div class=\"row \"><div class=\"wpv-grid grid-1-2  wpv-first-level first unextended\" style=\"padding-top:0px;padding-bottom:0px\" id=\"wpv-column-4b97a4d1739cbe704b3c495bd9864a59\" ><p><a href=\"https:\/\/www.plmf.ee\/wp-content\/uploads\/2022\/10\/VIRUMAA-ULD-PLAKAT-1-724x1024.png\"><img decoding=\"async\" class=\"aligncenter wp-image-49760 size-large\" src=\"https:\/\/www.plmf.ee\/wp-content\/uploads\/2022\/10\/VIRUMAA-ULD-PLAKAT-1-724x1024.png\" alt=\"\" width=\"724\" height=\"1024\" srcset=\"https:\/\/plmf.ee\/wp-content\/uploads\/2022\/10\/VIRUMAA-ULD-PLAKAT-1-724x1024.png 724w, https:\/\/plmf.ee\/wp-content\/uploads\/2022\/10\/VIRUMAA-ULD-PLAKAT-1-212x300.png 212w, https:\/\/plmf.ee\/wp-content\/uploads\/2022\/10\/VIRUMAA-ULD-PLAKAT-1-615x870.png 615w, https:\/\/plmf.ee\/wp-content\/uploads\/2022\/10\/VIRUMAA-ULD-PLAKAT-1-400x566.png 400w, https:\/\/plmf.ee\/wp-content\/uploads\/2022\/10\/VIRUMAA-ULD-PLAKAT-1-292x413.png 292w, https:\/\/plmf.ee\/wp-content\/uploads\/2022\/10\/VIRUMAA-ULD-PLAKAT-1-600x848.png 600w, https:\/\/plmf.ee\/wp-content\/uploads\/2022\/10\/VIRUMAA-ULD-PLAKAT-1.png 1000w\" sizes=\"(max-width: 724px) 100vw, 724px\" \/><\/a><\/div>\n<div class=\"wpv-grid grid-1-2  wpv-first-level unextended\" style=\"padding-top:0px;padding-bottom:0px\" id=\"wpv-column-8f320fffc20c7721b9ca443a6bb11abc\" ><hr \/>\n<p><strong>Sillam\u00e4e Cultural Center<\/strong><br \/>\n26th of November at 6PM<br \/>\nFESTIVAL OPENING CONCERT<br \/>\n<strong>Irina Zahharenkova<\/strong> (piano) and <strong>Virgo Veldi<\/strong> (saxophone)<\/p>\n<hr \/>\n<p style=\"text-align: left;\"><strong>Roela Community Center<\/strong><br \/>\n27th of November at 1PM<br \/>\nADVENT CONCERT<br \/>\n<strong>Marion Melnik<\/strong> (soprano), <strong>Mattis-Johan Mere<\/strong> (trumpet)<br \/>\npianist <strong>Kirill Lissijenko<\/strong><br \/>\n<em>Programme: Scarlatti, Mozart, Sibelius, Handel etc.<\/em><\/p>\n<hr \/>\n<p style=\"text-align: left;\"><strong>Kohtla-J\u00e4rve Cultural Center<\/strong><br \/>\n27th of November at 5PM<br \/>\nLIGHT!<br \/>\n<strong>Tallinn Boys Choir<\/strong><br \/>\nconductor <strong>Lydia Rahula<\/strong><br \/>\nco-soprano <strong>Marion Melnik<br \/>\n<\/strong>pianist <strong>Tomi Rahula<\/strong><br \/>\n<em>Programme: Handel, Mozart, Adam, P\u00e4rt, Sisask, Rahula etc.<\/em><\/p>\n<hr \/>\n<p style=\"text-align: left;\"><strong>J\u00f5hvi Concert Hall<br \/>\n<\/strong>29th of November at 4PM-6:30PM<br \/>\nIII VIRUMAA YOUNG MUSICIAN 2022 COMPETITION<strong><br \/>\n<\/strong>Music School&#8217;s of Virumaa will be participating<br \/>\nJury:<strong> Pille Lill <\/strong>(soprano),<strong> Sigrid Kuulmann <\/strong>(violin),<strong><br \/>\nAndres Kontus <\/strong>(trombone) and <strong>Ralf Taal <\/strong>(piano)<br \/>\nat 7PM<br \/>\nIII Virumaa Young Musician 2022 competition<br \/>\naward ceremony, winner&#8217;s performances and a trio concert by the members of the jury<br \/>\n<strong>PilleLill<\/strong> (soprano), <strong>Sigrid Kuulmann<\/strong> (violin),<br \/>\n<strong>Andres Kontus<\/strong> (trombone) and <strong>Ralf Taal<\/strong> (piano)<\/p>\n<hr \/>\n<p style=\"text-align: left;\"><strong>Pajusti Club<\/strong><br \/>\n4th of December at 3PM<br \/>\n<strong>Kristina V\u00e4hi<\/strong> (soprano), <strong>Aare Saal<\/strong> (baritone), <strong>Pavlo Balakin<\/strong> (bass)<br \/>\npianist <strong>Piia Paemurru<\/strong><br \/>\n<em>Programme: Mozart, Rossini, Schubert, Caccini, Franck, Adam, Ojak\u00e4\u00e4r etc.<\/em><\/p>\n<hr \/>\n<p style=\"text-align: left;\"><strong>Viru-Nigula Community Center<\/strong><br \/>\n4th of December at 5PM<br \/>\n<strong>Kristina<\/strong>\u00a0<strong>V\u00e4hi<\/strong> (soprano), <strong>Aare Saal<\/strong> (baritone), <strong>Pavlo Balakin<\/strong> (bass)<br \/>\npianist <strong>Piia Paemurru<\/strong><br \/>\n<em>Programme: Mozart, Rossini, Schubert, Caccini, Franck, Adam, Ojak\u00e4\u00e4r etc.<\/em><br \/>\nTicket: 5\u20ac<\/p>\n<hr \/>\n<p style=\"text-align: left;\"><strong>Kadrina Community Center<\/strong><br \/>\n8th of December at 6PM<br \/>\nFESTIVAL ENDING CONCERT<br \/>\n<strong>Neeme Ots<\/strong> (trumpet), <strong>Mikk Langeproon<\/strong> (accordion)<br \/>\npianist <strong>Marko Martin<\/strong><br \/>\n<em>Programme: Liszt, Eller, Haydn, Handel, Bach, Vivaldi, Arban, Monti etc.<\/em><\/p>\n<hr \/>\n<p style=\"text-align: left;\"><\/div><\/div>\n\t\t<div class=\"sep-text single centered\">\n\t\t\t\t\t\t\t<span class=\"sep-text-before\"><div class=\"sep-text-line\"><\/div><\/span>\n\t\t\t\t\t\t<div class=\"content\">\n\t\t\t\t\n<span style=\"font-size: 14pt;\">NOORTEPROGRAMM<\/span><br \/>\n\t\t\t<\/div>\n\t\t\t<span class=\"sep-text-after\"><div class=\"sep-text-line\"><\/div><\/span>\n\t\t\t\t\t<\/div>\n\t\n<div class=\"row \"><div class=\"wpv-grid grid-1-1  wpv-first-level first unextended\" style=\"padding-top:0px;padding-bottom:0px\" id=\"wpv-column-5d9539ac42f44f915d501b08c247bc92\" ><p style=\"text-align: center;\"><strong>Sillam\u00e4e Music School<\/strong><br \/>\n26th of November at 2:30PM-4PM<br \/>\nMaster class for pianists, coach <strong>Irina<\/strong> <strong>Zahharenkova<\/strong> and<br \/>\nfor wind instrumentalists, coach <strong>Virgo Veldi<\/strong><\/p>\n<p style=\"text-align: center;\"><strong><br \/>\nJ\u00f5hvi Concert Hall<\/strong><br \/>\n29th of November at 4PM-6:30PM<br \/>\nIII VIRUMAA YOUNG MUSICIAN 2022 COMPETITION<br \/>\nMusic School&#8217;s of Virumaa will be participating<br \/>\nJury: <strong>Pille Lill<\/strong> (soprano), <strong>Sigrid Kuulmann<\/strong> (violin), <strong>Andres Kontus<\/strong> (trombone) and <strong>Ralf Taal<\/strong> (piano)<\/p>\n<p style=\"text-align: center;\"><strong><br \/>\nJ\u00f5hvi Primary School<\/strong><br \/>\n8th of December at 11.15<br \/>\n<strong>Neeme Ots<\/strong> (trumpet), <strong>Mikk Langeproon<\/strong> (accordion) and <strong>Marko Martin<\/strong> (piano)<br \/>\n<em>Programme: Liszt, Eller, Arban, Monti etc.<\/em><\/p>\n<p style=\"text-align: center;\"><strong><br \/>\nJ\u00f5hvi Secondary School<\/strong><br \/>\n8th of December at 1:40PM<br \/>\n<strong>Neeme Ots<\/strong> (trumpet), <strong>Mikk Langeproon<\/strong> (accordion) and <strong>Marko Martin<\/strong> (piano)<br \/>\n<em>Programme: Liszt, Eller, Arban, Monti etc.<\/em><\/div><\/div>\n\t\t<div class=\"sep-text single centered\">\n\t\t\t\t\t\t\t<span class=\"sep-text-before\"><div class=\"sep-text-line\"><\/div><\/span>\n\t\t\t\t\t\t<div class=\"content\">\n\t\t\t\t\n<span style=\"font-size: 14pt;\">Supporters of the festival<\/span>\t\t\t<\/div>\n\t\t\t<span class=\"sep-text-after\"><div class=\"sep-text-line\"><\/div><\/span>\n\t\t\t\t\t<\/div>\n\t\n<div class=\"row \"><div class=\"wpv-grid grid-1-1  wpv-first-level first unextended\" style=\"padding-top:0px;padding-bottom:0px\" id=\"wpv-column-d869c6333b122ab725e2334c8ad29679\" ><p style=\"text-align: center;\"><span style=\"font-size: 12pt;\">Estonian Ministry of Culture, Cultural Endowment of Estonia, Sillam\u00e4e, Kohtla-J\u00e4rve and J\u00f5hvi, Vinni, Viru-Nigula and Kadrina Parish,<br \/>\nKadrina Chamber of Culture, Pajusti Club<span style=\"color: #000000;\">,<\/span> Sillam\u00e4e and Kohtla-J\u00e4rve Cultural Center, J\u00f5hvi Concert Hall, Roela, Kadrina and Viru-Nigula Civic Center,<br \/>\nSillam\u00e4e Music School, J\u00f5hvi Gymnasium, J\u00f5hvi elementary School, Shishi, Metaprint, Selver etc.<\/span><\/div><\/div>\n","protected":false},"excerpt":{"rendered":"<p>IV VIRUMAA MUSIC FESTIVAL 26.11-8.12.2022 J\u00f5hvi Concert Hall, Sillam\u00e4e and Kohtla-J\u00e4rve Cultural Center, Kadrina, Roela and Viru-Nigula Community Center, Pajusti Club Tallinn Boys Choir, conductor Lydia Rahula, pianist Tomi Rahula,&#8230;<\/p>\n","protected":false},"author":9,"featured_media":0,"parent":0,"menu_order":0,"comment_status":"closed","ping_status":"closed","template":"","meta":{"footnotes":""},"class_list":["post-49688","page","type-page","status-publish","hentry"],"yoast_head":"<!-- This site is optimized with the Yoast SEO plugin v27.1.1 - https:\/\/yoast.com\/product\/yoast-seo-wordpress\/ -->\n<title>IV Virumaa Music Festival - Pille Lill Music Fund<\/title>\n<meta name=\"robots\" content=\"index, follow, max-snippet:-1, max-image-preview:large, max-video-preview:-1\" \/>\n<link rel=\"canonical\" href=\"https:\/\/plmf.ee\/en\/iv-virumaa-music-festival\/\" \/>\n<meta property=\"og:locale\" content=\"en_US\" \/>\n<meta property=\"og:type\" content=\"article\" \/>\n<meta property=\"og:title\" content=\"IV Virumaa Music Festival - Pille Lill Music Fund\" \/>\n<meta property=\"og:description\" content=\"IV VIRUMAA MUSIC FESTIVAL 26.11-8.12.2022 J\u00f5hvi Concert Hall, Sillam\u00e4e and Kohtla-J\u00e4rve Cultural Center, Kadrina, Roela and Viru-Nigula Community Center, Pajusti Club Tallinn Boys Choir, conductor Lydia Rahula, pianist Tomi Rahula,...\" \/>\n<meta property=\"og:url\" content=\"https:\/\/plmf.ee\/en\/iv-virumaa-music-festival\/\" \/>\n<meta property=\"og:site_name\" content=\"Pille Lill Music Fund\" \/>\n<meta property=\"article:modified_time\" content=\"2022-10-26T19:03:34+00:00\" \/>\n<meta property=\"og:image\" content=\"https:\/\/www.plmf.ee\/wp-content\/uploads\/2022\/10\/VIRUMAA-ULD-PLAKAT-1-724x1024.png\" \/>\n<meta name=\"twitter:card\" content=\"summary_large_image\" \/>\n<meta name=\"twitter:label1\" content=\"Est. reading time\" \/>\n\t<meta name=\"twitter:data1\" content=\"3 minutes\" \/>\n<script type=\"application\/ld+json\" class=\"yoast-schema-graph\">{\"@context\":\"https:\/\/schema.org\",\"@graph\":[{\"@type\":\"WebPage\",\"@id\":\"https:\/\/plmf.ee\/en\/iv-virumaa-music-festival\/\",\"url\":\"https:\/\/plmf.ee\/en\/iv-virumaa-music-festival\/\",\"name\":\"IV Virumaa Music Festival - Pille Lill Music Fund\",\"isPartOf\":{\"@id\":\"https:\/\/plmf.ee\/en\/#website\"},\"primaryImageOfPage\":{\"@id\":\"https:\/\/plmf.ee\/en\/iv-virumaa-music-festival\/#primaryimage\"},\"image\":{\"@id\":\"https:\/\/plmf.ee\/en\/iv-virumaa-music-festival\/#primaryimage\"},\"thumbnailUrl\":\"https:\/\/www.plmf.ee\/wp-content\/uploads\/2022\/10\/VIRUMAA-ULD-PLAKAT-1-724x1024.png\",\"datePublished\":\"2022-10-06T09:07:18+00:00\",\"dateModified\":\"2022-10-26T19:03:34+00:00\",\"breadcrumb\":{\"@id\":\"https:\/\/plmf.ee\/en\/iv-virumaa-music-festival\/#breadcrumb\"},\"inLanguage\":\"en-US\",\"potentialAction\":[{\"@type\":\"ReadAction\",\"target\":[\"https:\/\/plmf.ee\/en\/iv-virumaa-music-festival\/\"]}]},{\"@type\":\"ImageObject\",\"inLanguage\":\"en-US\",\"@id\":\"https:\/\/plmf.ee\/en\/iv-virumaa-music-festival\/#primaryimage\",\"url\":\"https:\/\/www.plmf.ee\/wp-content\/uploads\/2022\/10\/VIRUMAA-ULD-PLAKAT-1-724x1024.png\",\"contentUrl\":\"https:\/\/www.plmf.ee\/wp-content\/uploads\/2022\/10\/VIRUMAA-ULD-PLAKAT-1-724x1024.png\"},{\"@type\":\"BreadcrumbList\",\"@id\":\"https:\/\/plmf.ee\/en\/iv-virumaa-music-festival\/#breadcrumb\",\"itemListElement\":[{\"@type\":\"ListItem\",\"position\":1,\"name\":\"Home\",\"item\":\"https:\/\/plmf.ee\/en\/\"},{\"@type\":\"ListItem\",\"position\":2,\"name\":\"IV Virumaa Music Festival\"}]},{\"@type\":\"WebSite\",\"@id\":\"https:\/\/plmf.ee\/en\/#website\",\"url\":\"https:\/\/plmf.ee\/en\/\",\"name\":\"Pille Lill Music Fund\",\"description\":\"Planet Of Talent\",\"potentialAction\":[{\"@type\":\"SearchAction\",\"target\":{\"@type\":\"EntryPoint\",\"urlTemplate\":\"https:\/\/plmf.ee\/en\/?s={search_term_string}\"},\"query-input\":{\"@type\":\"PropertyValueSpecification\",\"valueRequired\":true,\"valueName\":\"search_term_string\"}}],\"inLanguage\":\"en-US\"}]}<\/script>\n<!-- \/ Yoast SEO plugin. -->","yoast_head_json":{"title":"IV Virumaa Music Festival - Pille Lill Music Fund","robots":{"index":"index","follow":"follow","max-snippet":"max-snippet:-1","max-image-preview":"max-image-preview:large","max-video-preview":"max-video-preview:-1"},"canonical":"https:\/\/plmf.ee\/en\/iv-virumaa-music-festival\/","og_locale":"en_US","og_type":"article","og_title":"IV Virumaa Music Festival - Pille Lill Music Fund","og_description":"IV VIRUMAA MUSIC FESTIVAL 26.11-8.12.2022 J\u00f5hvi Concert Hall, Sillam\u00e4e and Kohtla-J\u00e4rve Cultural Center, Kadrina, Roela and Viru-Nigula Community Center, Pajusti Club Tallinn Boys Choir, conductor Lydia Rahula, pianist Tomi Rahula,...","og_url":"https:\/\/plmf.ee\/en\/iv-virumaa-music-festival\/","og_site_name":"Pille Lill Music Fund","article_modified_time":"2022-10-26T19:03:34+00:00","og_image":[{"url":"https:\/\/www.plmf.ee\/wp-content\/uploads\/2022\/10\/VIRUMAA-ULD-PLAKAT-1-724x1024.png","type":"","width":"","height":""}],"twitter_card":"summary_large_image","twitter_misc":{"Est. reading time":"3 minutes"},"schema":{"@context":"https:\/\/schema.org","@graph":[{"@type":"WebPage","@id":"https:\/\/plmf.ee\/en\/iv-virumaa-music-festival\/","url":"https:\/\/plmf.ee\/en\/iv-virumaa-music-festival\/","name":"IV Virumaa Music Festival - Pille Lill Music Fund","isPartOf":{"@id":"https:\/\/plmf.ee\/en\/#website"},"primaryImageOfPage":{"@id":"https:\/\/plmf.ee\/en\/iv-virumaa-music-festival\/#primaryimage"},"image":{"@id":"https:\/\/plmf.ee\/en\/iv-virumaa-music-festival\/#primaryimage"},"thumbnailUrl":"https:\/\/www.plmf.ee\/wp-content\/uploads\/2022\/10\/VIRUMAA-ULD-PLAKAT-1-724x1024.png","datePublished":"2022-10-06T09:07:18+00:00","dateModified":"2022-10-26T19:03:34+00:00","breadcrumb":{"@id":"https:\/\/plmf.ee\/en\/iv-virumaa-music-festival\/#breadcrumb"},"inLanguage":"en-US","potentialAction":[{"@type":"ReadAction","target":["https:\/\/plmf.ee\/en\/iv-virumaa-music-festival\/"]}]},{"@type":"ImageObject","inLanguage":"en-US","@id":"https:\/\/plmf.ee\/en\/iv-virumaa-music-festival\/#primaryimage","url":"https:\/\/www.plmf.ee\/wp-content\/uploads\/2022\/10\/VIRUMAA-ULD-PLAKAT-1-724x1024.png","contentUrl":"https:\/\/www.plmf.ee\/wp-content\/uploads\/2022\/10\/VIRUMAA-ULD-PLAKAT-1-724x1024.png"},{"@type":"BreadcrumbList","@id":"https:\/\/plmf.ee\/en\/iv-virumaa-music-festival\/#breadcrumb","itemListElement":[{"@type":"ListItem","position":1,"name":"Home","item":"https:\/\/plmf.ee\/en\/"},{"@type":"ListItem","position":2,"name":"IV Virumaa Music Festival"}]},{"@type":"WebSite","@id":"https:\/\/plmf.ee\/en\/#website","url":"https:\/\/plmf.ee\/en\/","name":"Pille Lill Music Fund","description":"Planet Of Talent","potentialAction":[{"@type":"SearchAction","target":{"@type":"EntryPoint","urlTemplate":"https:\/\/plmf.ee\/en\/?s={search_term_string}"},"query-input":{"@type":"PropertyValueSpecification","valueRequired":true,"valueName":"search_term_string"}}],"inLanguage":"en-US"}]}},"_links":{"self":[{"href":"https:\/\/plmf.ee\/en\/wp-json\/wp\/v2\/pages\/49688","targetHints":{"allow":["GET"]}}],"collection":[{"href":"https:\/\/plmf.ee\/en\/wp-json\/wp\/v2\/pages"}],"about":[{"href":"https:\/\/plmf.ee\/en\/wp-json\/wp\/v2\/types\/page"}],"author":[{"embeddable":true,"href":"https:\/\/plmf.ee\/en\/wp-json\/wp\/v2\/users\/9"}],"replies":[{"embeddable":true,"href":"https:\/\/plmf.ee\/en\/wp-json\/wp\/v2\/comments?post=49688"}],"version-history":[{"count":0,"href":"https:\/\/plmf.ee\/en\/wp-json\/wp\/v2\/pages\/49688\/revisions"}],"wp:attachment":[{"href":"https:\/\/plmf.ee\/en\/wp-json\/wp\/v2\/media?parent=49688"}],"curies":[{"name":"wp","href":"https:\/\/api.w.org\/{rel}","templated":true}]}}