{"id":46542,"date":"2022-03-31T01:00:59","date_gmt":"2022-03-30T22:00:59","guid":{"rendered":"https:\/\/www.plmf.ee\/balogi-cv-est\/"},"modified":"2022-03-31T01:01:53","modified_gmt":"2022-03-30T22:01:53","slug":"balogi-cv-est","status":"publish","type":"page","link":"https:\/\/plmf.ee\/en\/balogi-cv-est\/","title":{"rendered":"Balogi cv eng"},"content":{"rendered":"<div class=\"row \"><div class=\"wpv-grid grid-1-1  wpv-first-level first unextended\" style=\"padding-top:0px;padding-bottom:0px\" id=\"wpv-column-6a209c466d4de110b85836e61e639ca3\" ><p style=\"text-align: center;\"><span style=\"font-size: 14pt;\"><span style=\"font-weight: 400;\"><strong>J\u00d3ZSEF BALOG<\/strong> is one of the most talented pianists of his generation. This exceptionally gifted performer was surrounded by the astonishing heritage of the internationally well-known Hungarian piano tradition established by Franz Liszt, Ernst von Dohn\u00e1nyi and B\u00e9la Bart\u00f3k. He is praised and compared to Horowitz and Earl Wild by critics and acknowledged by the audience for his brilliant technic and very deep, sensitive musicianship. Along with the standard piano repertoire, he plays jazz-influenced classical compositions, contemporary music, and works written by rarely played composers as well. He has also earned fame for premiering a large number of contemporary pieces and he regularly holds master courses at various prominent musical institutions. For the last 20 years, he has given more than 1000 concerts as a soloist and chamber musician in more than 25 countries across Europe, America and Asia. He performed in well-known concert halls such as the Koch Theater (Lincoln Center) in New York, Concertgebouw in Amsterdam, the Chan Centre in Vancouver, the Philharmonic Hall in Saint Petersburg, the Arthur Rubinstein Philharmonic Hall in Lodz, the Lisinski Hall in Zagreb, the Musikhuset in Aarhus, the Vredenburg Music Center in Utrecht, the Kensington Palace in London, Konzerthaus in Wien, B\u00e9la Bart\u00f3k National Concert Hall in Budapest, the Macedonian National Philharmonic Hall in Skopje, the Brussels\u2019s Th\u00e9atre Royal de la Monnaie, the Equinoxe in Chateauroux, the Karsiyaka Opera House in Izmir, the CRR-Concert Hall in Istanbul, the TRT Radio Hall in Ankara, the Philharmonic Hall in Kiev and Opera House in Nizza. He also achieved great success at the following festivals: Shanghai China International Arts Festival, Bellagio and Lago Maggiore Festival, Chopin Festival in Mallorca, Tansman Festival, Lisztomanias in Chateauroux, Schubertiade in Roskilde, Beethoven Festival in Zutphen, Spring Festival in Russia, Liszt Festival in Sopron and Ankara, Budapest Spring Festival and, on more than one occasion the Festival Academy, Kaposfest and the Beethoven Nights staged in Martonv\u00e1s\u00e1r. During his career he has appeared with a great many outstanding orchestras and ensembles including the Hungarian National Philharmonic Orchestra, Concerto Budapest, the Aarhus Symphony Orchestra, the Jerusalem Chamber Orchestra, the Ankara Presidential Symphony Orchestra, the Ukranian National Philharmonic and Radio Orchestra, the UANL Symphony Orchestra, the Baltic Sea Philharmonic Orchestra, the Hungarian Radio Symphony Orchestra, the Hungarian State Opera House Orchestra, the Croatian National Radio Orchestra, Franz Liszt Chamber Orchestra, P\u00e9cs Symphony Orchestra, and Op\u00e9ra de Nice Orchestra. Furthermore, he has already been on stage with great conductors such as Gilbert Varga, Zolt\u00e1n Kocsis, Jes\u00fas Medina, <\/span><span style=\"font-weight: 400;\">David Nimrod Pfeffer,<\/span><span style=\"font-weight: 400;\"> Gy\u0151riv\u00e1nyi R\u00e1th Gy\u00f6rgy, Yeruham Scharovsky, Vitaly Protasov, Felix Carrasco, Volodimir Sheyko, Gerard Korsten, Bal\u00e1zs Kocs\u00e1r, Tam\u00e1s Vet\u0151, Andr\u00e1s Keller, Tibor Bog\u00e1nyi, Zsolt Hamar, Bal\u00e1zs Kocs\u00e1r, Gergely Kessely\u00e1k and Gregory Vajda. J. Balog has released altogether fourteen CD-s. His first album &#8211; entitled Hungaricum &#8211; won the \u201eLiszt Grand Prix du Disque\u201d prize in 2005. The multiple international prizewinner pianist has received the \u201cLiszt-Prize\u201d from the Hungarian Govermnent in 2018.<\/span><\/span><\/div><\/div>\n","protected":false},"excerpt":{"rendered":"<p>J\u00d3ZSEF BALOG is one of the most talented pianists of his generation. This exceptionally gifted performer was surrounded by the astonishing heritage of the internationally well-known Hungarian piano tradition established&#8230;<\/p>\n","protected":false},"author":9,"featured_media":0,"parent":0,"menu_order":0,"comment_status":"closed","ping_status":"closed","template":"","meta":{"footnotes":""},"class_list":["post-46542","page","type-page","status-publish","hentry"],"yoast_head":"<!-- This site is optimized with the Yoast SEO plugin v27.1.1 - https:\/\/yoast.com\/product\/yoast-seo-wordpress\/ -->\n<title>Balogi cv eng - Pille Lill Music Fund<\/title>\n<meta name=\"robots\" content=\"index, follow, max-snippet:-1, max-image-preview:large, max-video-preview:-1\" \/>\n<link rel=\"canonical\" href=\"https:\/\/plmf.ee\/balogi-cv-est\/\" \/>\n<meta property=\"og:locale\" content=\"en_US\" \/>\n<meta property=\"og:type\" content=\"article\" \/>\n<meta property=\"og:title\" content=\"Balogi cv eng - Pille Lill Music Fund\" \/>\n<meta property=\"og:description\" content=\"J\u00d3ZSEF BALOG is one of the most talented pianists of his generation. This exceptionally gifted performer was surrounded by the astonishing heritage of the internationally well-known Hungarian piano tradition established...\" \/>\n<meta property=\"og:url\" content=\"https:\/\/plmf.ee\/balogi-cv-est\/\" \/>\n<meta property=\"og:site_name\" content=\"Pille Lill Music Fund\" \/>\n<meta property=\"article:modified_time\" content=\"2022-03-30T22:01:53+00:00\" \/>\n<meta name=\"twitter:card\" content=\"summary_large_image\" \/>\n<meta name=\"twitter:label1\" content=\"Est. reading time\" \/>\n\t<meta name=\"twitter:data1\" content=\"3 minutes\" \/>\n<script type=\"application\/ld+json\" class=\"yoast-schema-graph\">{\"@context\":\"https:\/\/schema.org\",\"@graph\":[{\"@type\":\"WebPage\",\"@id\":\"https:\/\/plmf.ee\/balogi-cv-est\/\",\"url\":\"https:\/\/plmf.ee\/balogi-cv-est\/\",\"name\":\"Balogi cv eng - Pille Lill Music Fund\",\"isPartOf\":{\"@id\":\"https:\/\/www.plmf.ee\/#website\"},\"datePublished\":\"2022-03-30T22:00:59+00:00\",\"dateModified\":\"2022-03-30T22:01:53+00:00\",\"breadcrumb\":{\"@id\":\"https:\/\/plmf.ee\/balogi-cv-est\/#breadcrumb\"},\"inLanguage\":\"en-US\",\"potentialAction\":[{\"@type\":\"ReadAction\",\"target\":[\"https:\/\/plmf.ee\/balogi-cv-est\/\"]}]},{\"@type\":\"BreadcrumbList\",\"@id\":\"https:\/\/plmf.ee\/balogi-cv-est\/#breadcrumb\",\"itemListElement\":[{\"@type\":\"ListItem\",\"position\":1,\"name\":\"Home\",\"item\":\"https:\/\/plmf.ee\/en\/\"},{\"@type\":\"ListItem\",\"position\":2,\"name\":\"Balogi cv eng\"}]},{\"@type\":\"WebSite\",\"@id\":\"https:\/\/www.plmf.ee\/#website\",\"url\":\"https:\/\/www.plmf.ee\/\",\"name\":\"Pille Lill Music Fund\",\"description\":\"Planet Of Talent\",\"potentialAction\":[{\"@type\":\"SearchAction\",\"target\":{\"@type\":\"EntryPoint\",\"urlTemplate\":\"https:\/\/www.plmf.ee\/?s={search_term_string}\"},\"query-input\":{\"@type\":\"PropertyValueSpecification\",\"valueRequired\":true,\"valueName\":\"search_term_string\"}}],\"inLanguage\":\"en-US\"}]}<\/script>\n<!-- \/ Yoast SEO plugin. -->","yoast_head_json":{"title":"Balogi cv eng - Pille Lill Music Fund","robots":{"index":"index","follow":"follow","max-snippet":"max-snippet:-1","max-image-preview":"max-image-preview:large","max-video-preview":"max-video-preview:-1"},"canonical":"https:\/\/plmf.ee\/balogi-cv-est\/","og_locale":"en_US","og_type":"article","og_title":"Balogi cv eng - Pille Lill Music Fund","og_description":"J\u00d3ZSEF BALOG is one of the most talented pianists of his generation. This exceptionally gifted performer was surrounded by the astonishing heritage of the internationally well-known Hungarian piano tradition established...","og_url":"https:\/\/plmf.ee\/balogi-cv-est\/","og_site_name":"Pille Lill Music Fund","article_modified_time":"2022-03-30T22:01:53+00:00","twitter_card":"summary_large_image","twitter_misc":{"Est. reading time":"3 minutes"},"schema":{"@context":"https:\/\/schema.org","@graph":[{"@type":"WebPage","@id":"https:\/\/plmf.ee\/balogi-cv-est\/","url":"https:\/\/plmf.ee\/balogi-cv-est\/","name":"Balogi cv eng - Pille Lill Music Fund","isPartOf":{"@id":"https:\/\/www.plmf.ee\/#website"},"datePublished":"2022-03-30T22:00:59+00:00","dateModified":"2022-03-30T22:01:53+00:00","breadcrumb":{"@id":"https:\/\/plmf.ee\/balogi-cv-est\/#breadcrumb"},"inLanguage":"en-US","potentialAction":[{"@type":"ReadAction","target":["https:\/\/plmf.ee\/balogi-cv-est\/"]}]},{"@type":"BreadcrumbList","@id":"https:\/\/plmf.ee\/balogi-cv-est\/#breadcrumb","itemListElement":[{"@type":"ListItem","position":1,"name":"Home","item":"https:\/\/plmf.ee\/en\/"},{"@type":"ListItem","position":2,"name":"Balogi cv eng"}]},{"@type":"WebSite","@id":"https:\/\/www.plmf.ee\/#website","url":"https:\/\/www.plmf.ee\/","name":"Pille Lill Music Fund","description":"Planet Of Talent","potentialAction":[{"@type":"SearchAction","target":{"@type":"EntryPoint","urlTemplate":"https:\/\/www.plmf.ee\/?s={search_term_string}"},"query-input":{"@type":"PropertyValueSpecification","valueRequired":true,"valueName":"search_term_string"}}],"inLanguage":"en-US"}]}},"_links":{"self":[{"href":"https:\/\/plmf.ee\/en\/wp-json\/wp\/v2\/pages\/46542","targetHints":{"allow":["GET"]}}],"collection":[{"href":"https:\/\/plmf.ee\/en\/wp-json\/wp\/v2\/pages"}],"about":[{"href":"https:\/\/plmf.ee\/en\/wp-json\/wp\/v2\/types\/page"}],"author":[{"embeddable":true,"href":"https:\/\/plmf.ee\/en\/wp-json\/wp\/v2\/users\/9"}],"replies":[{"embeddable":true,"href":"https:\/\/plmf.ee\/en\/wp-json\/wp\/v2\/comments?post=46542"}],"version-history":[{"count":0,"href":"https:\/\/plmf.ee\/en\/wp-json\/wp\/v2\/pages\/46542\/revisions"}],"wp:attachment":[{"href":"https:\/\/plmf.ee\/en\/wp-json\/wp\/v2\/media?parent=46542"}],"curies":[{"name":"wp","href":"https:\/\/api.w.org\/{rel}","templated":true}]}}