{"id":44929,"date":"2021-03-16T15:58:15","date_gmt":"2021-03-16T13:58:15","guid":{"rendered":"https:\/\/www.plmf.ee\/tallinna-talvefestival-2\/"},"modified":"2022-02-16T16:41:43","modified_gmt":"2022-02-16T14:41:43","slug":"tallinna-talvefestival-2","status":"publish","type":"page","link":"https:\/\/plmf.ee\/en\/tallinna-talvefestival-2\/","title":{"rendered":"XV Tallinn Winter Festival 2022"},"content":{"rendered":"<div class=\"row \"><div class=\"wpv-grid grid-1-1  wpv-first-level first unextended\" style=\"padding-top:0px;padding-bottom:0px\" id=\"wpv-column-feaa4e524a2131ba210175e3678788fd\" ><p><a href=\"https:\/\/www.plmf.ee\/wp-content\/uploads\/2022\/01\/2-7.jpg\"><img decoding=\"async\" class=\"aligncenter wp-image-45575 size-large\" src=\"https:\/\/www.plmf.ee\/wp-content\/uploads\/2022\/01\/2-7-1024x316.jpg\" alt=\"\" width=\"1024\" height=\"316\" srcset=\"https:\/\/www.plmf.ee\/wp-content\/uploads\/2022\/01\/2-7-1024x316.jpg 1024w, https:\/\/www.plmf.ee\/wp-content\/uploads\/2022\/01\/2-7-300x93.jpg 300w, https:\/\/www.plmf.ee\/wp-content\/uploads\/2022\/01\/2-7-1260x389.jpg 1260w, https:\/\/www.plmf.ee\/wp-content\/uploads\/2022\/01\/2-7-615x190.jpg 615w, https:\/\/www.plmf.ee\/wp-content\/uploads\/2022\/01\/2-7-400x124.jpg 400w, https:\/\/www.plmf.ee\/wp-content\/uploads\/2022\/01\/2-7-292x90.jpg 292w, https:\/\/www.plmf.ee\/wp-content\/uploads\/2022\/01\/2-7-600x185.jpg 600w, https:\/\/www.plmf.ee\/wp-content\/uploads\/2022\/01\/2-7.jpg 1440w\" sizes=\"(max-width: 1024px) 100vw, 1024px\" \/><\/a><\/div><\/div>\n<div class=\"row \"><div class=\"wpv-grid grid-1-1  wpv-first-level first unextended\" style=\"padding-top:0px;padding-bottom:0px\" id=\"wpv-column-b62c8d16818859fbeb6f99f1fbd26a73\" ><h2 style=\"text-align: center;\"><span style=\"text-decoration: underline;\"><strong><a href=\"https:\/\/www.piletilevi.ee\/eng\/tickets\/muusika\/xv-tallinna-talvefestival-tosta-pilk-ja-ava-suda-76493\/\">BUY TICKETS<\/a><\/strong><\/span><\/h2><\/div><\/div>\n<div class=\"row \"><div class=\"wpv-grid grid-1-1  wpv-first-level first unextended\" style=\"padding-top:0px;padding-bottom:0px\" id=\"wpv-column-b5c3f6a8f30f937f3bb3ada4084fe21d\" ><h3 style=\"text-align: center;\"><strong>XV TALLINN WINTER FESTIVAL \u201cOPEN YOUR EYES, OPEN YOUR HEART\u201d<br \/>\n<\/strong><strong>11th \u2013 20th February 2022\u00a0 \u00a0 \u00a0 \u00a0\u00a0<\/strong><\/h3>\n<div style=\"text-align: center;\">The festival brings light and happiness into the month of February and awaits everyone<br \/>\nto come and listen to the concerts at the <strong>House of the Blackheads<\/strong>, at <strong>Tallinn Town Hall, <\/strong>at <strong>Swedish St. Michael&#8217;s<\/strong><br \/>\nand at <strong>St. Charles Church<\/strong>.<\/div>\n<div style=\"text-align: center;\"><b><br \/>\n<\/b>Performing in the <b>House of the Blackheads <\/b>we have well-known musicians from Estonia and from countries abroad:<br \/>\n<b>Irina Zahharenkova<\/b>, <strong>Peeter Margus<\/strong>, <strong>Lukas Gedvilas <\/strong>(Lithuania)<strong>, <\/strong><strong><b>Aksel Kolstad <\/b><\/strong>(Norway).<\/div>\n<div style=\"text-align: center;\">The visitors will once again be able to come to our traditional free-entrance concert<br \/>\nin the <strong>Swedish St. Michael&#8217;s Church on the 14th of February<\/strong>.<\/div>\n<div><\/div>\n<div style=\"text-align: center;\"><\/div>\n<div style=\"text-align: center;\"><b>On the 20th of February <\/b>we celebrate the Independence Day of the Republic of Estonia in <strong>St. Charles&#8217;s Church<\/strong>.<\/div>\n<div style=\"text-align: center;\"><\/div>\n<p style=\"text-align: center;\">The festival has paid attention to those in need in our society since 2006<br \/>\nand created a charity program called<strong><br \/>\n\u201cOPEN YOUR EYES, OPEN YOUR HEART\u201d<\/strong>.<\/p>\n<p style=\"text-align: center;\"><strong>In 2022 we will support <a href=\"https:\/\/pahklack.org\/\" target=\"_blank\" rel=\"noopener noreferrer\" data-saferedirecturl=\"https:\/\/www.google.com\/url?q=http:\/\/www.sos-lastekyla.ee\/&amp;source=gmail&amp;ust=1611058206242000&amp;usg=AFQjCNGZEqsX4j2B3UnXEuqWJicVoFlyRg\">Pahkla Camphill Village<\/a><br \/>\n<\/strong>PLMF will donate 25% of the festival ticket income to them<br \/>\nand <strong>we encourage you, good people, to also find it in your hearts to donate:<br \/>\n<\/strong><strong>MT\u00dc Muusikute t\u00e4iend\u00f5ppe keskus, EE037700771003227591, AS LHV Pank,<br \/>\n<\/strong><strong>description \u201eOpen Your Eyes, Open Your Heart\u201c.<\/strong><\/div><\/div>\n\t\t<div class=\"sep-text single centered\">\n\t\t\t\t\t\t\t<span class=\"sep-text-before\"><div class=\"sep-text-line\"><\/div><\/span>\n\t\t\t\t\t\t<div class=\"content\">\n\t\t\t\t<h2 class=\"text-divider-double\">\nFestival Programme<\/h2>\t\t\t<\/div>\n\t\t\t<span class=\"sep-text-after\"><div class=\"sep-text-line\"><\/div><\/span>\n\t\t\t\t\t<\/div>\n\t\n<div class=\"row \"><div class=\"wpv-grid grid-1-1  wpv-first-level first unextended\" style=\"padding-top:0px;padding-bottom:0px\" id=\"wpv-column-df04182b876a9629a3bdc53ab60782a9\" ><p style=\"text-align: center;\"><b>Tallinn Philharmonics House of the Blackheads<\/b><b><br \/>\n<\/b><span style=\"font-weight: 400;\">11th of February at 6 p.m.<\/span><span style=\"font-weight: 400;\"><br \/>\n<\/span><span style=\"font-weight: 400;\">FESTIVAL OPENING CONCERT<\/span><span style=\"font-weight: 400;\"><br \/>\n<\/span>Piano recital with<b> Irina Zahharenkova<\/b><span style=\"font-weight: 400;\"><br \/>\n<\/span><i><span style=\"font-weight: 400;\">Beethoven<br \/>\n<\/span><\/i><span style=\"font-weight: 400;\">Tickets: 15\/10\u20ac<\/span><\/p>\n<p style=\"text-align: center;\"><b>House of the Blackheads<\/b><b><br \/>\n<\/b><span style=\"font-weight: 400;\">12th of February at 6 p.m.<br \/>\nTallinn Philharmonics Society and PLMF laureates of the I International Piano Chambermusic Competition<br \/>\n<\/span><b>Peeter Margus<\/b><span style=\"font-weight: 400;\"> (violin) and<\/span><b>\u00a0Lukas<\/b> <b>Gedvilas<\/b><span style=\"font-weight: 400;\"> (piano, LIT)<br \/>\n<\/span><i><span style=\"font-weight: 400;\">Franck, Jan\u00e1\u010dek, Say, Karja (world premiere) etc.<br \/>\n<\/span><\/i><span style=\"font-weight: 400;\">Tickets: 15\/10\u20ac<br \/>\nThe concert is in cooperation with Tallinn Philharmonics Society<\/span><\/p>\n<p style=\"text-align: center;\"><b>Tallinn Town Hall<\/b><br \/>\nLONGING<br \/>\n13th of February at 6 p.m.<br \/>\n<b>Kadi J\u00fcrgens<\/b> (mezzosopran0),\u00a0<b>Hein Boterberg<\/b> (piano, Belgium)<br \/>\n<i>Programme: <\/i><i>Berlioz, Barber, Strauss etc.<\/i><br \/>\nTickets: 15\/10\u20ac<\/p>\n<p style=\"text-align: center;\"><b>St. Michael&#8217;s Church<\/b><b><br \/>\n<\/b><span style=\"font-weight: 400;\">YOUNG TALENTS ON VALENTINE&#8217;S DAY<\/span><b><br \/>\n<\/b><span style=\"font-weight: 400;\">14th of February at 3 p.m.<\/span><span style=\"font-weight: 400;\"><br \/>\n<\/span><b>Valle-Rasmus Roots<\/b><span style=\"font-weight: 400;\"> (cello) and <\/span><b>T\u00e4he-Lee Liiv<\/b><span style=\"font-weight: 400;\"> (piano)<br \/>\n<\/span><i><span style=\"font-weight: 400;\">Programme: Faure, Grieg etc.<br \/>\n<\/span><\/i><span style=\"font-weight: 400;\">Free entry!<\/span><\/p>\n<p style=\"text-align: center;\"><b>Tallinna Town Hall<\/b><b><br \/>\n<\/b><span style=\"font-weight: 400;\">18th of February at 6 p.m.<\/span><span style=\"font-weight: 400;\"><br \/>\n<\/span><span style=\"font-weight: 400;\">Clarinet quartet<\/span><b><br \/>\n<\/b><b>Marten Altrov, Martin Kuusk, Kerit Ilves and Margus Parind<br \/>\n<i><span style=\"font-weight: 400;\">Programme: <\/span><\/i><i><span style=\"font-weight: 400;\">Crusell, Mendelssohn, Lutoslawski etc.<\/span><\/i><br \/>\n<\/b><span style=\"font-weight: 400;\">Tickets: 15\/10\u20ac<\/span><\/p>\n<p style=\"text-align: center;\"><b> <\/b><b>House of the Blackheads<\/b><b><br \/>\n<\/b><span style=\"font-weight: 400;\">19th of February at 6 p.m.<\/span><span style=\"font-weight: 400;\"><br \/>\n<\/span><b>Aksel Kolstad <\/b><span style=\"font-weight: 400;\">(piano, Norway)<\/span><span style=\"font-weight: 400;\"><br \/>\n<\/span><i><span style=\"font-weight: 400;\">Programme: Bach, Rachmaninov, Kolstad etc.<\/span><\/i><span style=\"font-weight: 400;\"><br \/>\n<\/span><span style=\"font-weight: 400;\">Tickets:\u00a0 15\/10\u20ac<br \/>\nIn cooperation with Norwegian Embassy in Estonia<br \/>\n<\/span><\/p>\n<p style=\"text-align: center;\"><strong>St. Charles&#8217;s Church<br \/>\n<\/strong>20th of February at 6 p.m.<br \/>\n<strong>ESTONIAN TV GIRLS&#8217; CHOIR<\/strong>, conductor <strong>Aarne Saluveer<\/strong><br \/>\n<strong>CHILDREN&#8217;S CHOIR RADUGA<\/strong>, conductor <strong>Natalja Kuzina<\/strong><br \/>\n<strong>Neeme Ots<\/strong> (trumpet) and <strong>Tiia Tenno<\/strong> (organ)<br \/>\n<em>Programme: Kreek, Tormis, Uusberg, Ehala, K\u00f5rvits etc.<\/em><br \/>\nTickets: 15\/10<span style=\"font-weight: 400;\">\u20ac<\/span><\/div><\/div>\n","protected":false},"excerpt":{"rendered":"<p>BUY TICKETS XV TALLINN WINTER FESTIVAL \u201cOPEN YOUR EYES, OPEN YOUR HEART\u201d 11th \u2013 20th February 2022\u00a0 \u00a0 \u00a0 \u00a0\u00a0 The festival brings light and happiness into the month of&#8230;<\/p>\n","protected":false},"author":9,"featured_media":0,"parent":0,"menu_order":0,"comment_status":"closed","ping_status":"closed","template":"","meta":{"footnotes":""},"class_list":["post-44929","page","type-page","status-publish","hentry"],"yoast_head":"<!-- This site is optimized with the Yoast SEO plugin v27.1.1 - https:\/\/yoast.com\/product\/yoast-seo-wordpress\/ -->\n<title>XV Tallinn Winter Festival 2022 - Pille Lill Music Fund<\/title>\n<meta name=\"robots\" content=\"index, follow, max-snippet:-1, max-image-preview:large, max-video-preview:-1\" \/>\n<link rel=\"canonical\" href=\"https:\/\/plmf.ee\/en\/tallinna-talvefestival-2\/\" \/>\n<meta property=\"og:locale\" content=\"en_US\" \/>\n<meta property=\"og:type\" content=\"article\" \/>\n<meta property=\"og:title\" content=\"XV Tallinn Winter Festival 2022 - Pille Lill Music Fund\" \/>\n<meta property=\"og:description\" content=\"BUY TICKETS XV TALLINN WINTER FESTIVAL \u201cOPEN YOUR EYES, OPEN YOUR HEART\u201d 11th \u2013 20th February 2022\u00a0 \u00a0 \u00a0 \u00a0\u00a0 The festival brings light and happiness into the month of...\" \/>\n<meta property=\"og:url\" content=\"https:\/\/plmf.ee\/en\/tallinna-talvefestival-2\/\" \/>\n<meta property=\"og:site_name\" content=\"Pille Lill Music Fund\" \/>\n<meta property=\"article:modified_time\" content=\"2022-02-16T14:41:43+00:00\" \/>\n<meta property=\"og:image\" content=\"https:\/\/www.plmf.ee\/wp-content\/uploads\/2022\/01\/2-7-1024x316.jpg\" \/>\n<meta name=\"twitter:card\" content=\"summary_large_image\" \/>\n<meta name=\"twitter:label1\" content=\"Est. reading time\" \/>\n\t<meta name=\"twitter:data1\" content=\"2 minutes\" \/>\n<script type=\"application\/ld+json\" class=\"yoast-schema-graph\">{\"@context\":\"https:\/\/schema.org\",\"@graph\":[{\"@type\":\"WebPage\",\"@id\":\"https:\/\/plmf.ee\/en\/tallinna-talvefestival-2\/\",\"url\":\"https:\/\/plmf.ee\/en\/tallinna-talvefestival-2\/\",\"name\":\"XV Tallinn Winter Festival 2022 - Pille Lill Music Fund\",\"isPartOf\":{\"@id\":\"https:\/\/plmf.ee\/#website\"},\"primaryImageOfPage\":{\"@id\":\"https:\/\/plmf.ee\/en\/tallinna-talvefestival-2\/#primaryimage\"},\"image\":{\"@id\":\"https:\/\/plmf.ee\/en\/tallinna-talvefestival-2\/#primaryimage\"},\"thumbnailUrl\":\"https:\/\/www.plmf.ee\/wp-content\/uploads\/2022\/01\/2-7-1024x316.jpg\",\"datePublished\":\"2021-03-16T13:58:15+00:00\",\"dateModified\":\"2022-02-16T14:41:43+00:00\",\"breadcrumb\":{\"@id\":\"https:\/\/plmf.ee\/en\/tallinna-talvefestival-2\/#breadcrumb\"},\"inLanguage\":\"en-US\",\"potentialAction\":[{\"@type\":\"ReadAction\",\"target\":[\"https:\/\/plmf.ee\/en\/tallinna-talvefestival-2\/\"]}]},{\"@type\":\"ImageObject\",\"inLanguage\":\"en-US\",\"@id\":\"https:\/\/plmf.ee\/en\/tallinna-talvefestival-2\/#primaryimage\",\"url\":\"https:\/\/www.plmf.ee\/wp-content\/uploads\/2022\/01\/2-7-1024x316.jpg\",\"contentUrl\":\"https:\/\/www.plmf.ee\/wp-content\/uploads\/2022\/01\/2-7-1024x316.jpg\"},{\"@type\":\"BreadcrumbList\",\"@id\":\"https:\/\/plmf.ee\/en\/tallinna-talvefestival-2\/#breadcrumb\",\"itemListElement\":[{\"@type\":\"ListItem\",\"position\":1,\"name\":\"Home\",\"item\":\"https:\/\/www.plmf.ee\/en\/\"},{\"@type\":\"ListItem\",\"position\":2,\"name\":\"XV Tallinn Winter Festival 2022\"}]},{\"@type\":\"WebSite\",\"@id\":\"https:\/\/plmf.ee\/#website\",\"url\":\"https:\/\/plmf.ee\/\",\"name\":\"Pille Lill Music Fund\",\"description\":\"Planet Of Talent\",\"potentialAction\":[{\"@type\":\"SearchAction\",\"target\":{\"@type\":\"EntryPoint\",\"urlTemplate\":\"https:\/\/plmf.ee\/?s={search_term_string}\"},\"query-input\":{\"@type\":\"PropertyValueSpecification\",\"valueRequired\":true,\"valueName\":\"search_term_string\"}}],\"inLanguage\":\"en-US\"}]}<\/script>\n<!-- \/ Yoast SEO plugin. -->","yoast_head_json":{"title":"XV Tallinn Winter Festival 2022 - Pille Lill Music Fund","robots":{"index":"index","follow":"follow","max-snippet":"max-snippet:-1","max-image-preview":"max-image-preview:large","max-video-preview":"max-video-preview:-1"},"canonical":"https:\/\/plmf.ee\/en\/tallinna-talvefestival-2\/","og_locale":"en_US","og_type":"article","og_title":"XV Tallinn Winter Festival 2022 - Pille Lill Music Fund","og_description":"BUY TICKETS XV TALLINN WINTER FESTIVAL \u201cOPEN YOUR EYES, OPEN YOUR HEART\u201d 11th \u2013 20th February 2022\u00a0 \u00a0 \u00a0 \u00a0\u00a0 The festival brings light and happiness into the month of...","og_url":"https:\/\/plmf.ee\/en\/tallinna-talvefestival-2\/","og_site_name":"Pille Lill Music Fund","article_modified_time":"2022-02-16T14:41:43+00:00","og_image":[{"url":"https:\/\/www.plmf.ee\/wp-content\/uploads\/2022\/01\/2-7-1024x316.jpg","type":"","width":"","height":""}],"twitter_card":"summary_large_image","twitter_misc":{"Est. reading time":"2 minutes"},"schema":{"@context":"https:\/\/schema.org","@graph":[{"@type":"WebPage","@id":"https:\/\/plmf.ee\/en\/tallinna-talvefestival-2\/","url":"https:\/\/plmf.ee\/en\/tallinna-talvefestival-2\/","name":"XV Tallinn Winter Festival 2022 - Pille Lill Music Fund","isPartOf":{"@id":"https:\/\/plmf.ee\/#website"},"primaryImageOfPage":{"@id":"https:\/\/plmf.ee\/en\/tallinna-talvefestival-2\/#primaryimage"},"image":{"@id":"https:\/\/plmf.ee\/en\/tallinna-talvefestival-2\/#primaryimage"},"thumbnailUrl":"https:\/\/www.plmf.ee\/wp-content\/uploads\/2022\/01\/2-7-1024x316.jpg","datePublished":"2021-03-16T13:58:15+00:00","dateModified":"2022-02-16T14:41:43+00:00","breadcrumb":{"@id":"https:\/\/plmf.ee\/en\/tallinna-talvefestival-2\/#breadcrumb"},"inLanguage":"en-US","potentialAction":[{"@type":"ReadAction","target":["https:\/\/plmf.ee\/en\/tallinna-talvefestival-2\/"]}]},{"@type":"ImageObject","inLanguage":"en-US","@id":"https:\/\/plmf.ee\/en\/tallinna-talvefestival-2\/#primaryimage","url":"https:\/\/www.plmf.ee\/wp-content\/uploads\/2022\/01\/2-7-1024x316.jpg","contentUrl":"https:\/\/www.plmf.ee\/wp-content\/uploads\/2022\/01\/2-7-1024x316.jpg"},{"@type":"BreadcrumbList","@id":"https:\/\/plmf.ee\/en\/tallinna-talvefestival-2\/#breadcrumb","itemListElement":[{"@type":"ListItem","position":1,"name":"Home","item":"https:\/\/www.plmf.ee\/en\/"},{"@type":"ListItem","position":2,"name":"XV Tallinn Winter Festival 2022"}]},{"@type":"WebSite","@id":"https:\/\/plmf.ee\/#website","url":"https:\/\/plmf.ee\/","name":"Pille Lill Music Fund","description":"Planet Of Talent","potentialAction":[{"@type":"SearchAction","target":{"@type":"EntryPoint","urlTemplate":"https:\/\/plmf.ee\/?s={search_term_string}"},"query-input":{"@type":"PropertyValueSpecification","valueRequired":true,"valueName":"search_term_string"}}],"inLanguage":"en-US"}]}},"_links":{"self":[{"href":"https:\/\/plmf.ee\/en\/wp-json\/wp\/v2\/pages\/44929","targetHints":{"allow":["GET"]}}],"collection":[{"href":"https:\/\/plmf.ee\/en\/wp-json\/wp\/v2\/pages"}],"about":[{"href":"https:\/\/plmf.ee\/en\/wp-json\/wp\/v2\/types\/page"}],"author":[{"embeddable":true,"href":"https:\/\/plmf.ee\/en\/wp-json\/wp\/v2\/users\/9"}],"replies":[{"embeddable":true,"href":"https:\/\/plmf.ee\/en\/wp-json\/wp\/v2\/comments?post=44929"}],"version-history":[{"count":0,"href":"https:\/\/plmf.ee\/en\/wp-json\/wp\/v2\/pages\/44929\/revisions"}],"wp:attachment":[{"href":"https:\/\/plmf.ee\/en\/wp-json\/wp\/v2\/media?parent=44929"}],"curies":[{"name":"wp","href":"https:\/\/api.w.org\/{rel}","templated":true}]}}