{"id":44706,"date":"2021-11-17T17:00:34","date_gmt":"2021-11-17T15:00:34","guid":{"rendered":"https:\/\/www.plmf.ee\/talveooper-2021\/"},"modified":"2021-11-24T16:08:00","modified_gmt":"2021-11-24T14:08:00","slug":"talveooper-2021","status":"publish","type":"page","link":"https:\/\/plmf.ee\/en\/talveooper-2021\/","title":{"rendered":"Talveooper 2021"},"content":{"rendered":"<div class=\"row \"><div class=\"wpv-grid grid-1-1  wpv-first-level first unextended\" style=\"padding-top:0px;padding-bottom:0px\" id=\"wpv-column-ab44d6eaebeef69780a0090b0a6be271\" ><p><a href=\"https:\/\/www.plmf.ee\/wp-content\/uploads\/2021\/11\/Copy-of-TALVEOOPERI-PLAKAT-1-1.jpg\"><img decoding=\"async\" class=\"aligncenter wp-image-44703 size-large\" src=\"https:\/\/www.plmf.ee\/wp-content\/uploads\/2021\/11\/Copy-of-TALVEOOPERI-PLAKAT-1-1-724x1024.jpg\" alt=\"\" width=\"724\" height=\"1024\" srcset=\"https:\/\/www.plmf.ee\/wp-content\/uploads\/2021\/11\/Copy-of-TALVEOOPERI-PLAKAT-1-1-724x1024.jpg 724w, https:\/\/www.plmf.ee\/wp-content\/uploads\/2021\/11\/Copy-of-TALVEOOPERI-PLAKAT-1-1-212x300.jpg 212w, https:\/\/www.plmf.ee\/wp-content\/uploads\/2021\/11\/Copy-of-TALVEOOPERI-PLAKAT-1-1-615x870.jpg 615w, https:\/\/www.plmf.ee\/wp-content\/uploads\/2021\/11\/Copy-of-TALVEOOPERI-PLAKAT-1-1-400x566.jpg 400w, https:\/\/www.plmf.ee\/wp-content\/uploads\/2021\/11\/Copy-of-TALVEOOPERI-PLAKAT-1-1-292x413.jpg 292w, https:\/\/www.plmf.ee\/wp-content\/uploads\/2021\/11\/Copy-of-TALVEOOPERI-PLAKAT-1-1-600x848.jpg 600w, https:\/\/www.plmf.ee\/wp-content\/uploads\/2021\/11\/Copy-of-TALVEOOPERI-PLAKAT-1-1.jpg 1000w\" sizes=\"(max-width: 724px) 100vw, 724px\" \/><\/a><\/div><\/div>\n<div class=\"row \"><div class=\"wpv-grid grid-1-1  wpv-first-level first unextended\" style=\"padding-top:0px;padding-bottom:0px\" id=\"wpv-column-2ccd304d3cd0abfaf102c3bdacdd5ce8\" ><div style=\"text-align: center;\">Muusikute fond PLMF korraldab Talveooperi kontsert-etendusi <strong>Tartu Jaani kirikus<\/strong> v\u00e4ljapaistvate ooperisolistidega.<br \/>\n\u00d5htu juhid <strong>Pille Lill<\/strong> ja <strong>Alar Haak<\/strong> tutvustavad esitamisele tulevaid autoreid, r\u00e4\u00e4givad teoste saamisloost ning palju muud huvitavat ooperi maailmast.&nbsp;<\/p>\n<\/div>\n<div style=\"text-align: center;\">Kontsert-etendused toimuvad <strong>26. novembril kell 18:00<\/strong>, kus esinevad dramaatiline koloratuursopran <strong>Maria Veretenina<\/strong> ja unikaalne h\u00e4\u00e4leliik kontratenor <strong>Ivo Posti.<\/strong><br \/>\nKlaveril saadab <strong>Tiina K\u00e4rblane.<\/strong> K\u00f5lab Monteverdi, Cavalli, H\u00e4ndeli, Mozarti jt. looming.&nbsp;<\/p>\n<p><strong>9. detsembril kell 18:00<\/strong>, esitavad ooperimuusikat l\u00fc\u00fcriline sopran <strong>Kristina V\u00e4hi<\/strong> ja tenor <strong>Oliver Kuusik,<\/strong> klaveril saadab <strong>Piret Randal.<\/strong><br \/>\nEsitusele tuleb heliloojate Donizetti, Verdi, Schuberti, Tosti jt. looming.<\/p>\n<p><strong>Maria Veretenina<\/strong> deb\u00fcteeris Soome Rahvusooperis 2011. aastal Mussorgski ooperis &#8220;Boriss Godunov&#8221; koos maailmakuulsa ooperisolisti Matti Salmineniga.<br \/>\nTa on esinenud erinevates maailma riikides (Rootsi, Soome, Venemaa, Itaalia, Hispaania, Austria, Ungari, Saksamaa, Suurbritannia jm).<\/p>\n<p><strong>Ivo Posti<\/strong> on \u00f5ppinud Haagi Kuninglikus Konservatooriumis. Ta on v\u00f5itnud arvukalt konkursse ning andnud kontserte \u00fcle Euroopa.<\/p>\n<p><strong>Kristina V\u00e4hi<\/strong> on tunnustust p\u00e4lvinud nii ooperi, opereti kui ka muusikalisolistina.<br \/>\nTa on l\u00f5petanud Tallinna G. Otsa nim Muusikakooli ning Eesti Muusika- ja Teatriakadeemia, omandades bakalaureuse ja magistrikraadi ooperilaulu erialal.<br \/>\nKristina V\u00e4hi teeb \u00fcheaegselt rolle nii RO Estonia, kui ka Tartu Vanemuises.<\/p>\n<p><strong>Oliver Kuusik<\/strong> alustas laulu\u00f5pingiud Eesti Muusika- ja Teatriakadeemias ning on l\u00f5petanud Guildhall School of Music and Drama magistrantuuri ja ooperistuudio Londonis (2006).<br \/>\nTa t\u00f6\u00f6tas aastatel 2008-2017 Rahvusooperis Estonia ja tegutseb k\u00e4esoleval ajal vabakutselisena.<\/p>\n<\/div><\/div><\/div>\n","protected":false},"excerpt":{"rendered":"<p>Muusikute fond PLMF korraldab Talveooperi kontsert-etendusi Tartu Jaani kirikus v\u00e4ljapaistvate ooperisolistidega. \u00d5htu juhid Pille Lill ja Alar Haak tutvustavad esitamisele tulevaid autoreid, r\u00e4\u00e4givad teoste saamisloost ning palju muud huvitavat ooperi&#8230;<\/p>\n","protected":false},"author":9,"featured_media":0,"parent":0,"menu_order":0,"comment_status":"closed","ping_status":"closed","template":"","meta":{"footnotes":""},"class_list":["post-44706","page","type-page","status-publish","hentry"],"yoast_head":"<!-- This site is optimized with the Yoast SEO plugin v27.1.1 - https:\/\/yoast.com\/product\/yoast-seo-wordpress\/ -->\n<title>Talveooper 2021 - Pille Lill Music Fund<\/title>\n<meta name=\"robots\" content=\"index, follow, max-snippet:-1, max-image-preview:large, max-video-preview:-1\" \/>\n<link rel=\"canonical\" href=\"https:\/\/www.plmf.ee\/en\/talveooper-2021\/\" \/>\n<meta property=\"og:locale\" content=\"en_US\" \/>\n<meta property=\"og:type\" content=\"article\" \/>\n<meta property=\"og:title\" content=\"Talveooper 2021 - Pille Lill Music Fund\" \/>\n<meta property=\"og:description\" content=\"Muusikute fond PLMF korraldab Talveooperi kontsert-etendusi Tartu Jaani kirikus v\u00e4ljapaistvate ooperisolistidega. \u00d5htu juhid Pille Lill ja Alar Haak tutvustavad esitamisele tulevaid autoreid, r\u00e4\u00e4givad teoste saamisloost ning palju muud huvitavat ooperi...\" \/>\n<meta property=\"og:url\" content=\"https:\/\/www.plmf.ee\/en\/talveooper-2021\/\" \/>\n<meta property=\"og:site_name\" content=\"Pille Lill Music Fund\" \/>\n<meta property=\"article:modified_time\" content=\"2021-11-24T14:08:00+00:00\" \/>\n<meta property=\"og:image\" content=\"https:\/\/www.plmf.ee\/wp-content\/uploads\/2021\/11\/Copy-of-TALVEOOPERI-PLAKAT-1-1-724x1024.jpg\" \/>\n<meta name=\"twitter:card\" content=\"summary_large_image\" \/>\n<meta name=\"twitter:label1\" content=\"Est. reading time\" \/>\n\t<meta name=\"twitter:data1\" content=\"1 minute\" \/>\n<script type=\"application\/ld+json\" class=\"yoast-schema-graph\">{\"@context\":\"https:\/\/schema.org\",\"@graph\":[{\"@type\":\"WebPage\",\"@id\":\"https:\/\/www.plmf.ee\/en\/talveooper-2021\/\",\"url\":\"https:\/\/www.plmf.ee\/en\/talveooper-2021\/\",\"name\":\"Talveooper 2021 - Pille Lill Music Fund\",\"isPartOf\":{\"@id\":\"https:\/\/plmf.ee\/en\/#website\"},\"primaryImageOfPage\":{\"@id\":\"https:\/\/www.plmf.ee\/en\/talveooper-2021\/#primaryimage\"},\"image\":{\"@id\":\"https:\/\/www.plmf.ee\/en\/talveooper-2021\/#primaryimage\"},\"thumbnailUrl\":\"https:\/\/www.plmf.ee\/wp-content\/uploads\/2021\/11\/Copy-of-TALVEOOPERI-PLAKAT-1-1-724x1024.jpg\",\"datePublished\":\"2021-11-17T15:00:34+00:00\",\"dateModified\":\"2021-11-24T14:08:00+00:00\",\"breadcrumb\":{\"@id\":\"https:\/\/www.plmf.ee\/en\/talveooper-2021\/#breadcrumb\"},\"inLanguage\":\"en-US\",\"potentialAction\":[{\"@type\":\"ReadAction\",\"target\":[\"https:\/\/www.plmf.ee\/en\/talveooper-2021\/\"]}]},{\"@type\":\"ImageObject\",\"inLanguage\":\"en-US\",\"@id\":\"https:\/\/www.plmf.ee\/en\/talveooper-2021\/#primaryimage\",\"url\":\"https:\/\/www.plmf.ee\/wp-content\/uploads\/2021\/11\/Copy-of-TALVEOOPERI-PLAKAT-1-1-724x1024.jpg\",\"contentUrl\":\"https:\/\/www.plmf.ee\/wp-content\/uploads\/2021\/11\/Copy-of-TALVEOOPERI-PLAKAT-1-1-724x1024.jpg\"},{\"@type\":\"BreadcrumbList\",\"@id\":\"https:\/\/www.plmf.ee\/en\/talveooper-2021\/#breadcrumb\",\"itemListElement\":[{\"@type\":\"ListItem\",\"position\":1,\"name\":\"Home\",\"item\":\"https:\/\/plmf.ee\/en\/\"},{\"@type\":\"ListItem\",\"position\":2,\"name\":\"Talveooper 2021\"}]},{\"@type\":\"WebSite\",\"@id\":\"https:\/\/plmf.ee\/en\/#website\",\"url\":\"https:\/\/plmf.ee\/en\/\",\"name\":\"Pille Lill Music Fund\",\"description\":\"Planet Of Talent\",\"potentialAction\":[{\"@type\":\"SearchAction\",\"target\":{\"@type\":\"EntryPoint\",\"urlTemplate\":\"https:\/\/plmf.ee\/en\/?s={search_term_string}\"},\"query-input\":{\"@type\":\"PropertyValueSpecification\",\"valueRequired\":true,\"valueName\":\"search_term_string\"}}],\"inLanguage\":\"en-US\"}]}<\/script>\n<!-- \/ Yoast SEO plugin. -->","yoast_head_json":{"title":"Talveooper 2021 - Pille Lill Music Fund","robots":{"index":"index","follow":"follow","max-snippet":"max-snippet:-1","max-image-preview":"max-image-preview:large","max-video-preview":"max-video-preview:-1"},"canonical":"https:\/\/www.plmf.ee\/en\/talveooper-2021\/","og_locale":"en_US","og_type":"article","og_title":"Talveooper 2021 - Pille Lill Music Fund","og_description":"Muusikute fond PLMF korraldab Talveooperi kontsert-etendusi Tartu Jaani kirikus v\u00e4ljapaistvate ooperisolistidega. \u00d5htu juhid Pille Lill ja Alar Haak tutvustavad esitamisele tulevaid autoreid, r\u00e4\u00e4givad teoste saamisloost ning palju muud huvitavat ooperi...","og_url":"https:\/\/www.plmf.ee\/en\/talveooper-2021\/","og_site_name":"Pille Lill Music Fund","article_modified_time":"2021-11-24T14:08:00+00:00","og_image":[{"url":"https:\/\/www.plmf.ee\/wp-content\/uploads\/2021\/11\/Copy-of-TALVEOOPERI-PLAKAT-1-1-724x1024.jpg","type":"","width":"","height":""}],"twitter_card":"summary_large_image","twitter_misc":{"Est. reading time":"1 minute"},"schema":{"@context":"https:\/\/schema.org","@graph":[{"@type":"WebPage","@id":"https:\/\/www.plmf.ee\/en\/talveooper-2021\/","url":"https:\/\/www.plmf.ee\/en\/talveooper-2021\/","name":"Talveooper 2021 - Pille Lill Music Fund","isPartOf":{"@id":"https:\/\/plmf.ee\/en\/#website"},"primaryImageOfPage":{"@id":"https:\/\/www.plmf.ee\/en\/talveooper-2021\/#primaryimage"},"image":{"@id":"https:\/\/www.plmf.ee\/en\/talveooper-2021\/#primaryimage"},"thumbnailUrl":"https:\/\/www.plmf.ee\/wp-content\/uploads\/2021\/11\/Copy-of-TALVEOOPERI-PLAKAT-1-1-724x1024.jpg","datePublished":"2021-11-17T15:00:34+00:00","dateModified":"2021-11-24T14:08:00+00:00","breadcrumb":{"@id":"https:\/\/www.plmf.ee\/en\/talveooper-2021\/#breadcrumb"},"inLanguage":"en-US","potentialAction":[{"@type":"ReadAction","target":["https:\/\/www.plmf.ee\/en\/talveooper-2021\/"]}]},{"@type":"ImageObject","inLanguage":"en-US","@id":"https:\/\/www.plmf.ee\/en\/talveooper-2021\/#primaryimage","url":"https:\/\/www.plmf.ee\/wp-content\/uploads\/2021\/11\/Copy-of-TALVEOOPERI-PLAKAT-1-1-724x1024.jpg","contentUrl":"https:\/\/www.plmf.ee\/wp-content\/uploads\/2021\/11\/Copy-of-TALVEOOPERI-PLAKAT-1-1-724x1024.jpg"},{"@type":"BreadcrumbList","@id":"https:\/\/www.plmf.ee\/en\/talveooper-2021\/#breadcrumb","itemListElement":[{"@type":"ListItem","position":1,"name":"Home","item":"https:\/\/plmf.ee\/en\/"},{"@type":"ListItem","position":2,"name":"Talveooper 2021"}]},{"@type":"WebSite","@id":"https:\/\/plmf.ee\/en\/#website","url":"https:\/\/plmf.ee\/en\/","name":"Pille Lill Music Fund","description":"Planet Of Talent","potentialAction":[{"@type":"SearchAction","target":{"@type":"EntryPoint","urlTemplate":"https:\/\/plmf.ee\/en\/?s={search_term_string}"},"query-input":{"@type":"PropertyValueSpecification","valueRequired":true,"valueName":"search_term_string"}}],"inLanguage":"en-US"}]}},"_links":{"self":[{"href":"https:\/\/plmf.ee\/en\/wp-json\/wp\/v2\/pages\/44706","targetHints":{"allow":["GET"]}}],"collection":[{"href":"https:\/\/plmf.ee\/en\/wp-json\/wp\/v2\/pages"}],"about":[{"href":"https:\/\/plmf.ee\/en\/wp-json\/wp\/v2\/types\/page"}],"author":[{"embeddable":true,"href":"https:\/\/plmf.ee\/en\/wp-json\/wp\/v2\/users\/9"}],"replies":[{"embeddable":true,"href":"https:\/\/plmf.ee\/en\/wp-json\/wp\/v2\/comments?post=44706"}],"version-history":[{"count":0,"href":"https:\/\/plmf.ee\/en\/wp-json\/wp\/v2\/pages\/44706\/revisions"}],"wp:attachment":[{"href":"https:\/\/plmf.ee\/en\/wp-json\/wp\/v2\/media?parent=44706"}],"curies":[{"name":"wp","href":"https:\/\/api.w.org\/{rel}","templated":true}]}}