{"id":40740,"date":"2021-01-27T12:35:46","date_gmt":"2021-01-27T10:35:46","guid":{"rendered":"https:\/\/www.plmf.ee\/xiv-tallinna-talvefestival-kristina-kriit-viiul-johanna-vahermagi-vioola-andreas-lend-tsello\/"},"modified":"2021-01-27T20:42:21","modified_gmt":"2021-01-27T18:42:21","slug":"xiv-tallinn-winter-festival-kristina-kriit-violin-johanna-vahermagi-viola-andreas-lend-cello","status":"publish","type":"page","link":"https:\/\/plmf.ee\/en\/xiv-tallinn-winter-festival-kristina-kriit-violin-johanna-vahermagi-viola-andreas-lend-cello\/","title":{"rendered":"XIV Tallinn Winter Festival \/ Kristina Kriit (violin), Johanna Vaherm\u00e4gi (viola), Andreas Lend (cello)"},"content":{"rendered":"<div class=\"row \"><div class=\"wpv-grid grid-1-1  wpv-first-level first unextended\" style=\"padding-top:0px;padding-bottom:0px\" id=\"wpv-column-81070f59fb7bab6faf65bb9a533e6173\" ><p><span style=\"text-decoration: underline;\">KAVA<\/span><\/p>\n<p><b>Krzysztof Penderecki<\/b><span style=\"font-weight: 400;\"> (1933-2020)\u00a0Keelpillitrio(1990\/91)<\/span><\/p>\n<p><span style=\"font-weight: 400;\">Allegro molto<\/span><\/p>\n<p><span style=\"font-weight: 400;\">Vivace<\/span><\/p>\n<p><b>Darius Milhaud<\/b><span style=\"font-weight: 400;\"> (1892-1974)<\/span> <span style=\"font-weight: 400;\">Keelpillitrio\u00a0 nr. 1 op. 274 (1947)<\/span><\/p>\n<p><span style=\"font-weight: 400;\">Vif<\/span><\/p>\n<p><span style=\"font-weight: 400;\">Mod\u00e9r\u00e9<\/span><\/p>\n<p><span style=\"font-weight: 400;\">Alerte<\/span><\/p>\n<p><span style=\"font-weight: 400;\">Canons. Lent et tr\u00e8s expressif<\/span><\/p>\n<p><span style=\"font-weight: 400;\">Jeu Fugu\u00e9. Vif<\/span><\/p>\n<p><b>Max Reger<\/b><span style=\"font-weight: 400;\"> (1873-1916)<\/span> <span style=\"font-weight: 400;\">Keelpillitrio nr. 1 a- moll op. 77b (1904)<\/span><\/p>\n<p><span style=\"font-weight: 400;\">Sostenuto. Allegro agitato<\/span><\/p>\n<p><span style=\"font-weight: 400;\">Larghetto<\/span><\/p>\n<p><span style=\"font-weight: 400;\">Scherzo. Vivace<\/span><\/p>\n<p><span style=\"font-weight: 400;\">Allegro con moto<\/span><\/div><\/div>\n","protected":false},"excerpt":{"rendered":"<p>KAVA Krzysztof Penderecki (1933-2020)\u00a0Keelpillitrio(1990\/91) Allegro molto Vivace Darius Milhaud (1892-1974) Keelpillitrio\u00a0 nr. 1 op. 274 (1947) Vif Mod\u00e9r\u00e9 Alerte Canons. Lent et tr\u00e8s expressif Jeu Fugu\u00e9. Vif Max Reger (1873-1916)&#8230;<\/p>\n","protected":false},"author":7,"featured_media":0,"parent":0,"menu_order":0,"comment_status":"closed","ping_status":"closed","template":"","meta":{"footnotes":""},"class_list":["post-40740","page","type-page","status-publish","hentry"],"yoast_head":"<!-- This site is optimized with the Yoast SEO plugin v27.1.1 - https:\/\/yoast.com\/product\/yoast-seo-wordpress\/ -->\n<title>XIV Tallinn Winter Festival \/ Kristina Kriit (violin), Johanna Vaherm\u00e4gi (viola), Andreas Lend (cello) - Pille Lill Music Fund<\/title>\n<meta name=\"robots\" content=\"index, follow, max-snippet:-1, max-image-preview:large, max-video-preview:-1\" \/>\n<link rel=\"canonical\" href=\"https:\/\/www.plmf.ee\/en\/xiv-tallinn-winter-festival-kristina-kriit-violin-johanna-vahermagi-viola-andreas-lend-cello\/\" \/>\n<meta property=\"og:locale\" content=\"en_US\" \/>\n<meta property=\"og:type\" content=\"article\" \/>\n<meta property=\"og:title\" content=\"XIV Tallinn Winter Festival \/ Kristina Kriit (violin), Johanna Vaherm\u00e4gi (viola), Andreas Lend (cello) - Pille Lill Music Fund\" \/>\n<meta property=\"og:description\" content=\"KAVA Krzysztof Penderecki (1933-2020)\u00a0Keelpillitrio(1990\/91) Allegro molto Vivace Darius Milhaud (1892-1974) Keelpillitrio\u00a0 nr. 1 op. 274 (1947) Vif Mod\u00e9r\u00e9 Alerte Canons. Lent et tr\u00e8s expressif Jeu Fugu\u00e9. Vif Max Reger (1873-1916)...\" \/>\n<meta property=\"og:url\" content=\"https:\/\/www.plmf.ee\/en\/xiv-tallinn-winter-festival-kristina-kriit-violin-johanna-vahermagi-viola-andreas-lend-cello\/\" \/>\n<meta property=\"og:site_name\" content=\"Pille Lill Music Fund\" \/>\n<meta property=\"article:modified_time\" content=\"2021-01-27T18:42:21+00:00\" \/>\n<meta name=\"twitter:card\" content=\"summary_large_image\" \/>\n<script type=\"application\/ld+json\" class=\"yoast-schema-graph\">{\"@context\":\"https:\/\/schema.org\",\"@graph\":[{\"@type\":\"WebPage\",\"@id\":\"https:\/\/www.plmf.ee\/en\/xiv-tallinn-winter-festival-kristina-kriit-violin-johanna-vahermagi-viola-andreas-lend-cello\/\",\"url\":\"https:\/\/www.plmf.ee\/en\/xiv-tallinn-winter-festival-kristina-kriit-violin-johanna-vahermagi-viola-andreas-lend-cello\/\",\"name\":\"XIV Tallinn Winter Festival \/ Kristina Kriit (violin), Johanna Vaherm\u00e4gi (viola), Andreas Lend (cello) - Pille Lill Music Fund\",\"isPartOf\":{\"@id\":\"https:\/\/plmf.ee\/en\/#website\"},\"datePublished\":\"2021-01-27T10:35:46+00:00\",\"dateModified\":\"2021-01-27T18:42:21+00:00\",\"breadcrumb\":{\"@id\":\"https:\/\/www.plmf.ee\/en\/xiv-tallinn-winter-festival-kristina-kriit-violin-johanna-vahermagi-viola-andreas-lend-cello\/#breadcrumb\"},\"inLanguage\":\"en-US\",\"potentialAction\":[{\"@type\":\"ReadAction\",\"target\":[\"https:\/\/www.plmf.ee\/en\/xiv-tallinn-winter-festival-kristina-kriit-violin-johanna-vahermagi-viola-andreas-lend-cello\/\"]}]},{\"@type\":\"BreadcrumbList\",\"@id\":\"https:\/\/www.plmf.ee\/en\/xiv-tallinn-winter-festival-kristina-kriit-violin-johanna-vahermagi-viola-andreas-lend-cello\/#breadcrumb\",\"itemListElement\":[{\"@type\":\"ListItem\",\"position\":1,\"name\":\"Home\",\"item\":\"https:\/\/plmf.ee\/en\/\"},{\"@type\":\"ListItem\",\"position\":2,\"name\":\"XIV Tallinn Winter Festival \/ Kristina Kriit (violin), Johanna Vaherm\u00e4gi (viola), Andreas Lend (cello)\"}]},{\"@type\":\"WebSite\",\"@id\":\"https:\/\/plmf.ee\/en\/#website\",\"url\":\"https:\/\/plmf.ee\/en\/\",\"name\":\"Pille Lill Music Fund\",\"description\":\"Planet Of Talent\",\"potentialAction\":[{\"@type\":\"SearchAction\",\"target\":{\"@type\":\"EntryPoint\",\"urlTemplate\":\"https:\/\/plmf.ee\/en\/?s={search_term_string}\"},\"query-input\":{\"@type\":\"PropertyValueSpecification\",\"valueRequired\":true,\"valueName\":\"search_term_string\"}}],\"inLanguage\":\"en-US\"}]}<\/script>\n<!-- \/ Yoast SEO plugin. -->","yoast_head_json":{"title":"XIV Tallinn Winter Festival \/ Kristina Kriit (violin), Johanna Vaherm\u00e4gi (viola), Andreas Lend (cello) - Pille Lill Music Fund","robots":{"index":"index","follow":"follow","max-snippet":"max-snippet:-1","max-image-preview":"max-image-preview:large","max-video-preview":"max-video-preview:-1"},"canonical":"https:\/\/www.plmf.ee\/en\/xiv-tallinn-winter-festival-kristina-kriit-violin-johanna-vahermagi-viola-andreas-lend-cello\/","og_locale":"en_US","og_type":"article","og_title":"XIV Tallinn Winter Festival \/ Kristina Kriit (violin), Johanna Vaherm\u00e4gi (viola), Andreas Lend (cello) - Pille Lill Music Fund","og_description":"KAVA Krzysztof Penderecki (1933-2020)\u00a0Keelpillitrio(1990\/91) Allegro molto Vivace Darius Milhaud (1892-1974) Keelpillitrio\u00a0 nr. 1 op. 274 (1947) Vif Mod\u00e9r\u00e9 Alerte Canons. Lent et tr\u00e8s expressif Jeu Fugu\u00e9. Vif Max Reger (1873-1916)...","og_url":"https:\/\/www.plmf.ee\/en\/xiv-tallinn-winter-festival-kristina-kriit-violin-johanna-vahermagi-viola-andreas-lend-cello\/","og_site_name":"Pille Lill Music Fund","article_modified_time":"2021-01-27T18:42:21+00:00","twitter_card":"summary_large_image","schema":{"@context":"https:\/\/schema.org","@graph":[{"@type":"WebPage","@id":"https:\/\/www.plmf.ee\/en\/xiv-tallinn-winter-festival-kristina-kriit-violin-johanna-vahermagi-viola-andreas-lend-cello\/","url":"https:\/\/www.plmf.ee\/en\/xiv-tallinn-winter-festival-kristina-kriit-violin-johanna-vahermagi-viola-andreas-lend-cello\/","name":"XIV Tallinn Winter Festival \/ Kristina Kriit (violin), Johanna Vaherm\u00e4gi (viola), Andreas Lend (cello) - Pille Lill Music Fund","isPartOf":{"@id":"https:\/\/plmf.ee\/en\/#website"},"datePublished":"2021-01-27T10:35:46+00:00","dateModified":"2021-01-27T18:42:21+00:00","breadcrumb":{"@id":"https:\/\/www.plmf.ee\/en\/xiv-tallinn-winter-festival-kristina-kriit-violin-johanna-vahermagi-viola-andreas-lend-cello\/#breadcrumb"},"inLanguage":"en-US","potentialAction":[{"@type":"ReadAction","target":["https:\/\/www.plmf.ee\/en\/xiv-tallinn-winter-festival-kristina-kriit-violin-johanna-vahermagi-viola-andreas-lend-cello\/"]}]},{"@type":"BreadcrumbList","@id":"https:\/\/www.plmf.ee\/en\/xiv-tallinn-winter-festival-kristina-kriit-violin-johanna-vahermagi-viola-andreas-lend-cello\/#breadcrumb","itemListElement":[{"@type":"ListItem","position":1,"name":"Home","item":"https:\/\/plmf.ee\/en\/"},{"@type":"ListItem","position":2,"name":"XIV Tallinn Winter Festival \/ Kristina Kriit (violin), Johanna Vaherm\u00e4gi (viola), Andreas Lend (cello)"}]},{"@type":"WebSite","@id":"https:\/\/plmf.ee\/en\/#website","url":"https:\/\/plmf.ee\/en\/","name":"Pille Lill Music Fund","description":"Planet Of Talent","potentialAction":[{"@type":"SearchAction","target":{"@type":"EntryPoint","urlTemplate":"https:\/\/plmf.ee\/en\/?s={search_term_string}"},"query-input":{"@type":"PropertyValueSpecification","valueRequired":true,"valueName":"search_term_string"}}],"inLanguage":"en-US"}]}},"_links":{"self":[{"href":"https:\/\/plmf.ee\/en\/wp-json\/wp\/v2\/pages\/40740","targetHints":{"allow":["GET"]}}],"collection":[{"href":"https:\/\/plmf.ee\/en\/wp-json\/wp\/v2\/pages"}],"about":[{"href":"https:\/\/plmf.ee\/en\/wp-json\/wp\/v2\/types\/page"}],"author":[{"embeddable":true,"href":"https:\/\/plmf.ee\/en\/wp-json\/wp\/v2\/users\/7"}],"replies":[{"embeddable":true,"href":"https:\/\/plmf.ee\/en\/wp-json\/wp\/v2\/comments?post=40740"}],"version-history":[{"count":0,"href":"https:\/\/plmf.ee\/en\/wp-json\/wp\/v2\/pages\/40740\/revisions"}],"wp:attachment":[{"href":"https:\/\/plmf.ee\/en\/wp-json\/wp\/v2\/media?parent=40740"}],"curies":[{"name":"wp","href":"https:\/\/api.w.org\/{rel}","templated":true}]}}