{"id":40735,"date":"2021-01-27T12:32:23","date_gmt":"2021-01-27T10:32:23","guid":{"rendered":"https:\/\/www.plmf.ee\/xiv-tallinna-talvefestival-virgo-veldi-saksofon-toomas-vavilov-klarnet-marko-martin-klaver\/"},"modified":"2021-01-27T20:37:12","modified_gmt":"2021-01-27T18:37:12","slug":"xiv-tallinn-winter-festival-virgo-veldi-saxophone-toomas-vavilov-clarinet-marko-martin-piano","status":"publish","type":"page","link":"https:\/\/plmf.ee\/en\/xiv-tallinn-winter-festival-virgo-veldi-saxophone-toomas-vavilov-clarinet-marko-martin-piano\/","title":{"rendered":"XIV Tallinn Winter Festival \/ Virgo Veldi (saxophone), Toomas Vavilov (clarinet), Marko Martin (piano)"},"content":{"rendered":"<div class=\"row \"><div class=\"wpv-grid grid-1-1  wpv-first-level first unextended\" style=\"padding-top:0px;padding-bottom:0px\" id=\"wpv-column-9061c889fee78baf3226fa6c50fe9c4a\" ><p><span style=\"text-decoration: underline;\">KAVA<\/p>\n<p><\/span><\/p>\n<p><b>Johann Sebastian Bach<\/b><span style=\"font-weight: 400;\"> (1685-1750) Cello Suite nr.1 (Virgo)<\/span><\/p>\n<p><span style=\"font-weight: 400;\">Prelude<\/span><\/p>\n<p><span style=\"font-weight: 400;\">Sarabande<\/span><\/p>\n<p><span style=\"font-weight: 400;\">Gigue<\/span><\/p>\n<p><b>Franz Schubert<\/b><span style=\"font-weight: 400;\"> (1797-1828) 2 Eksprompti D 899 (Marko)<\/span><\/p>\n<p><span style=\"font-weight: 400;\">Nr.3 Ges-duur<\/span><\/p>\n<p><span style=\"font-weight: 400;\">Nr.4 As-duur<\/span><\/p>\n<p><span style=\"font-weight: 400;\">\u00a0<\/span><b>Ester M\u00e4gi<\/b><span style=\"font-weight: 400;\"> (*1922) Sonaat klarnetile ja klaverile<\/span><\/p>\n<p><b>Arvo P\u00e4rt<\/b><span style=\"font-weight: 400;\"> (*1935) \u201ePeegel peeglis\u201c klarnetile ja klaverile<\/span><\/p>\n<p><b>Claude Debussy<\/b><span style=\"font-weight: 400;\"> (1862-1918) Rapsoodia karnetile ja klaverile<\/span><\/p>\n<p><b>Pierre Max Dubois<\/b><span style=\"font-weight: 400;\"> (1930-1995) Sarabande (Virgo ja Marko)<\/span><\/p>\n<p><b>Denis B\u00e9dard<\/b><span style=\"font-weight: 400;\"> (*1950) Fantaasia (Virgo ja Marko)<\/span><\/p>\n<p>&nbsp;<\/p>\n<p><b>MARKO MARTIN<\/b><span style=\"font-weight: 400;\"> on oma p\u00f5lvkonna \u00fcks tunnustatumaid Eesti pianiste. Ta alustas muusika\u00f5pinguid 8-aastasena Tallinna Muusikakeskkoolis ning v\u00f5itis juba 15-aastaselt T\u0161ehhoslovakkias toimunud rahvusvahelisel noorte pianistide konkursil peapreemia. Sama saavutust kordas ta aasta hiljem Ukrainas. M. Martin on Esther Honensi nim. rahvusvahelise pianistide konkursi laureaat (2000) ning Gina Bachaueri nim. rahvusvahelise pianistide konkursi auhinnav\u00f5itja (1998). Tema pianismi iseloomustab energia ja l\u00fc\u00fcrilisuse k\u00f6itev harmoonia, eriti Liszti, Brahmsi ja Schuberti loomingus. Samuti on ta tunnustatud 20. sajandi muusika esitajana. M. Martin on \u00f5ppinud Eesti Muusika- ja Teatriakadeemias (prof Peep Lassmann) ja Guildhall School of Music and Drama\u2019s, Londonis (prof Joan Havill). Lisaks on ta osalenud mitmetes v\u00e4ljapaistvate pianistide meistriklassides (Leon Fleisher, Dmitri Ba\u0161kirov, Murray Perahia, Paul Badura-Skoda jt). M. Martin on soleerinud The Philharmonia Orchestra (London), Calgary Philharmonic Orchestra, Eesti Riikliku S\u00fcmfooniaorkestri, Tallinna Kammerorkestri ja paljude teiste orkestrite ees ning andnud kontserte Barbican Hallis ja Wigmore Hallis Londonis, Hamburgi Musikhalles, Leipzigi Gewandhausis, Glenn Gould Studios Torontos ja mujal. M. Martin on j\u00e4rjepidevalt olnud kutsutud nii hinnatud ansamblipartneri kui ka solistina esinema erinevatele festivalidele (Festival della Valle d&#8217;Itria Itaalias, Tallinna Kammermuusika Festival, Tallinna Talvefestival jt). Tal on ilmunud kaks heliplaati Schuberti ja Liszti loominguga (1998, Abbas Records; 2002, Arktos). Viimane CD valmis Eduard Tubina viiulimuusikast koos viiuldaja Sigrid Kuulmanniga (2012, ERP). Ta on andnud kontserte Eestis, L\u00e4tis, Skandinaaviamaades, Saksamaal, Prantsusmaal, Itaalias ja Suurbritannias ning ta on Eesti Interpreetide Liidu (EIL) ja Muusikute fondi PLMF stipendiaat. Aastast 2002 t\u00f6\u00f6tab M. Martin EMTA-s \u00f5ppej\u00f5una ja on EIL juhatuse liige.<\/span><\/div><\/div>\n","protected":false},"excerpt":{"rendered":"<p>KAVA Johann Sebastian Bach (1685-1750) Cello Suite nr.1 (Virgo) Prelude Sarabande Gigue Franz Schubert (1797-1828) 2 Eksprompti D 899 (Marko) Nr.3 Ges-duur Nr.4 As-duur \u00a0Ester M\u00e4gi (*1922) Sonaat klarnetile ja&#8230;<\/p>\n","protected":false},"author":7,"featured_media":0,"parent":0,"menu_order":0,"comment_status":"closed","ping_status":"closed","template":"","meta":{"footnotes":""},"class_list":["post-40735","page","type-page","status-publish","hentry"],"yoast_head":"<!-- This site is optimized with the Yoast SEO plugin v27.1.1 - https:\/\/yoast.com\/product\/yoast-seo-wordpress\/ -->\n<title>XIV Tallinn Winter Festival \/ Virgo Veldi (saxophone), Toomas Vavilov (clarinet), Marko Martin (piano) - Pille Lill Music Fund<\/title>\n<meta name=\"robots\" content=\"index, follow, max-snippet:-1, max-image-preview:large, max-video-preview:-1\" \/>\n<link rel=\"canonical\" href=\"https:\/\/plmf.ee\/en\/xiv-tallinn-winter-festival-virgo-veldi-saxophone-toomas-vavilov-clarinet-marko-martin-piano\/\" \/>\n<meta property=\"og:locale\" content=\"en_US\" \/>\n<meta property=\"og:type\" content=\"article\" \/>\n<meta property=\"og:title\" content=\"XIV Tallinn Winter Festival \/ Virgo Veldi (saxophone), Toomas Vavilov (clarinet), Marko Martin (piano) - Pille Lill Music Fund\" \/>\n<meta property=\"og:description\" content=\"KAVA Johann Sebastian Bach (1685-1750) Cello Suite nr.1 (Virgo) Prelude Sarabande Gigue Franz Schubert (1797-1828) 2 Eksprompti D 899 (Marko) Nr.3 Ges-duur Nr.4 As-duur \u00a0Ester M\u00e4gi (*1922) Sonaat klarnetile ja...\" \/>\n<meta property=\"og:url\" content=\"https:\/\/plmf.ee\/en\/xiv-tallinn-winter-festival-virgo-veldi-saxophone-toomas-vavilov-clarinet-marko-martin-piano\/\" \/>\n<meta property=\"og:site_name\" content=\"Pille Lill Music Fund\" \/>\n<meta property=\"article:modified_time\" content=\"2021-01-27T18:37:12+00:00\" \/>\n<meta name=\"twitter:card\" content=\"summary_large_image\" \/>\n<meta name=\"twitter:label1\" content=\"Est. reading time\" \/>\n\t<meta name=\"twitter:data1\" content=\"2 minutes\" \/>\n<script type=\"application\/ld+json\" class=\"yoast-schema-graph\">{\"@context\":\"https:\/\/schema.org\",\"@graph\":[{\"@type\":\"WebPage\",\"@id\":\"https:\/\/plmf.ee\/en\/xiv-tallinn-winter-festival-virgo-veldi-saxophone-toomas-vavilov-clarinet-marko-martin-piano\/\",\"url\":\"https:\/\/plmf.ee\/en\/xiv-tallinn-winter-festival-virgo-veldi-saxophone-toomas-vavilov-clarinet-marko-martin-piano\/\",\"name\":\"XIV Tallinn Winter Festival \/ Virgo Veldi (saxophone), Toomas Vavilov (clarinet), Marko Martin (piano) - Pille Lill Music Fund\",\"isPartOf\":{\"@id\":\"https:\/\/plmf.ee\/#website\"},\"datePublished\":\"2021-01-27T10:32:23+00:00\",\"dateModified\":\"2021-01-27T18:37:12+00:00\",\"breadcrumb\":{\"@id\":\"https:\/\/plmf.ee\/en\/xiv-tallinn-winter-festival-virgo-veldi-saxophone-toomas-vavilov-clarinet-marko-martin-piano\/#breadcrumb\"},\"inLanguage\":\"en-US\",\"potentialAction\":[{\"@type\":\"ReadAction\",\"target\":[\"https:\/\/plmf.ee\/en\/xiv-tallinn-winter-festival-virgo-veldi-saxophone-toomas-vavilov-clarinet-marko-martin-piano\/\"]}]},{\"@type\":\"BreadcrumbList\",\"@id\":\"https:\/\/plmf.ee\/en\/xiv-tallinn-winter-festival-virgo-veldi-saxophone-toomas-vavilov-clarinet-marko-martin-piano\/#breadcrumb\",\"itemListElement\":[{\"@type\":\"ListItem\",\"position\":1,\"name\":\"Home\",\"item\":\"https:\/\/www.plmf.ee\/en\/\"},{\"@type\":\"ListItem\",\"position\":2,\"name\":\"XIV Tallinn Winter Festival \/ Virgo Veldi (saxophone), Toomas Vavilov (clarinet), Marko Martin (piano)\"}]},{\"@type\":\"WebSite\",\"@id\":\"https:\/\/plmf.ee\/#website\",\"url\":\"https:\/\/plmf.ee\/\",\"name\":\"Pille Lill Music Fund\",\"description\":\"Planet Of Talent\",\"potentialAction\":[{\"@type\":\"SearchAction\",\"target\":{\"@type\":\"EntryPoint\",\"urlTemplate\":\"https:\/\/plmf.ee\/?s={search_term_string}\"},\"query-input\":{\"@type\":\"PropertyValueSpecification\",\"valueRequired\":true,\"valueName\":\"search_term_string\"}}],\"inLanguage\":\"en-US\"}]}<\/script>\n<!-- \/ Yoast SEO plugin. -->","yoast_head_json":{"title":"XIV Tallinn Winter Festival \/ Virgo Veldi (saxophone), Toomas Vavilov (clarinet), Marko Martin (piano) - Pille Lill Music Fund","robots":{"index":"index","follow":"follow","max-snippet":"max-snippet:-1","max-image-preview":"max-image-preview:large","max-video-preview":"max-video-preview:-1"},"canonical":"https:\/\/plmf.ee\/en\/xiv-tallinn-winter-festival-virgo-veldi-saxophone-toomas-vavilov-clarinet-marko-martin-piano\/","og_locale":"en_US","og_type":"article","og_title":"XIV Tallinn Winter Festival \/ Virgo Veldi (saxophone), Toomas Vavilov (clarinet), Marko Martin (piano) - Pille Lill Music Fund","og_description":"KAVA Johann Sebastian Bach (1685-1750) Cello Suite nr.1 (Virgo) Prelude Sarabande Gigue Franz Schubert (1797-1828) 2 Eksprompti D 899 (Marko) Nr.3 Ges-duur Nr.4 As-duur \u00a0Ester M\u00e4gi (*1922) Sonaat klarnetile ja...","og_url":"https:\/\/plmf.ee\/en\/xiv-tallinn-winter-festival-virgo-veldi-saxophone-toomas-vavilov-clarinet-marko-martin-piano\/","og_site_name":"Pille Lill Music Fund","article_modified_time":"2021-01-27T18:37:12+00:00","twitter_card":"summary_large_image","twitter_misc":{"Est. reading time":"2 minutes"},"schema":{"@context":"https:\/\/schema.org","@graph":[{"@type":"WebPage","@id":"https:\/\/plmf.ee\/en\/xiv-tallinn-winter-festival-virgo-veldi-saxophone-toomas-vavilov-clarinet-marko-martin-piano\/","url":"https:\/\/plmf.ee\/en\/xiv-tallinn-winter-festival-virgo-veldi-saxophone-toomas-vavilov-clarinet-marko-martin-piano\/","name":"XIV Tallinn Winter Festival \/ Virgo Veldi (saxophone), Toomas Vavilov (clarinet), Marko Martin (piano) - Pille Lill Music Fund","isPartOf":{"@id":"https:\/\/plmf.ee\/#website"},"datePublished":"2021-01-27T10:32:23+00:00","dateModified":"2021-01-27T18:37:12+00:00","breadcrumb":{"@id":"https:\/\/plmf.ee\/en\/xiv-tallinn-winter-festival-virgo-veldi-saxophone-toomas-vavilov-clarinet-marko-martin-piano\/#breadcrumb"},"inLanguage":"en-US","potentialAction":[{"@type":"ReadAction","target":["https:\/\/plmf.ee\/en\/xiv-tallinn-winter-festival-virgo-veldi-saxophone-toomas-vavilov-clarinet-marko-martin-piano\/"]}]},{"@type":"BreadcrumbList","@id":"https:\/\/plmf.ee\/en\/xiv-tallinn-winter-festival-virgo-veldi-saxophone-toomas-vavilov-clarinet-marko-martin-piano\/#breadcrumb","itemListElement":[{"@type":"ListItem","position":1,"name":"Home","item":"https:\/\/www.plmf.ee\/en\/"},{"@type":"ListItem","position":2,"name":"XIV Tallinn Winter Festival \/ Virgo Veldi (saxophone), Toomas Vavilov (clarinet), Marko Martin (piano)"}]},{"@type":"WebSite","@id":"https:\/\/plmf.ee\/#website","url":"https:\/\/plmf.ee\/","name":"Pille Lill Music Fund","description":"Planet Of Talent","potentialAction":[{"@type":"SearchAction","target":{"@type":"EntryPoint","urlTemplate":"https:\/\/plmf.ee\/?s={search_term_string}"},"query-input":{"@type":"PropertyValueSpecification","valueRequired":true,"valueName":"search_term_string"}}],"inLanguage":"en-US"}]}},"_links":{"self":[{"href":"https:\/\/plmf.ee\/en\/wp-json\/wp\/v2\/pages\/40735","targetHints":{"allow":["GET"]}}],"collection":[{"href":"https:\/\/plmf.ee\/en\/wp-json\/wp\/v2\/pages"}],"about":[{"href":"https:\/\/plmf.ee\/en\/wp-json\/wp\/v2\/types\/page"}],"author":[{"embeddable":true,"href":"https:\/\/plmf.ee\/en\/wp-json\/wp\/v2\/users\/7"}],"replies":[{"embeddable":true,"href":"https:\/\/plmf.ee\/en\/wp-json\/wp\/v2\/comments?post=40735"}],"version-history":[{"count":0,"href":"https:\/\/plmf.ee\/en\/wp-json\/wp\/v2\/pages\/40735\/revisions"}],"wp:attachment":[{"href":"https:\/\/plmf.ee\/en\/wp-json\/wp\/v2\/media?parent=40735"}],"curies":[{"name":"wp","href":"https:\/\/api.w.org\/{rel}","templated":true}]}}