{"id":39982,"date":"2020-11-13T10:14:09","date_gmt":"2020-11-13T08:14:09","guid":{"rendered":"https:\/\/www.plmf.ee\/annetekoda-2021\/"},"modified":"2021-09-16T16:06:43","modified_gmt":"2021-09-16T13:06:43","slug":"chamber-of-talents-2021","status":"publish","type":"page","link":"https:\/\/plmf.ee\/en\/chamber-of-talents-2021\/","title":{"rendered":"CHAMBER OF TALENTS 2021"},"content":{"rendered":"<div class=\"row \"><div class=\"wpv-grid grid-1-1  wpv-first-level first unextended\" style=\"padding-top:0px;padding-bottom:0px\" id=\"wpv-column-a86a313b586da5d41757beb952eed524\" ><p><a href=\"https:\/\/www.plmf.ee\/wp-content\/uploads\/2021\/03\/Annetekoda_2021_ENG_1154x160.jpg\"><img decoding=\"async\" class=\"aligncenter wp-image-41212 size-full\" src=\"https:\/\/www.plmf.ee\/wp-content\/uploads\/2021\/03\/Annetekoda_2021_ENG_1154x160.jpg\" alt=\"\" width=\"1154\" height=\"160\" srcset=\"https:\/\/plmf.ee\/wp-content\/uploads\/2021\/03\/Annetekoda_2021_ENG_1154x160.jpg 1154w, https:\/\/plmf.ee\/wp-content\/uploads\/2021\/03\/Annetekoda_2021_ENG_1154x160-300x42.jpg 300w, https:\/\/plmf.ee\/wp-content\/uploads\/2021\/03\/Annetekoda_2021_ENG_1154x160-1024x142.jpg 1024w, https:\/\/plmf.ee\/wp-content\/uploads\/2021\/03\/Annetekoda_2021_ENG_1154x160-615x85.jpg 615w, https:\/\/plmf.ee\/wp-content\/uploads\/2021\/03\/Annetekoda_2021_ENG_1154x160-400x55.jpg 400w, https:\/\/plmf.ee\/wp-content\/uploads\/2021\/03\/Annetekoda_2021_ENG_1154x160-292x40.jpg 292w, https:\/\/plmf.ee\/wp-content\/uploads\/2021\/03\/Annetekoda_2021_ENG_1154x160-600x83.jpg 600w\" sizes=\"(max-width: 1154px) 100vw, 1154px\" \/><\/a><\/p>\n<p style=\"text-align: center;\">The finale of the <strong>\u201cAnnetekoda 2021\u201d<\/strong> talent competition at the <strong>Alexela Concert Hall<br \/>\n<\/strong>brings together the finest talents of the national preliminary rounds.<\/p>\n<p style=\"text-align: center;\"><strong>Aavo Lumi<\/strong> (classical song), <strong>Angelica Bolhovitina<\/strong> (dance), <strong>Anna Makeev<\/strong> and <strong>Pavel Kutergin<\/strong> from the ensemble <strong>&#8220;O\u0160ME\u0160&#8221;,<br \/>\nAnnaliisa Aren<\/strong> (violin, piano and flute), <strong>Anna-Liisa Ohaka<\/strong> (dance),<br \/>\nensemble <strong>&#8220;Jackpot\u201c (Pjotr Zotovitch<\/strong> bayan, <strong>Jekaterina Arhipenko<\/strong> vocal, <strong>Zlata Zotovitch<\/strong> saxophone, vocal),<br \/>\n<strong>Beatriche Huber<\/strong> (song), <strong>Estonian Klezmer Band<\/strong> ensemble, dance group <strong>Forte,<br \/>\nHanna Camilla Kadarik<\/strong> (song), <strong>Hannes Pastik<\/strong> and <strong>Lisanne Kalaus<\/strong> (dancesport), <strong>Jan Marius Laur<\/strong> (trumpet),<br \/>\n<strong>Jekaterina<\/strong> and <strong>Elizaveta Michenko, Anna Nalivaiko<\/strong> (physical theatre),<br \/>\n<strong>Jete-Pauline<\/strong>\u00a0and <strong>Wanda-Helene Ollep<\/strong> (song), <strong>Jie Yin<\/strong> (classical song), <strong>Lilian Sauvola<\/strong> (classical song),<br \/>\n<strong>Maria Veretenina<\/strong> and <strong>Stark Rosenthal<\/strong> (song and piano), <strong>Martina Schulz<\/strong> (belly dance),<br \/>\n<strong>Merilin Kruberg<\/strong> (modern dance), <strong>Mihkel Sildoja<\/strong> (garmon), <strong>Miia Margaret Untera<\/strong> (piano),<br \/>\n<strong>Pavel \u0160ell<\/strong> (revue), dance group <strong>Studio dotE<\/strong>, \u00a0dance theatre <strong>POLLY,<br \/>\nTristan Lumi<\/strong> (song), <strong>Viola Asoskova<\/strong> (piano).<\/p>\n<p style=\"text-align: center;\"><strong>Members of the jury<\/strong>:<\/p>\n<p style=\"text-align: center;\"><strong>Uku Suviste<\/strong>\u00a0\u2013 \u017e\u00fcrii esimees, Annetekoda 2021 patroon<br \/>\n<strong>Alejandro Jimenez de la Questa<\/strong>\u00a0\u2013 Mexico City Kultuurikeskuse Cantoral direktor<br \/>\n<strong>Aarne Saluveer<\/strong> \u2013 koorijuht<br \/>\n<strong>Eesti Kultuuri Koja liikmed:<\/strong><br \/>\n<strong>Pille Lill<br \/>\n<\/strong><strong>Egge Kulbok-Lattik<br \/>\n<\/strong><strong>Daisy J\u00e4rva<br \/>\n<\/strong><strong>Tiina Park<br \/>\n<\/strong><strong>Anne Soop-Tohver<br \/>\n<\/strong><strong>Rain Annast<br \/>\n<\/strong><strong>Allar Kaasik<\/strong><\/p>\n<p style=\"text-align: center;\">Despite the COVID-19 crisis and attendant restrictions 250 talent presentation participated from the various counties,<br \/>\naging from three to 76 years old, including Estonians, Russians, Jews, Nenets, Kyrgyz, Tajiks, Ukrainians, Belarusians,<br \/>\nChinese and other nationalities, with also expatriate Estonians being represented.<br \/>\nThe genres ranged from rap to opera in song, from breakdancing to ballet, plus acrobats,<br \/>\nnational ensembles, inventors, artists, fashion designers, comedians and many others.<br \/>\nAfter the video and preliminary rounds the jury selected the 24 best finale presentations.<br \/>\nJoining them on the stage of the <strong>Alexela Concert Hall<\/strong> will also be the <strong>\u201cAnnetekoda 2021\u201d<\/strong> patron<br \/>\n<strong>Uku Suviste,<\/strong> just recently back from representing Estonia at the Eurovision Song Contest.<\/p>\n<p style=\"text-align: center;\">The jury will announce the winners at the night of the concert finale.<br \/>\nThe prizes (I place 1500 \u20ac, II place 1000 \u20ac, III place 500 \u20ac) have been provided by Selver. There are also several special prizes.<br \/>\n\u201cAnnetekoda 2021\u201d is supported by the Ministry of Culture, the Cultural Endowment of Estonia,<br \/>\nthe Tallinn Culture and Sports Department, Tallinn\u2019s Kodurahuprogramm, V\u00e4rska,<br \/>\nSelver, City of Viljandi, Rae Municipality Government, Rootsi-Mihkli Church,<br \/>\nSakala Centre, P\u00e4rnu Nooruse Maja, N\u00f5mme, Kohtle-J\u00e4rve,<br \/>\nRapla and Rae Cultural Centres, Valga Kultuuri- ja Huvialakeskus and the Estonian National Museum.<\/p>\n<div style=\"text-align: center;\">The competition is organized by Eesti Kultuuri Koda in cooperation with <strong>PLMF Music Trust.<\/strong><\/div>\n<div><a href=\"https:\/\/www.plmf.ee\/wp-content\/uploads\/2021\/08\/Alexela_19.09_e-plakat.jpg\"><img decoding=\"async\" class=\"aligncenter wp-image-43522 size-large\" src=\"https:\/\/www.plmf.ee\/wp-content\/uploads\/2021\/08\/Alexela_19.09_e-plakat-724x1024.jpg\" alt=\"\" width=\"724\" height=\"1024\" srcset=\"https:\/\/plmf.ee\/wp-content\/uploads\/2021\/08\/Alexela_19.09_e-plakat-724x1024.jpg 724w, https:\/\/plmf.ee\/wp-content\/uploads\/2021\/08\/Alexela_19.09_e-plakat-212x300.jpg 212w, https:\/\/plmf.ee\/wp-content\/uploads\/2021\/08\/Alexela_19.09_e-plakat-1086x1536.jpg 1086w, https:\/\/plmf.ee\/wp-content\/uploads\/2021\/08\/Alexela_19.09_e-plakat-1448x2048.jpg 1448w, https:\/\/plmf.ee\/wp-content\/uploads\/2021\/08\/Alexela_19.09_e-plakat-1260x1782.jpg 1260w, https:\/\/plmf.ee\/wp-content\/uploads\/2021\/08\/Alexela_19.09_e-plakat-615x870.jpg 615w, https:\/\/plmf.ee\/wp-content\/uploads\/2021\/08\/Alexela_19.09_e-plakat-400x566.jpg 400w, https:\/\/plmf.ee\/wp-content\/uploads\/2021\/08\/Alexela_19.09_e-plakat-292x413.jpg 292w, https:\/\/plmf.ee\/wp-content\/uploads\/2021\/08\/Alexela_19.09_e-plakat-600x848.jpg 600w, https:\/\/plmf.ee\/wp-content\/uploads\/2021\/08\/Alexela_19.09_e-plakat.jpg 1754w\" sizes=\"(max-width: 724px) 100vw, 724px\" \/><\/a><\/div>\n<p style=\"text-align: center;\"><a href=\"https:\/\/kultuurikoda.eu\/annetekoda-2021\/\"><span style=\"font-size: 18pt;\">More info<\/span><\/a><\/p>\n<p style=\"text-align: center;\"><span style=\"font-size: 14pt;\"><a href=\"https:\/\/www.piletilevi.ee\/eng\/tickets\/muusika\/nuudismuusika\/annetekoda-2021-finaal-331572\/\">TICKETS<\/a><\/span><\/div><\/div>\n","protected":false},"excerpt":{"rendered":"<p>The finale of the \u201cAnnetekoda 2021\u201d talent competition at the Alexela Concert Hall brings together the finest talents of the national preliminary rounds. Aavo Lumi (classical song), Angelica Bolhovitina (dance),&#8230;<\/p>\n","protected":false},"author":7,"featured_media":0,"parent":0,"menu_order":0,"comment_status":"closed","ping_status":"closed","template":"","meta":{"footnotes":""},"class_list":["post-39982","page","type-page","status-publish","hentry"],"yoast_head":"<!-- This site is optimized with the Yoast SEO plugin v27.1.1 - https:\/\/yoast.com\/product\/yoast-seo-wordpress\/ -->\n<title>CHAMBER OF TALENTS 2021 - Pille Lill Music Fund<\/title>\n<meta name=\"robots\" content=\"index, follow, max-snippet:-1, max-image-preview:large, max-video-preview:-1\" \/>\n<link rel=\"canonical\" href=\"https:\/\/www.plmf.ee\/en\/chamber-of-talents-2021\/\" \/>\n<meta property=\"og:locale\" content=\"en_US\" \/>\n<meta property=\"og:type\" content=\"article\" \/>\n<meta property=\"og:title\" content=\"CHAMBER OF TALENTS 2021 - Pille Lill Music Fund\" \/>\n<meta property=\"og:description\" content=\"The finale of the \u201cAnnetekoda 2021\u201d talent competition at the Alexela Concert Hall brings together the finest talents of the national preliminary rounds. Aavo Lumi (classical song), Angelica Bolhovitina (dance),...\" \/>\n<meta property=\"og:url\" content=\"https:\/\/www.plmf.ee\/en\/chamber-of-talents-2021\/\" \/>\n<meta property=\"og:site_name\" content=\"Pille Lill Music Fund\" \/>\n<meta property=\"article:modified_time\" content=\"2021-09-16T13:06:43+00:00\" \/>\n<meta property=\"og:image\" content=\"https:\/\/www.plmf.ee\/wp-content\/uploads\/2021\/03\/Annetekoda_2021_ENG_1154x160.jpg\" \/>\n<meta name=\"twitter:card\" content=\"summary_large_image\" \/>\n<meta name=\"twitter:label1\" content=\"Est. reading time\" \/>\n\t<meta name=\"twitter:data1\" content=\"2 minutes\" \/>\n<script type=\"application\/ld+json\" class=\"yoast-schema-graph\">{\"@context\":\"https:\/\/schema.org\",\"@graph\":[{\"@type\":\"WebPage\",\"@id\":\"https:\/\/www.plmf.ee\/en\/chamber-of-talents-2021\/\",\"url\":\"https:\/\/www.plmf.ee\/en\/chamber-of-talents-2021\/\",\"name\":\"CHAMBER OF TALENTS 2021 - Pille Lill Music Fund\",\"isPartOf\":{\"@id\":\"https:\/\/plmf.ee\/en\/#website\"},\"primaryImageOfPage\":{\"@id\":\"https:\/\/www.plmf.ee\/en\/chamber-of-talents-2021\/#primaryimage\"},\"image\":{\"@id\":\"https:\/\/www.plmf.ee\/en\/chamber-of-talents-2021\/#primaryimage\"},\"thumbnailUrl\":\"https:\/\/www.plmf.ee\/wp-content\/uploads\/2021\/03\/Annetekoda_2021_ENG_1154x160.jpg\",\"datePublished\":\"2020-11-13T08:14:09+00:00\",\"dateModified\":\"2021-09-16T13:06:43+00:00\",\"breadcrumb\":{\"@id\":\"https:\/\/www.plmf.ee\/en\/chamber-of-talents-2021\/#breadcrumb\"},\"inLanguage\":\"en-US\",\"potentialAction\":[{\"@type\":\"ReadAction\",\"target\":[\"https:\/\/www.plmf.ee\/en\/chamber-of-talents-2021\/\"]}]},{\"@type\":\"ImageObject\",\"inLanguage\":\"en-US\",\"@id\":\"https:\/\/www.plmf.ee\/en\/chamber-of-talents-2021\/#primaryimage\",\"url\":\"https:\/\/www.plmf.ee\/wp-content\/uploads\/2021\/03\/Annetekoda_2021_ENG_1154x160.jpg\",\"contentUrl\":\"https:\/\/www.plmf.ee\/wp-content\/uploads\/2021\/03\/Annetekoda_2021_ENG_1154x160.jpg\"},{\"@type\":\"BreadcrumbList\",\"@id\":\"https:\/\/www.plmf.ee\/en\/chamber-of-talents-2021\/#breadcrumb\",\"itemListElement\":[{\"@type\":\"ListItem\",\"position\":1,\"name\":\"Home\",\"item\":\"https:\/\/plmf.ee\/en\/\"},{\"@type\":\"ListItem\",\"position\":2,\"name\":\"CHAMBER OF TALENTS 2021\"}]},{\"@type\":\"WebSite\",\"@id\":\"https:\/\/plmf.ee\/en\/#website\",\"url\":\"https:\/\/plmf.ee\/en\/\",\"name\":\"Pille Lill Music Fund\",\"description\":\"Planet Of Talent\",\"potentialAction\":[{\"@type\":\"SearchAction\",\"target\":{\"@type\":\"EntryPoint\",\"urlTemplate\":\"https:\/\/plmf.ee\/en\/?s={search_term_string}\"},\"query-input\":{\"@type\":\"PropertyValueSpecification\",\"valueRequired\":true,\"valueName\":\"search_term_string\"}}],\"inLanguage\":\"en-US\"}]}<\/script>\n<!-- \/ Yoast SEO plugin. -->","yoast_head_json":{"title":"CHAMBER OF TALENTS 2021 - Pille Lill Music Fund","robots":{"index":"index","follow":"follow","max-snippet":"max-snippet:-1","max-image-preview":"max-image-preview:large","max-video-preview":"max-video-preview:-1"},"canonical":"https:\/\/www.plmf.ee\/en\/chamber-of-talents-2021\/","og_locale":"en_US","og_type":"article","og_title":"CHAMBER OF TALENTS 2021 - Pille Lill Music Fund","og_description":"The finale of the \u201cAnnetekoda 2021\u201d talent competition at the Alexela Concert Hall brings together the finest talents of the national preliminary rounds. Aavo Lumi (classical song), Angelica Bolhovitina (dance),...","og_url":"https:\/\/www.plmf.ee\/en\/chamber-of-talents-2021\/","og_site_name":"Pille Lill Music Fund","article_modified_time":"2021-09-16T13:06:43+00:00","og_image":[{"url":"https:\/\/www.plmf.ee\/wp-content\/uploads\/2021\/03\/Annetekoda_2021_ENG_1154x160.jpg","type":"","width":"","height":""}],"twitter_card":"summary_large_image","twitter_misc":{"Est. reading time":"2 minutes"},"schema":{"@context":"https:\/\/schema.org","@graph":[{"@type":"WebPage","@id":"https:\/\/www.plmf.ee\/en\/chamber-of-talents-2021\/","url":"https:\/\/www.plmf.ee\/en\/chamber-of-talents-2021\/","name":"CHAMBER OF TALENTS 2021 - Pille Lill Music Fund","isPartOf":{"@id":"https:\/\/plmf.ee\/en\/#website"},"primaryImageOfPage":{"@id":"https:\/\/www.plmf.ee\/en\/chamber-of-talents-2021\/#primaryimage"},"image":{"@id":"https:\/\/www.plmf.ee\/en\/chamber-of-talents-2021\/#primaryimage"},"thumbnailUrl":"https:\/\/www.plmf.ee\/wp-content\/uploads\/2021\/03\/Annetekoda_2021_ENG_1154x160.jpg","datePublished":"2020-11-13T08:14:09+00:00","dateModified":"2021-09-16T13:06:43+00:00","breadcrumb":{"@id":"https:\/\/www.plmf.ee\/en\/chamber-of-talents-2021\/#breadcrumb"},"inLanguage":"en-US","potentialAction":[{"@type":"ReadAction","target":["https:\/\/www.plmf.ee\/en\/chamber-of-talents-2021\/"]}]},{"@type":"ImageObject","inLanguage":"en-US","@id":"https:\/\/www.plmf.ee\/en\/chamber-of-talents-2021\/#primaryimage","url":"https:\/\/www.plmf.ee\/wp-content\/uploads\/2021\/03\/Annetekoda_2021_ENG_1154x160.jpg","contentUrl":"https:\/\/www.plmf.ee\/wp-content\/uploads\/2021\/03\/Annetekoda_2021_ENG_1154x160.jpg"},{"@type":"BreadcrumbList","@id":"https:\/\/www.plmf.ee\/en\/chamber-of-talents-2021\/#breadcrumb","itemListElement":[{"@type":"ListItem","position":1,"name":"Home","item":"https:\/\/plmf.ee\/en\/"},{"@type":"ListItem","position":2,"name":"CHAMBER OF TALENTS 2021"}]},{"@type":"WebSite","@id":"https:\/\/plmf.ee\/en\/#website","url":"https:\/\/plmf.ee\/en\/","name":"Pille Lill Music Fund","description":"Planet Of Talent","potentialAction":[{"@type":"SearchAction","target":{"@type":"EntryPoint","urlTemplate":"https:\/\/plmf.ee\/en\/?s={search_term_string}"},"query-input":{"@type":"PropertyValueSpecification","valueRequired":true,"valueName":"search_term_string"}}],"inLanguage":"en-US"}]}},"_links":{"self":[{"href":"https:\/\/plmf.ee\/en\/wp-json\/wp\/v2\/pages\/39982","targetHints":{"allow":["GET"]}}],"collection":[{"href":"https:\/\/plmf.ee\/en\/wp-json\/wp\/v2\/pages"}],"about":[{"href":"https:\/\/plmf.ee\/en\/wp-json\/wp\/v2\/types\/page"}],"author":[{"embeddable":true,"href":"https:\/\/plmf.ee\/en\/wp-json\/wp\/v2\/users\/7"}],"replies":[{"embeddable":true,"href":"https:\/\/plmf.ee\/en\/wp-json\/wp\/v2\/comments?post=39982"}],"version-history":[{"count":0,"href":"https:\/\/plmf.ee\/en\/wp-json\/wp\/v2\/pages\/39982\/revisions"}],"wp:attachment":[{"href":"https:\/\/plmf.ee\/en\/wp-json\/wp\/v2\/media?parent=39982"}],"curies":[{"name":"wp","href":"https:\/\/api.w.org\/{rel}","templated":true}]}}