{"id":38907,"date":"2020-09-14T10:40:59","date_gmt":"2020-09-14T07:40:59","guid":{"rendered":"https:\/\/www.plmf.ee\/?page_id=38907"},"modified":"2021-01-27T20:48:42","modified_gmt":"2021-01-27T18:48:42","slug":"xiv-tallinn-winter-festival-2021","status":"publish","type":"page","link":"https:\/\/plmf.ee\/en\/xiv-tallinn-winter-festival-2021\/","title":{"rendered":"XIV Tallinn Winter Festival 2021"},"content":{"rendered":"<div class=\"row \"><div class=\"wpv-grid grid-1-1  wpv-first-level first unextended\" style=\"padding-top:0px;padding-bottom:0px\" id=\"wpv-column-92db456f4a22f88c7d552fc96618cf56\" ><p><a href=\"https:\/\/www.plmf.ee\/wp-content\/uploads\/2021\/01\/TTF21_peab2nner_ENG_1440x445_piltideta.jpg\"><img decoding=\"async\" class=\"aligncenter size-full wp-image-40480\" src=\"https:\/\/www.plmf.ee\/wp-content\/uploads\/2021\/01\/TTF21_peab2nner_ENG_1440x445_piltideta.jpg\" alt=\"\" width=\"1440\" height=\"445\" srcset=\"https:\/\/www.plmf.ee\/wp-content\/uploads\/2021\/01\/TTF21_peab2nner_ENG_1440x445_piltideta.jpg 1440w, https:\/\/www.plmf.ee\/wp-content\/uploads\/2021\/01\/TTF21_peab2nner_ENG_1440x445_piltideta-300x93.jpg 300w, https:\/\/www.plmf.ee\/wp-content\/uploads\/2021\/01\/TTF21_peab2nner_ENG_1440x445_piltideta-1024x316.jpg 1024w, https:\/\/www.plmf.ee\/wp-content\/uploads\/2021\/01\/TTF21_peab2nner_ENG_1440x445_piltideta-1260x389.jpg 1260w, https:\/\/www.plmf.ee\/wp-content\/uploads\/2021\/01\/TTF21_peab2nner_ENG_1440x445_piltideta-615x190.jpg 615w, https:\/\/www.plmf.ee\/wp-content\/uploads\/2021\/01\/TTF21_peab2nner_ENG_1440x445_piltideta-400x124.jpg 400w, https:\/\/www.plmf.ee\/wp-content\/uploads\/2021\/01\/TTF21_peab2nner_ENG_1440x445_piltideta-292x90.jpg 292w, https:\/\/www.plmf.ee\/wp-content\/uploads\/2021\/01\/TTF21_peab2nner_ENG_1440x445_piltideta-600x185.jpg 600w\" sizes=\"(max-width: 1440px) 100vw, 1440px\" \/><\/a><\/div><\/div>\n<div class=\"row \"><div class=\"wpv-grid grid-1-1  wpv-first-level first unextended\" style=\"padding-top:0px;padding-bottom:0px\" id=\"wpv-column-f8ff5942a64bce2a83858800941bd687\" >\n<div  data-href=\"https:\/\/www.piletilevi.ee\/eng\/tickets\/muusika\/festival\/xiv-tallinna-talvefestival-tallinn-winter-festival-73273\/\" tabindex=\"1\" title=\"https:\/\/www.piletilevi.ee\/eng\/tickets\/muusika\/festival\/xiv-tallinna-talvefestival-tallinn-winter-festival-73273\/\" data-target=\"_self\" class=\"linkarea clearfix accent1  background-accent1\">\n\t\t\t\t<div class=\"last\"><h1 style=\"text-align: center;\"><strong><span style=\"font-size: 24pt;\">XIV Tallinn Winter Festival tickets<\/span><\/strong><\/h1><\/div>\n\t<\/div><\/div><\/div>\n\t\t<div class=\"sep-text single centered\">\n\t\t\t\t\t\t\t<span class=\"sep-text-before\"><div class=\"sep-text-line\"><\/div><\/span>\n\t\t\t\t\t\t<div class=\"content\">\n\t\t\t\t\n<span style=\"font-size: 18pt;\"><strong>FESTIVAL PROGRAM<\/strong><\/span><br \/>\n\t\t\t<\/div>\n\t\t\t<span class=\"sep-text-after\"><div class=\"sep-text-line\"><\/div><\/span>\n\t\t\t\t\t<\/div>\n\t\n<div class=\"row \"><div class=\"wpv-grid grid-1-1  wpv-first-level first unextended\" style=\"padding-top:0px;padding-bottom:0px\" id=\"wpv-column-6a1b474427c474ce27d3e13369a18033\" ><p style=\"text-align: center;\"><strong><span style=\"font-size: 14pt;\">XIV Tallinn Winter Festival 14.02 &#8211; 21.02<\/span><\/strong><br \/>\n<strong><span style=\"font-size: 14pt;\">OPEN YOUR EYES, OPEN YOUR HEART<\/span><\/strong><\/p>\n<p style=\"text-align: center;\"><strong><span style=\"font-size: 14pt;\">Tallinn Philharmonic Society House of Blackheads<\/span><\/strong><br \/>\n<strong><span style=\"font-size: 14pt;\">14th of February at 3 PM<\/span><\/strong><br \/>\n<strong><span style=\"font-size: 14pt;\">CONCERT FOR FRIENDS<\/span><\/strong><br \/>\n<span style=\"font-size: 14pt;\"><strong>Maria Veretenina<\/strong> (soprano), <strong>Ivo Posti<\/strong> (countertenor), <strong>Piia Paemurru<\/strong> (piano)<\/span><br \/>\n<span style=\"font-size: 14pt;\">hosts Pille Lill and Alar Haak<\/span><br \/>\n<em><span style=\"font-size: 14pt;\">Program: H\u00e4ndel, Purcell, Mozart, Schubert etc<\/span><\/em><br \/>\n<span style=\"font-size: 14pt;\">Tickets: 10\/7\u20ac<\/span><\/p>\n<p class=\"textcenter\"><a href=\"https:\/\/www.plmf.ee\/en\/xiv-tallinn-winter-festival-maria-veretenina-soprano-ivo-posti-countertenor-piia-paemurru-piano\/\" target=\"_self\" style='font-size: 20px;' class=\"button vamtam-button accent1  button-border hover-accent1 \"><span class=\"btext\">Read more<\/span><\/a><\/p>\n<p class=\"textcenter\"><a href=\"https:\/\/www.piletilevi.ee\/eng\/tickets\/muusika\/festival\/maria-veretenina-ivo-posti-piia-paemurru-xiv-tallinna-talvefestival-327652\/\" target=\"_self\" style='font-size: 20px;' class=\"button vamtam-button accent1  button-border hover-accent1 \"><span class=\"btext\">Buy tickets<\/span><\/a><\/p><\/div><\/div>\n<div class=\"sep\"><\/div>\n<div class=\"row \"><div class=\"wpv-grid grid-1-1  wpv-first-level first unextended\" style=\"padding-top:0px;padding-bottom:0px\" id=\"wpv-column-13792fd1c23157918648c2bd56a065f3\" ><p style=\"text-align: center;\"><strong><span style=\"font-size: 14pt;\">Swedish St. Michael&#8217;s Church<\/span><\/strong><br \/>\n<strong><span style=\"font-size: 14pt;\">16th of February at 3 PM<\/span><\/strong><br \/>\n<strong><span style=\"font-size: 14pt;\">MUSICAL JOURNEY<\/span><\/strong><br \/>\n<span style=\"font-size: 14pt;\"><strong>Andreas Lend<\/strong> (cello), <strong>Jelena Ossipova<\/strong> (guitar), <strong>Svetlana Kekisheva<\/strong> (organ)<\/span><br \/>\n<em><span style=\"font-size: 14pt;\">Program: P\u00e4rt, K\u00f5rvits, Paganini, Piazzolla etc<\/span><\/em><br \/>\n<strong><span style=\"font-size: 14pt;\">Free entrance<\/span><\/strong><\/p>\n<p class=\"textcenter\"><a href=\"https:\/\/www.plmf.ee\/en\/xiv-tallinn-winter-festival-andreas-lend-cello-jelena-ossipova-guitar-svetlana-kekisheva-organ\/\" target=\"_self\" style='font-size: 20px;' class=\"button vamtam-button accent1  button-border hover-accent1 \"><span class=\"btext\">Read more<\/span><\/a><\/p><\/div><\/div>\n<div class=\"sep\"><\/div>\n<div class=\"row \"><div class=\"wpv-grid grid-1-1  wpv-first-level first unextended\" style=\"padding-top:0px;padding-bottom:0px\" id=\"wpv-column-51b1bb57093b1e005d725289a2b286af\" ><p style=\"text-align: center;\"><strong><span style=\"font-size: 14pt;\">Tallinn Philharmonic Society House of Blackheads<\/span><\/strong><br \/>\n<strong><span style=\"font-size: 14pt;\">17th of February at 6 PM<\/span><\/strong><br \/>\n<span style=\"font-size: 14pt;\"><strong>Virgo Veldi<\/strong> (saxophone), <strong>Toomas Vavilov<\/strong> (clarinet), <strong>Marko Martin<\/strong> (piano)<\/span><br \/>\n<em><span style=\"font-size: 14pt;\">Program: M\u00e4gi, Kareva, Schumann, Schubert etc<\/span><\/em><br \/>\n<span style=\"font-size: 14pt;\">Ticket: 15\/10\u20ac<\/span><\/p>\n<p class=\"textcenter\"><a href=\"https:\/\/www.plmf.ee\/en\/xiv-tallinna-talvefestival-virgo-veldi-saksofon-toomas-vavilov-klarnet-marko-martin-klaver\/\" target=\"_self\" style='font-size: 20px;' class=\"button vamtam-button accent1  button-border hover-accent1 \"><span class=\"btext\">Read more<\/span><\/a><\/p>\n<p class=\"textcenter\"><a href=\"https:\/\/www.piletilevi.ee\/eng\/tickets\/muusika\/festival\/virgo-veldi-toomas-vavilov-marko-martin-xiv-tallinna-talvefestival-327658\/\" target=\"_self\" style='font-size: 20px;' class=\"button vamtam-button accent1  button-border hover-accent1 \"><span class=\"btext\">Buy tickets<\/span><\/a><\/p><\/div><\/div>\n<div class=\"sep\"><\/div>\n<div class=\"row \"><div class=\"wpv-grid grid-1-1  wpv-first-level first unextended\" style=\"padding-top:0px;padding-bottom:0px\" id=\"wpv-column-2864f0d2ca93703fad2c4a6b9f2441ed\" ><p style=\"text-align: center;\"><strong><span style=\"font-size: 14pt;\">Tallinn Philharmonic Society House of Blackheads<\/span><\/strong><br \/>\n<strong><span style=\"font-size: 14pt;\">18th of February at 6 PM<\/span><\/strong><br \/>\n<span style=\"font-size: 14pt;\"><strong>String trio<\/strong><br \/>\n<strong>Kristina Kriit<\/strong> (violin), <strong>Johanna Vaherm\u00e4gi<\/strong> (viola), <strong>Andreas Lend<\/strong> (cello)<\/span><br \/>\n<em><span style=\"font-size: 14pt;\">Program: Dohn\u00e1nyi, Beethoven etc<\/span><\/em><br \/>\n<span style=\"font-size: 14pt;\">Ticket: 15\/10\u20ac<\/span><\/p>\n<p class=\"textcenter\"><a href=\"https:\/\/www.plmf.ee\/en\/xiv-tallinna-talvefestival-kristina-kriit-viiul-johanna-vahermagi-vioola-andreas-lend-tsello\/\" target=\"_self\" style='font-size: 20px;' class=\"button vamtam-button accent1  button-border hover-accent1 \"><span class=\"btext\">Read more<\/span><\/a><\/p>\n<p class=\"textcenter\"><a href=\"https:\/\/www.piletilevi.ee\/eng\/tickets\/muusika\/festival\/kristina-kriit-johanna-vahermagi-andreas-lend-xiv-tallinna-talvefestival-327665\/\" target=\"_self\" style='font-size: 20px;' class=\"button vamtam-button accent1  button-border hover-accent1 \"><span class=\"btext\">Buy tickets<\/span><\/a><\/p><\/div><\/div>\n<div class=\"sep\"><\/div>\n<div class=\"row \"><div class=\"wpv-grid grid-1-1  wpv-first-level first unextended\" style=\"padding-top:0px;padding-bottom:0px\" id=\"wpv-column-8330059a7dc5b534e3462654fcbb4a57\" ><p style=\"text-align: center;\"><strong><span style=\"font-size: 14pt;\">Tallinn Philharmonic Society House of Blackheads<\/span><\/strong><br \/>\n<strong><span style=\"font-size: 14pt;\">20th of February at 6 PM<\/span><\/strong><br \/>\n<strong><span style=\"font-size: 14pt;\">TAKING A BOW TO BEETHOVEN<\/span><\/strong><br \/>\n<span style=\"font-size: 14pt;\"><strong>Irina Zahharenkova<\/strong> (piano)<\/span><br \/>\n<em><span style=\"font-size: 14pt;\">Program: Beethoven sonatas (Moonshine, Pastoral etc)<\/span><\/em><br \/>\n<span style=\"font-size: 14pt;\">Ticket: 15\/10\u20ac<\/span><\/p>\n<p class=\"textcenter\"><a href=\"https:\/\/www.plmf.ee\/en\/xiv-tallinna-talvefestival-irina-zahharenkova-klaver\/\" target=\"_self\" style='font-size: 20px;' class=\"button vamtam-button accent1  button-border hover-accent1 \"><span class=\"btext\">Read more<\/span><\/a><\/p>\n<p class=\"textcenter\"><a href=\"https:\/\/www.piletilevi.ee\/eng\/tickets\/muusika\/festival\/irina-zahharenkova-xiv-tallinna-talvefestival-327666\/\" target=\"_self\" style='font-size: 20px;' class=\"button vamtam-button accent1  button-border hover-accent1 \"><span class=\"btext\">Buy tickets<\/span><\/a><\/p><\/div><\/div>\n<div class=\"sep\"><\/div>\n<div class=\"row \"><div class=\"wpv-grid grid-1-1  wpv-first-level first unextended\" style=\"padding-top:0px;padding-bottom:0px\" id=\"wpv-column-f1a96a05bda1ecd850960c3be1840454\" ><p style=\"text-align: center;\"><span style=\"font-size: 14pt;\"><strong>St. Charles\u2019 Church<\/strong><\/span><br \/>\n<span style=\"font-size: 14pt;\"><strong>21st of February at 6 PM<\/strong><\/span><br \/>\n<span style=\"font-size: 14pt;\"><strong>GALA FOR THE ANNIVERSARY OF THE ESTONIAN REPUBLIC<\/strong><\/span><br \/>\n<em><span style=\"font-size: 14pt;\"><strong>Devoted to Jaan R\u00e4\u00e4ts<\/strong><\/span><\/em><br \/>\n<span style=\"font-size: 14pt;\"><strong>Johan Randvere<\/strong> (piano)<br \/>\n<strong>Estonian National Opera Boys\u2019 Choir and Young Men Choir<\/strong> (conductor <strong>Hirvo Surva<\/strong>)<br \/>\nstring ensemble <strong>V\u00f5lukeeled<\/strong> (tutor <strong>Tereza Shmerling<\/strong>)<\/span><br \/>\n<em><span style=\"font-size: 14pt;\">Program: R\u00e4\u00e4ts, Kreek, H\u00e4rma, P\u00e4rt etc<\/span><\/em><br \/>\n<span style=\"font-size: 14pt;\">Ticket: 10\/7\u20ac<\/span><\/p>\n<p class=\"textcenter\"><a href=\"https:\/\/www.plmf.ee\/en\/xiv-tallinna-talvefestival-johan-randvere-klaver-ro-estonia-poistekoor-ja-noormeestekoor-dirigent-hirvo-surva-keelpilliansambel-volukeeled-juhendaja-tereza-smerling\/\" target=\"_self\" style='font-size: 20px;' class=\"button vamtam-button accent1  button-border hover-accent1 \"><span class=\"btext\">Read more<\/span><\/a><\/p>\n<p class=\"textcenter\"><a href=\"https:\/\/www.piletilevi.ee\/eng\/tickets\/muusika\/festival\/ro-estonia-poistekoor-ja-noormeestekoor-keelpilliansambel-volukeeled-johan-randvere-xvi-tallinna-talvefestival-327667\/\" target=\"_self\" style='font-size: 20px;' class=\"button vamtam-button accent1  button-border hover-accent1 \"><span class=\"btext\">Buy tickets<\/span><\/a><\/p><\/div><\/div>\n<div class=\"sep\"><\/div>\n<div class=\"row \"><div class=\"wpv-grid grid-1-1  wpv-first-level first unextended\" style=\"padding-top:0px;padding-bottom:0px\" id=\"wpv-column-711a144c2fbfda2bd2c23c63233d3713\" ><p><a href=\"https:\/\/www.plmf.ee\/wp-content\/uploads\/2021\/01\/TTF21_yld_Eplakat33688.jpg\"><img decoding=\"async\" class=\"aligncenter size-full wp-image-40537\" src=\"https:\/\/www.plmf.ee\/wp-content\/uploads\/2021\/01\/TTF21_yld_Eplakat33688.jpg\" alt=\"\" width=\"1000\" height=\"1414\" srcset=\"https:\/\/www.plmf.ee\/wp-content\/uploads\/2021\/01\/TTF21_yld_Eplakat33688.jpg 1000w, https:\/\/www.plmf.ee\/wp-content\/uploads\/2021\/01\/TTF21_yld_Eplakat33688-212x300.jpg 212w, https:\/\/www.plmf.ee\/wp-content\/uploads\/2021\/01\/TTF21_yld_Eplakat33688-724x1024.jpg 724w, https:\/\/www.plmf.ee\/wp-content\/uploads\/2021\/01\/TTF21_yld_Eplakat33688-615x870.jpg 615w, https:\/\/www.plmf.ee\/wp-content\/uploads\/2021\/01\/TTF21_yld_Eplakat33688-400x566.jpg 400w, https:\/\/www.plmf.ee\/wp-content\/uploads\/2021\/01\/TTF21_yld_Eplakat33688-292x413.jpg 292w, https:\/\/www.plmf.ee\/wp-content\/uploads\/2021\/01\/TTF21_yld_Eplakat33688-600x848.jpg 600w\" sizes=\"(max-width: 1000px) 100vw, 1000px\" \/><\/a><\/div><\/div>\n","protected":false},"excerpt":{"rendered":"<p>XIV Tallinn Winter Festival 14.02 &#8211; 21.02 OPEN YOUR EYES, OPEN YOUR HEART Tallinn Philharmonic Society House of Blackheads 14th of February at 3 PM CONCERT FOR FRIENDS Maria Veretenina&#8230;<\/p>\n","protected":false},"author":7,"featured_media":0,"parent":0,"menu_order":0,"comment_status":"closed","ping_status":"closed","template":"","meta":{"footnotes":""},"class_list":["post-38907","page","type-page","status-publish","hentry"],"yoast_head":"<!-- This site is optimized with the Yoast SEO plugin v27.1.1 - https:\/\/yoast.com\/product\/yoast-seo-wordpress\/ -->\n<title>XIV Tallinn Winter Festival 2021 - Pille Lill Music Fund<\/title>\n<meta name=\"robots\" content=\"index, follow, max-snippet:-1, max-image-preview:large, max-video-preview:-1\" \/>\n<link rel=\"canonical\" href=\"https:\/\/www.plmf.ee\/en\/xiv-tallinn-winter-festival-2021\/\" \/>\n<meta property=\"og:locale\" content=\"en_US\" \/>\n<meta property=\"og:type\" content=\"article\" \/>\n<meta property=\"og:title\" content=\"XIV Tallinn Winter Festival 2021 - Pille Lill Music Fund\" \/>\n<meta property=\"og:description\" content=\"XIV Tallinn Winter Festival 14.02 &#8211; 21.02 OPEN YOUR EYES, OPEN YOUR HEART Tallinn Philharmonic Society House of Blackheads 14th of February at 3 PM CONCERT FOR FRIENDS Maria Veretenina...\" \/>\n<meta property=\"og:url\" content=\"https:\/\/www.plmf.ee\/en\/xiv-tallinn-winter-festival-2021\/\" \/>\n<meta property=\"og:site_name\" content=\"Pille Lill Music Fund\" \/>\n<meta property=\"article:modified_time\" content=\"2021-01-27T18:48:42+00:00\" \/>\n<meta property=\"og:image\" content=\"https:\/\/www.plmf.ee\/wp-content\/uploads\/2021\/01\/TTF21_peab2nner_ENG_1440x445_piltideta.jpg\" \/>\n<meta name=\"twitter:card\" content=\"summary_large_image\" \/>\n<meta name=\"twitter:label1\" content=\"Est. reading time\" \/>\n\t<meta name=\"twitter:data1\" content=\"4 minutes\" \/>\n<script type=\"application\/ld+json\" class=\"yoast-schema-graph\">{\"@context\":\"https:\/\/schema.org\",\"@graph\":[{\"@type\":\"WebPage\",\"@id\":\"https:\/\/www.plmf.ee\/en\/xiv-tallinn-winter-festival-2021\/\",\"url\":\"https:\/\/www.plmf.ee\/en\/xiv-tallinn-winter-festival-2021\/\",\"name\":\"XIV Tallinn Winter Festival 2021 - Pille Lill Music Fund\",\"isPartOf\":{\"@id\":\"https:\/\/plmf.ee\/en\/#website\"},\"primaryImageOfPage\":{\"@id\":\"https:\/\/www.plmf.ee\/en\/xiv-tallinn-winter-festival-2021\/#primaryimage\"},\"image\":{\"@id\":\"https:\/\/www.plmf.ee\/en\/xiv-tallinn-winter-festival-2021\/#primaryimage\"},\"thumbnailUrl\":\"https:\/\/www.plmf.ee\/wp-content\/uploads\/2021\/01\/TTF21_peab2nner_ENG_1440x445_piltideta.jpg\",\"datePublished\":\"2020-09-14T07:40:59+00:00\",\"dateModified\":\"2021-01-27T18:48:42+00:00\",\"breadcrumb\":{\"@id\":\"https:\/\/www.plmf.ee\/en\/xiv-tallinn-winter-festival-2021\/#breadcrumb\"},\"inLanguage\":\"en-US\",\"potentialAction\":[{\"@type\":\"ReadAction\",\"target\":[\"https:\/\/www.plmf.ee\/en\/xiv-tallinn-winter-festival-2021\/\"]}]},{\"@type\":\"ImageObject\",\"inLanguage\":\"en-US\",\"@id\":\"https:\/\/www.plmf.ee\/en\/xiv-tallinn-winter-festival-2021\/#primaryimage\",\"url\":\"https:\/\/www.plmf.ee\/wp-content\/uploads\/2021\/01\/TTF21_peab2nner_ENG_1440x445_piltideta.jpg\",\"contentUrl\":\"https:\/\/www.plmf.ee\/wp-content\/uploads\/2021\/01\/TTF21_peab2nner_ENG_1440x445_piltideta.jpg\"},{\"@type\":\"BreadcrumbList\",\"@id\":\"https:\/\/www.plmf.ee\/en\/xiv-tallinn-winter-festival-2021\/#breadcrumb\",\"itemListElement\":[{\"@type\":\"ListItem\",\"position\":1,\"name\":\"Home\",\"item\":\"https:\/\/plmf.ee\/en\/\"},{\"@type\":\"ListItem\",\"position\":2,\"name\":\"XIV Tallinn Winter Festival 2021\"}]},{\"@type\":\"WebSite\",\"@id\":\"https:\/\/plmf.ee\/en\/#website\",\"url\":\"https:\/\/plmf.ee\/en\/\",\"name\":\"Pille Lill Music Fund\",\"description\":\"Planet Of Talent\",\"potentialAction\":[{\"@type\":\"SearchAction\",\"target\":{\"@type\":\"EntryPoint\",\"urlTemplate\":\"https:\/\/plmf.ee\/en\/?s={search_term_string}\"},\"query-input\":{\"@type\":\"PropertyValueSpecification\",\"valueRequired\":true,\"valueName\":\"search_term_string\"}}],\"inLanguage\":\"en-US\"}]}<\/script>\n<!-- \/ Yoast SEO plugin. -->","yoast_head_json":{"title":"XIV Tallinn Winter Festival 2021 - Pille Lill Music Fund","robots":{"index":"index","follow":"follow","max-snippet":"max-snippet:-1","max-image-preview":"max-image-preview:large","max-video-preview":"max-video-preview:-1"},"canonical":"https:\/\/www.plmf.ee\/en\/xiv-tallinn-winter-festival-2021\/","og_locale":"en_US","og_type":"article","og_title":"XIV Tallinn Winter Festival 2021 - Pille Lill Music Fund","og_description":"XIV Tallinn Winter Festival 14.02 &#8211; 21.02 OPEN YOUR EYES, OPEN YOUR HEART Tallinn Philharmonic Society House of Blackheads 14th of February at 3 PM CONCERT FOR FRIENDS Maria Veretenina...","og_url":"https:\/\/www.plmf.ee\/en\/xiv-tallinn-winter-festival-2021\/","og_site_name":"Pille Lill Music Fund","article_modified_time":"2021-01-27T18:48:42+00:00","og_image":[{"url":"https:\/\/www.plmf.ee\/wp-content\/uploads\/2021\/01\/TTF21_peab2nner_ENG_1440x445_piltideta.jpg","type":"","width":"","height":""}],"twitter_card":"summary_large_image","twitter_misc":{"Est. reading time":"4 minutes"},"schema":{"@context":"https:\/\/schema.org","@graph":[{"@type":"WebPage","@id":"https:\/\/www.plmf.ee\/en\/xiv-tallinn-winter-festival-2021\/","url":"https:\/\/www.plmf.ee\/en\/xiv-tallinn-winter-festival-2021\/","name":"XIV Tallinn Winter Festival 2021 - Pille Lill Music Fund","isPartOf":{"@id":"https:\/\/plmf.ee\/en\/#website"},"primaryImageOfPage":{"@id":"https:\/\/www.plmf.ee\/en\/xiv-tallinn-winter-festival-2021\/#primaryimage"},"image":{"@id":"https:\/\/www.plmf.ee\/en\/xiv-tallinn-winter-festival-2021\/#primaryimage"},"thumbnailUrl":"https:\/\/www.plmf.ee\/wp-content\/uploads\/2021\/01\/TTF21_peab2nner_ENG_1440x445_piltideta.jpg","datePublished":"2020-09-14T07:40:59+00:00","dateModified":"2021-01-27T18:48:42+00:00","breadcrumb":{"@id":"https:\/\/www.plmf.ee\/en\/xiv-tallinn-winter-festival-2021\/#breadcrumb"},"inLanguage":"en-US","potentialAction":[{"@type":"ReadAction","target":["https:\/\/www.plmf.ee\/en\/xiv-tallinn-winter-festival-2021\/"]}]},{"@type":"ImageObject","inLanguage":"en-US","@id":"https:\/\/www.plmf.ee\/en\/xiv-tallinn-winter-festival-2021\/#primaryimage","url":"https:\/\/www.plmf.ee\/wp-content\/uploads\/2021\/01\/TTF21_peab2nner_ENG_1440x445_piltideta.jpg","contentUrl":"https:\/\/www.plmf.ee\/wp-content\/uploads\/2021\/01\/TTF21_peab2nner_ENG_1440x445_piltideta.jpg"},{"@type":"BreadcrumbList","@id":"https:\/\/www.plmf.ee\/en\/xiv-tallinn-winter-festival-2021\/#breadcrumb","itemListElement":[{"@type":"ListItem","position":1,"name":"Home","item":"https:\/\/plmf.ee\/en\/"},{"@type":"ListItem","position":2,"name":"XIV Tallinn Winter Festival 2021"}]},{"@type":"WebSite","@id":"https:\/\/plmf.ee\/en\/#website","url":"https:\/\/plmf.ee\/en\/","name":"Pille Lill Music Fund","description":"Planet Of Talent","potentialAction":[{"@type":"SearchAction","target":{"@type":"EntryPoint","urlTemplate":"https:\/\/plmf.ee\/en\/?s={search_term_string}"},"query-input":{"@type":"PropertyValueSpecification","valueRequired":true,"valueName":"search_term_string"}}],"inLanguage":"en-US"}]}},"_links":{"self":[{"href":"https:\/\/plmf.ee\/en\/wp-json\/wp\/v2\/pages\/38907","targetHints":{"allow":["GET"]}}],"collection":[{"href":"https:\/\/plmf.ee\/en\/wp-json\/wp\/v2\/pages"}],"about":[{"href":"https:\/\/plmf.ee\/en\/wp-json\/wp\/v2\/types\/page"}],"author":[{"embeddable":true,"href":"https:\/\/plmf.ee\/en\/wp-json\/wp\/v2\/users\/7"}],"replies":[{"embeddable":true,"href":"https:\/\/plmf.ee\/en\/wp-json\/wp\/v2\/comments?post=38907"}],"version-history":[{"count":0,"href":"https:\/\/plmf.ee\/en\/wp-json\/wp\/v2\/pages\/38907\/revisions"}],"wp:attachment":[{"href":"https:\/\/plmf.ee\/en\/wp-json\/wp\/v2\/media?parent=38907"}],"curies":[{"name":"wp","href":"https:\/\/api.w.org\/{rel}","templated":true}]}}