{"id":38839,"date":"2019-11-05T00:24:09","date_gmt":"2019-11-04T22:24:09","guid":{"rendered":"https:\/\/www.plmf.ee\/virumaa-muusikafestival\/"},"modified":"2020-12-02T17:07:05","modified_gmt":"2020-12-02T15:07:05","slug":"virumaa-music-festival-2020","status":"publish","type":"page","link":"https:\/\/plmf.ee\/en\/virumaa-music-festival-2020\/","title":{"rendered":"Virumaa Music Festival 2020"},"content":{"rendered":"<div class=\"row \"><div class=\"wpv-grid grid-1-1  wpv-first-level first unextended\" style=\"padding-top:0px;padding-bottom:0px\" id=\"wpv-column-202ec65a96fa128b572c1fe305544a59\" ><p><a href=\"https:\/\/www.plmf.ee\/wp-content\/uploads\/2020\/10\/VMF2020_ENG_1440x300.jpg\"><img decoding=\"async\" class=\"aligncenter size-full wp-image-39525\" src=\"https:\/\/www.plmf.ee\/wp-content\/uploads\/2020\/10\/VMF2020_ENG_1440x300.jpg\" alt=\"\" width=\"1440\" height=\"300\" srcset=\"https:\/\/plmf.ee\/wp-content\/uploads\/2020\/10\/VMF2020_ENG_1440x300.jpg 1440w, https:\/\/plmf.ee\/wp-content\/uploads\/2020\/10\/VMF2020_ENG_1440x300-300x63.jpg 300w, https:\/\/plmf.ee\/wp-content\/uploads\/2020\/10\/VMF2020_ENG_1440x300-1024x213.jpg 1024w, https:\/\/plmf.ee\/wp-content\/uploads\/2020\/10\/VMF2020_ENG_1440x300-768x160.jpg 768w, https:\/\/plmf.ee\/wp-content\/uploads\/2020\/10\/VMF2020_ENG_1440x300-1260x263.jpg 1260w, https:\/\/plmf.ee\/wp-content\/uploads\/2020\/10\/VMF2020_ENG_1440x300-615x128.jpg 615w, https:\/\/plmf.ee\/wp-content\/uploads\/2020\/10\/VMF2020_ENG_1440x300-400x83.jpg 400w, https:\/\/plmf.ee\/wp-content\/uploads\/2020\/10\/VMF2020_ENG_1440x300-292x61.jpg 292w\" sizes=\"(max-width: 1440px) 100vw, 1440px\" \/><\/a><\/div><\/div>\n<div class=\"push\" style='height:30px'><\/div>\n<div class=\"row \"><div class=\"wpv-grid grid-1-1  wpv-first-level first unextended\" style=\"padding-top:0px;padding-bottom:0px\" id=\"wpv-column-77cc5c9521460076e8e02295a827640e\" ><p style=\"text-align: center;\"><span style=\"font-size: 18pt;\"><strong>II VIRUMAA MUSIC FESTIVAL 26.11-6.12.2020<\/strong><\/span><br \/>\n<strong><span style=\"font-size: 14pt;\">Virumaa Young Musician 2020 contest<\/span><\/strong><\/p>\n<p style=\"text-align: center;\"><span style=\"font-size: 14pt;\">Virumaa Music Festival is created for the purpose to offer concert experience by the best Estonian musicians in the region of Ida- and L\u00e4\u00e4ne-Virumaa.<\/span><br \/>\n<span style=\"font-size: 14pt;\">At the festival, which is taking place for the second time, the audience can enjoy concerts in Narva, Kohtla-J\u00e4rve, Illuka, Tapa, Sillam\u00e4e, Kunda, Kivi\u00f5li and J\u00f5hvi.<\/span><br \/>\n<span style=\"font-size: 14pt;\">The world premiere of composer Aaro Pertmann&#8217;s vocal poem &#8220;Confession of a Hooligan&#8221; will also be performed at the festival.<\/span><br \/>\n<span style=\"font-size: 14pt;\">As part of the festival\u2019s youth program, top musicians conduct workshops on various instruments in music schools and school concerts in general education schools.<\/span><\/p>\n<p style=\"text-align: center;\"><strong><span style=\"font-size: 14pt;\">There is free entrance to all festival concerts!<\/span><\/strong><\/div><\/div>\n\t\t<div class=\"sep-text single centered\">\n\t\t\t\t\t\t\t<span class=\"sep-text-before\"><div class=\"sep-text-line\"><\/div><\/span>\n\t\t\t\t\t\t<div class=\"content\">\n\t\t\t\t\n<strong><span style=\"font-size: 18pt;\">PROGRAM<\/span><\/strong>\t\t\t<\/div>\n\t\t\t<span class=\"sep-text-after\"><div class=\"sep-text-line\"><\/div><\/span>\n\t\t\t\t\t<\/div>\n\t\n<div class=\"row \"><div class=\"wpv-grid grid-1-1  wpv-first-level first unextended\" style=\"padding-top:0px;padding-bottom:0px\" id=\"wpv-column-83131dbebb8165cc796718e0e51a4849\" ><p style=\"text-align: center;\"><span style=\"font-size: 24pt; color: #ff0000;\">Cancelled!<\/span><\/p>\n<p style=\"text-align: center;\"><strong><span style=\"font-size: 14pt;\">26th of November<\/span><\/strong><\/p>\n<p style=\"text-align: center;\"><strong><span style=\"font-size: 14pt;\">18.00 Narva Cultural Centre Rugodiv<\/span><\/strong><br \/>\n<span style=\"font-size: 14pt;\">BEETHOVEN 250<\/span><br \/>\n<span style=\"font-size: 14pt;\"><strong>Irina Zahharenkova<\/strong> (piano)<\/span><br \/>\n<em><span style=\"font-size: 14pt;\">Program: Sonatas op. 90 in E minor, op. 28 in D major, op. 10 nr. 1,2 and 3<\/span><\/em><\/p>\n<p style=\"text-align: center;\"><strong><span style=\"font-size: 14pt;\">16.00 Narva Music School<\/span><\/strong><br \/>\n<span style=\"font-size: 14pt;\">Workshop for Narva Music School choir department singers<\/span><br \/>\n<span style=\"font-size: 14pt;\">Instructor <strong>Pille Lill<\/strong><\/span><\/p>\n<p style=\"text-align: center;\"><strong><span style=\"font-size: 14pt;\">14.00 J\u00f5hvi Music School<\/span><\/strong><br \/>\n<span style=\"font-size: 14pt;\">Workshop for piano students<\/span><br \/>\n<span style=\"font-size: 14pt;\">Instructor <strong>Irina Zahharenkova<\/strong><\/span><\/div><\/div>\n<div class=\"sep\"><\/div>\n<div class=\"row \"><div class=\"wpv-grid grid-1-1  wpv-first-level first unextended\" style=\"padding-top:0px;padding-bottom:0px\" id=\"wpv-column-3b49ec9496f5067036e21d116cd9e12e\" ><p style=\"text-align: center;\"><strong><span style=\"font-size: 14pt;\">28th of November<\/span><\/strong><\/p>\n<p style=\"text-align: center;\"><strong><span style=\"font-size: 14pt;\">16.00 Kivi\u00f5li Community Centre<\/span><\/strong><br \/>\n<span style=\"font-size: 14pt;\">Clarinet duo<\/span><br \/>\n<strong><span style=\"font-size: 14pt;\">Marten Altrov and Martin Kuusk<\/span><\/strong><br \/>\n<em><span style=\"font-size: 14pt;\">Program: Bach, Mendelssohn, Crusell etc<\/span><\/em><\/div><\/div>\n<div class=\"sep\"><\/div>\n<div class=\"row \"><div class=\"wpv-grid grid-1-1  wpv-first-level first unextended\" style=\"padding-top:0px;padding-bottom:0px\" id=\"wpv-column-6ba6813584f667e31fe2c08748646f40\" ><p style=\"text-align: center;\"><strong><span style=\"font-size: 14pt;\">29th of November<\/span><\/strong><\/p>\n<p style=\"text-align: center;\"><strong><span style=\"font-size: 14pt;\">18.00 Kohtla-J\u00e4rve Cultural Centre<\/span><\/strong><br \/>\n<span style=\"font-size: 14pt;\">The Estonian National Male Choir<\/span><br \/>\n<span style=\"font-size: 14pt;\">Conductor <strong>Mikk \u00dcleoja<\/strong><\/span><br \/>\n<em><span style=\"font-size: 14pt;\">Program: T\u0161aikovski, Sviridov, Kreek, Tormis etc<\/span><\/em><\/div><\/div>\n<div class=\"sep\"><\/div>\n<div class=\"row \"><div class=\"wpv-grid grid-1-1  wpv-first-level first unextended\" style=\"padding-top:0px;padding-bottom:0px\" id=\"wpv-column-c537562f53ba401e6a12b59c6e80f35b\" ><p style=\"text-align: center;\"><strong><span style=\"font-size: 14pt;\">1st of December<\/span><\/strong><\/p>\n<p style=\"text-align: center;\"><strong><span style=\"font-size: 14pt;\">18.00 Sillam\u00e4e Cultural Centre<\/span><\/strong><br \/>\n<span style=\"font-size: 14pt;\"><strong>Elena Bra\u017enik<\/strong> (soprano, Ukraine), <strong>Kristina Kriit<\/strong> (violin) and <strong>Ralf Taal<\/strong> (piano)<\/span><br \/>\n<span style=\"font-size: 14pt;\">Program: Beethoven, Debussy, Rimski-Korsakov, Rahmaninov etc<\/span><\/p>\n<p style=\"text-align: center;\"><strong><span style=\"font-size: 14pt;\">16.00 Sillam\u00e4e Music School<\/span><\/strong><br \/>\n<span style=\"font-size: 14pt;\">Workshops for vocal, violin and piano students<\/span><br \/>\n<span style=\"font-size: 14pt;\">Instructors <strong>Elena Bra\u017enik, Kristina Kriit and Ralf Taal<\/strong><\/span><\/div><\/div>\n<div class=\"sep\"><\/div>\n<div class=\"row \"><div class=\"wpv-grid grid-1-1  wpv-first-level first unextended\" style=\"padding-top:0px;padding-bottom:0px\" id=\"wpv-column-1a5748ffcd66ad01320f202cf02033dd\" ><p style=\"text-align: center;\"><strong><span style=\"font-size: 14pt;\">2nd of December<\/span><\/strong><\/p>\n<p style=\"text-align: center;\"><strong><span style=\"font-size: 14pt;\">18.00 Viru-Nigula Cultural Centre Kunda City Club<\/span><\/strong><br \/>\n<span style=\"font-size: 14pt;\">Kultuurikeskuse Kunda linna klubi<\/span><br \/>\n<span style=\"font-size: 14pt;\"><strong>Oksana Sinkova<\/strong> (flute), <strong>Sigrid Kuulmann<\/strong> (violin), <strong>Ralf Taal<\/strong> (piano)<\/span><br \/>\n<em><span style=\"font-size: 14pt;\">Program: Beethoven, T\u0161aikovski etc<\/span><\/em><\/p>\n<p style=\"text-align: center;\"><strong><span style=\"font-size: 14pt;\">15.30 Rakvere Erag\u00fcmnaasium<\/span><\/strong><br \/>\n<span style=\"font-size: 14pt;\">Workshops for flute, violin and piano students<\/span><br \/>\n<span style=\"font-size: 14pt;\">Instructors <strong>Oksana Sinkova, Sigrid Kuulmann and Ralf Taal<\/strong><\/span><\/p>\n<p style=\"text-align: center;\"><strong><span style=\"font-size: 14pt;\">13.00 Kunda \u00dchisg\u00fcmnaasium<\/span><\/strong><br \/>\n<span style=\"font-size: 14pt;\"><strong>Oksana Sinkova<\/strong> (flute), <strong>Sigrid Kuulmann<\/strong> (violin), <strong>Ralf Taal<\/strong> (piano)<\/span><\/div><\/div>\n<div class=\"sep\"><\/div>\n<div class=\"row \"><div class=\"wpv-grid grid-1-1  wpv-first-level first unextended\" style=\"padding-top:0px;padding-bottom:0px\" id=\"wpv-column-7aabdd22de45833a7c4a8a336cc31a25\" ><p style=\"text-align: center;\"><strong><span style=\"font-size: 14pt;\">3rd of December<\/span><\/strong><\/p>\n<p style=\"text-align: center;\"><strong><span style=\"font-size: 14pt;\">18.00 J\u00f5hvi Concert Hall<\/span><\/strong><br \/>\n<span style=\"font-size: 14pt;\">VIRUMAA YOUNG MUSICIAN 2020 contest finale-final concert<\/span><br \/>\n<span style=\"font-size: 14pt;\">Contest winners<\/span><br \/>\n<span style=\"font-size: 14pt;\">and<\/span><br \/>\n<strong><span style=\"font-size: 14pt;\">TALLINN TRUMPET ENSEMBLE<\/span><\/strong><br \/>\n<strong><span style=\"font-size: 14pt;\">Neeme Ots, Jaan Ots, Villem Endel Tiits, Mattis-Johan Mere<\/span><\/strong><br \/>\n<em><span style=\"font-size: 14pt;\">Program: Bach, Telemann, Bodin de Boismortier etc<\/span><\/em><\/p>\n<p style=\"text-align: center;\"><strong><span style=\"font-size: 14pt;\">14.30-17.30 J\u00f5hvi Concert Hall<\/span><\/strong><br \/>\n<span style=\"font-size: 14pt;\">Virumaa Young Musician 2020 preliminary round<\/span><\/p>\n<p style=\"text-align: center;\"><span style=\"font-size: 14pt;\">Konkursi \u017e\u00fcrii koosseisu kuuluvad<\/span><br \/>\n<span style=\"font-size: 14pt;\">Pille Lill (Muusikute fondi PLMF juhataja),<\/span><br \/>\n<span style=\"font-size: 14pt;\">Peeter Paemurru (t\u0161ellist, pikaaegne EMTA keelpilliosakonna juhataja),<\/span><br \/>\n<span style=\"font-size: 14pt;\">Neeme Ots (TMKK trompeti eriala \u00f5petaja) ja Jaan Ots (dirigent, pianist).<\/span><\/p>\n<p style=\"text-align: center;\"><span style=\"font-size: 14pt;\">Konkursil osalevad \u00f5pilased:<\/span><br \/>\n<span style=\"font-size: 14pt;\">Ahtme Kunstide Kool<\/span><br \/>\n<span style=\"font-size: 14pt;\">Gabriel Zahar Ponomarjov, 12. a, kitarr, juhendaja Aleksandr Lobanov<\/span><br \/>\n<span style=\"font-size: 14pt;\">J\u00f5hvi Muusikakool<\/span><br \/>\n<span style=\"font-size: 14pt;\">Vera Fedossova, 13. a, viiul, \u00f5petaja Oksana Potapenko ja<\/span><br \/>\n<span style=\"font-size: 14pt;\">Anastassia Rjabu\u0161enko, 15. a, kitarr, \u00f5petaja Inga Tagirova<\/span><br \/>\n<span style=\"font-size: 14pt;\">Rakvere Muusikakool<\/span><br \/>\n<span style=\"font-size: 14pt;\">Katre Kurg 15. a, klaver, \u00f5petaja Kaarel Pe\u00e4ske<\/span><br \/>\n<span style=\"font-size: 14pt;\">Narva Muusikakool<\/span><br \/>\n<span style=\"font-size: 14pt;\">Beatriche Huber, 11. a, soololaul, \u00f5petaja Svetlana Voitenko ja<\/span><br \/>\n<span style=\"font-size: 14pt;\">Georgi Smirnov, 12. a, akordion, \u00f5petaja Ljudmila T\u0161umakova<\/span><br \/>\n<span style=\"font-size: 14pt;\">Narva-J\u00f5esuu Muusikakool<\/span><br \/>\n<span style=\"font-size: 14pt;\">Mark Pihlakas, 17. a, saksofon, \u00f5petaja Igor Zemski ja<\/span><br \/>\n<span style=\"font-size: 14pt;\">Alina Baranova, 12. a, soololaul, \u00f5p. Inga Samusseva<\/span><br \/>\n<span style=\"font-size: 14pt;\">Sillam\u00e4e Muusikakool<\/span><br \/>\n<span style=\"font-size: 14pt;\">Anna Siro\u0161, 10. a, akordion, \u00f5petaja Ljudmila Tkat\u0161enko.<\/span><\/p>\n<p style=\"text-align: center;\"><span style=\"font-size: 14pt; color: #ff0000;\">J\u00d5HVI P\u00d5HIKOOL J\u00c4\u00c4B COVID19 T\u00d5TTU \u00c4RA<\/span><\/p>\n<p style=\"text-align: center;\"><span style=\"font-size: 14pt;\">12.30 J\u00f5hvi P\u00f5hikool<\/span><br \/>\n<span style=\"font-size: 14pt;\">Kontsert-\u00f5pituba<\/span><br \/>\n<span style=\"font-size: 14pt;\">Peeter Paemurru (t\u0161ello), Neeme Ots (trompet), Jaan Ots (klaver)<\/span><\/div><\/div>\n<div class=\"sep\"><\/div>\n<div class=\"row \"><div class=\"wpv-grid grid-1-1  wpv-first-level first unextended\" style=\"padding-top:0px;padding-bottom:0px\" id=\"wpv-column-121c2788c805111848de8c8fc8f64068\" ><p style=\"text-align: center;\"><strong><span style=\"font-size: 14pt;\">4th of December<\/span><\/strong><\/p>\n<p style=\"text-align: center;\"><strong><span style=\"font-size: 14pt;\">18.00 Illuka Manor<\/span><\/strong><br \/>\n<span style=\"font-size: 14pt;\"><strong>Atlan Karp<\/strong> (baritone), <strong>Eve Neumann<\/strong> (saxophone)<\/span><br \/>\n<span style=\"font-size: 14pt;\"><strong>Andreas Lend<\/strong> (cello), <strong>Mikk Langeproon<\/strong> (accordion)<\/span><br \/>\n<em><span style=\"font-size: 14pt;\">Program: Piazzolla, Ryo Noda, Valgre etc<\/span><\/em><\/p>\n<p style=\"text-align: center;\"><span style=\"font-size: 24pt; color: #ff0000;\">Cancelled!<\/span><\/p>\n<p style=\"text-align: center;\"><span style=\"color: #ff0000;\"><strong><span style=\"font-size: 14pt;\">16.00 Ahtme School of Arts<\/span><\/strong><\/span><br \/>\n<span style=\"font-size: 14pt; color: #ff0000;\">Workshops for cello, saxophone, accordion and vocal students<\/span><br \/>\n<span style=\"font-size: 14pt; color: #ff0000;\">Instructors <strong>Andreas Lend, Eve Neumann, Jaak Lutsoja and Atlan Karp<\/strong><\/span><\/div><\/div>\n<div class=\"sep\"><\/div>\n<div class=\"row \"><div class=\"wpv-grid grid-1-1  wpv-first-level first unextended\" style=\"padding-top:0px;padding-bottom:0px\" id=\"wpv-column-502c8b411e96dd768c7b9fabb425e9ff\" ><p style=\"text-align: center;\"><strong><span style=\"font-size: 14pt;\">5th of December<\/span><\/strong><\/p>\n<p style=\"text-align: center;\"><strong><span style=\"font-size: 14pt;\">18.00 Tapa Chamber of Culture<\/span><\/strong><br \/>\n<span style=\"font-size: 14pt;\">Accordion duo<\/span><br \/>\n<strong><span style=\"font-size: 14pt;\">Henri Zibo and Mikk Langeproon<\/span><\/strong><br \/>\n<em><span style=\"font-size: 14pt;\">Program: Boellmann, Scarlatti, T\u0161aikovski etc<\/span><\/em><\/div><\/div>\n<div class=\"sep\"><\/div>\n<div class=\"row \"><div class=\"wpv-grid grid-1-1  wpv-first-level first unextended\" style=\"padding-top:0px;padding-bottom:0px\" id=\"wpv-column-8934db8fed579bee09bdb07b64f79d8b\" ><p style=\"text-align: center;\"><strong><span style=\"font-size: 14pt;\">6th of December<\/span><\/strong><\/p>\n<p style=\"text-align: center;\"><strong><span style=\"font-size: 14pt;\">18.00 Kohtla-J\u00e4rve Cultural Centre<\/span><\/strong><br \/>\n<span style=\"font-size: 14pt;\">Opera Gala<\/span><br \/>\n<span style=\"font-size: 14pt;\"><strong>Olga Zaitseva<\/strong> (soprano), <strong>Ivo Posti<\/strong> (countertenor), <strong>Pavlo Balakin<\/strong> (bass), <strong>Piia Paemurru<\/strong> (piano)<\/span><br \/>\n<em><span style=\"font-size: 14pt;\">Program: H\u00e4ndel, T\u0161aikovski, Rossini, Verdi etc<\/span><\/em><\/div><\/div>\n<div class=\"sep\"><\/div>\n<div class=\"row \"><div class=\"wpv-grid grid-1-1  wpv-first-level first unextended\" style=\"padding-top:0px;padding-bottom:0px\" id=\"wpv-column-8b5b1c92ba635d5d83cf37442743b7a7\" ><p style=\"text-align: center;\"><span style=\"font-size: 14pt;\"><strong>Greatest thanks to our supporters:\u00a0<\/strong><\/span><\/p>\n<p style=\"text-align: center;\"><a href=\"https:\/\/www.plmf.ee\/wp-content\/uploads\/2020\/11\/VMF_toetajad_kodulehel-vol-2.jpg\"><img decoding=\"async\" class=\"aligncenter size-full wp-image-40168\" src=\"https:\/\/www.plmf.ee\/wp-content\/uploads\/2020\/11\/VMF_toetajad_kodulehel-vol-2.jpg\" alt=\"\" width=\"1440\" height=\"445\" srcset=\"https:\/\/plmf.ee\/wp-content\/uploads\/2020\/11\/VMF_toetajad_kodulehel-vol-2.jpg 1440w, https:\/\/plmf.ee\/wp-content\/uploads\/2020\/11\/VMF_toetajad_kodulehel-vol-2-300x93.jpg 300w, https:\/\/plmf.ee\/wp-content\/uploads\/2020\/11\/VMF_toetajad_kodulehel-vol-2-1024x316.jpg 1024w, https:\/\/plmf.ee\/wp-content\/uploads\/2020\/11\/VMF_toetajad_kodulehel-vol-2-768x237.jpg 768w, https:\/\/plmf.ee\/wp-content\/uploads\/2020\/11\/VMF_toetajad_kodulehel-vol-2-1260x389.jpg 1260w, https:\/\/plmf.ee\/wp-content\/uploads\/2020\/11\/VMF_toetajad_kodulehel-vol-2-615x190.jpg 615w, https:\/\/plmf.ee\/wp-content\/uploads\/2020\/11\/VMF_toetajad_kodulehel-vol-2-400x124.jpg 400w, https:\/\/plmf.ee\/wp-content\/uploads\/2020\/11\/VMF_toetajad_kodulehel-vol-2-292x90.jpg 292w, https:\/\/plmf.ee\/wp-content\/uploads\/2020\/11\/VMF_toetajad_kodulehel-vol-2-600x185.jpg 600w\" sizes=\"(max-width: 1440px) 100vw, 1440px\" \/><\/a><\/div><\/div>\n<div class=\"row \"><div class=\"wpv-grid grid-1-1  wpv-first-level first unextended\" style=\"padding-top:0px;padding-bottom:0px\" id=\"wpv-column-056834d3f2f914818be111115839c291\" ><p style=\"text-align: center;\"><span style=\"font-size: 14pt;\"><strong>and partners:<\/strong><\/span><\/p>\n<p style=\"text-align: center;\"><a href=\"https:\/\/www.plmf.ee\/wp-content\/uploads\/2020\/10\/VMF_partnerid_kodulehel.jpg\"><img decoding=\"async\" class=\"aligncenter size-full wp-image-39439\" src=\"https:\/\/www.plmf.ee\/wp-content\/uploads\/2020\/10\/VMF_partnerid_kodulehel.jpg\" alt=\"\" width=\"1440\" height=\"445\" srcset=\"https:\/\/plmf.ee\/wp-content\/uploads\/2020\/10\/VMF_partnerid_kodulehel.jpg 1440w, https:\/\/plmf.ee\/wp-content\/uploads\/2020\/10\/VMF_partnerid_kodulehel-300x93.jpg 300w, https:\/\/plmf.ee\/wp-content\/uploads\/2020\/10\/VMF_partnerid_kodulehel-1024x316.jpg 1024w, https:\/\/plmf.ee\/wp-content\/uploads\/2020\/10\/VMF_partnerid_kodulehel-768x237.jpg 768w, https:\/\/plmf.ee\/wp-content\/uploads\/2020\/10\/VMF_partnerid_kodulehel-1260x389.jpg 1260w, https:\/\/plmf.ee\/wp-content\/uploads\/2020\/10\/VMF_partnerid_kodulehel-615x190.jpg 615w, https:\/\/plmf.ee\/wp-content\/uploads\/2020\/10\/VMF_partnerid_kodulehel-400x124.jpg 400w, https:\/\/plmf.ee\/wp-content\/uploads\/2020\/10\/VMF_partnerid_kodulehel-292x90.jpg 292w\" sizes=\"(max-width: 1440px) 100vw, 1440px\" \/><\/a><\/div><\/div>\n","protected":false},"excerpt":{"rendered":"<p>II VIRUMAA MUSIC FESTIVAL 26.11-6.12.2020 Virumaa Young Musician 2020 contest Virumaa Music Festival is created for the purpose to offer concert experience by the best Estonian musicians in the region&#8230;<\/p>\n","protected":false},"author":7,"featured_media":0,"parent":0,"menu_order":0,"comment_status":"closed","ping_status":"closed","template":"","meta":{"footnotes":""},"class_list":["post-38839","page","type-page","status-publish","hentry"],"yoast_head":"<!-- This site is optimized with the Yoast SEO plugin v27.1.1 - https:\/\/yoast.com\/product\/yoast-seo-wordpress\/ -->\n<title>Virumaa Music Festival 2020 - Pille Lill Music Fund<\/title>\n<meta name=\"robots\" content=\"index, follow, max-snippet:-1, max-image-preview:large, max-video-preview:-1\" \/>\n<link rel=\"canonical\" href=\"https:\/\/www.plmf.ee\/en\/virumaa-music-festival-2020\/\" \/>\n<meta property=\"og:locale\" content=\"en_US\" \/>\n<meta property=\"og:type\" content=\"article\" \/>\n<meta property=\"og:title\" content=\"Virumaa Music Festival 2020 - Pille Lill Music Fund\" \/>\n<meta property=\"og:description\" content=\"II VIRUMAA MUSIC FESTIVAL 26.11-6.12.2020 Virumaa Young Musician 2020 contest Virumaa Music Festival is created for the purpose to offer concert experience by the best Estonian musicians in the region...\" \/>\n<meta property=\"og:url\" content=\"https:\/\/www.plmf.ee\/en\/virumaa-music-festival-2020\/\" \/>\n<meta property=\"og:site_name\" content=\"Pille Lill Music Fund\" \/>\n<meta property=\"article:modified_time\" content=\"2020-12-02T15:07:05+00:00\" \/>\n<meta property=\"og:image\" content=\"https:\/\/www.plmf.ee\/wp-content\/uploads\/2020\/10\/VMF2020_ENG_1440x300.jpg\" \/>\n<meta name=\"twitter:card\" content=\"summary_large_image\" \/>\n<meta name=\"twitter:label1\" content=\"Est. reading time\" \/>\n\t<meta name=\"twitter:data1\" content=\"4 minutes\" \/>\n<script type=\"application\/ld+json\" class=\"yoast-schema-graph\">{\"@context\":\"https:\/\/schema.org\",\"@graph\":[{\"@type\":\"WebPage\",\"@id\":\"https:\/\/www.plmf.ee\/en\/virumaa-music-festival-2020\/\",\"url\":\"https:\/\/www.plmf.ee\/en\/virumaa-music-festival-2020\/\",\"name\":\"Virumaa Music Festival 2020 - Pille Lill Music Fund\",\"isPartOf\":{\"@id\":\"https:\/\/plmf.ee\/en\/#website\"},\"primaryImageOfPage\":{\"@id\":\"https:\/\/www.plmf.ee\/en\/virumaa-music-festival-2020\/#primaryimage\"},\"image\":{\"@id\":\"https:\/\/www.plmf.ee\/en\/virumaa-music-festival-2020\/#primaryimage\"},\"thumbnailUrl\":\"https:\/\/www.plmf.ee\/wp-content\/uploads\/2020\/10\/VMF2020_ENG_1440x300.jpg\",\"datePublished\":\"2019-11-04T22:24:09+00:00\",\"dateModified\":\"2020-12-02T15:07:05+00:00\",\"breadcrumb\":{\"@id\":\"https:\/\/www.plmf.ee\/en\/virumaa-music-festival-2020\/#breadcrumb\"},\"inLanguage\":\"en-US\",\"potentialAction\":[{\"@type\":\"ReadAction\",\"target\":[\"https:\/\/www.plmf.ee\/en\/virumaa-music-festival-2020\/\"]}]},{\"@type\":\"ImageObject\",\"inLanguage\":\"en-US\",\"@id\":\"https:\/\/www.plmf.ee\/en\/virumaa-music-festival-2020\/#primaryimage\",\"url\":\"https:\/\/www.plmf.ee\/wp-content\/uploads\/2020\/10\/VMF2020_ENG_1440x300.jpg\",\"contentUrl\":\"https:\/\/www.plmf.ee\/wp-content\/uploads\/2020\/10\/VMF2020_ENG_1440x300.jpg\"},{\"@type\":\"BreadcrumbList\",\"@id\":\"https:\/\/www.plmf.ee\/en\/virumaa-music-festival-2020\/#breadcrumb\",\"itemListElement\":[{\"@type\":\"ListItem\",\"position\":1,\"name\":\"Home\",\"item\":\"https:\/\/plmf.ee\/en\/\"},{\"@type\":\"ListItem\",\"position\":2,\"name\":\"Virumaa Music Festival 2020\"}]},{\"@type\":\"WebSite\",\"@id\":\"https:\/\/plmf.ee\/en\/#website\",\"url\":\"https:\/\/plmf.ee\/en\/\",\"name\":\"Pille Lill Music Fund\",\"description\":\"Planet Of Talent\",\"potentialAction\":[{\"@type\":\"SearchAction\",\"target\":{\"@type\":\"EntryPoint\",\"urlTemplate\":\"https:\/\/plmf.ee\/en\/?s={search_term_string}\"},\"query-input\":{\"@type\":\"PropertyValueSpecification\",\"valueRequired\":true,\"valueName\":\"search_term_string\"}}],\"inLanguage\":\"en-US\"}]}<\/script>\n<!-- \/ Yoast SEO plugin. -->","yoast_head_json":{"title":"Virumaa Music Festival 2020 - Pille Lill Music Fund","robots":{"index":"index","follow":"follow","max-snippet":"max-snippet:-1","max-image-preview":"max-image-preview:large","max-video-preview":"max-video-preview:-1"},"canonical":"https:\/\/www.plmf.ee\/en\/virumaa-music-festival-2020\/","og_locale":"en_US","og_type":"article","og_title":"Virumaa Music Festival 2020 - Pille Lill Music Fund","og_description":"II VIRUMAA MUSIC FESTIVAL 26.11-6.12.2020 Virumaa Young Musician 2020 contest Virumaa Music Festival is created for the purpose to offer concert experience by the best Estonian musicians in the region...","og_url":"https:\/\/www.plmf.ee\/en\/virumaa-music-festival-2020\/","og_site_name":"Pille Lill Music Fund","article_modified_time":"2020-12-02T15:07:05+00:00","og_image":[{"url":"https:\/\/www.plmf.ee\/wp-content\/uploads\/2020\/10\/VMF2020_ENG_1440x300.jpg","type":"","width":"","height":""}],"twitter_card":"summary_large_image","twitter_misc":{"Est. reading time":"4 minutes"},"schema":{"@context":"https:\/\/schema.org","@graph":[{"@type":"WebPage","@id":"https:\/\/www.plmf.ee\/en\/virumaa-music-festival-2020\/","url":"https:\/\/www.plmf.ee\/en\/virumaa-music-festival-2020\/","name":"Virumaa Music Festival 2020 - Pille Lill Music Fund","isPartOf":{"@id":"https:\/\/plmf.ee\/en\/#website"},"primaryImageOfPage":{"@id":"https:\/\/www.plmf.ee\/en\/virumaa-music-festival-2020\/#primaryimage"},"image":{"@id":"https:\/\/www.plmf.ee\/en\/virumaa-music-festival-2020\/#primaryimage"},"thumbnailUrl":"https:\/\/www.plmf.ee\/wp-content\/uploads\/2020\/10\/VMF2020_ENG_1440x300.jpg","datePublished":"2019-11-04T22:24:09+00:00","dateModified":"2020-12-02T15:07:05+00:00","breadcrumb":{"@id":"https:\/\/www.plmf.ee\/en\/virumaa-music-festival-2020\/#breadcrumb"},"inLanguage":"en-US","potentialAction":[{"@type":"ReadAction","target":["https:\/\/www.plmf.ee\/en\/virumaa-music-festival-2020\/"]}]},{"@type":"ImageObject","inLanguage":"en-US","@id":"https:\/\/www.plmf.ee\/en\/virumaa-music-festival-2020\/#primaryimage","url":"https:\/\/www.plmf.ee\/wp-content\/uploads\/2020\/10\/VMF2020_ENG_1440x300.jpg","contentUrl":"https:\/\/www.plmf.ee\/wp-content\/uploads\/2020\/10\/VMF2020_ENG_1440x300.jpg"},{"@type":"BreadcrumbList","@id":"https:\/\/www.plmf.ee\/en\/virumaa-music-festival-2020\/#breadcrumb","itemListElement":[{"@type":"ListItem","position":1,"name":"Home","item":"https:\/\/plmf.ee\/en\/"},{"@type":"ListItem","position":2,"name":"Virumaa Music Festival 2020"}]},{"@type":"WebSite","@id":"https:\/\/plmf.ee\/en\/#website","url":"https:\/\/plmf.ee\/en\/","name":"Pille Lill Music Fund","description":"Planet Of Talent","potentialAction":[{"@type":"SearchAction","target":{"@type":"EntryPoint","urlTemplate":"https:\/\/plmf.ee\/en\/?s={search_term_string}"},"query-input":{"@type":"PropertyValueSpecification","valueRequired":true,"valueName":"search_term_string"}}],"inLanguage":"en-US"}]}},"_links":{"self":[{"href":"https:\/\/plmf.ee\/en\/wp-json\/wp\/v2\/pages\/38839","targetHints":{"allow":["GET"]}}],"collection":[{"href":"https:\/\/plmf.ee\/en\/wp-json\/wp\/v2\/pages"}],"about":[{"href":"https:\/\/plmf.ee\/en\/wp-json\/wp\/v2\/types\/page"}],"author":[{"embeddable":true,"href":"https:\/\/plmf.ee\/en\/wp-json\/wp\/v2\/users\/7"}],"replies":[{"embeddable":true,"href":"https:\/\/plmf.ee\/en\/wp-json\/wp\/v2\/comments?post=38839"}],"version-history":[{"count":0,"href":"https:\/\/plmf.ee\/en\/wp-json\/wp\/v2\/pages\/38839\/revisions"}],"wp:attachment":[{"href":"https:\/\/plmf.ee\/en\/wp-json\/wp\/v2\/media?parent=38839"}],"curies":[{"name":"wp","href":"https:\/\/api.w.org\/{rel}","templated":true}]}}