{"id":38316,"date":"2020-08-17T23:34:41","date_gmt":"2020-08-17T20:34:41","guid":{"rendered":"https:\/\/www.plmf.ee\/pohjala-perspektiivid-puhendus\/"},"modified":"2020-08-25T21:29:45","modified_gmt":"2020-08-25T18:29:45","slug":"pohjala-perspektiivid-puhendus","status":"publish","type":"page","link":"https:\/\/plmf.ee\/en\/pohjala-perspektiivid-puhendus\/","title":{"rendered":"Nordic perspectives. Widmung\/Dedication"},"content":{"rendered":"<div class=\"row \"><div class=\"wpv-grid grid-1-1  wpv-first-level first unextended\" style=\"padding-top:0px;padding-bottom:0px\" id=\"wpv-column-ea5fe341284eb58b58d92b95ffe40f4e\" ><p style=\"text-align: center;\"><span style=\"font-size: 14pt;\"><b>WIDMUNG \/ DEDICATION<br \/>\n<\/b>Wednesday, August 26 at 19:00\u00a0Swedish St Michael\u2019s Church<\/span><br \/>\n<span style=\"font-size: 14pt;\">R\u00fc\u00fctli 9, Tallinn<\/span><\/p>\n<p style=\"text-align: center;\"><span style=\"font-size: 14pt;\"><b>Heldur Harry P\u00f5lda<\/b>\u00a0(tenor),<b>\u00a0Marite M\u00e4nni\u00a0<\/b>(piano)<\/span><br \/>\n<span style=\"font-size: 14pt;\"><b>Robert Traksmann\u00a0<\/b>(violin),<b>\u00a0Linda-Anette Verte\u00a0<\/b>(violin)<\/span><br \/>\n<span style=\"font-size: 14pt;\"><b>Laur Eensalu\u00a0<\/b>(viola),\u00a0<b>Theodor Sink\u00a0<\/b>(cello)<\/span><\/p>\n<p style=\"text-align: center;\"><span style=\"font-size: 14pt;\"><i>Programme:<\/i><\/span><\/p>\n<p style=\"text-align: center;\"><strong><span style=\"font-size: 14pt;\">Robert Schumann (1810\u20131856)<\/span><\/strong><br \/>\n<span style=\"font-size: 14pt;\">\u201eWidmung\u201c op 25 nr 1 \/ \u201eDedication\u201c for piano<\/span><\/p>\n<p style=\"text-align: center;\"><strong><span style=\"font-size: 14pt;\">Edvard Grieg (1848\u20131907)<\/span><\/strong><br \/>\n<span style=\"font-size: 14pt;\">\u201eBryllupsdag p\u00e5 Troldhaugen\u201c op 65 nr 6<\/span><br \/>\n<span style=\"font-size: 14pt;\">\/ \u201eWedding Day at Troldhaugen\u201c<\/span><br \/>\n<span style=\"font-size: 14pt;\">\u201eJeg elsker dig!\u201c op 41 nr 3 \/ \u201eI Love Thee\u201c<\/span><br \/>\n<span style=\"font-size: 14pt;\">\u201eEn Dr\u00f8m\u201c op 48 nr 6 \/ \u201eA Dream\u201c<\/span><\/p>\n<p style=\"text-align: center;\"><strong><span style=\"font-size: 14pt;\">Robert Schumann (1810\u20131856)<\/span><\/strong><br \/>\n<span style=\"font-size: 14pt;\">\u201cIn der Fremde\u201d (Liederkreis, Op 39)<\/span><br \/>\n<span style=\"font-size: 14pt;\">\u201eWidmung\u201c op 25 nr 1 \/ \u201eDedication\u201c for tenor and piano<\/span><br \/>\n<span style=\"font-size: 14pt;\">String Quartet No 1 in A minor op 41<\/span><br \/>\n<em><span style=\"font-size: 14pt;\">I Andante espressivo &#8211; Allegro<\/span><\/em><br \/>\n<em><span style=\"font-size: 14pt;\">II Scherzo: Presto<\/span><\/em><br \/>\n<em><span style=\"font-size: 14pt;\">III Adagio<\/span><\/em><br \/>\n<em><span style=\"font-size: 14pt;\">IV Presto<\/span><\/em><\/p>\n<p style=\"text-align: justify;\"><span style=\"font-size: 14pt;\"><b>HELDUR HARRY P\u00d5LDA <\/b>graduated from Tallinn Music High School in the field of choral conducting (teacher Hirvo Surva) and in the fall of 2019 he received his bachelor\u2019s degree in vocal studies from the Guildhall School of Music &amp; Drama in the vocal class of David Pollard and Ruby Philogene. H. H. P\u00f5lda made his singing debut at the Estonian National Opera at 8 years old. Today, the young man&#8217;s repertoire includes several opera and musical roles. In the first half of 2019, H. H. P\u00f5lda performed the role of Tony in Estonian National Opera\u2019s production \u201cWest Side Story\u201d and since August of 2019, he has been a scholar of Estonian National Opera, performing different roles including Ivan Lykov (\u201cThe Tsar\u2019s Bride\u201d), Armand (\u201cThe Count of Luxembourg\u201d), Gaston (\u201cLa traviata\u201d) and Ruiz (\u201cIl trovatore\u201d). For the main role of Benjamin Britten&#8217;s chamber opera &#8220;The Turn of the Screw&#8221;, H. H. P\u00f5lda was awarded by the Cultural Endowment of Estonia as the youngest laureate of the Sound Art Endowment Award (2008), the young man is also a laureate of the Estonian Choral Association\u2019s Cooperation Prize (2010) and he has been awarded with the scholarship of Estonian National Culture Foundation\u2019s Georg Ots Foundation (2013).<\/span><\/p>\n<p style=\"text-align: justify;\"><span style=\"font-size: 14pt;\"><b>ROBERT TRAKSMANN<\/b><span style=\"font-weight: 400;\"> started playing the violin at the age of 4 under the guidance of teacher Tiiu Pe\u00e4ske. He graduated from Tallinn Music High School (2014, Tiiu Pe\u00e4ske) and the Hanns Eisler Academy of Music Berlin with a Bachelor&#8217;s degree (2018, Prof. Kolja Blacher), where he is currently pursuing a Master&#8217;s degree under the supervision of the same lecturer. He has completed several masterclasses (Ulrike Danhofer, Florian Donderer, Arvo Leibur, J\u00fcri Gerretz, Robert Rozek and Ivry Gitlis). R. Traksmann has also joined the ranks of several prestigious groups, including G\u00fcrzenich Orchester K\u00f6ln, Orchester der Karajan Akademie Berliner Philharmoniker, Estonian National Symphony Orchestra, Tallinn Chamber Orchestra, Estonian Festival Orchestra, Vox Clamantis, YXUS and others. As a concertmaster, he has performed with several youth orchestras, as well as at the Vanemuine Symphony Orchestra&#8217;s season opening concert (2018). Since 2019, R. Traksmann has been a member of the Association of Estonian Professional Musicians. He has performed as a soloist with the Tallinn Chamber Orchestra, German Youth Symphony Orchestra (T\u00fcbingen), P\u00e4rnu City Orchestra, Virumaa Chamber Orchestra, Haapsalu Festival Orchestra, TMHS String Orchestra and Symphony Orchestra. The most dignified of the competition results is the 1st prize at the P\u00e4rnu Violin Competition (2010) together with the special prizes of the P\u00e4rnu City Orchestra and Tubin Society. The year 2019 is marked by performances as a soloist at the Baltic Sea Festival in Berwaldhallen in Stockholm, the Mozartiana Festival in Gdansk and the XXVII Estonian Song Celebration. As an active chamber musician, he has had the longest collaboration in the ensemble Trio &#8217;95 with Rasmus Andreas Raide and Marcel Johannes Kits. He has performed in the most important concert halls in Estonia and won awards at several festivals. Trio &#8217;95 has won the First Prize at the international Ilmari Hannikainen Piano Chamber Music Competition in Finland (2020) and the international competition &#8220;Pavasario Sonata&#8221; in Lithuania (2012). Together they have furthered their skills with Francis Gouton and Alexander Bondurianski. R. Traksmann has been given a violin, made by Giuseppe Gagliano and his brother Antonio (1775-1780) and a bow by Joseph Artur Vigneron (1890), for use by the Estonian Foundation of Musical Instruments.<\/span><\/span><\/p>\n<p style=\"text-align: justify;\"><span style=\"font-size: 14pt;\"><b>LINDA-ANETTE VERTE <\/b><span style=\"font-weight: 400;\">began violin studies at the age of 4 with Tiiu Pe\u00e4ske. In 2012, she graduated from Tallinn Music High School (Ivi Tivik, Prof. Mari Tampere-Bezrodny). In 2016, L.-A. Verte graduated from the Sibelius Academy with a Bachelor\u2019s degree. In addition, she has furthered her skills as an exchange student in Los Angeles at the University of Southern California (Thornton School of Music, Prof. Pamela Frank). She was the concertmaster of Vanemuine Symphony Orchestra between 2016-2019. L.-A. Verte has taken part in numerous festivals and competitions in Estonia as well as abroad and she has been awarded with several prizes: 2nd prize at the Estonian String Players Competition and spezial prize for T\u00f5nu K\u00f5rvits\u2019 \u201cElegy to Solitude\u201d (2015), the laureate title with Sten Heinoja at the I Estonian Piano Chamber Music Competition (2015), Classical Radio award and a special prize for the best performance of Vienna Classic (2015). She was also a participant of the TV competition \u201cClassical Stars\u201d in 2018. L.-A. Verte has performed as a soloist in Russia, Denmark, Sweden, Finland, the United States, Germany and Ukraine and appeared as a soloist with ENSO, Vanemuine Symphony Orchestra, P\u00e4rnu City Orchestra, Estonian Academy of Music and Theater Symphony Orchestra, Sibelius Academy Symphony Orchestra, Haapsalu Chamber Orchestra, New Street Orchestra and Kyiv Soloists and cooperated with conductors including Paul M\u00e4gi, J\u00fcri Alperten, Mikk Murdvee, Kaspar M\u00e4nd, Atso Almila, Rasmus Puur, Erki Pehk. L.-A. Verte has furthered her skills at numerous masterclasses including Michael Vaiman, P\u00e4ivyt Meller, Anna-Liisa Bezrodny, Pavel Berman, Henry-David Varema, Oleg Kr\u00f5ssa, Oliver Charlier, Sergei Kravt\u0161enko, Jessica Linnebach, Mi-kyung Lee, Cho-Liang Lin and Midori Goto. In the 2015\/2016 season, she played as an intern in the Canadian National Arts Center Orchestra. In 2017, a poetry book \/ CD was published, on which there are works for solo violin and Harriet Toompere reads poems in between.<\/span><\/span><\/p>\n<p style=\"text-align: justify;\"><span style=\"font-size: 14pt;\"><b>LAUR EENSALU<\/b><span style=\"font-weight: 400;\"> has studied violin and viola at the Tallinn Music High School (Tiiu Pe\u00e4ske), the Karlsruhe College of Music (Fabio Marano) and the Estonian Academy of Music and Theatre (Viljar Kuusk, Toomas Nestor). Since 2005, he has been working with the Tallinn Chamber Orchestra, since 2011 as the concertmaster of the viola group and since 2007 with the Estonian National Opera Symphony Orchestra. As a soloist, ensemble and orchestra musician, he has recorded and premiered works by several contemporary Estonian and foreign composers and performed in many parts of the world.<\/span><\/span><\/p>\n<p style=\"text-align: justify;\"><span style=\"font-size: 14pt;\"><b>THEODOR SINK<\/b><span style=\"font-weight: 400;\"> is a versatile performer who works as a soloist, chamber musician and orchestra musician. His cello teachers have been Laine Leichter, Leho Karin and Henry-David Varema, Marko Yl\u00f6nen at the Sibelius Academy, and he has won numerous laureate titles at both national and foreign competitions. He has played as a member of the Tallinn Chamber Orchestra, the Nordic Symphony Orchestra and the Estonian Festival Orchestra, and since the 2017\/18 season he has been the concertmaster of the Estonian National Symphony Orchestra\u2019s cello group. He has previously collaborated with ENSO as both a group player and a guest concertmaster. As a soloist, T. Sink made his debut in front of ENSO in the spring of 2017, performing Erkki-Sven T\u00fc\u00fcr&#8217;s Cello Concerto at the Estonian Music Days symphony concert. At the opening concert of the 2018\/19 season, he performed Haydn II Cello Concerto conducted by Neeme J\u00e4rvi. In 2017, T. Sink was awarded the Annual Award of the Estonian Cultural Endowment&#8217;s Sound Art Endowment for a brilliant season as a soloist and orchestra musician. T. Sink is a member of the <\/span><span style=\"font-weight: 400;\">Association of Estonian Professional Musicians<\/span><span style=\"font-weight: 400;\">.<\/span><\/span><\/div><\/div>\n","protected":false},"excerpt":{"rendered":"<p>WIDMUNG \/ DEDICATION Wednesday, August 26 at 19:00\u00a0Swedish St Michael\u2019s Church R\u00fc\u00fctli 9, Tallinn Heldur Harry P\u00f5lda\u00a0(tenor),\u00a0Marite M\u00e4nni\u00a0(piano) Robert Traksmann\u00a0(violin),\u00a0Linda-Anette Verte\u00a0(violin) Laur Eensalu\u00a0(viola),\u00a0Theodor Sink\u00a0(cello) Programme: Robert Schumann (1810\u20131856) \u201eWidmung\u201c op&#8230;<\/p>\n","protected":false},"author":7,"featured_media":0,"parent":0,"menu_order":0,"comment_status":"closed","ping_status":"closed","template":"","meta":{"footnotes":""},"class_list":["post-38316","page","type-page","status-publish","hentry"],"yoast_head":"<!-- This site is optimized with the Yoast SEO plugin v27.1.1 - https:\/\/yoast.com\/product\/yoast-seo-wordpress\/ -->\n<title>Nordic perspectives. Widmung\/Dedication - Pille Lill Music Fund<\/title>\n<meta name=\"robots\" content=\"index, follow, max-snippet:-1, max-image-preview:large, max-video-preview:-1\" \/>\n<link rel=\"canonical\" href=\"https:\/\/plmf.ee\/en\/pohjala-perspektiivid-puhendus\/\" \/>\n<meta property=\"og:locale\" content=\"en_US\" \/>\n<meta property=\"og:type\" content=\"article\" \/>\n<meta property=\"og:title\" content=\"Nordic perspectives. Widmung\/Dedication - Pille Lill Music Fund\" \/>\n<meta property=\"og:description\" content=\"WIDMUNG \/ DEDICATION Wednesday, August 26 at 19:00\u00a0Swedish St Michael\u2019s Church R\u00fc\u00fctli 9, Tallinn Heldur Harry P\u00f5lda\u00a0(tenor),\u00a0Marite M\u00e4nni\u00a0(piano) Robert Traksmann\u00a0(violin),\u00a0Linda-Anette Verte\u00a0(violin) Laur Eensalu\u00a0(viola),\u00a0Theodor Sink\u00a0(cello) Programme: Robert Schumann (1810\u20131856) \u201eWidmung\u201c op...\" \/>\n<meta property=\"og:url\" content=\"https:\/\/plmf.ee\/en\/pohjala-perspektiivid-puhendus\/\" \/>\n<meta property=\"og:site_name\" content=\"Pille Lill Music Fund\" \/>\n<meta property=\"article:modified_time\" content=\"2020-08-25T18:29:45+00:00\" \/>\n<meta name=\"twitter:card\" content=\"summary_large_image\" \/>\n<meta name=\"twitter:label1\" content=\"Est. reading time\" \/>\n\t<meta name=\"twitter:data1\" content=\"6 minutes\" \/>\n<script type=\"application\/ld+json\" class=\"yoast-schema-graph\">{\"@context\":\"https:\/\/schema.org\",\"@graph\":[{\"@type\":\"WebPage\",\"@id\":\"https:\/\/plmf.ee\/en\/pohjala-perspektiivid-puhendus\/\",\"url\":\"https:\/\/plmf.ee\/en\/pohjala-perspektiivid-puhendus\/\",\"name\":\"Nordic perspectives. Widmung\/Dedication - Pille Lill Music Fund\",\"isPartOf\":{\"@id\":\"https:\/\/www.plmf.ee\/#website\"},\"datePublished\":\"2020-08-17T20:34:41+00:00\",\"dateModified\":\"2020-08-25T18:29:45+00:00\",\"breadcrumb\":{\"@id\":\"https:\/\/plmf.ee\/en\/pohjala-perspektiivid-puhendus\/#breadcrumb\"},\"inLanguage\":\"en-US\",\"potentialAction\":[{\"@type\":\"ReadAction\",\"target\":[\"https:\/\/plmf.ee\/en\/pohjala-perspektiivid-puhendus\/\"]}]},{\"@type\":\"BreadcrumbList\",\"@id\":\"https:\/\/plmf.ee\/en\/pohjala-perspektiivid-puhendus\/#breadcrumb\",\"itemListElement\":[{\"@type\":\"ListItem\",\"position\":1,\"name\":\"Home\",\"item\":\"https:\/\/plmf.ee\/en\/\"},{\"@type\":\"ListItem\",\"position\":2,\"name\":\"Nordic perspectives. Widmung\/Dedication\"}]},{\"@type\":\"WebSite\",\"@id\":\"https:\/\/www.plmf.ee\/#website\",\"url\":\"https:\/\/www.plmf.ee\/\",\"name\":\"Pille Lill Music Fund\",\"description\":\"Planet Of Talent\",\"potentialAction\":[{\"@type\":\"SearchAction\",\"target\":{\"@type\":\"EntryPoint\",\"urlTemplate\":\"https:\/\/www.plmf.ee\/?s={search_term_string}\"},\"query-input\":{\"@type\":\"PropertyValueSpecification\",\"valueRequired\":true,\"valueName\":\"search_term_string\"}}],\"inLanguage\":\"en-US\"}]}<\/script>\n<!-- \/ Yoast SEO plugin. -->","yoast_head_json":{"title":"Nordic perspectives. Widmung\/Dedication - Pille Lill Music Fund","robots":{"index":"index","follow":"follow","max-snippet":"max-snippet:-1","max-image-preview":"max-image-preview:large","max-video-preview":"max-video-preview:-1"},"canonical":"https:\/\/plmf.ee\/en\/pohjala-perspektiivid-puhendus\/","og_locale":"en_US","og_type":"article","og_title":"Nordic perspectives. Widmung\/Dedication - Pille Lill Music Fund","og_description":"WIDMUNG \/ DEDICATION Wednesday, August 26 at 19:00\u00a0Swedish St Michael\u2019s Church R\u00fc\u00fctli 9, Tallinn Heldur Harry P\u00f5lda\u00a0(tenor),\u00a0Marite M\u00e4nni\u00a0(piano) Robert Traksmann\u00a0(violin),\u00a0Linda-Anette Verte\u00a0(violin) Laur Eensalu\u00a0(viola),\u00a0Theodor Sink\u00a0(cello) Programme: Robert Schumann (1810\u20131856) \u201eWidmung\u201c op...","og_url":"https:\/\/plmf.ee\/en\/pohjala-perspektiivid-puhendus\/","og_site_name":"Pille Lill Music Fund","article_modified_time":"2020-08-25T18:29:45+00:00","twitter_card":"summary_large_image","twitter_misc":{"Est. reading time":"6 minutes"},"schema":{"@context":"https:\/\/schema.org","@graph":[{"@type":"WebPage","@id":"https:\/\/plmf.ee\/en\/pohjala-perspektiivid-puhendus\/","url":"https:\/\/plmf.ee\/en\/pohjala-perspektiivid-puhendus\/","name":"Nordic perspectives. Widmung\/Dedication - Pille Lill Music Fund","isPartOf":{"@id":"https:\/\/www.plmf.ee\/#website"},"datePublished":"2020-08-17T20:34:41+00:00","dateModified":"2020-08-25T18:29:45+00:00","breadcrumb":{"@id":"https:\/\/plmf.ee\/en\/pohjala-perspektiivid-puhendus\/#breadcrumb"},"inLanguage":"en-US","potentialAction":[{"@type":"ReadAction","target":["https:\/\/plmf.ee\/en\/pohjala-perspektiivid-puhendus\/"]}]},{"@type":"BreadcrumbList","@id":"https:\/\/plmf.ee\/en\/pohjala-perspektiivid-puhendus\/#breadcrumb","itemListElement":[{"@type":"ListItem","position":1,"name":"Home","item":"https:\/\/plmf.ee\/en\/"},{"@type":"ListItem","position":2,"name":"Nordic perspectives. Widmung\/Dedication"}]},{"@type":"WebSite","@id":"https:\/\/www.plmf.ee\/#website","url":"https:\/\/www.plmf.ee\/","name":"Pille Lill Music Fund","description":"Planet Of Talent","potentialAction":[{"@type":"SearchAction","target":{"@type":"EntryPoint","urlTemplate":"https:\/\/www.plmf.ee\/?s={search_term_string}"},"query-input":{"@type":"PropertyValueSpecification","valueRequired":true,"valueName":"search_term_string"}}],"inLanguage":"en-US"}]}},"_links":{"self":[{"href":"https:\/\/plmf.ee\/en\/wp-json\/wp\/v2\/pages\/38316","targetHints":{"allow":["GET"]}}],"collection":[{"href":"https:\/\/plmf.ee\/en\/wp-json\/wp\/v2\/pages"}],"about":[{"href":"https:\/\/plmf.ee\/en\/wp-json\/wp\/v2\/types\/page"}],"author":[{"embeddable":true,"href":"https:\/\/plmf.ee\/en\/wp-json\/wp\/v2\/users\/7"}],"replies":[{"embeddable":true,"href":"https:\/\/plmf.ee\/en\/wp-json\/wp\/v2\/comments?post=38316"}],"version-history":[{"count":0,"href":"https:\/\/plmf.ee\/en\/wp-json\/wp\/v2\/pages\/38316\/revisions"}],"wp:attachment":[{"href":"https:\/\/plmf.ee\/en\/wp-json\/wp\/v2\/media?parent=38316"}],"curies":[{"name":"wp","href":"https:\/\/api.w.org\/{rel}","templated":true}]}}