{"id":35477,"date":"2020-01-22T14:42:19","date_gmt":"2020-01-22T12:42:19","guid":{"rendered":"https:\/\/www.plmf.ee\/xiii-tallinna-talvefestival-eesti-tippsolistid\/"},"modified":"2020-01-22T15:05:13","modified_gmt":"2020-01-22T13:05:13","slug":"xiii-tallinna-talvefestival-eesti-tippsolistid","status":"publish","type":"page","link":"https:\/\/plmf.ee\/en\/xiii-tallinna-talvefestival-eesti-tippsolistid\/","title":{"rendered":"XIII Tallinna Talvefestival \/ Eesti Tippsolistid"},"content":{"rendered":"<p lang=\"en-GB\" style=\"text-align: center;\" align=\"JUSTIFY\"><span style=\"color: #000000; font-family: helvetica, arial, sans-serif; font-size: 12pt;\"><b><img decoding=\"async\" class=\"size-medium wp-image-35483 alignleft\" src=\"https:\/\/www.plmf.ee\/wp-content\/uploads\/2020\/01\/Kristina-Kriit-197x300.jpg\" alt=\"\" width=\"197\" height=\"300\" srcset=\"https:\/\/plmf.ee\/wp-content\/uploads\/2020\/01\/Kristina-Kriit-197x300.jpg 197w, https:\/\/plmf.ee\/wp-content\/uploads\/2020\/01\/Kristina-Kriit-292x445.jpg 292w, https:\/\/plmf.ee\/wp-content\/uploads\/2020\/01\/Kristina-Kriit.jpg 369w\" sizes=\"(max-width: 197px) 100vw, 197px\" \/><\/b><\/span><\/p>\n<p lang=\"en-GB\" style=\"text-align: center;\" align=\"JUSTIFY\"><span style=\"color: #000000; font-family: helvetica, arial, sans-serif; font-size: 12pt;\"><b>KRISTINA KRIIT<\/b><\/span><\/p>\n<p lang=\"en-US\" style=\"text-align: justify;\" align=\"JUSTIFY\"><span style=\"color: #000000; font-family: helvetica, arial, sans-serif; font-size: 12pt;\">on l\u00f5petanud Eesti Muusika- ja Teatriakadeemia magistrantuuri (prof. Mari Tampere-Bezrodny, 2004) ning t\u00e4iendanud end prof. Igor Bezrodny, Eduard Schmiederi, Pavel Vernikovi ja Hermann Krebbers\u2019i juures. Ta on \u00f5ppinud veel Universit\u00e4t Mozarteumis Salzburgis (2001-2002, prof. Her-mann Krebbers). K. Kriit on osa v\u00f5tnud mitmetest rahvusvahelistest konkurssidest, millest olulisemad on Heino Elleri nim. konkurss Tallinnas (eripreemia, 1996) ja Henryk Wieniawski nim. konkurss Poolas (Lublinis, 1997). K. Kriit on hinnatud n\u00fc\u00fcdismuusika esitajana ja esinenud solisti ning kammermuusikuna peaaegu k\u00f5ikides Euroopa ja Skandinaavia maades. Ta on olnud kahel korral maineka Holland Music Sessions\u2019i stipendiaat. 2005.a. asutas K. Kriit Tallinna keelpillitrio ja2009.a. trio \u201cMadrigal\u201d. K\u00e4esoleval ajal on ta EMTA \u00f5ppej\u00f5ud ja doktorant (prof. Mari Tampere-Bezrodny) ning RO Estonia S\u00fcmfooniaorkestri II kontsertmeister.<\/span><\/p>\n<p>&nbsp;<\/p>\n<p>&nbsp;<\/p>\n<p>&nbsp;<\/p>\n<p style=\"text-align: center;\"><span style=\"color: #000000; font-family: helvetica, arial, sans-serif; font-size: 12pt;\"><b>OKSANA SINKOVA<\/b><\/span><\/p>\n<p align=\"JUSTIFY\"><img decoding=\"async\" class=\" wp-image-35487 alignright\" style=\"color: #000000; font-family: helvetica, arial, sans-serif;\" src=\"https:\/\/www.plmf.ee\/wp-content\/uploads\/2020\/01\/Oksana_Sinkova-200x300.jpg\" alt=\"\" width=\"270\" height=\"406\" \/><\/p>\n<p align=\"JUSTIFY\"><span style=\"font-family: helvetica, arial, sans-serif; font-size: 12pt;\"><span lang=\"et-EE\">on \u00fcks Eesti v\u00e4ljapaistvamaid fl\u00f6\u00f6dim\u00e4ngijaid, kes <\/span><span style=\"color: #000000;\">on l\u00f5petanud bakalaureuse\u00f5ppe cum laude (\u00f5p. N. Punder, M. Helin ja I. Sneibis) ning kaitsnud magistrikraadi Eesti Muusika- ja Teatriakadeemias (EMTA). Ta on t\u00e4iendanud end Hamburgi Muusika- ja Teatri K\u00f5rgkoolis (2004-2005) ning EMTA doktorantuuris (2006-2011). O. Sinkova on v\u00f5tnud osa paljudest tunnustatud fl\u00f6\u00f6dim\u00e4ngijate meistriklassidest (M. Helin, M. J\u00e4rvi, P. Gallois,<\/span> R. Greiss-Armin jpt). Ta t\u00f6\u00f6tas<span style=\"color: #000000;\"> Narva s\u00fcmfooniaorkestri fl\u00f6\u00f6dir\u00fchma k\u00fclaliskontsertmeistrina aastast 1999 ja ta on olnud Vanemuise S\u00fcmfooniaorkestri fl\u00f6\u00f6dir\u00fchma kontsertmeister (2000-2008) ning RO Estonia s\u00fcmfooniaorkestri fl\u00f6\u00f6dir\u00fchma liige (2008-2011). O. Sinkova on v\u00f5itnud mitmeid rahvusva<\/span>helisi ja rahvuslikke konkursse<span style=\"color: #000000;\">: Grand Prix Eesti muusikakoolide vahelisel konkursil (1997) ning EMTA ja Sibeliuse Akadeemia J. S. Bachi konkursil (1998), peapreemia Yamaha konkursil (1999) ja \u00fcleriigilisel Bachi konkursil (2000). Ta on olnud Con Brio 2000 ja rahvusvahelise Andrejs Jurj\u0101ns\u2019i nim. konkursi finalist (Riia, 2001), samuti rahvusvahelise konkursi Pacem in Terris laureaat (Bayreuth, 2005). Talle on omistatud Muusikute fondi PLMF preemia \u201dNoor Muusik 2008\u201d. O. Sinkova on esinenud soolokontsertidega ja solistina mitmete orkestrite ees nii Eestis kui v\u00e4lismaal, Rootsi keelpilliorkestriga Camerata Nordica on toimunud kontsertreisid Itaaliasse, Rootsi ja Wales\u00b4i. Teda on kutsutud esinema festivalidele Itaaliase, Slovakkiasse ja T\u0161ehhi Vabariiki, samuti on ta \u00fcles astunud mitmetel festivalidel Eestis. Tema soolorepertuaar sisaldab virtuoosset fl\u00f6\u00f6dimuusikat maailma muusikavaramust. O. Sinkova t\u00f6\u00f6tab alates 2008. aastast EMTA\u2019s \u00f5ppej\u00f5una.<\/span><\/span><\/p>\n<p lang=\"et-EE\">\n<p lang=\"et-EE\">\n<p lang=\"et-EE\">\n<p lang=\"et-EE\">\n<p class=\"western\" lang=\"et-EE\" style=\"text-align: center;\"><span style=\"font-family: helvetica, arial, sans-serif; font-size: 12pt;\"><b>ANDREAS LEND<\/b><\/span><\/p>\n<p class=\"western\" lang=\"et-EE\" align=\"JUSTIFY\"><span style=\"font-family: helvetica, arial, sans-serif; font-size: 12pt;\"><img decoding=\"async\" class=\" wp-image-35490 alignleft\" src=\"https:\/\/www.plmf.ee\/wp-content\/uploads\/2020\/01\/andreaslend-200x300.jpg\" alt=\"\" width=\"257\" height=\"386\" srcset=\"https:\/\/plmf.ee\/wp-content\/uploads\/2020\/01\/andreaslend-200x300.jpg 200w, https:\/\/plmf.ee\/wp-content\/uploads\/2020\/01\/andreaslend-400x599.jpg 400w, https:\/\/plmf.ee\/wp-content\/uploads\/2020\/01\/andreaslend-292x437.jpg 292w, https:\/\/plmf.ee\/wp-content\/uploads\/2020\/01\/andreaslend.jpg 601w\" sizes=\"(max-width: 257px) 100vw, 257px\" \/><\/span><\/p>\n<p class=\"western\" lang=\"et-EE\" align=\"JUSTIFY\"><span style=\"font-family: helvetica, arial, sans-serif; font-size: 12pt;\">on oma generatsiooni \u00fcks v\u00e4ljapaistvamaid Eesti t\u0161elliste. Ta alustas muusika\u00f5pinguid Tallinna Muusikakeskkoolis, omandas bakalaureuse- ja magistrikraadi Eesti Muusika- ja Teatriakadeemias ning t\u00e4iendas end Soomes, Sibeliuse Akadeemias. Lisaks on A. Lend osa v\u00f5tnud mitmete rahvusvaheliselt tunnustatud t\u0161ellistide meistriklassidest (F. Helmerson, D. Geringas, M. Ostertag jt). A. Lend on p\u00e4lvinud preemiaid mitmetel konkurssidel, mille hulka kuuluvad I preemia ja Grand Prix rahvusvahelisel konkurssfestivalil \u201eRenaissance\u201c (Armeenia, 2013), I preemia ESTA Eesti \u00fcleriigilisel noorte viiuldajate ja t\u0161ellistide konkursil (2004) jt. 2007. aastal valiti A. Lend Euroopa Liidu Noorteorkestrisse, mille koosseisus on ta esinenud \u00fcle terve Euroopa. Nii solisti kui ka ansamblistina on ta esinenud paljudes v\u00e4lisriikides kaasaarvatud Taanis, Saksamaal, Itaalias jt ning teda on kutsutud Tallinna Kammermuusika Festivalile, Kuopio Ajaloolisele klahvpillifestivalile Soomes, Valle d\u2019Itria Festivalile Itaalias jm. Viimastel aastatel on ta teinud koost\u00f6\u00f6d mitmete keelpillikvartettide ja -orkestritega ning hetkel on ta tegev Rahvusooperi Estonia s\u00fcmfooniaorkestris, keelpillikvartetis Prezioso ning Estonian Cello Ensemble&#8217;s ning on tegev nii solisti kui kammermuusikuna paljudes teistes koosseisudes.<\/span><\/p>\n<p>&nbsp;<\/p>\n<p>&nbsp;<\/p>\n<p>&nbsp;<\/p>\n<p>&nbsp;<\/p>\n<p>&nbsp;<\/p>\n<p><span style=\"font-family: helvetica, arial, sans-serif; font-size: 12pt;\"><b>LEA LEITEN<\/b><\/span><\/p>\n<p align=\"JUSTIFY\"><span style=\"font-family: helvetica, arial, sans-serif; font-size: 12pt;\">alustas klaveri\u00f5pinguid J\u00f5geva Lastemuusikakoolis Gerda Heinmaa juhendamisel. \u00d5pingud j\u00e4tkusid Tallinna Muusikakeskkoolis (Toivo P\u00e4eske) ning aastal 1989 l\u00f5petas ta Tallinna Konservatooriumi Kalle Randalu ja Peep Lassmanni klassis. Lisaks on ta end t\u00e4iendanud Savonlinna suvekursustel Roger Vignolesi juures ja Holland Music Sessionil. L. Leiten t\u00f6\u00f6tab alates 1987. aastast kontsertmeistrina Eesti Muusika- ja Teatriakadeemia keelpilliosakonnas, aastast 2014 ka \u00f5ppej\u00f5una kammermuusikaosakonnas ning 2005. aastast Tallinna Muusikakeskkoolis. Alates 2002. aastast on ta Eesti Interpreetide Liidu liige. Ta on teinud koost\u00f6\u00f6d paljude nimekate Eesti interpreetidega, sh T. Vavilov, U. K\u00f5iv, M. M\u00e4nni, U. Vulp, N. Punder, H. Ernits, M. Vind, L. Ugandi, A. Tammesalu, A. Valdma, K. Tomingas, L. Saarsalu, V. Veski ja A. Komsi (Soome). Pikemaajaline koost\u00f6\u00f6 seob teda fl\u00f6tist Oksana Sinkova ja t\u0161ellist Andreas Lend\u2019iga. Kuni 2006. aastani kuulus L. Leiten ansambli Reval Trio koosseisu, 1999. aastast on ta koos Neeme Punderi ja Aare Tammesaluga tegev Reval Ensemble\u2019is. Viimase koosseisus on esinetud mitmetes riikides, sh Belgias Brugge Concertgebouw\u00b4s ning sellistel tuntud uue muusika festivalidel nagu \u201eGaida\u201c Vilniuses, \u201eI\u0161 Arti\u201c Kaunases, NYYD-festivalil ja mitmetel teistel. Koost\u00f6\u00f6 seob teda ka Tallinna Keelpillikvarteti ja Tobiase nimelise keelpillikvartetiga, millele on teoseid loonud Eino Tamberg, Helena Tulve, T\u00f5nu K\u00f5rvits, Toivo Tulev, Mari Vihmand, M\u00e4rt-Matis Lill, T\u00f5nis Kaumann, Lauri J\u00f5eleht, Patrick de Clerk (Holland) ja Wim Henderickx (Holland) ning kelle uudisteoste salvestusel on L. Leiten osalenud Eesti Rahvusringh\u00e4\u00e4lingus. Samuti m\u00e4ngib ta Lepo Sumera autoriplaadil \u201eTo Reach Yesterday\u201c (2003). Pianistina on L. Leiten p\u00e4lvinud II preemia ja kriitikute preemia \u010ciurlionise nimelisel konkursil Vilniuses (1986) ja diplomi vabariiklikul pianistide konkursil (1988). Lisaks on teda autasustatud parima kontsertmeistri tiitliga vabariiklikel ja rahvusvahelistel keelpilli- ja puhkpillim\u00e4ngijate konkurssidel.<\/span><\/p>\n<p lang=\"en-US\" align=\"JUSTIFY\">\n","protected":false},"excerpt":{"rendered":"<p>KRISTINA KRIIT on l\u00f5petanud Eesti Muusika- ja Teatriakadeemia magistrantuuri (prof. Mari Tampere-Bezrodny, 2004) ning t\u00e4iendanud end prof. Igor Bezrodny, Eduard Schmiederi, Pavel Vernikovi ja Hermann Krebbers\u2019i juures. Ta on \u00f5ppinud&#8230;<\/p>\n","protected":false},"author":7,"featured_media":0,"parent":0,"menu_order":0,"comment_status":"closed","ping_status":"closed","template":"page-blank.php","meta":{"footnotes":""},"class_list":["post-35477","page","type-page","status-publish","hentry"],"yoast_head":"<!-- This site is optimized with the Yoast SEO plugin v27.1.1 - https:\/\/yoast.com\/product\/yoast-seo-wordpress\/ -->\n<title>XIII Tallinna Talvefestival \/ Eesti Tippsolistid - Pille Lill Music Fund<\/title>\n<meta name=\"robots\" content=\"index, follow, max-snippet:-1, max-image-preview:large, max-video-preview:-1\" \/>\n<link rel=\"canonical\" href=\"https:\/\/plmf.ee\/en\/xiii-tallinna-talvefestival-eesti-tippsolistid\/\" \/>\n<meta property=\"og:locale\" content=\"en_US\" \/>\n<meta property=\"og:type\" content=\"article\" \/>\n<meta property=\"og:title\" content=\"XIII Tallinna Talvefestival \/ Eesti Tippsolistid - Pille Lill Music Fund\" \/>\n<meta property=\"og:description\" content=\"KRISTINA KRIIT on l\u00f5petanud Eesti Muusika- ja Teatriakadeemia magistrantuuri (prof. Mari Tampere-Bezrodny, 2004) ning t\u00e4iendanud end prof. Igor Bezrodny, Eduard Schmiederi, Pavel Vernikovi ja Hermann Krebbers\u2019i juures. Ta on \u00f5ppinud...\" \/>\n<meta property=\"og:url\" content=\"https:\/\/plmf.ee\/en\/xiii-tallinna-talvefestival-eesti-tippsolistid\/\" \/>\n<meta property=\"og:site_name\" content=\"Pille Lill Music Fund\" \/>\n<meta property=\"article:modified_time\" content=\"2020-01-22T13:05:13+00:00\" \/>\n<meta property=\"og:image\" content=\"https:\/\/www.plmf.ee\/wp-content\/uploads\/2020\/01\/Kristina-Kriit-197x300.jpg\" \/>\n<meta name=\"twitter:card\" content=\"summary_large_image\" \/>\n<meta name=\"twitter:label1\" content=\"Est. reading time\" \/>\n\t<meta name=\"twitter:data1\" content=\"4 minutes\" \/>\n<script type=\"application\/ld+json\" class=\"yoast-schema-graph\">{\"@context\":\"https:\/\/schema.org\",\"@graph\":[{\"@type\":\"WebPage\",\"@id\":\"https:\/\/plmf.ee\/en\/xiii-tallinna-talvefestival-eesti-tippsolistid\/\",\"url\":\"https:\/\/plmf.ee\/en\/xiii-tallinna-talvefestival-eesti-tippsolistid\/\",\"name\":\"XIII Tallinna Talvefestival \/ Eesti Tippsolistid - Pille Lill Music Fund\",\"isPartOf\":{\"@id\":\"https:\/\/plmf.ee\/#website\"},\"primaryImageOfPage\":{\"@id\":\"https:\/\/plmf.ee\/en\/xiii-tallinna-talvefestival-eesti-tippsolistid\/#primaryimage\"},\"image\":{\"@id\":\"https:\/\/plmf.ee\/en\/xiii-tallinna-talvefestival-eesti-tippsolistid\/#primaryimage\"},\"thumbnailUrl\":\"https:\/\/www.plmf.ee\/wp-content\/uploads\/2020\/01\/Kristina-Kriit-197x300.jpg\",\"datePublished\":\"2020-01-22T12:42:19+00:00\",\"dateModified\":\"2020-01-22T13:05:13+00:00\",\"breadcrumb\":{\"@id\":\"https:\/\/plmf.ee\/en\/xiii-tallinna-talvefestival-eesti-tippsolistid\/#breadcrumb\"},\"inLanguage\":\"en-US\",\"potentialAction\":[{\"@type\":\"ReadAction\",\"target\":[\"https:\/\/plmf.ee\/en\/xiii-tallinna-talvefestival-eesti-tippsolistid\/\"]}]},{\"@type\":\"ImageObject\",\"inLanguage\":\"en-US\",\"@id\":\"https:\/\/plmf.ee\/en\/xiii-tallinna-talvefestival-eesti-tippsolistid\/#primaryimage\",\"url\":\"https:\/\/www.plmf.ee\/wp-content\/uploads\/2020\/01\/Kristina-Kriit-197x300.jpg\",\"contentUrl\":\"https:\/\/www.plmf.ee\/wp-content\/uploads\/2020\/01\/Kristina-Kriit-197x300.jpg\"},{\"@type\":\"BreadcrumbList\",\"@id\":\"https:\/\/plmf.ee\/en\/xiii-tallinna-talvefestival-eesti-tippsolistid\/#breadcrumb\",\"itemListElement\":[{\"@type\":\"ListItem\",\"position\":1,\"name\":\"Home\",\"item\":\"https:\/\/www.plmf.ee\/en\/\"},{\"@type\":\"ListItem\",\"position\":2,\"name\":\"XIII Tallinna Talvefestival \/ Eesti Tippsolistid\"}]},{\"@type\":\"WebSite\",\"@id\":\"https:\/\/plmf.ee\/#website\",\"url\":\"https:\/\/plmf.ee\/\",\"name\":\"Pille Lill Music Fund\",\"description\":\"Planet Of Talent\",\"potentialAction\":[{\"@type\":\"SearchAction\",\"target\":{\"@type\":\"EntryPoint\",\"urlTemplate\":\"https:\/\/plmf.ee\/?s={search_term_string}\"},\"query-input\":{\"@type\":\"PropertyValueSpecification\",\"valueRequired\":true,\"valueName\":\"search_term_string\"}}],\"inLanguage\":\"en-US\"}]}<\/script>\n<!-- \/ Yoast SEO plugin. -->","yoast_head_json":{"title":"XIII Tallinna Talvefestival \/ Eesti Tippsolistid - Pille Lill Music Fund","robots":{"index":"index","follow":"follow","max-snippet":"max-snippet:-1","max-image-preview":"max-image-preview:large","max-video-preview":"max-video-preview:-1"},"canonical":"https:\/\/plmf.ee\/en\/xiii-tallinna-talvefestival-eesti-tippsolistid\/","og_locale":"en_US","og_type":"article","og_title":"XIII Tallinna Talvefestival \/ Eesti Tippsolistid - Pille Lill Music Fund","og_description":"KRISTINA KRIIT on l\u00f5petanud Eesti Muusika- ja Teatriakadeemia magistrantuuri (prof. Mari Tampere-Bezrodny, 2004) ning t\u00e4iendanud end prof. Igor Bezrodny, Eduard Schmiederi, Pavel Vernikovi ja Hermann Krebbers\u2019i juures. Ta on \u00f5ppinud...","og_url":"https:\/\/plmf.ee\/en\/xiii-tallinna-talvefestival-eesti-tippsolistid\/","og_site_name":"Pille Lill Music Fund","article_modified_time":"2020-01-22T13:05:13+00:00","og_image":[{"url":"https:\/\/www.plmf.ee\/wp-content\/uploads\/2020\/01\/Kristina-Kriit-197x300.jpg","type":"","width":"","height":""}],"twitter_card":"summary_large_image","twitter_misc":{"Est. reading time":"4 minutes"},"schema":{"@context":"https:\/\/schema.org","@graph":[{"@type":"WebPage","@id":"https:\/\/plmf.ee\/en\/xiii-tallinna-talvefestival-eesti-tippsolistid\/","url":"https:\/\/plmf.ee\/en\/xiii-tallinna-talvefestival-eesti-tippsolistid\/","name":"XIII Tallinna Talvefestival \/ Eesti Tippsolistid - Pille Lill Music Fund","isPartOf":{"@id":"https:\/\/plmf.ee\/#website"},"primaryImageOfPage":{"@id":"https:\/\/plmf.ee\/en\/xiii-tallinna-talvefestival-eesti-tippsolistid\/#primaryimage"},"image":{"@id":"https:\/\/plmf.ee\/en\/xiii-tallinna-talvefestival-eesti-tippsolistid\/#primaryimage"},"thumbnailUrl":"https:\/\/www.plmf.ee\/wp-content\/uploads\/2020\/01\/Kristina-Kriit-197x300.jpg","datePublished":"2020-01-22T12:42:19+00:00","dateModified":"2020-01-22T13:05:13+00:00","breadcrumb":{"@id":"https:\/\/plmf.ee\/en\/xiii-tallinna-talvefestival-eesti-tippsolistid\/#breadcrumb"},"inLanguage":"en-US","potentialAction":[{"@type":"ReadAction","target":["https:\/\/plmf.ee\/en\/xiii-tallinna-talvefestival-eesti-tippsolistid\/"]}]},{"@type":"ImageObject","inLanguage":"en-US","@id":"https:\/\/plmf.ee\/en\/xiii-tallinna-talvefestival-eesti-tippsolistid\/#primaryimage","url":"https:\/\/www.plmf.ee\/wp-content\/uploads\/2020\/01\/Kristina-Kriit-197x300.jpg","contentUrl":"https:\/\/www.plmf.ee\/wp-content\/uploads\/2020\/01\/Kristina-Kriit-197x300.jpg"},{"@type":"BreadcrumbList","@id":"https:\/\/plmf.ee\/en\/xiii-tallinna-talvefestival-eesti-tippsolistid\/#breadcrumb","itemListElement":[{"@type":"ListItem","position":1,"name":"Home","item":"https:\/\/www.plmf.ee\/en\/"},{"@type":"ListItem","position":2,"name":"XIII Tallinna Talvefestival \/ Eesti Tippsolistid"}]},{"@type":"WebSite","@id":"https:\/\/plmf.ee\/#website","url":"https:\/\/plmf.ee\/","name":"Pille Lill Music Fund","description":"Planet Of Talent","potentialAction":[{"@type":"SearchAction","target":{"@type":"EntryPoint","urlTemplate":"https:\/\/plmf.ee\/?s={search_term_string}"},"query-input":{"@type":"PropertyValueSpecification","valueRequired":true,"valueName":"search_term_string"}}],"inLanguage":"en-US"}]}},"_links":{"self":[{"href":"https:\/\/plmf.ee\/en\/wp-json\/wp\/v2\/pages\/35477","targetHints":{"allow":["GET"]}}],"collection":[{"href":"https:\/\/plmf.ee\/en\/wp-json\/wp\/v2\/pages"}],"about":[{"href":"https:\/\/plmf.ee\/en\/wp-json\/wp\/v2\/types\/page"}],"author":[{"embeddable":true,"href":"https:\/\/plmf.ee\/en\/wp-json\/wp\/v2\/users\/7"}],"replies":[{"embeddable":true,"href":"https:\/\/plmf.ee\/en\/wp-json\/wp\/v2\/comments?post=35477"}],"version-history":[{"count":0,"href":"https:\/\/plmf.ee\/en\/wp-json\/wp\/v2\/pages\/35477\/revisions"}],"wp:attachment":[{"href":"https:\/\/plmf.ee\/en\/wp-json\/wp\/v2\/media?parent=35477"}],"curies":[{"name":"wp","href":"https:\/\/api.w.org\/{rel}","templated":true}]}}