{"id":33644,"date":"2018-05-04T15:36:22","date_gmt":"2018-05-04T12:36:22","guid":{"rendered":"https:\/\/www.plmf.ee\/eivere-pianistide-suvekool\/"},"modified":"2020-04-30T14:59:26","modified_gmt":"2020-04-30T11:59:26","slug":"eivere-pianistide-suvekool","status":"publish","type":"page","link":"https:\/\/plmf.ee\/en\/eivere-pianistide-suvekool\/","title":{"rendered":"EIVERE PIANISTIDE SUVEKOOL 2019"},"content":{"rendered":"<div class=\"row \"><div class=\"wpv-grid grid-1-1  wpv-first-level first unextended\" style=\"padding-top:0px;padding-bottom:0px\" id=\"wpv-column-813a195eb7a11a093e49f41502b50794\" ><p><b style=\"font-size: large; font-family: 'Times New Roman', serif; color: #000000;\">VI RAHVUSVAHELINE EIVERE PIANISTIDE SUVEKOOL 2. &#8211; 4. AUGUST 2019<br \/>\n<\/b><b style=\"font-size: large; font-family: 'Times New Roman', serif; color: #000000;\">Eivere m\u00f5isas ja Paide Muusikakoolis<br \/>\n<\/b><b style=\"font-size: large; font-family: 'Times New Roman', serif; color: #000000;\">Juhendaja\/\u00f5ppej\u00f5ud:<br \/>\n<\/b><\/p>\n<h1 class=\"m_-2012005576614156275gmail-western\"><b style=\"font-size: large; font-family: 'Times New Roman', serif; color: #000000;\"><span style=\"color: #0000ff;\"><a style=\"color: #0000ff;\" href=\"https:\/\/www.plmf.eeportfolio\/irina-zahharenkova-klaver\/\"><strong><span style=\"font-family: 'Times New Roman', serif;\"><span style=\"font-size: large;\">Irina Zahharenkova<\/span><\/span><\/strong><span style=\"font-size: large;\">\u00a0<\/span><span style=\"font-family: 'Times New Roman', serif;\"><span style=\"font-size: large;\">(Eesti\/Soome)<\/span><\/span><\/a><\/span><\/b><\/h1>\n<p><span style=\"color: #000000;\"><span style=\"font-family: 'Times New Roman', serif;\"><span style=\"font-size: large;\"><strong>Aktiivsetele osalejatele v\u00f5imaldame:<\/strong><br \/>\n<\/span><\/span><\/span><span style=\"color: #000000;\"><span style=\"font-family: 'Times New Roman', serif;\"><span style=\"font-size: large;\">&#8211;<\/span><\/span><\/span><span style=\"color: #000000;\"><span style=\"font-family: 'Times New Roman', serif;\"><span style=\"font-size: large;\">\u00a0<\/span><\/span><\/span><span style=\"color: #000000;\"><span style=\"font-family: 'Times New Roman', serif;\"><span style=\"font-size: large;\">2&#215;45 min individuaal\u00f5pet \u00f5petaja juhendamisel;<\/span><\/span><\/span><span style=\"color: #000000;\"><span style=\"font-family: 'Times New Roman', serif;\"><span style=\"font-size: large;\"><br \/>\n&#8211; esinemise 4. augustil VII Eivere Klaverifestivali suvekooli l\u00f5ppkontserdil<br \/>\nkell 12.00 Paide Raekojas.<\/span><\/span><\/span><\/p>\n<p><span style=\"color: #000000;\"><span style=\"font-family: 'Times New Roman', serif;\"><span style=\"font-size: large;\">Lisaks on osalejatel koos vanematega 2.- 4. augusti \u00f5htustele festivali kontsertidele vaba sissep\u00e4\u00e4s, vaata kava<\/span><\/span><\/span><span style=\"color: #000000;\"><span style=\"font-family: 'Times New Roman', serif;\"><span style=\"font-size: large;\">\u00a0<\/span><\/span><\/span><span style=\"color: #000000;\"><span style=\"font-family: 'Times New Roman', serif;\"><span style=\"font-size: large;\"><a href=\"https:\/\/www.plmf.ee\/\" target=\"_blank\" rel=\"noopener noreferrer\" data-saferedirecturl=\"https:\/\/www.google.com\/url?hl=et&amp;q=https:\/\/www.plmf.ee\/&amp;source=gmail&amp;ust=1528881023984000&amp;usg=AFQjCNFm-l-W8sPuYCMc7MfqE3JtqDwuAQ\">www.plmf.ee<\/a>.<\/span><\/span><\/span><\/p>\n<p><span style=\"color: #000000;\"><span style=\"font-family: 'Times New Roman', serif;\"><span style=\"font-size: large;\">Osalema oodatakse muusikakoolide vanemate klasside, Tallinna Muusikakeskkooli, Georg Otsa nimelise Muusikakooli ja Heino Elleri nimelise Tartu Muusikakooli \u00f5pilasi, EMTA \u00fcli\u00f5pilasi ning akadeemilise k\u00f5rghariduse omandanud\u00a0pianiste\u00a0ilma vanusepiiranguta.<\/span><\/span><\/span><strong><span style=\"color: #000000;\">\u00a0<\/span><\/strong><\/p>\n<p><strong><span style=\"color: #000000;\"><span style=\"font-family: 'Times New Roman', serif;\"><span style=\"font-size: large;\">Kursuse tasu aktiivsetele osalejatele:<br \/>\n<\/span><\/span><\/span><\/strong><span style=\"color: #000000;\"><span style=\"font-family: 'Times New Roman', serif;\"><span style=\"font-size: large;\">&#8211; 3 p\u00e4eva ilma \u00f6\u00f6bimiseta<\/span><\/span><\/span><strong><span style=\"color: #000000;\">\u00a0<\/span><\/strong><strong><span style=\"color: #000000;\"><span style=\"font-family: 'Times New Roman', serif;\"><span style=\"font-size: large;\">50 eurot<\/span><\/span><\/span><\/strong><span style=\"color: #000000;\">\u00a0<\/span><span style=\"color: #000000;\"><span style=\"font-family: 'Times New Roman', serif;\"><span style=\"font-size: large;\">(kolme p\u00e4eva l\u00f5unas\u00f6\u00f6k)<br \/>\n&#8211; 3 p\u00e4eva koos \u00f6\u00f6bimisega<\/span><\/span><\/span><strong><span style=\"color: #000000;\">\u00a0<\/span><\/strong><strong><span style=\"color: #000000;\"><span style=\"font-family: 'Times New Roman', serif;\"><span style=\"font-size: large;\">85 eurot<\/span><\/span><\/span><\/strong><span style=\"color: #000000;\">\u00a0<\/span><span style=\"color: #000000;\"><span style=\"font-family: 'Times New Roman', serif;\"><span style=\"font-size: large;\">(kaks \u00f6\u00f6d+toitlustamine, \u00f6\u00f6bimine toimub Eivere m\u00f5isa k\u00fclalistemajas)<br \/>\n<span style=\"color: #333333; font-family: Georgia, 'Times New Roman', 'Bitstream Charter', Times, serif; font-size: 16px;\"><br \/>\n\u00dclekanne palume teha:<\/span><\/span><\/span><\/span><\/p>\n<p><span style=\"color: #000000;\"><span style=\"font-family: 'Times New Roman', serif;\"><span style=\"font-size: large;\"><span style=\"color: #333333; font-family: Georgia, 'Times New Roman', 'Bitstream Charter', Times, serif; font-size: 16px;\">MT\u00dc Muusikute T\u00e4iend\u00f5ppe Keskus<br \/>\n<\/span><\/span><\/span><\/span>Paldiski mnt 26-17<br \/>\nRegistrikood 80182742<br \/>\nM\u00e4rgus\u00f5ne &#8220;Eivere suvekool&#8221;<\/p>\n<p><span style=\"font-size: large; font-family: 'Times New Roman', serif; color: #000000;\">Tundide kuulamine on avatud k\u00f5igile huvilistele TASUTA!<\/span><\/p>\n<p><strong><span style=\"color: #000000;\"><span style=\"font-family: 'Times New Roman', serif;\"><span style=\"font-size: large;\">Avaldusi ootame 31. juulini <\/span><\/span><\/span><\/strong><span style=\"color: #000000;\"><span style=\"font-family: 'Times New Roman', serif;\"><span style=\"font-size: large;\">aadressil\u00a0<a href=\"mailto:plmf@plmf.ee\" target=\"_blank\" rel=\"noopener noreferrer\">plmf@plmf.ee<\/a><wbr \/> pealkirjaga Eivere Suvekool 2019:<br \/>\n(nimi, s\u00fcnniaasta, aadress\/e-mail, telefon, muusikaline haridus,<br \/>\neriala\u00f5petajad, orkestri- ja solistikogemus).<\/span><\/span><\/span><\/p>\n<p><span style=\"font-size: large; font-family: 'Times New Roman', serif; color: #000000;\">Lisainfo:<br \/>\n<\/span><span style=\"font-size: large; font-family: 'Times New Roman', serif; color: #000000;\">Pille Lill<br \/>\n<\/span><span style=\"font-size: large; font-family: 'Times New Roman', serif; color: #000000;\">+372 51 14077<\/span><\/p>\n<p>&#8212;&#8212;&#8212;&#8212;&#8212;&#8212;&#8212;&#8212;&#8212;&#8212;&#8212;&#8212;&#8212;&#8212;&#8212;&#8212;&#8212;&#8212;&#8212;&#8212;&#8212;&#8212;&#8212;&#8212;&#8212;&#8212;&#8212;&#8212;&#8212;&#8212;&#8212;&#8212;&#8212;-<\/p>\n<h1 class=\"m_-2012005576614156275gmail-western\"><span style=\"color: #000000;\"><span style=\"font-family: 'Times New Roman', serif;\"><span style=\"font-size: large;\"><b><a href=\"https:\/\/www.plmf.ee\/wp-content\/uploads\/2018\/06\/B\u00e4nner_Eivere_festival_2018_1170x520px-1.jpg\"><img decoding=\"async\" class=\"alignnone wp-image-29819\" src=\"https:\/\/www.plmf.ee\/wp-content\/uploads\/2018\/06\/B\u00e4nner_Eivere_festival_2018_1170x520px-1.jpg\" alt=\"\" width=\"750\" height=\"333\" srcset=\"https:\/\/plmf.ee\/wp-content\/uploads\/2018\/06\/B\u00e4nner_Eivere_festival_2018_1170x520px-1.jpg 1170w, https:\/\/plmf.ee\/wp-content\/uploads\/2018\/06\/B\u00e4nner_Eivere_festival_2018_1170x520px-1-600x267.jpg 600w, https:\/\/plmf.ee\/wp-content\/uploads\/2018\/06\/B\u00e4nner_Eivere_festival_2018_1170x520px-1-300x133.jpg 300w, https:\/\/plmf.ee\/wp-content\/uploads\/2018\/06\/B\u00e4nner_Eivere_festival_2018_1170x520px-1-768x341.jpg 768w, https:\/\/plmf.ee\/wp-content\/uploads\/2018\/06\/B\u00e4nner_Eivere_festival_2018_1170x520px-1-1024x455.jpg 1024w, https:\/\/plmf.ee\/wp-content\/uploads\/2018\/06\/B\u00e4nner_Eivere_festival_2018_1170x520px-1-1140x507.jpg 1140w, https:\/\/plmf.ee\/wp-content\/uploads\/2018\/06\/B\u00e4nner_Eivere_festival_2018_1170x520px-1-555x247.jpg 555w, https:\/\/plmf.ee\/wp-content\/uploads\/2018\/06\/B\u00e4nner_Eivere_festival_2018_1170x520px-1-360x160.jpg 360w, https:\/\/plmf.ee\/wp-content\/uploads\/2018\/06\/B\u00e4nner_Eivere_festival_2018_1170x520px-1-262x116.jpg 262w\" sizes=\"(max-width: 750px) 100vw, 750px\" \/><\/a><\/b><\/span><\/span><\/span><\/h1>\n<p>V Rahvusvaheline Eivere Pianistide Suvekool 3. &#8211; 5. AUGUST 2018<\/p>\n<p><span style=\"color: #000000;\"><span style=\"font-family: 'Times New Roman', serif;\"><span style=\"font-size: large;\">Eivere m\u00f5isas ja Paide Muusikakoolis! <\/span><\/span><\/span><\/p>\n<p><span style=\"color: #000000;\"><span style=\"font-family: 'Times New Roman', serif;\"><span style=\"font-size: large;\">Juhendajad-\u00f5ppej\u00f5ud:<\/span><\/span><\/span><\/p>\n<p><a href=\"https:\/\/www.plmf.eeportfolio\/irina-zahharenkova-klaver\/\"><strong><span style=\"color: #000066;\"><span style=\"font-family: 'Times New Roman', serif;\"><span style=\"font-size: large;\">Irina Zahharenkova<\/span><\/span><\/span><\/strong><span style=\"color: #000066;\"><span style=\"font-size: large;\">\u00a0<\/span><\/span><span style=\"color: #000066;\"><span style=\"font-family: 'Times New Roman', serif;\"><span style=\"font-size: large;\">(Eesti\/Soome)<br \/>\n<\/span><\/span><\/span><\/a><a href=\"https:\/\/en.wikipedia.org\/wiki\/Anahit_Nersesyan\"><span style=\"color: #000066;\"><span style=\"font-family: 'Times New Roman', serif;\"><span style=\"font-size: large;\"><b>Anahit Nersesyan<\/b><\/span><\/span><\/span><span style=\"color: #000066;\"><span style=\"font-size: large;\">\u00a0<\/span><\/span><span style=\"color: #000066;\"><span style=\"font-family: 'Times New Roman', serif;\"><span style=\"font-size: large;\">(Armeenia)<\/span><\/span><\/span> <\/a><\/p>\n<p><span style=\"color: #000000;\"><span style=\"font-family: 'Times New Roman', serif;\"><span style=\"font-size: large;\"><strong>Aktiivsetele osalejatele v\u00f5imaldame:<\/strong><br \/>\n<\/span><\/span><\/span><span style=\"color: #000000;\"><span style=\"font-family: 'Times New Roman', serif;\"><span style=\"font-size: large;\">&#8211;<\/span><\/span><\/span><span style=\"color: #000000;\"><span style=\"font-family: 'Times New Roman', serif;\"><span style=\"font-size: large;\">\u00a0<\/span><\/span><\/span><span style=\"color: #000000;\"><span style=\"font-family: 'Times New Roman', serif;\"><span style=\"font-size: large;\">2&#215;45 min individuaal\u00f5pet \u00f5petaja juhendamisel;<\/span><\/span><\/span><span style=\"color: #000000;\"><span style=\"font-family: 'Times New Roman', serif;\"><span style=\"font-size: large;\"><br \/>\n&#8211; esinemise 5. augustil VI Eivere Klaverifestivali suvekooli l\u00f5ppkontserdil<br \/>\nkell 12.00 Paide Raekojas.<\/span><\/span><\/span><\/p>\n<p><span style=\"color: #000000;\"><span style=\"font-family: 'Times New Roman', serif;\"><span style=\"font-size: large;\">Lisaks on osalejatel koos vanematega 3.- 5. augusti \u00f5htustele festivali kontsertidele vaba sissep\u00e4\u00e4s, vaata kava<\/span><\/span><\/span><span style=\"color: #000000;\"><span style=\"font-family: 'Times New Roman', serif;\"><span style=\"font-size: large;\">\u00a0<\/span><\/span><\/span><span style=\"color: #000000;\"><span style=\"font-family: 'Times New Roman', serif;\"><span style=\"font-size: large;\"><a href=\"https:\/\/www.plmf.ee\/\" target=\"_blank\" rel=\"noopener noreferrer\" data-saferedirecturl=\"https:\/\/www.google.com\/url?hl=et&amp;q=https:\/\/www.plmf.ee\/&amp;source=gmail&amp;ust=1528881023984000&amp;usg=AFQjCNFm-l-W8sPuYCMc7MfqE3JtqDwuAQ\">www.plmf.ee<\/a>.<\/span><\/span><\/span><\/p>\n<p><span style=\"color: #000000;\"><span style=\"font-family: 'Times New Roman', serif;\"><span style=\"font-size: large;\">Osalema oodatakse muusikakoolide vanemate klasside, Tallinna Muusikakeskkooli, Georg Otsa nimelise Muusikakooli ja Heino Elleri nimelise Tartu Muusikakooli \u00f5pilasi, EMTA \u00fcli\u00f5pilasi ning akadeemilise k\u00f5rghariduse omandanud\u00a0pianiste\u00a0ilma vanusepiiranguta.<\/span><\/span><\/span><strong><span style=\"color: #000000;\">\u00a0<\/span><\/strong><\/p>\n<p><strong><span style=\"color: #000000;\"><span style=\"font-family: 'Times New Roman', serif;\"><span style=\"font-size: large;\">Kursuse tasu aktiivsetele osalejatele:<br \/>\n<\/span><\/span><\/span><\/strong><span style=\"color: #000000;\"><span style=\"font-family: 'Times New Roman', serif;\"><span style=\"font-size: large;\">&#8211; 3 p\u00e4eva ilma \u00f6\u00f6bimiseta<\/span><\/span><\/span><strong><span style=\"color: #000000;\">\u00a0<\/span><\/strong><strong><span style=\"color: #000000;\"><span style=\"font-family: 'Times New Roman', serif;\"><span style=\"font-size: large;\">50 eurot<\/span><\/span><\/span><\/strong><span style=\"color: #000000;\">\u00a0<\/span><span style=\"color: #000000;\"><span style=\"font-family: 'Times New Roman', serif;\"><span style=\"font-size: large;\">(kolme p\u00e4eva l\u00f5unas\u00f6\u00f6k)<br \/>\n&#8211; 3 p\u00e4eva koos \u00f6\u00f6bimisega<\/span><\/span><\/span><strong><span style=\"color: #000000;\">\u00a0<\/span><\/strong><strong><span style=\"color: #000000;\"><span style=\"font-family: 'Times New Roman', serif;\"><span style=\"font-size: large;\">85 eurot<\/span><\/span><\/span><\/strong><span style=\"color: #000000;\">\u00a0<\/span><span style=\"color: #000000;\"><span style=\"font-family: 'Times New Roman', serif;\"><span style=\"font-size: large;\">(kaks \u00f6\u00f6d+toitlustamine, \u00f6\u00f6bimine toimub Eivere m\u00f5isa k\u00fclalistemajas)<\/span><\/span><\/span><\/p>\n<p><span style=\"color: #000000;\"><span style=\"font-family: 'Times New Roman', serif;\"><span style=\"font-size: large;\">Tundide kuulamine on avatud k\u00f5igile huvilistele TASUTA!<\/span><\/span><\/span><\/p>\n<p><strong><span style=\"color: #000000;\"><span style=\"font-family: 'Times New Roman', serif;\"><span style=\"font-size: large;\">Avaldusi ootame 6. juulini\u00a0<\/span><\/span><\/span><\/strong><span style=\"color: #000000;\"><span style=\"font-family: 'Times New Roman', serif;\"><span style=\"font-size: large;\">aadressil\u00a0<a href=\"mailto:plmf@plmf.ee\" target=\"_blank\" rel=\"noopener noreferrer\">plmf@plmf.ee<\/a><wbr \/>\u00a0pealkirjaga Eivere\u00a0Suvekool 2018:<br \/>\n(nimi, s\u00fcnniaasta, aadress\/e-mail, telefon, muusikaline haridus,<br \/>\neriala\u00f5petajad, orkestri- ja solistikogemus).<\/span><\/span><\/span><\/p>\n<p><span style=\"color: #000000;\"><span style=\"font-family: 'Times New Roman', serif;\"><span style=\"font-size: large;\">Lisainfo:<br \/>\nPille Lill<br \/>\n+372 51 14077<\/span><\/span><\/span><\/div><\/div>\n<div class=\"row \"><div class=\"wpv-grid grid-1-1  wpv-first-level first unextended\" style=\"padding-top:0px;padding-bottom:0px\" id=\"wpv-column-5a061982b1f39933c0fb5619db715629\" ><\/div><\/div>\n","protected":false},"excerpt":{"rendered":"<p>VI RAHVUSVAHELINE EIVERE PIANISTIDE SUVEKOOL 2. &#8211; 4. AUGUST 2019 Eivere m\u00f5isas ja Paide Muusikakoolis Juhendaja\/\u00f5ppej\u00f5ud: Irina Zahharenkova\u00a0(Eesti\/Soome) Aktiivsetele osalejatele v\u00f5imaldame: &#8211;\u00a02&#215;45 min individuaal\u00f5pet \u00f5petaja juhendamisel; &#8211; esinemise 4. augustil&#8230;<\/p>\n","protected":false},"author":7,"featured_media":0,"parent":0,"menu_order":0,"comment_status":"closed","ping_status":"closed","template":"","meta":{"footnotes":""},"class_list":["post-33644","page","type-page","status-publish","hentry"],"yoast_head":"<!-- This site is optimized with the Yoast SEO plugin v27.1.1 - https:\/\/yoast.com\/product\/yoast-seo-wordpress\/ -->\n<title>EIVERE PIANISTIDE SUVEKOOL 2019 - Pille Lill Music Fund<\/title>\n<meta name=\"robots\" content=\"index, follow, max-snippet:-1, max-image-preview:large, max-video-preview:-1\" \/>\n<link rel=\"canonical\" href=\"https:\/\/plmf.ee\/en\/eivere-pianistide-suvekool\/\" \/>\n<meta property=\"og:locale\" content=\"en_US\" \/>\n<meta property=\"og:type\" content=\"article\" \/>\n<meta property=\"og:title\" content=\"EIVERE PIANISTIDE SUVEKOOL 2019 - Pille Lill Music Fund\" \/>\n<meta property=\"og:description\" content=\"VI RAHVUSVAHELINE EIVERE PIANISTIDE SUVEKOOL 2. &#8211; 4. AUGUST 2019 Eivere m\u00f5isas ja Paide Muusikakoolis Juhendaja\/\u00f5ppej\u00f5ud: Irina Zahharenkova\u00a0(Eesti\/Soome) Aktiivsetele osalejatele v\u00f5imaldame: &#8211;\u00a02&#215;45 min individuaal\u00f5pet \u00f5petaja juhendamisel; &#8211; esinemise 4. augustil...\" \/>\n<meta property=\"og:url\" content=\"https:\/\/plmf.ee\/en\/eivere-pianistide-suvekool\/\" \/>\n<meta property=\"og:site_name\" content=\"Pille Lill Music Fund\" \/>\n<meta property=\"article:modified_time\" content=\"2020-04-30T11:59:26+00:00\" \/>\n<meta name=\"twitter:card\" content=\"summary_large_image\" \/>\n<meta name=\"twitter:label1\" content=\"Est. reading time\" \/>\n\t<meta name=\"twitter:data1\" content=\"2 minutes\" \/>\n<script type=\"application\/ld+json\" class=\"yoast-schema-graph\">{\"@context\":\"https:\/\/schema.org\",\"@graph\":[{\"@type\":\"WebPage\",\"@id\":\"https:\/\/plmf.ee\/en\/eivere-pianistide-suvekool\/\",\"url\":\"https:\/\/plmf.ee\/en\/eivere-pianistide-suvekool\/\",\"name\":\"EIVERE PIANISTIDE SUVEKOOL 2019 - Pille Lill Music Fund\",\"isPartOf\":{\"@id\":\"https:\/\/www.plmf.ee\/#website\"},\"datePublished\":\"2018-05-04T12:36:22+00:00\",\"dateModified\":\"2020-04-30T11:59:26+00:00\",\"breadcrumb\":{\"@id\":\"https:\/\/plmf.ee\/en\/eivere-pianistide-suvekool\/#breadcrumb\"},\"inLanguage\":\"en-US\",\"potentialAction\":[{\"@type\":\"ReadAction\",\"target\":[\"https:\/\/plmf.ee\/en\/eivere-pianistide-suvekool\/\"]}]},{\"@type\":\"BreadcrumbList\",\"@id\":\"https:\/\/plmf.ee\/en\/eivere-pianistide-suvekool\/#breadcrumb\",\"itemListElement\":[{\"@type\":\"ListItem\",\"position\":1,\"name\":\"Home\",\"item\":\"https:\/\/plmf.ee\/en\/\"},{\"@type\":\"ListItem\",\"position\":2,\"name\":\"EIVERE PIANISTIDE SUVEKOOL 2019\"}]},{\"@type\":\"WebSite\",\"@id\":\"https:\/\/www.plmf.ee\/#website\",\"url\":\"https:\/\/www.plmf.ee\/\",\"name\":\"Pille Lill Music Fund\",\"description\":\"Planet Of Talent\",\"potentialAction\":[{\"@type\":\"SearchAction\",\"target\":{\"@type\":\"EntryPoint\",\"urlTemplate\":\"https:\/\/www.plmf.ee\/?s={search_term_string}\"},\"query-input\":{\"@type\":\"PropertyValueSpecification\",\"valueRequired\":true,\"valueName\":\"search_term_string\"}}],\"inLanguage\":\"en-US\"}]}<\/script>\n<!-- \/ Yoast SEO plugin. -->","yoast_head_json":{"title":"EIVERE PIANISTIDE SUVEKOOL 2019 - Pille Lill Music Fund","robots":{"index":"index","follow":"follow","max-snippet":"max-snippet:-1","max-image-preview":"max-image-preview:large","max-video-preview":"max-video-preview:-1"},"canonical":"https:\/\/plmf.ee\/en\/eivere-pianistide-suvekool\/","og_locale":"en_US","og_type":"article","og_title":"EIVERE PIANISTIDE SUVEKOOL 2019 - Pille Lill Music Fund","og_description":"VI RAHVUSVAHELINE EIVERE PIANISTIDE SUVEKOOL 2. &#8211; 4. AUGUST 2019 Eivere m\u00f5isas ja Paide Muusikakoolis Juhendaja\/\u00f5ppej\u00f5ud: Irina Zahharenkova\u00a0(Eesti\/Soome) Aktiivsetele osalejatele v\u00f5imaldame: &#8211;\u00a02&#215;45 min individuaal\u00f5pet \u00f5petaja juhendamisel; &#8211; esinemise 4. augustil...","og_url":"https:\/\/plmf.ee\/en\/eivere-pianistide-suvekool\/","og_site_name":"Pille Lill Music Fund","article_modified_time":"2020-04-30T11:59:26+00:00","twitter_card":"summary_large_image","twitter_misc":{"Est. reading time":"2 minutes"},"schema":{"@context":"https:\/\/schema.org","@graph":[{"@type":"WebPage","@id":"https:\/\/plmf.ee\/en\/eivere-pianistide-suvekool\/","url":"https:\/\/plmf.ee\/en\/eivere-pianistide-suvekool\/","name":"EIVERE PIANISTIDE SUVEKOOL 2019 - Pille Lill Music Fund","isPartOf":{"@id":"https:\/\/www.plmf.ee\/#website"},"datePublished":"2018-05-04T12:36:22+00:00","dateModified":"2020-04-30T11:59:26+00:00","breadcrumb":{"@id":"https:\/\/plmf.ee\/en\/eivere-pianistide-suvekool\/#breadcrumb"},"inLanguage":"en-US","potentialAction":[{"@type":"ReadAction","target":["https:\/\/plmf.ee\/en\/eivere-pianistide-suvekool\/"]}]},{"@type":"BreadcrumbList","@id":"https:\/\/plmf.ee\/en\/eivere-pianistide-suvekool\/#breadcrumb","itemListElement":[{"@type":"ListItem","position":1,"name":"Home","item":"https:\/\/plmf.ee\/en\/"},{"@type":"ListItem","position":2,"name":"EIVERE PIANISTIDE SUVEKOOL 2019"}]},{"@type":"WebSite","@id":"https:\/\/www.plmf.ee\/#website","url":"https:\/\/www.plmf.ee\/","name":"Pille Lill Music Fund","description":"Planet Of Talent","potentialAction":[{"@type":"SearchAction","target":{"@type":"EntryPoint","urlTemplate":"https:\/\/www.plmf.ee\/?s={search_term_string}"},"query-input":{"@type":"PropertyValueSpecification","valueRequired":true,"valueName":"search_term_string"}}],"inLanguage":"en-US"}]}},"_links":{"self":[{"href":"https:\/\/plmf.ee\/en\/wp-json\/wp\/v2\/pages\/33644","targetHints":{"allow":["GET"]}}],"collection":[{"href":"https:\/\/plmf.ee\/en\/wp-json\/wp\/v2\/pages"}],"about":[{"href":"https:\/\/plmf.ee\/en\/wp-json\/wp\/v2\/types\/page"}],"author":[{"embeddable":true,"href":"https:\/\/plmf.ee\/en\/wp-json\/wp\/v2\/users\/7"}],"replies":[{"embeddable":true,"href":"https:\/\/plmf.ee\/en\/wp-json\/wp\/v2\/comments?post=33644"}],"version-history":[{"count":0,"href":"https:\/\/plmf.ee\/en\/wp-json\/wp\/v2\/pages\/33644\/revisions"}],"wp:attachment":[{"href":"https:\/\/plmf.ee\/en\/wp-json\/wp\/v2\/media?parent=33644"}],"curies":[{"name":"wp","href":"https:\/\/api.w.org\/{rel}","templated":true}]}}