{"id":31983,"date":"2019-01-11T16:11:33","date_gmt":"2019-01-11T13:11:33","guid":{"rendered":"https:\/\/www.plmf.ee\/michael-hyokun-ha-meistrikursus\/"},"modified":"2020-06-08T14:19:08","modified_gmt":"2020-06-08T11:19:08","slug":"michael-hyokun-ha-meistrikursus","status":"publish","type":"page","link":"https:\/\/plmf.ee\/en\/michael-hyokun-ha-meistrikursus\/","title":{"rendered":"Michael Hyokun Ha MEISTRIKURSUS"},"content":{"rendered":"<div class=\"row \"><div class=\"wpv-grid grid-1-1  wpv-first-level first unextended\" style=\"padding-top:0px;padding-bottom:0px\" id=\"wpv-column-37c17dcf54dd73dc5e79728294e11d71\" ><p class=\"western\"><span style=\"color: #000000; font-family: georgia, palatino, serif; font-size: 12pt;\"><strong>PLMF Academia Nova esitleb:<\/strong><br \/>\n19. \u2013 21. veebruar\u00a02019 kl 11-18.00 (t\u00e4pset toimumisaega ja ruumi vaata p\u00e4rast 11.02)<br \/>\nS<span lang=\"en-US\">\u00fcdalinna koolis (Liivalaia 23)<\/p>\n<p><\/span><strong>MEISTRIKURSUS LAULJATELE\u00a0<\/strong><br \/>\nJuhendaja<strong> Michael Hyokun Ha<\/strong> (tenor, Korea)<br \/>\nkontsertmeister<strong> Tiina K\u00e4rblane<\/strong><br \/>\nOsav\u00f5tajatele v\u00f5imaldame 2&#215;45 \u00f5pet koos kontsertmeistriga ning esinemine Tallinna Raekojas 21.02 kl 19.00 Tallinna Talvefestivali raames.<\/span><\/p>\n<p>Hind osav\u00f5tjatele: 50\u20ac<br \/>\nHind kuulajatele: 10\u20ac p\u00e4ev (maksmine koha peal sularahas)<\/p>\n<p>(<span lang=\"en-US\">\u00fc<\/span>lekanne hiljemalt 10. veebruariks a\/a EE037700771003227591 AS LHV Pank, Muusikute T\u00e4iend\u00f5ppe Keskus MT\u00dc, selgitusse &#8220;Meistrikursus&#8221;).<br \/>\nOsalussoovist koos repertuaariga anda teada hiljemalt 10. veebruariks 2019.a\u00a0<a style=\"color: #000000;\" href=\"mailto:plmf@plmf.ee\" target=\"_blank\" rel=\"noopener noreferrer\">plmf@plmf.ee<\/a><\/p>\n<p class=\"western\"><span style=\"color: #000000; font-family: georgia, palatino, serif; font-size: 12pt;\">T<span lang=\"en-US\">\u00e4<\/span>psem info 5114077 (Pille Lill).<\/span><\/p>\n<p class=\"western\"><span style=\"color: #000000; font-family: georgia, palatino, serif; font-size: 12pt;\">Kursus on m<span lang=\"en-US\">\u00f5<\/span>eldud lauljatele, kes vajavad oma erialal inspiratsiooni j<span lang=\"en-US\">\u00e4<\/span>tkamiseks, h<span lang=\"en-US\">\u00e4<\/span>id n<span lang=\"en-US\">\u00f5<\/span>uandeid, nii repertuaari kui stiilide osas, kui ka tuleviku planeerimisel.\u00a0<\/span><\/p>\n<p class=\"western\"><span style=\"font-family: georgia, palatino, serif; font-size: 12pt; color: #000000;\"><b>MICHAEL HYOKUN HA<br \/>\n<\/b><span lang=\"et-EE\">on L\u00f5una-Korea p\u00e4ritolu tenor, kes alustas laulu\u00f5pinguid Seouli Hanyangi \u00dclikoolis ning a<\/span>lates magistrikraadi omandamisest 2012. aastal t\u00f6\u00f6tab Braunschweigi ooperiteatris Saksamaal. Tema rollide hulka kuuluvad Nemorino (Donizetti \u201eArmujook\u201c), Tamino (Mozart \u201eV\u00f5lufl\u00f6\u00f6t\u201c), Aquilio (Vivaldi \u201eFarnace\u201c), II Mantua hertsog (Verdi \u201eRigoletto\u201c), Canio (Leoncavallo \u201ePagliacci\u201c), Turiddu (Mascagni \u201eTalupoja au\u201c) jt.\u00a0<span lang=\"et-EE\">\u00a0Ta on v\u00f5tnud osa Margreet Honigi, Dame Gwyneth Jonesi ja Rudolf Knolli\u00a0meistrikursustest\u00a0Mozarteum Salzburgi suveakadeemias ning\u00a0saanud t\u00e4iend\u00f5pet sellistelt itaalia meistritelt nagu Gianfranco Cecchele, Nicola Martinucci ning Mietta Sighele.<\/span><\/span><\/div><\/div>\n","protected":false},"excerpt":{"rendered":"<p>PLMF Academia Nova esitleb: 19. \u2013 21. veebruar\u00a02019 kl 11-18.00 (t\u00e4pset toimumisaega ja ruumi vaata p\u00e4rast 11.02) S\u00fcdalinna koolis (Liivalaia 23) MEISTRIKURSUS LAULJATELE\u00a0 Juhendaja Michael Hyokun Ha (tenor, Korea) kontsertmeister&#8230;<\/p>\n","protected":false},"author":7,"featured_media":31978,"parent":0,"menu_order":0,"comment_status":"closed","ping_status":"closed","template":"","meta":{"footnotes":""},"class_list":["post-31983","page","type-page","status-publish","has-post-thumbnail","hentry"],"yoast_head":"<!-- This site is optimized with the Yoast SEO plugin v27.1.1 - https:\/\/yoast.com\/product\/yoast-seo-wordpress\/ -->\n<title>Michael Hyokun Ha MEISTRIKURSUS - Pille Lill Music Fund<\/title>\n<meta name=\"robots\" content=\"index, follow, max-snippet:-1, max-image-preview:large, max-video-preview:-1\" \/>\n<link rel=\"canonical\" href=\"https:\/\/plmf.ee\/michael-hyokun-ha-meistrikursus\/\" \/>\n<meta property=\"og:locale\" content=\"en_US\" \/>\n<meta property=\"og:type\" content=\"article\" \/>\n<meta property=\"og:title\" content=\"Michael Hyokun Ha MEISTRIKURSUS - Pille Lill Music Fund\" \/>\n<meta property=\"og:description\" content=\"PLMF Academia Nova esitleb: 19. \u2013 21. veebruar\u00a02019 kl 11-18.00 (t\u00e4pset toimumisaega ja ruumi vaata p\u00e4rast 11.02) S\u00fcdalinna koolis (Liivalaia 23) MEISTRIKURSUS LAULJATELE\u00a0 Juhendaja Michael Hyokun Ha (tenor, Korea) kontsertmeister...\" \/>\n<meta property=\"og:url\" content=\"https:\/\/plmf.ee\/michael-hyokun-ha-meistrikursus\/\" \/>\n<meta property=\"og:site_name\" content=\"Pille Lill Music Fund\" \/>\n<meta property=\"article:modified_time\" content=\"2020-06-08T11:19:08+00:00\" \/>\n<meta property=\"og:image\" content=\"https:\/\/plmf.ee\/wp-content\/uploads\/2019\/01\/talvefestival2019-plakat-meistrikursus.jpg\" \/>\n\t<meta property=\"og:image:width\" content=\"842\" \/>\n\t<meta property=\"og:image:height\" content=\"1191\" \/>\n\t<meta property=\"og:image:type\" content=\"image\/jpeg\" \/>\n<meta name=\"twitter:card\" content=\"summary_large_image\" \/>\n<meta name=\"twitter:label1\" content=\"Est. reading time\" \/>\n\t<meta name=\"twitter:data1\" content=\"1 minute\" \/>\n<script type=\"application\/ld+json\" class=\"yoast-schema-graph\">{\"@context\":\"https:\/\/schema.org\",\"@graph\":[{\"@type\":\"WebPage\",\"@id\":\"https:\/\/plmf.ee\/michael-hyokun-ha-meistrikursus\/\",\"url\":\"https:\/\/plmf.ee\/michael-hyokun-ha-meistrikursus\/\",\"name\":\"Michael Hyokun Ha MEISTRIKURSUS - Pille Lill Music Fund\",\"isPartOf\":{\"@id\":\"https:\/\/plmf.ee\/#website\"},\"primaryImageOfPage\":{\"@id\":\"https:\/\/plmf.ee\/michael-hyokun-ha-meistrikursus\/#primaryimage\"},\"image\":{\"@id\":\"https:\/\/plmf.ee\/michael-hyokun-ha-meistrikursus\/#primaryimage\"},\"thumbnailUrl\":\"https:\/\/plmf.ee\/wp-content\/uploads\/2019\/01\/talvefestival2019-plakat-meistrikursus.jpg\",\"datePublished\":\"2019-01-11T13:11:33+00:00\",\"dateModified\":\"2020-06-08T11:19:08+00:00\",\"breadcrumb\":{\"@id\":\"https:\/\/plmf.ee\/michael-hyokun-ha-meistrikursus\/#breadcrumb\"},\"inLanguage\":\"en-US\",\"potentialAction\":[{\"@type\":\"ReadAction\",\"target\":[\"https:\/\/plmf.ee\/michael-hyokun-ha-meistrikursus\/\"]}]},{\"@type\":\"ImageObject\",\"inLanguage\":\"en-US\",\"@id\":\"https:\/\/plmf.ee\/michael-hyokun-ha-meistrikursus\/#primaryimage\",\"url\":\"https:\/\/plmf.ee\/wp-content\/uploads\/2019\/01\/talvefestival2019-plakat-meistrikursus.jpg\",\"contentUrl\":\"https:\/\/plmf.ee\/wp-content\/uploads\/2019\/01\/talvefestival2019-plakat-meistrikursus.jpg\",\"width\":842,\"height\":1191},{\"@type\":\"BreadcrumbList\",\"@id\":\"https:\/\/plmf.ee\/michael-hyokun-ha-meistrikursus\/#breadcrumb\",\"itemListElement\":[{\"@type\":\"ListItem\",\"position\":1,\"name\":\"Home\",\"item\":\"https:\/\/plmf.ee\/en\/\"},{\"@type\":\"ListItem\",\"position\":2,\"name\":\"Michael Hyokun Ha MEISTRIKURSUS\"}]},{\"@type\":\"WebSite\",\"@id\":\"https:\/\/plmf.ee\/#website\",\"url\":\"https:\/\/plmf.ee\/\",\"name\":\"Pille Lill Music Fund\",\"description\":\"Planet Of Talent\",\"potentialAction\":[{\"@type\":\"SearchAction\",\"target\":{\"@type\":\"EntryPoint\",\"urlTemplate\":\"https:\/\/plmf.ee\/?s={search_term_string}\"},\"query-input\":{\"@type\":\"PropertyValueSpecification\",\"valueRequired\":true,\"valueName\":\"search_term_string\"}}],\"inLanguage\":\"en-US\"}]}<\/script>\n<!-- \/ Yoast SEO plugin. -->","yoast_head_json":{"title":"Michael Hyokun Ha MEISTRIKURSUS - Pille Lill Music Fund","robots":{"index":"index","follow":"follow","max-snippet":"max-snippet:-1","max-image-preview":"max-image-preview:large","max-video-preview":"max-video-preview:-1"},"canonical":"https:\/\/plmf.ee\/michael-hyokun-ha-meistrikursus\/","og_locale":"en_US","og_type":"article","og_title":"Michael Hyokun Ha MEISTRIKURSUS - Pille Lill Music Fund","og_description":"PLMF Academia Nova esitleb: 19. \u2013 21. veebruar\u00a02019 kl 11-18.00 (t\u00e4pset toimumisaega ja ruumi vaata p\u00e4rast 11.02) S\u00fcdalinna koolis (Liivalaia 23) MEISTRIKURSUS LAULJATELE\u00a0 Juhendaja Michael Hyokun Ha (tenor, Korea) kontsertmeister...","og_url":"https:\/\/plmf.ee\/michael-hyokun-ha-meistrikursus\/","og_site_name":"Pille Lill Music Fund","article_modified_time":"2020-06-08T11:19:08+00:00","og_image":[{"width":842,"height":1191,"url":"https:\/\/plmf.ee\/wp-content\/uploads\/2019\/01\/talvefestival2019-plakat-meistrikursus.jpg","type":"image\/jpeg"}],"twitter_card":"summary_large_image","twitter_misc":{"Est. reading time":"1 minute"},"schema":{"@context":"https:\/\/schema.org","@graph":[{"@type":"WebPage","@id":"https:\/\/plmf.ee\/michael-hyokun-ha-meistrikursus\/","url":"https:\/\/plmf.ee\/michael-hyokun-ha-meistrikursus\/","name":"Michael Hyokun Ha MEISTRIKURSUS - Pille Lill Music Fund","isPartOf":{"@id":"https:\/\/plmf.ee\/#website"},"primaryImageOfPage":{"@id":"https:\/\/plmf.ee\/michael-hyokun-ha-meistrikursus\/#primaryimage"},"image":{"@id":"https:\/\/plmf.ee\/michael-hyokun-ha-meistrikursus\/#primaryimage"},"thumbnailUrl":"https:\/\/plmf.ee\/wp-content\/uploads\/2019\/01\/talvefestival2019-plakat-meistrikursus.jpg","datePublished":"2019-01-11T13:11:33+00:00","dateModified":"2020-06-08T11:19:08+00:00","breadcrumb":{"@id":"https:\/\/plmf.ee\/michael-hyokun-ha-meistrikursus\/#breadcrumb"},"inLanguage":"en-US","potentialAction":[{"@type":"ReadAction","target":["https:\/\/plmf.ee\/michael-hyokun-ha-meistrikursus\/"]}]},{"@type":"ImageObject","inLanguage":"en-US","@id":"https:\/\/plmf.ee\/michael-hyokun-ha-meistrikursus\/#primaryimage","url":"https:\/\/plmf.ee\/wp-content\/uploads\/2019\/01\/talvefestival2019-plakat-meistrikursus.jpg","contentUrl":"https:\/\/plmf.ee\/wp-content\/uploads\/2019\/01\/talvefestival2019-plakat-meistrikursus.jpg","width":842,"height":1191},{"@type":"BreadcrumbList","@id":"https:\/\/plmf.ee\/michael-hyokun-ha-meistrikursus\/#breadcrumb","itemListElement":[{"@type":"ListItem","position":1,"name":"Home","item":"https:\/\/plmf.ee\/en\/"},{"@type":"ListItem","position":2,"name":"Michael Hyokun Ha MEISTRIKURSUS"}]},{"@type":"WebSite","@id":"https:\/\/plmf.ee\/#website","url":"https:\/\/plmf.ee\/","name":"Pille Lill Music Fund","description":"Planet Of Talent","potentialAction":[{"@type":"SearchAction","target":{"@type":"EntryPoint","urlTemplate":"https:\/\/plmf.ee\/?s={search_term_string}"},"query-input":{"@type":"PropertyValueSpecification","valueRequired":true,"valueName":"search_term_string"}}],"inLanguage":"en-US"}]}},"_links":{"self":[{"href":"https:\/\/plmf.ee\/en\/wp-json\/wp\/v2\/pages\/31983","targetHints":{"allow":["GET"]}}],"collection":[{"href":"https:\/\/plmf.ee\/en\/wp-json\/wp\/v2\/pages"}],"about":[{"href":"https:\/\/plmf.ee\/en\/wp-json\/wp\/v2\/types\/page"}],"author":[{"embeddable":true,"href":"https:\/\/plmf.ee\/en\/wp-json\/wp\/v2\/users\/7"}],"replies":[{"embeddable":true,"href":"https:\/\/plmf.ee\/en\/wp-json\/wp\/v2\/comments?post=31983"}],"version-history":[{"count":0,"href":"https:\/\/plmf.ee\/en\/wp-json\/wp\/v2\/pages\/31983\/revisions"}],"wp:featuredmedia":[{"embeddable":true,"href":"https:\/\/plmf.ee\/en\/wp-json\/wp\/v2\/media\/31978"}],"wp:attachment":[{"href":"https:\/\/plmf.ee\/en\/wp-json\/wp\/v2\/media?parent=31983"}],"curies":[{"name":"wp","href":"https:\/\/api.w.org\/{rel}","templated":true}]}}